{"id":1066,"date":"2024-09-02T21:37:05","date_gmt":"2024-09-02T19:37:05","guid":{"rendered":"https:\/\/travelperformance.net\/?page_id=1066"},"modified":"2024-12-03T19:30:44","modified_gmt":"2024-12-03T18:30:44","slug":"ki-assistent-fuer-reisebueros","status":"publish","type":"page","link":"https:\/\/travelperformance.net\/es\/ki-asistente-para-agencias-de-viajes\/","title":{"rendered":"Webseiten Anpassung"},"content":{"rendered":"<span class=\"scroll-to\" data-label=\"Scroll to: #home\" data-bullet=\"true\" data-link=\"#home\" data-title=\"Home\" ><a name=\"home\"><\/a><\/span>\n\n\t<section class=\"section\" id=\"section_500236665\">\n\t\t<div class=\"section-bg fill\" >\n\t\t\t\t\t\t\t<div class=\"video-overlay no-click fill visible\"><\/div>\n\t<video class=\"video-bg fill visible\" preload playsinline autoplay muted loop>\n\t\t<source src=\"https:\/\/travelperformance.net\/wp-content\/uploads\/2024\/09\/6_yzshfHS8.mp4\" type=\"video\/mp4\">\t<\/video>\n\t\t\t<div class=\"section-bg-overlay absolute fill\"><\/div>\n\t\t\t\n\n\t\t<\/div>\n\n\t\t\n\n\t\t<div class=\"section-content relative\">\n\t\t\t\n<div class=\"row\"  id=\"row-1222084591\">\n\n\t<div id=\"col-665595146\" class=\"col medium-12 small-12 large-12\"  >\n\t\t\t\t<div class=\"col-inner text-shadow-2\"  >\n\t\t\t\n\t\t\t\n\t<div id=\"gap-1998641876\" class=\"gap-element clearfix\" style=\"display:block; height:auto;\">\n\t\t\n<style>\n#gap-1998641876 {\n  padding-top: 0px;\n}\n@media (min-width:550px) {\n  #gap-1998641876 {\n    padding-top: 50px;\n  }\n}\n@media (min-width:850px) {\n  #gap-1998641876 {\n    padding-top: 50px;\n  }\n}\n<\/style>\n\t<\/div>\n\t\n<div>\n\t<div id=\"text-3218770700\" class=\"text\">\n\t\t\n<div><span style=\"font-size: 160%;\"><strong>Chat automatizado<\/strong><\/span><\/div>\n<div>para agencias de viajes y operadores tur\u00edsticos<\/div>\n\t\t\n<style>\n#text-3218770700 {\n  font-size: 1.4rem;\n  line-height: 1.15;\n  text-align: center;\n  color: rgb(255, 255, 255);\n}\n#text-3218770700 > * {\n  color: rgb(255, 255, 255);\n}\n@media (min-width:550px) {\n  #text-3218770700 {\n    font-size: 2.1rem;\n    line-height: 1.15;\n  }\n}\n@media (min-width:850px) {\n  #text-3218770700 {\n    font-size: 2.4rem;\n  }\n}\n<\/style>\n\t<\/div>\n\t\n\t<div id=\"gap-755662470\" class=\"gap-element clearfix\" style=\"display:block; height:auto;\">\n\t\t\n<style>\n#gap-755662470 {\n  padding-top: 20px;\n}\n@media (min-width:550px) {\n  #gap-755662470 {\n    padding-top: 20px;\n  }\n}\n@media (min-width:850px) {\n  #gap-755662470 {\n    padding-top: 30px;\n  }\n}\n<\/style>\n\t<\/div>\n\t\n<\/div>\n<div class=\"row\"  id=\"row-518193796\">\n\n\t<div id=\"col-791263314\" class=\"col small-12 large-12\"  >\n\t\t\t\t<div class=\"col-inner text-center\"  >\n\t\t\t\n\t\t\t\n<a href=\"https:\/\/travelperformance.net\/es\/product\/formacion-mensual-de-actualizacion-del-asistente-ki\/\" class=\"button white is-large\"  style=\"padding:0px 30px 0px 30px;\">\n\t\t<span>Al producto<\/span>\n\t<\/a>\n\n\t\t<\/div>\n\t\t\t\t\n<style>\n#col-791263314 > .col-inner {\n  padding: 0px 0px 0px 0px;\n  margin: -10px 0px 0px 0px;\n}\n<\/style>\n\t<\/div>\n\n\t\n<\/div>\n\t\t<\/div>\n\t\t\t\t\t<\/div>\n\n\t\n<\/div>\n\t\t<\/div>\n\n\t\t\n<style>\n#section_500236665 {\n  padding-top: 20px;\n  padding-bottom: 20px;\n  min-height: 770px;\n}\n#section_500236665 .section-bg-overlay {\n  background-color: rgba(0, 85, 157, 0.157);\n}\n@media (min-width:550px) {\n  #section_500236665 {\n    min-height: 800px;\n  }\n}\n<\/style>\n\t<\/section>\n\t\n\n\t<section class=\"section\" id=\"section_770690628\">\n\t\t<div class=\"section-bg fill\" >\n\t\t\t\t\t\t\t\t\t\n\t\t\t\n\t<div class=\"is-border\"\n\t\tstyle=\"border-width:0px 0px 0px 0px;\">\n\t<\/div>\n\n\t\t<\/div>\n\n\t\t\n\n\t\t<div class=\"section-content relative\">\n\t\t\t\n<div class=\"row align-center\"  id=\"row-1069146498\">\n\n\t<div id=\"col-1884359179\" class=\"col small-11 large-12\"  >\n\t\t\t\t<div class=\"col-inner text-center\"  >\n\t\t\t\n\t\t\t\n<div class=\"row row-small row-box-shadow-1 row-box-shadow-4-hover\"  id=\"row-110400515\">\n\n\t<div id=\"col-1711172699\" class=\"col medium-6 small-12 large-3 col-hover-focus\"  >\n\t\t\t\t<div class=\"col-inner\"  >\n\t\t\t\n\t\t\t\n\n\t\t<div class=\"icon-box featured-box icon-box-center text-center\"  >\n\t\t\t\t<div class=\"icon-box-text last-reset\">\n\t\t\t\t\t\t\t\t\t\n\t<div id=\"text-949521470\" class=\"text\">\n\t\t\n<h2><strong><span style=\"color: #084085;\">Disponibilidad 24\/7<\/span><\/strong><\/h2>\n<p><span style=\"font-size: 90%;\">Respuestas a las consultas en cualquier momento sin tiempo de espera<\/span><br \/>\n\t\t\n<style>\n#text-949521470 {\n  font-size: 1rem;\n  line-height: 1.05;\n  color: rgb(0,0,0);\n}\n#text-949521470 > * {\n  color: rgb(0,0,0);\n}\n@media (min-width:550px) {\n  #text-949521470 {\n    font-size: 1rem;\n    line-height: 1.5;\n  }\n}\n@media (min-width:850px) {\n  #text-949521470 {\n    font-size: 1rem;\n  }\n}\n<\/style>\n\t<\/div>\n\t\n\t\t<\/div>\n\t<\/div>\n\t\n\t\n\t\t<\/div>\n\t\t\t\t\t<\/div>\n\n\t\n\n\t<div id=\"col-481655690\" class=\"col medium-6 small-12 large-3 col-hover-focus\"  >\n\t\t\t\t<div class=\"col-inner\"  >\n\t\t\t\n\t\t\t\n\n\t\t<div class=\"icon-box featured-box icon-box-center text-center\"  >\n\t\t\t\t<div class=\"icon-box-text last-reset\">\n\t\t\t\t\t\t\t\t\t\n\t<div id=\"text-633709432\" class=\"text\">\n\t\t\n<h2><span style=\"color: #084085;\"><strong>Respuestas r\u00e1pidas<\/strong><\/span><\/h2>\n<p><span style=\"font-size: 90%;\">Las respuestas inmediatas aumentan las consultas de los clientes<\/span><br \/>\n\t\t\n<style>\n#text-633709432 {\n  font-size: 1rem;\n  line-height: 1.05;\n  color: rgb(0,0,0);\n}\n#text-633709432 > * {\n  color: rgb(0,0,0);\n}\n@media (min-width:550px) {\n  #text-633709432 {\n    font-size: 1rem;\n    line-height: 1.5;\n  }\n}\n@media (min-width:850px) {\n  #text-633709432 {\n    font-size: 1rem;\n  }\n}\n<\/style>\n\t<\/div>\n\t\n\t\t<\/div>\n\t<\/div>\n\t\n\t\n\t\t<\/div>\n\t\t\t\t\t<\/div>\n\n\t\n\n\t<div id=\"col-2116092660\" class=\"col medium-6 small-12 large-3 col-hover-focus\"  >\n\t\t\t\t<div class=\"col-inner\"  >\n\t\t\t\n\t\t\t\n\n\t\t<div class=\"icon-box featured-box icon-box-center text-center\"  >\n\t\t\t\t<div class=\"icon-box-text last-reset\">\n\t\t\t\t\t\t\t\t\t\n\t<div id=\"text-2425623297\" class=\"text\">\n\t\t\n<h2><span style=\"color: #084085;\"><strong>Rentabilidad<\/strong><\/span><\/h2>\n<p><span style=\"font-size: 90%;\">Los procesos automatizados ahorran costes de personal<\/span><br \/>\n\t\t\n<style>\n#text-2425623297 {\n  font-size: 1rem;\n  line-height: 1.05;\n  color: rgb(0,0,0);\n}\n#text-2425623297 > * {\n  color: rgb(0,0,0);\n}\n@media (min-width:550px) {\n  #text-2425623297 {\n    font-size: 1rem;\n    line-height: 1.5;\n  }\n}\n@media (min-width:850px) {\n  #text-2425623297 {\n    font-size: 1rem;\n  }\n}\n<\/style>\n\t<\/div>\n\t\n\t\t<\/div>\n\t<\/div>\n\t\n\t\n\t\t<\/div>\n\t\t\t\t\t<\/div>\n\n\t\n\n\t<div id=\"col-1145106938\" class=\"col medium-6 small-12 large-3 col-hover-focus\"  >\n\t\t\t\t<div class=\"col-inner\"  >\n\t\t\t\n\t\t\t\n\n\t\t<div class=\"icon-box featured-box icon-box-center text-center\"  >\n\t\t\t\t<div class=\"icon-box-text last-reset\">\n\t\t\t\t\t\t\t\t\t\n\t<div id=\"text-1995823486\" class=\"text\">\n\t\t\n<h2><span style=\"color: #084085;\"><strong>Personalizaci\u00f3n<\/strong><\/span><\/h2>\n<p><span style=\"font-size: 90%;\">AI de autoaprendizaje para resultados \u00f3ptimos<\/span><br \/>\n\t\t\n<style>\n#text-1995823486 {\n  font-size: 1rem;\n  line-height: 1.05;\n  color: rgb(0,0,0);\n}\n#text-1995823486 > * {\n  color: rgb(0,0,0);\n}\n@media (min-width:550px) {\n  #text-1995823486 {\n    font-size: 1rem;\n    line-height: 1.5;\n  }\n}\n@media (min-width:850px) {\n  #text-1995823486 {\n    font-size: 1rem;\n  }\n}\n<\/style>\n\t<\/div>\n\t\n\t\t<\/div>\n\t<\/div>\n\t\n\t\n\t\t<\/div>\n\t\t\t\t\t<\/div>\n\n\t\n\n<style>\n#row-110400515 > .col > .col-inner {\n  padding: 30px 30px 30px 30px;\n  background-color: rgb(255,255,255);\n}\n<\/style>\n<\/div>\n\t\t<\/div>\n\t\t\t\t\n<style>\n#col-1884359179 > .col-inner {\n  margin: -100px 0px 0px 0px;\n}\n<\/style>\n\t<\/div>\n\n\t\n<\/div>\n\t\t<\/div>\n\n\t\t\n<style>\n#section_770690628 {\n  padding-top: 0px;\n  padding-bottom: 0px;\n}\n<\/style>\n\t<\/section>\n\t\n\n\t<section class=\"section\" id=\"section_623736465\">\n\t\t<div class=\"section-bg fill\" >\n\t\t\t\t\t\t\t\t\t\n\t\t\t\n\n\t\t<\/div>\n\n\t\t\n\n\t\t<div class=\"section-content relative\">\n\t\t\t\n<div class=\"row\"  id=\"row-1505360032\">\n\n\t<div id=\"col-230643615\" class=\"col small-12 large-12\"  >\n\t\t\t\t<div class=\"col-inner\"  >\n\t\t\t\n\t\t\t\n<div class=\"row row-collapse\"  id=\"row-673183624\">\n\n\t<div id=\"col-752799078\" class=\"col small-12 large-12\"  >\n\t\t\t\t<div class=\"col-inner\" style=\"background-color:#084085;\" >\n\t\t\t\n\t\t\t\n\n\t<section class=\"section dark\" id=\"section_1429367279\">\n\t\t<div class=\"section-bg fill\" >\n\t\t\t\t\t\t\t<div class=\"video-overlay no-click fill visible\"><\/div>\n\t<video class=\"video-bg fill visible\" preload playsinline autoplay muted loop>\n\t\t<source src=\"https:\/\/ai4performance.com\/wp-content\/uploads\/2024\/11\/6407491_Developer_Vr_1280x720_h264.mp4\" type=\"video\/mp4\">\t<\/video>\n\t\t\t<div class=\"section-bg-overlay absolute fill\"><\/div>\n\t\t\t\n\n\t\t<\/div>\n\n\t\t\n\n\t\t<div class=\"section-content relative\">\n\t\t\t\n<div class=\"row\"  id=\"row-2041156779\">\n\n\t<div id=\"col-415257840\" class=\"col medium-12 small-12 large-10\"  >\n\t\t\t\t<div class=\"col-inner text-left\"  >\n\t\t\t\n\t\t\t\n\t<div id=\"gap-1735462785\" class=\"gap-element clearfix\" style=\"display:block; height:auto;\">\n\t\t\n<style>\n#gap-1735462785 {\n  padding-top: 30px;\n}\n<\/style>\n\t<\/div>\n\t\n\t<div id=\"text-2522768226\" class=\"text\">\n\t\t\n<h2><strong>Nuestro chatbot de inteligencia artificial marca la diferencia.<\/strong><\/h2>\n\t\t\n<style>\n#text-2522768226 {\n  font-size: 1.25rem;\n  line-height: 0.75;\n  text-align: center;\n  color: rgb(255, 255, 255);\n}\n#text-2522768226 > * {\n  color: rgb(255, 255, 255);\n}\n@media (min-width:550px) {\n  #text-2522768226 {\n    font-size: 1.7rem;\n    line-height: 1.65;\n    text-align: left;\n  }\n}\n@media (min-width:850px) {\n  #text-2522768226 {\n    font-size: 1.85rem;\n    text-align: left;\n  }\n}\n<\/style>\n\t<\/div>\n\t\n\t<div id=\"text-695492721\" class=\"text\">\n\t\t\n<h4>\u00bfPor qu\u00e9 conformarse con menos cuando puede tener un chatbot de inteligencia artificial que se adapte a sus necesidades y no conozca l\u00edmites?<\/h4>\n\t\t\n<style>\n#text-695492721 {\n  font-size: 0.95rem;\n  line-height: 1.2;\n  text-align: center;\n  color: rgb(255,255,255);\n}\n#text-695492721 > * {\n  color: rgb(255,255,255);\n}\n@media (min-width:550px) {\n  #text-695492721 {\n    font-size: 1.15rem;\n    text-align: left;\n  }\n}\n@media (min-width:850px) {\n  #text-695492721 {\n    font-size: 1.3rem;\n    text-align: left;\n  }\n}\n<\/style>\n\t<\/div>\n\t\n<a data-animate=\"fadeInUp\" href=\"#kontakt\" class=\"button white is-large expand show-for-small\"  style=\"padding:0px 30px 0px 30px;\">\n\t\t<span>Asesoramiento gratuito<\/span>\n\t<\/a>\n\n\t\t<\/div>\n\t\t\t\t\n<style>\n#col-415257840 > .col-inner {\n  padding: 0px 0px 0px 0;\n}\n@media (min-width:550px) {\n  #col-415257840 > .col-inner {\n    padding: 0px 0px 0px 0px;\n  }\n}\n@media (min-width:850px) {\n  #col-415257840 > .col-inner {\n    padding: 0px 0px 0px 20px;\n  }\n}\n<\/style>\n\t<\/div>\n\n\t\n<\/div>\n\t\t<\/div>\n\n\t\t\n<style>\n#section_1429367279 {\n  padding-top: 0px;\n  padding-bottom: 0px;\n  min-height: 450px;\n}\n#section_1429367279 .section-bg-overlay {\n  background-color: rgba(0, 85, 157, 0.558);\n}\n@media (min-width:550px) {\n  #section_1429367279 {\n    min-height: 500px;\n  }\n}\n<\/style>\n\t<\/section>\n\t\n<div class=\"row row-collapse\"  id=\"row-920073930\">\n\n\t<div id=\"col-1312005559\" class=\"col medium-9 small-12 large-6\"  >\n\t\t\t\t<div class=\"col-inner\"  >\n\t\t\t\n\t\t\t\n\n\t\t<div class=\"icon-box featured-box icon-box-left text-left\"  >\n\t\t\t\t<div class=\"icon-box-text last-reset\">\n\t\t\t\t\t\t\t\t\t\n\t<div id=\"text-2664784461\" class=\"text\">\n\t\t\n<h3><strong>Nuestro agente de IA:<\/strong><\/h3>\n\t\t\n<style>\n#text-2664784461 {\n  font-size: 1.25rem;\n  line-height: 2;\n  color: rgb(255,255,255);\n}\n#text-2664784461 > * {\n  color: rgb(255,255,255);\n}\n<\/style>\n\t<\/div>\n\t\n\t<div id=\"gap-1086228390\" class=\"gap-element clearfix\" style=\"display:block; height:auto;\">\n\t\t\n<style>\n#gap-1086228390 {\n  padding-top: 10px;\n}\n<\/style>\n\t<\/div>\n\t\n\t<div id=\"text-3954745555\" class=\"text\">\n\t\t\n<ul>\n<li>Chats ilimitados a un precio fijo con la tecnolog\u00eda m\u00e1s potente OpenAI GPT-4<\/li>\n<li>100% bot de autoaprendizaje: lectura autom\u00e1tica de todo su sitio web, incluida la carga de documentos individuales<\/li>\n<li>Opciones de personalizaci\u00f3n individuales seg\u00fan sus deseos<\/li>\n<li>Relaci\u00f3n calidad-precio imbatible<\/li>\n<li>Aplicable globalmente en todos los idiomas<\/li>\n<\/ul>\n\t\t\n<style>\n#text-3954745555 {\n  font-size: 1.05rem;\n  color: rgb(255,255,255);\n}\n#text-3954745555 > * {\n  color: rgb(255,255,255);\n}\n@media (min-width:550px) {\n  #text-3954745555 {\n    font-size: 1.15rem;\n  }\n}\n<\/style>\n\t<\/div>\n\t\n\t<div id=\"gap-1528987222\" class=\"gap-element clearfix\" style=\"display:block; height:auto;\">\n\t\t\n<style>\n#gap-1528987222 {\n  padding-top: 50px;\n}\n@media (min-width:550px) {\n  #gap-1528987222 {\n    padding-top: 90px;\n  }\n}\n<\/style>\n\t<\/div>\n\t\n\t\t<\/div>\n\t<\/div>\n\t\n\t\n\t\t<\/div>\n\t\t\t\t\n<style>\n#col-1312005559 > .col-inner {\n  padding: 0px 0px 0px 0px;\n  margin: 0px 0px -100px 0px;\n}\n<\/style>\n\t<\/div>\n\n\t\n\n\t<div id=\"col-1917733086\" class=\"col medium-9 small-12 large-6\"  >\n\t\t\t\t<div class=\"col-inner dark\"  >\n\t\t\t\n\t\t\t\n\n\t\t<div class=\"icon-box featured-box icon-box-top text-left\"  >\n\t\t\t\t<div class=\"icon-box-text last-reset\">\n\t\t\t\t\t\t\t\t\t\n\t<div id=\"text-488044131\" class=\"text\">\n\t\t\n<h3><span style=\"color: #c0c0c0;\">Otros bots:<\/span><\/h3>\n\t\t\n<style>\n#text-488044131 {\n  font-size: 1.25rem;\n  line-height: 2;\n  color: rgb(255,255,255);\n}\n#text-488044131 > * {\n  color: rgb(255,255,255);\n}\n<\/style>\n\t<\/div>\n\t\n\t<div id=\"gap-49216131\" class=\"gap-element clearfix\" style=\"display:block; height:auto;\">\n\t\t\n<style>\n#gap-49216131 {\n  padding-top: 10px;\n}\n<\/style>\n\t<\/div>\n\t\n\t<div id=\"text-3502044689\" class=\"text\">\n\t\t\n<ul>\n<li>Facturaci\u00f3n cara por pregunta o llamada<\/li>\n<li>Tecnolog\u00eda obsoleta Openai GPT-3.5<\/li>\n<li>No hay formaci\u00f3n completa, normalmente s\u00f3lo se limita a algunas subp\u00e1ginas de su sitio web<\/li>\n<li>Sin adaptaci\u00f3n individual a sus necesidades<\/li>\n<li>No aplicable globalmente<\/li>\n<\/ul>\n\t\t\n<style>\n#text-3502044689 {\n  font-size: 0.95rem;\n  color: rgb(169, 169, 169);\n}\n#text-3502044689 > * {\n  color: rgb(169, 169, 169);\n}\n@media (min-width:550px) {\n  #text-3502044689 {\n    font-size: 1.1rem;\n  }\n}\n<\/style>\n\t<\/div>\n\t\n\t<div id=\"gap-1687785714\" class=\"gap-element clearfix\" style=\"display:block; height:auto;\">\n\t\t\n<style>\n#gap-1687785714 {\n  padding-top: 20px;\n}\n@media (min-width:550px) {\n  #gap-1687785714 {\n    padding-top: 30px;\n  }\n}\n<\/style>\n\t<\/div>\n\t\n\t\t<\/div>\n\t<\/div>\n\t\n\t\n\t\t<\/div>\n\t\t\t\t\n<style>\n#col-1917733086 > .col-inner {\n  padding: 0px 0px 20px 0px;\n  margin: 0px 0px 20px 0px;\n}\n<\/style>\n\t<\/div>\n\n\t\n\n<style>\n#row-920073930 > .col > .col-inner {\n  padding: 50px 20px 50px 20px;\n}\n@media (min-width:550px) {\n  #row-920073930 > .col > .col-inner {\n    padding: 50px 50px 50px 50px;\n  }\n}\n<\/style>\n<\/div>\n\t\t<\/div>\n\t\t\t\t\t<\/div>\n\n\t\n<\/div>\n\t\t<\/div>\n\t\t\t\t\t<\/div>\n\n\t\n<\/div>\n\t\t<\/div>\n\n\t\t\n<style>\n#section_623736465 {\n  padding-top: 30px;\n  padding-bottom: 30px;\n}\n<\/style>\n\t<\/section>\n\t\n\n\t<section class=\"section\" id=\"section_2078799512\">\n\t\t<div class=\"section-bg fill\" >\n\t\t\t\t\t\t\t\t\t\n\t\t\t\n\n\t\t<\/div>\n\n\t\t\n\n\t\t<div class=\"section-content relative\">\n\t\t\t\n<div class=\"row\"  id=\"row-1824597240\">\n\n\t<div id=\"col-402279646\" class=\"col small-12 large-12\"  >\n\t\t\t\t<div class=\"col-inner\"  >\n\t\t\t\n\t\t\t\n<div class=\"row row-collapse\"  id=\"row-797132749\">\n\n\t<div id=\"col-25532654\" class=\"col small-12 large-12\"  >\n\t\t\t\t<div class=\"col-inner\"  >\n\t\t\t\n\t\t\t\n<span class=\"scroll-to\" data-label=\"Scroll to: #warum\" data-bullet=\"true\" data-link=\"#warum\" data-title=\"Assistent testen\" ><a name=\"warum\"><\/a><\/span>\n\n\t<section class=\"section dark\" id=\"section_1459360891\">\n\t\t<div class=\"section-bg fill\" >\n\t\t\t\t\t\t\t<div class=\"video-overlay no-click fill visible\"><\/div>\n\t<video class=\"video-bg fill visible\" preload playsinline autoplay muted loop>\n\t\t<source src=\"https:\/\/travelperformance.net\/wp-content\/uploads\/2024\/08\/Design-ohne-Titel.webm\" type=\"video\/mp4\">\t<\/video>\n\t\t\t<div class=\"section-bg-overlay absolute fill\"><\/div>\n\t\t\t\n\n\t\t<\/div>\n\n\t\t\n\n\t\t<div class=\"section-content relative\">\n\t\t\t\n<div class=\"row\"  id=\"row-1608055124\">\n\n\t<div id=\"col-557852508\" class=\"col medium-12 small-12 large-10\"  >\n\t\t\t\t<div class=\"col-inner text-left\"  >\n\t\t\t\n\t\t\t\n\t<div id=\"gap-1386316355\" class=\"gap-element clearfix\" style=\"display:block; height:auto;\">\n\t\t\n<style>\n#gap-1386316355 {\n  padding-top: 30px;\n}\n<\/style>\n\t<\/div>\n\t\n\t<div id=\"text-1430727164\" class=\"text\">\n\t\t\n<h2><strong>Asistente de viajes con inteligencia artificial para agencias de viajes y el sector tur\u00edstico<\/strong><\/h2>\n\t\t\n<style>\n#text-1430727164 {\n  font-size: 1.25rem;\n  line-height: 0.75;\n  text-align: center;\n  color: rgb(255, 255, 255);\n}\n#text-1430727164 > * {\n  color: rgb(255, 255, 255);\n}\n@media (min-width:550px) {\n  #text-1430727164 {\n    font-size: 1.7rem;\n    line-height: 1.65;\n    text-align: left;\n  }\n}\n@media (min-width:850px) {\n  #text-1430727164 {\n    font-size: 1.85rem;\n    text-align: left;\n  }\n}\n<\/style>\n\t<\/div>\n\t\n\t<div id=\"text-1107586716\" class=\"text\">\n\t\t\n<h4>Facilite su trabajo diario e inspire a sus clientes con un asistente de viajes basado en IA.<\/h4>\n\t\t\n<style>\n#text-1107586716 {\n  font-size: 0.95rem;\n  line-height: 1.2;\n  text-align: center;\n  color: rgb(255,255,255);\n}\n#text-1107586716 > * {\n  color: rgb(255,255,255);\n}\n@media (min-width:550px) {\n  #text-1107586716 {\n    font-size: 1.15rem;\n    text-align: left;\n  }\n}\n@media (min-width:850px) {\n  #text-1107586716 {\n    font-size: 1.3rem;\n    text-align: left;\n  }\n}\n<\/style>\n\t<\/div>\n\t\n<a data-animate=\"fadeInUp\" href=\"#kontakt\" class=\"button white is-large expand show-for-small\"  style=\"padding:0px 30px 0px 30px;\">\n\t\t<span>Asesoramiento gratuito<\/span>\n\t<\/a>\n\n\t\t<\/div>\n\t\t\t\t\n<style>\n#col-557852508 > .col-inner {\n  padding: 0px 0px 0px 0;\n}\n@media (min-width:550px) {\n  #col-557852508 > .col-inner {\n    padding: 0px 0px 0px 0px;\n  }\n}\n@media (min-width:850px) {\n  #col-557852508 > .col-inner {\n    padding: 0px 0px 0px 20px;\n  }\n}\n<\/style>\n\t<\/div>\n\n\t\n<\/div>\n\t\t<\/div>\n\n\t\t\n<style>\n#section_1459360891 {\n  padding-top: 0px;\n  padding-bottom: 0px;\n  min-height: 450px;\n}\n#section_1459360891 .section-bg-overlay {\n  background-color: rgba(0, 85, 157, 0.558);\n}\n@media (min-width:550px) {\n  #section_1459360891 {\n    min-height: 500px;\n  }\n}\n<\/style>\n\t<\/section>\n\t\n\t\t<\/div>\n\t\t\t\t\t<\/div>\n\n\t\n<\/div>\n<div class=\"row row-collapse align-equal\"  id=\"row-1974157396\">\n\n\t<div id=\"col-103280761\" class=\"col medium-12 small-12 large-12\"  >\n\t\t\t\t<div class=\"col-inner text-center dark\" style=\"background-color:rgb(243, 246, 252);\" >\n\t\t\t\n\t\t\t\n\t<div id=\"text-3619032229\" class=\"text\">\n\t\t\n<h2><strong>Asistente de IA en acci\u00f3n - ejemplo con SAT Travel<\/strong><\/h2>\n\t\t\n<style>\n#text-3619032229 {\n  font-size: 1.1rem;\n  line-height: 0.75;\n  text-align: center;\n  color: rgb(0,0,0);\n}\n#text-3619032229 > * {\n  color: rgb(0,0,0);\n}\n@media (min-width:550px) {\n  #text-3619032229 {\n    font-size: 1.7rem;\n    text-align: left;\n  }\n}\n@media (min-width:850px) {\n  #text-3619032229 {\n    font-size: 1rem;\n    text-align: left;\n  }\n}\n<\/style>\n\t<\/div>\n\t\n\t<div id=\"text-1070718204\" class=\"text\">\n\t\t\n<p>En esta prueba, analizamos el asistente de viajes AI de <strong>Viajes SAT<\/strong> integrado. El bot puede proporcionarle informaci\u00f3n detallada sobre diversas ofertas de forma r\u00e1pida y precisa.<br \/>\n\t\t\n<style>\n#text-1070718204 {\n  font-size: 0.95rem;\n  line-height: 1.35;\n  text-align: center;\n  color: rgb(0,0,0);\n}\n#text-1070718204 > * {\n  color: rgb(0,0,0);\n}\n@media (min-width:550px) {\n  #text-1070718204 {\n    font-size: 1.15rem;\n    text-align: left;\n  }\n}\n@media (min-width:850px) {\n  #text-1070718204 {\n    font-size: 1.15rem;\n    text-align: left;\n  }\n}\n<\/style>\n\t<\/div>\n\t\n\t\t<\/div>\n\t\t\t\t\n<style>\n#col-103280761 > .col-inner {\n  padding: 30px 10% 20px 10%;\n}\n@media (min-width:550px) {\n  #col-103280761 > .col-inner {\n    padding: 50px 50px 0px 50px;\n  }\n}\n<\/style>\n\t<\/div>\n\n\t\n\n\t<div id=\"col-589501370\" class=\"col medium-12 small-12 large-12\"  >\n\t\t\t\t<div class=\"col-inner text-center dark\" style=\"background-color:rgb(243, 246, 252);\" >\n\t\t\t\n\t\t\t\n\n<p><script async type='module' src='https:\/\/interfaces.zapier.com\/assets\/web-components\/zapier-interfaces\/zapier-interfaces.esm.js'><\/script><br \/>\n<zapier-interfaces-chatbot-embed is-popup='false' chatbot-id='cm0z8zqzc0005cmwgahizri3q' height='500px' width='100%'><\/zapier-interfaces-chatbot-embed><br \/>\n\n\t<div id=\"gap-87879791\" class=\"gap-element clearfix\" style=\"display:block; height:auto;\">\n\t\t\n<style>\n#gap-87879791 {\n  padding-top: 0px;\n}\n@media (min-width:550px) {\n  #gap-87879791 {\n    padding-top: 30px;\n  }\n}\n<\/style>\n\t<\/div>\n\t\n\t\t<\/div>\n\t\t\t\t\n<style>\n#col-589501370 > .col-inner {\n  padding: 0px 0px 0px 0px;\n}\n@media (min-width:550px) {\n  #col-589501370 > .col-inner {\n    padding: 0px 50px 0px 50px;\n  }\n}\n<\/style>\n\t<\/div>\n\n\t\n<\/div>\n\t\t<\/div>\n\t\t\t\t\t<\/div>\n\n\t\n<\/div>\n\t\t<\/div>\n\n\t\t\n<style>\n#section_2078799512 {\n  padding-top: 30px;\n  padding-bottom: 30px;\n}\n<\/style>\n\t<\/section>\n\t\n\t<div id=\"gap-2053288509\" class=\"gap-element clearfix\" style=\"display:block; height:auto;\">\n\t\t\n<style>\n#gap-2053288509 {\n  padding-top: 0px;\n}\n@media (min-width:550px) {\n  #gap-2053288509 {\n    padding-top: 30px;\n  }\n}\n<\/style>\n\t<\/div>\n\t\n<div class=\"row\"  id=\"row-1274098856\">\n\n\t<div id=\"col-15915777\" class=\"col small-12 large-12\"  >\n\t\t\t\t<div class=\"col-inner text-center\"  >\n\t\t\t\n\t\t\t\n<a href=\"https:\/\/travelperformance.net\/es\/product\/formacion-mensual-de-actualizacion-del-asistente-ki\/\" class=\"button primary is-xlarge hide-for-small\"  style=\"padding:0px 30px 0px 30px;\">\n\t\t<span>Al producto<\/span>\n\t<\/a>\n\n<a data-animate=\"fadeInUp\" href=\"#kontakt\" class=\"button primary is-large show-for-small\"  style=\"padding:0px 30px 0px 30px;\">\n\t\t<span>Al producto<\/span>\n\t<\/a>\n\n\t<div id=\"gap-953480888\" class=\"gap-element clearfix\" style=\"display:block; height:auto;\">\n\t\t\n<style>\n#gap-953480888 {\n  padding-top: 0px;\n}\n@media (min-width:550px) {\n  #gap-953480888 {\n    padding-top: 60px;\n  }\n}\n<\/style>\n\t<\/div>\n\t\n\t\t<\/div>\n\t\t\t\t\t<\/div>\n\n\t\n<\/div>\n<span class=\"scroll-to\" data-label=\"Scroll to: #kontakt\" data-bullet=\"true\" data-link=\"#kontakt\" data-title=\"Kontakt\" ><a name=\"kontakt\"><\/a><\/span>","protected":false},"excerpt":{"rendered":"","protected":false},"author":1,"featured_media":0,"parent":0,"menu_order":0,"comment_status":"closed","ping_status":"closed","template":"page-transparent-header-light.php","meta":{"bwfblock_default_font":"","footnotes":""},"class_list":["post-1066","page","type-page","status-publish","hentry"],"_links":{"self":[{"href":"https:\/\/travelperformance.net\/es\/wp-json\/wp\/v2\/pages\/1066","targetHints":{"allow":["GET"]}}],"collection":[{"href":"https:\/\/travelperformance.net\/es\/wp-json\/wp\/v2\/pages"}],"about":[{"href":"https:\/\/travelperformance.net\/es\/wp-json\/wp\/v2\/types\/page"}],"author":[{"embeddable":true,"href":"https:\/\/travelperformance.net\/es\/wp-json\/wp\/v2\/users\/1"}],"replies":[{"embeddable":true,"href":"https:\/\/travelperformance.net\/es\/wp-json\/wp\/v2\/comments?post=1066"}],"version-history":[{"count":26,"href":"https:\/\/travelperformance.net\/es\/wp-json\/wp\/v2\/pages\/1066\/revisions"}],"predecessor-version":[{"id":2063,"href":"https:\/\/travelperformance.net\/es\/wp-json\/wp\/v2\/pages\/1066\/revisions\/2063"}],"wp:attachment":[{"href":"https:\/\/travelperformance.net\/es\/wp-json\/wp\/v2\/media?parent=1066"}],"curies":[{"name":"wp","href":"https:\/\/api.w.org\/{rel}","templated":true}]}}