{"id":3,"date":"2024-08-19T18:25:02","date_gmt":"2024-08-19T16:25:02","guid":{"rendered":"https:\/\/travelperformance.net\/?page_id=3"},"modified":"2024-09-12T13:44:48","modified_gmt":"2024-09-12T11:44:48","slug":"datenschutzerklaerung","status":"publish","type":"page","link":"https:\/\/travelperformance.net\/es\/declaracion-de-proteccion-de-datos\/","title":{"rendered":"Pol\u00edtica de privacidad"},"content":{"rendered":"<p>&nbsp;<\/p>\r\n<h3 class=\"wp-block-heading\"><strong>PROTECCI\u00d3N DE DATOS<\/strong><\/h3>\r\n<p>Ley de protecci\u00f3n de datos\u00a0<strong>Organismo responsable \u00a0<\/strong>en el sentido del GDPR es\u00a0<\/p>\r\n<p>Better Living Unternehmensgesellschaft, Greifswalder Str. 87, 10409 Berl\u00edn, tel\u00e9fono 030 403 646 747<\/p>\r\n<p>Cualquier\u00a0<strong>Quejas<\/strong>\u00a0(en el sentido del art\u00edculo 77 del RGPD) pueden dirigirse al Comisionado Estatal de Protecci\u00f3n de Datos de Brandemburgo.<\/p>\r\n<p>La presente pol\u00edtica de privacidad explica la naturaleza, el alcance y la finalidad del tratamiento de los datos personales (en lo sucesivo, \"datos\"). Esto incluye nuestras ofertas en l\u00ednea, los sitios web asociados y cualquier servicio externo, como las ofertas de las redes sociales. Adem\u00e1s, esta declaraci\u00f3n de protecci\u00f3n de datos le informa sobre cualquier uso que hagamos de sus datos fuera de estos servicios en l\u00ednea. Con respecto a los t\u00e9rminos utilizados aqu\u00ed, se hace referencia al Art. 4 GDPR.\u00a0<\/p>\r\n<p>En\u00a0<strong>fundamentos jur\u00eddicos<\/strong>\u00a0de la protecci\u00f3n de sus datos puede consultarse en el GDPR de la UE, la BDSG, la UWG y la TMG.<\/p>\r\n<p>Si las bases jur\u00eddicas no se mencionan expl\u00edcitamente en todos los puntos de esta pol\u00edtica de privacidad, se hace referencia a las siguientes bases jur\u00eddicas de conformidad con el Art. 13 GDPR:<\/p>\r\n<p>- Base jur\u00eddica de los consentimientos; Art. 6 I a y Art. 7 GDPR<\/p>\r\n<p>- Tratamiento para la prestaci\u00f3n de servicios, ejecuci\u00f3n de contratos y respuesta a consultas; art. 6 I b del RGPD<\/p>\r\n<p>- Tratamiento para el cumplimiento de obligaciones legales; Art. 6 I c GDPR<\/p>\r\n<p>- Base jur\u00eddica para la protecci\u00f3n de intereses leg\u00edtimos; Art. 6 I d GDPR<\/p>\r\n<p>En esta pol\u00edtica de privacidad se utiliza\u00a0<strong>Terminolog\u00eda pertinente<\/strong>:<\/p>\r\n<p>Por \"datos personales\" se entender\u00e1 cualquier informaci\u00f3n relativa a una persona f\u00edsica identificada o identificable. Una persona f\u00edsica identificable es aquella que puede ser identificada, directa o indirectamente, en particular por referencia a un identificador como un nombre, un n\u00famero de identificaci\u00f3n, datos de localizaci\u00f3n, un identificador en l\u00ednea (por ejemplo, cookies) o a uno o m\u00e1s factores espec\u00edficos de la identidad f\u00edsica, fisiol\u00f3gica, gen\u00e9tica, mental, econ\u00f3mica, cultural o social de dicha persona f\u00edsica.<\/p>\r\n<p>\"Tratamiento\" significa cualquier operaci\u00f3n o conjunto de operaciones que se realicen con datos personales, ya sea por medios automatizados o no. El t\u00e9rmino es de gran alcance y abarca efectivamente cualquier tratamiento de datos.<\/p>\r\n<p>El \"responsable del tratamiento\" es una persona f\u00edsica o jur\u00eddica, autoridad p\u00fablica, agencia u otro organismo que, solo o conjuntamente con otros, determina los fines y medios del tratamiento de datos personales.<\/p>\r\n<p>De acuerdo con la base jur\u00eddica del GDPR, no estamos obligados a nombrar a un responsable de la protecci\u00f3n de datos.<\/p>\r\n<p><strong>Tratamos los siguientes datos:<\/strong><\/p>\r\n<p>Datos de inventario, por ejemplo, nombre, direcci\u00f3n \/ datos de contacto, por ejemplo, correo electr\u00f3nico, n\u00fameros de tel\u00e9fono y fax \/ datos de contenido, por ejemplo, entradas de texto, escaneos, fotos y v\u00eddeos \/ datos de uso, por ejemplo, horas de acceso y sitios web visitados \/ comunicaci\u00f3n y metadatos, por ejemplo, direcciones IP e informaci\u00f3n del dispositivo.<\/p>\r\n<p>No procesamos ning\u00fan dato en el sentido del Art. 9 o Art. 10 GDPR.<\/p>\r\n<p>Nos comprometemos a proteger su privacidad y a utilizar tecnolog\u00eda que le proporcione la experiencia en l\u00ednea m\u00e1s potente y segura. Al utilizar el formulario en l\u00ednea, da su consentimiento a los datos descritos en esta declaraci\u00f3n.<\/p>\r\n<p>Almacenamos datos personales como la direcci\u00f3n de correo electr\u00f3nico, el nombre, la direcci\u00f3n y el n\u00famero de tel\u00e9fono para poder ponernos en contacto con usted a petici\u00f3n suya, por ejemplo, en el contexto de una solicitud de devoluci\u00f3n de llamada o de una consulta de contacto en l\u00ednea. Tambi\u00e9n almacenamos estos datos para poder cumplir cualquier acuerdo contractual con usted. Para los fines mencionados, tambi\u00e9n almacenamos informaci\u00f3n demogr\u00e1fica an\u00f3nima que no se le puede asignar claramente, como regi\u00f3n, edad, sexo, preferencias, intereses, aficiones y favoritos, siempre que no haya conflicto con otros principios y requisitos legales aqu\u00ed mencionados.<\/p>\r\n<p>Tambi\u00e9n hay informaci\u00f3n sobre el hardware y el software de su ordenador que recogemos autom\u00e1ticamente. Esta informaci\u00f3n puede incluir: Su direcci\u00f3n IP, tipo de navegador, nombres de dominio, tiempos de acceso y direcciones de sitios web de referencia. Esta informaci\u00f3n es utilizada por nosotros para mantener la calidad del servicio y para personalizar mejor nuestras ofertas a sus usuarios.<\/p>\r\n<p>Tenga en cuenta que si divulga directamente informaci\u00f3n de identificaci\u00f3n personal o datos sensibles a trav\u00e9s de los medios de mensajer\u00eda p\u00fablica, esta informaci\u00f3n puede ser recogida y utilizada por otros. Nota: Nunca leemos sus comunicaciones privadas en l\u00ednea.<\/p>\r\n<p>Le recomendamos que consulte las declaraciones de privacidad de los sitios web a los que enlazamos para saber c\u00f3mo recopilan, utilizan y comparten su informaci\u00f3n. No somos responsables de las pol\u00edticas de privacidad de otros sitios web ajenos a nuestra oferta en l\u00ednea.<\/p>\r\n<p>Almacenamos y utilizamos sus datos personales para gestionar el sitio web y prestarle el servicio solicitado. Tambi\u00e9n utilizamos sus datos para informarle sobre nuevos productos y servicios, siempre que usted lo haya consentido. Sujeto a su consentimiento por separado, tambi\u00e9n utilizamos sus datos para realizar estudios de mercado sobre su opini\u00f3n acerca de ofertas y posibles nuevas ampliaciones. Para los consentimientos mencionados, nos comprometemos a utilizar procedimientos probados y lo m\u00e1s seguros posible.\u00a0<\/p>\r\n<p>No vendemos, alquilamos ni prestamos datos de clientes a terceros.\u00a0<\/p>\r\n<p>Hacemos un seguimiento de los sitios web que visitan nuestros clientes dentro de nuestra oferta en l\u00ednea para determinar qu\u00e9 servicios son los m\u00e1s populares en nuestro sitio web. Estos datos pueden utilizarse para ofrecer contenidos personalizados a los visitantes. Esto se aplica a los visitantes que indican un inter\u00e9s espec\u00edfico.<\/p>\r\n<p>Solo revelaremos, transferiremos o daremos acceso a sus datos personales a procesadores o terceros si es necesario para el cumplimiento del contrato (Art. 6 I b GDPR) (por ejemplo, pago), si usted ha dado su consentimiento, si existe una obligaci\u00f3n legal o intereses leg\u00edtimos, o para cumplir de manera efectiva y eficiente nuestras obligaciones contractuales con usted (por ejemplo, uso de agentes, asesores fiscales y legales, empresas de alojamiento).<\/p>\r\n<p>El procesamiento de pedidos por parte de terceros se lleva a cabo de conformidad con el art\u00edculo 28 del GDPR.<\/p>\r\n<p>Tambi\u00e9n utilizamos sus datos en particular si se establece una relaci\u00f3n contractual entre usted y nosotros para prestar nuestros servicios contractuales. Con este fin, se procesan y almacenan datos de clientes, maestros, de contacto, contractuales y de pago. El tipo y el alcance de los datos vienen determinados por los requisitos de la relaci\u00f3n contractual. Tambi\u00e9n podemos procesar y almacenar los datos antes mencionados en el contexto de la iniciaci\u00f3n del contrato, por ejemplo, si solicita confirmaciones de pedidos o presupuestos.<\/p>\r\n<p>El sitio web utiliza\u00a0<strong>Cookies<\/strong>para facilitar su uso. Una cookie es un archivo de texto que el servidor de un sitio web almacena en su disco duro. Las cookies no pueden utilizarse para ejecutar programas o transferir virus a su ordenador. Las cookies se le asignan a usted de forma exclusiva y s\u00f3lo pueden ser le\u00eddas por un servidor web del dominio que le envi\u00f3 la cookie.<\/p>\r\n<p>Una de las principales finalidades de las cookies es proporcionar una funci\u00f3n pr\u00e1ctica que le ahorre tiempo. La finalidad de una cookie es indicar al servidor web que usted ha vuelto a una p\u00e1gina determinada. Esto se aplica, por ejemplo, cuando usted se registra en nuestro sitio o utiliza un formulario. La cookie en l\u00ednea nos ayuda a reutilizar informaci\u00f3n espec\u00edfica en futuras visitas. Esto simplifica el registro de sus datos personales, como direcciones de facturaci\u00f3n, direcciones de entrega, etc. Cuando vuelva al mismo sitio web, podr\u00e1 recuperar la informaci\u00f3n que nos proporcion\u00f3 anteriormente, lo que le facilitar\u00e1 el uso de nuestros servicios en l\u00ednea. Si no desea recibir cookies, puede impedirlo seleccionando la configuraci\u00f3n adecuada en su navegador. Tambi\u00e9n podemos utilizar el seguimiento de Google Analytics y utilizar cookies para medir las tasas de conversi\u00f3n de Adwords. La integraci\u00f3n de dichos servicios y contenidos de terceros redunda en nuestro inter\u00e9s leg\u00edtimo (Art. 6 I f GDPR), ya que el registro del comportamiento de los usuarios, el reconocimiento de navegadores y similares es importante para la mejora de nuestros servicios.\u00a0<\/p>\r\n<p>Estamos comprometidos con la seguridad del tratamiento en el sentido del art\u00edculo 32 del GDPR. Para ello, teniendo en cuenta el estado de la t\u00e9cnica, los costes de aplicaci\u00f3n y la naturaleza, el alcance, el contexto y los fines del tratamiento, as\u00ed como el riesgo de probabilidad y gravedad variables para los derechos y libertades de las personas f\u00edsicas, aplicamos las medidas t\u00e9cnicas y organizativas apropiadas para garantizar un nivel de seguridad adecuado al riesgo, incluyendo, en su caso, lo siguiente<\/p>\r\n<ol>\r\n<li>la seudonimizaci\u00f3n y el cifrado de datos personales;<\/li>\r\n<li>la capacidad de garantizar a largo plazo la confidencialidad, integridad, disponibilidad y resistencia de los sistemas y servicios relacionados con el tratamiento;<\/li>\r\n<li>la capacidad de restablecer r\u00e1pidamente la disponibilidad y el acceso a los datos personales en caso de incidente f\u00edsico o t\u00e9cnico;<\/li>\r\n<li>un proceso de revisi\u00f3n, valoraci\u00f3n y evaluaci\u00f3n peri\u00f3dicas de la eficacia de las medidas t\u00e9cnicas y organizativas para garantizar la seguridad del tratamiento.<\/li>\r\n<\/ol>\r\n<p>Tenemos en cuenta la protecci\u00f3n de sus datos de conformidad con los requisitos del art\u00edculo 25 del GDPR durante el desarrollo, la selecci\u00f3n de la tecnolog\u00eda (hardware y software) y a trav\u00e9s de la configuraci\u00f3n predeterminada respetuosa con la protecci\u00f3n de datos. Si utilizamos el cifrado SSL, puede reconocerlo por la abreviatura https:\/\/ delante de la direcci\u00f3n web en el campo del navegador.\u00a0<\/p>\r\n<p>Le informaremos sobre una violaci\u00f3n de la protecci\u00f3n de sus datos personales en el marco y en las condiciones de la base jur\u00eddica del Art. 34 GDPR.<\/p>\r\n<p>La transferencia y\/o el tratamiento de datos a un tercer pa\u00eds s\u00f3lo tiene lugar en las condiciones del art. 44 y ss del GDPR. Esto significa, en particular, solo si usted ha dado su consentimiento o si se observan garant\u00edas especiales, como la determinaci\u00f3n reconocida de un nivel de protecci\u00f3n de datos correspondiente a la UE u obligaciones contractuales especiales reconocidas.<\/p>\r\n<p>A continuaci\u00f3n le informamos sobre la\u00a0<strong>Derechos en virtud del RGPD<\/strong>. La menci\u00f3n de un derecho legal no dice nada sobre si nuestros servicios en l\u00ednea y\/o fuera de l\u00ednea cumplen los requisitos y circunstancias para ello.<\/p>\r\n<p>Usted tiene derecho en virtud del Art. 15 GDPR:<\/p>\r\n<p>obtener confirmaci\u00f3n sobre si se est\u00e1n tratando o no datos personales que le conciernen. En tal caso, tiene derecho a recibir informaci\u00f3n sobre estos datos personales y a la siguiente informaci\u00f3n:<\/p>\r\n<ol>\r\n<li>los fines del tratamiento;<\/li>\r\n<li>las categor\u00edas de datos personales que se tratan;<\/li>\r\n<li>los destinatarios o categor\u00edas de destinatarios a los que se hayan comunicado o vayan a comunicarse los datos personales, en particular destinatarios en terceros pa\u00edses u organizaciones internacionales;<\/li>\r\n<li>cuando sea posible, el per\u00edodo previsto de conservaci\u00f3n de los datos personales o, de no ser posible, los criterios utilizados para determinar dicho per\u00edodo;<\/li>\r\n<li>la existencia de un derecho de rectificaci\u00f3n o supresi\u00f3n de los datos personales que le conciernen o de limitaci\u00f3n de su tratamiento\u00a0<\/li>\r\n<li>la existencia de un derecho de recurso ante una autoridad de control;<\/li>\r\n<li>si los datos personales no se recogen del interesado, toda la informaci\u00f3n disponible sobre el origen de los datos;<\/li>\r\n<li>la existencia de la toma de decisiones automatizada, incluida la elaboraci\u00f3n de perfiles, a que se refieren los apartados 1 y 4 del art\u00edculo 22 y, al menos en esos casos, informaci\u00f3n significativa sobre la l\u00f3gica implicada, as\u00ed como la importancia y las consecuencias previstas de dicho tratamiento para el interesado.<\/li>\r\n<\/ol>\r\n<p>Si los datos personales se transfieren a un tercer pa\u00eds o a una organizaci\u00f3n internacional, usted tiene derecho a ser informado de las garant\u00edas adecuadas con arreglo al art\u00edculo 46 en relaci\u00f3n con la transferencia.<\/p>\r\n<p>Tiene derecho a una copia de los datos personales objeto del tratamiento. Podr\u00e1 cobrarse una tasa razonable basada en los costes administrativos por cualquier otra copia que solicite. Si realiza la solicitud por v\u00eda electr\u00f3nica, la informaci\u00f3n deber\u00e1 facilitarse en un formato electr\u00f3nico de uso com\u00fan, salvo que se indique lo contrario. El derecho a recibir una copia no debe afectar a los derechos y libertades de otras personas.<\/p>\r\n<p>De conformidad con el art\u00edculo 16 del RGPD, tambi\u00e9n tiene derecho a exigir la correcci\u00f3n inmediata de los datos personales incorrectos que le conciernan.\u00a0<sup>2<\/sup>Teniendo en cuenta los fines del tratamiento, tiene derecho a que se completen los datos personales incompletos, incluso mediante la presentaci\u00f3n de una declaraci\u00f3n complementaria.\u00a0<\/p>\r\n<p>De conformidad con el art\u00edculo 17 del RGPD, tiene derecho a exigir que borremos los datos personales que le conciernen sin demora indebida. Estamos obligados a borrar los datos personales de inmediato si se aplica uno de los motivos siguientes:<\/p>\r\n<ol>\r\n<li>Los datos personales ya no son necesarios para los fines para los que fueron recogidos o tratados de otro modo.<\/li>\r\n<li>Usted retira el consentimiento en el que se basa el tratamiento de acuerdo con el art\u00edculo 6, apartado 1, letra a), o con el art\u00edculo 9, apartado 2, letra a), del RGPD, y cuando no exista ning\u00fan otro fundamento jur\u00eddico para el tratamiento.<\/li>\r\n<li>Se opone al tratamiento y no existen motivos leg\u00edtimos imperiosos para el tratamiento o se opone al tratamiento de conformidad con el art\u00edculo 21, apartado 2, del RGPD.<\/li>\r\n<li>El tratamiento de los datos personales ha sido il\u00edcito.<\/li>\r\n<li>La supresi\u00f3n de datos personales es necesaria para cumplir una obligaci\u00f3n legal en virtud del Derecho de la Uni\u00f3n o de los Estados miembros a los que estamos sujetos.<\/li>\r\n<li>Los datos personales se recogieron en relaci\u00f3n con los servicios de la sociedad de la informaci\u00f3n ofrecidos de conformidad con el art\u00edculo 8, apartado 1.<\/li>\r\n<\/ol>\r\n<p>Si los datos personales se han hecho p\u00fablicos y estamos obligados a suprimirlos, tomaremos las medidas adecuadas, incluidas medidas t\u00e9cnicas, teniendo en cuenta la tecnolog\u00eda disponible y los costes de aplicaci\u00f3n, para informar a los responsables del tratamiento de los datos personales de que usted les ha pedido que supriman todos los enlaces a estos datos personales o las copias o r\u00e9plicas de estos datos personales.<\/p>\r\n<p>Los derechos antes mencionados en virtud del art\u00edculo 17 I y II del RGPD no se aplican si el tratamiento es necesario<\/p>\r\n<p>- ejercer el derecho a la libertad de expresi\u00f3n e informaci\u00f3n;<\/p>\r\n<p>- para el cumplimiento de una obligaci\u00f3n legal que exija el tratamiento en virtud del Derecho de la Uni\u00f3n o de los Estados miembros al que estemos sujetos, o para el cumplimiento de una misi\u00f3n realizada en inter\u00e9s p\u00fablico o en el ejercicio de poderes p\u00fablicos que nos hayan sido conferidos;<\/p>\r\n<p>- por razones de inter\u00e9s p\u00fablico en el \u00e1mbito de la salud p\u00fablica, de conformidad con las letras h) e i) del apartado 2 y el apartado 3 del art\u00edculo 9;<\/p>\r\n<p>- con fines de archivo en inter\u00e9s p\u00fablico, fines de investigaci\u00f3n cient\u00edfica o hist\u00f3rica o fines estad\u00edsticos de conformidad con el apartado 1 del art\u00edculo 89, en la medida en que el derecho contemplado en el apartado 1 pueda hacer imposible o perjudicar gravemente la consecuci\u00f3n de los objetivos de dicho tratamiento, o bien<\/p>\r\n<p>- para la afirmaci\u00f3n, el ejercicio o la defensa de nuestras reclamaciones legales.<\/p>\r\n<p>Usted tiene derecho, de conformidad con el art\u00edculo 18 del GDPR,<\/p>\r\n<p>exigir la restricci\u00f3n del tratamiento si se cumple una de las siguientes condiciones:<\/p>\r\n<ol>\r\n<li>usted impugna la exactitud de los datos personales, durante un periodo que nos permite verificar la exactitud de los datos personales,<\/li>\r\n<li>el tratamiento es il\u00edcito y usted se opone a la supresi\u00f3n de los datos personales y solicita en su lugar la limitaci\u00f3n de su uso;<\/li>\r\n<li>ya no necesitamos los datos personales para los fines del tratamiento, pero usted los necesita para el reconocimiento, ejercicio o defensa de un derecho en un procedimiento judicial, o<\/li>\r\n<li>se ha opuesto al tratamiento con arreglo al art\u00edculo 21, apartado 1, del RGPD, a la espera de que se verifique si nuestros motivos leg\u00edtimos prevalecen sobre los suyos.<\/li>\r\n<\/ol>\r\n<p>Si el tratamiento se ha restringido de conformidad con el art. 17 (1) GDPR, estos datos personales -aparte de su almacenamiento- s\u00f3lo podr\u00e1n tratarse con su consentimiento o para el establecimiento, ejercicio o defensa de reclamaciones legales o para la protecci\u00f3n de los derechos de otra persona f\u00edsica o jur\u00eddica o por razones de inter\u00e9s p\u00fablico importante de la Uni\u00f3n o de un Estado miembro.<\/p>\r\n<p>Si se ha obtenido una restricci\u00f3n del tratamiento de conformidad con el art. 17 (1) GDPR, se le informar\u00e1 antes de que se levante la restricci\u00f3n.<\/p>\r\n<p>En el \u00e1mbito del art\u00edculo 19 del RGPD, estamos sujetos a una obligaci\u00f3n de notificaci\u00f3n en relaci\u00f3n con la rectificaci\u00f3n o supresi\u00f3n de datos personales o la restricci\u00f3n del tratamiento.\u00a0<\/p>\r\n<p>Usted tiene derecho, en virtud del art\u00edculo 20 del RGPD, a recibir los datos personales que le conciernen, que nos haya facilitado, en un formato estructurado, de uso com\u00fan y lectura mec\u00e1nica, y tiene derecho a transmitir dichos datos a otro responsable del tratamiento sin impedimentos por parte del responsable al que se hayan facilitado los datos personales, cuando<\/p>\r\n<ol>\r\n<li>el tratamiento se basa en el consentimiento con arreglo al art\u00edculo 6, apartado 1, letra a) del RGPD o al art\u00edculo 9, apartado 2, letra a), o en un contrato con arreglo al art\u00edculo 6, apartado 1, letra b), y<\/li>\r\n<li>el tratamiento se realiza mediante procedimientos automatizados.<\/li>\r\n<\/ol>\r\n<p>Al ejercer su derecho a la portabilidad de los datos de conformidad con el art\u00edculo 20, apartado 1, del RGPD, tiene derecho a obtener que los datos personales sean transferidos directamente por nosotros a otro responsable del tratamiento, en la medida en que sea t\u00e9cnicamente factible.<\/p>\r\n<p>El ejercicio del derecho previsto en el art\u00edculo 20, apartado 1, del RGPD se entiende sin perjuicio de lo dispuesto en el art\u00edculo 17 del RGPD. Este derecho no se aplica al tratamiento que sea necesario para el cumplimiento de una misi\u00f3n realizada en inter\u00e9s p\u00fablico o en el ejercicio de poderes p\u00fablicos que nos hayan sido conferidos.<\/p>\r\n<p>El derecho de conformidad con el Art. 20 (1) GDPR no debe afectar negativamente a los derechos y libertades de otras personas.<\/p>\r\n<p>De conformidad con el art\u00edculo 21 del RGPD, usted tiene derecho a oponerse en cualquier momento, por motivos relacionados con su situaci\u00f3n particular, al tratamiento de los datos personales que le conciernen basado en las letras e) o f) del apartado 1 del art\u00edculo 6 del RGPD,\u00a0<strong>Contradicci\u00f3n<\/strong>\u00a0Esto tambi\u00e9n se aplica a la elaboraci\u00f3n de perfiles basada en estas disposiciones. En tal caso, dejaremos de tratar los datos personales, salvo que podamos demostrar motivos leg\u00edtimos imperiosos para el tratamiento que prevalezcan sobre sus intereses, derechos y libertades, o que el tratamiento sirva para el reconocimiento, ejercicio o defensa de reclamaciones legales.<\/p>\r\n<p>Cuando los datos personales se traten con fines de marketing directo, usted tiene derecho a oponerse en cualquier momento al tratamiento de los datos personales que le conciernen para dicho marketing, lo que incluye la elaboraci\u00f3n de perfiles en la medida en que est\u00e9 relacionada con dicho marketing directo.<\/p>\r\n<p>Si se opone al tratamiento con fines de venta directa, los datos personales dejar\u00e1n de tratarse con estos fines.<\/p>\r\n<p>Debemos llamar expresamente su atenci\u00f3n sobre el derecho mencionado en la i a m\u00e1s tardar en el momento de la primera comunicaci\u00f3n con nosotros; esta referencia debe hacerse de forma comprensible y separada del resto de la informaci\u00f3n.<\/p>\r\n<p>En el contexto de la utilizaci\u00f3n de los servicios de la sociedad de la informaci\u00f3n, y no obstante lo dispuesto en la Directiva 2002\/58\/CE, podr\u00e1 ejercer su derecho de oposici\u00f3n por medios automatizados utilizando especificaciones t\u00e9cnicas.<\/p>\r\n<p>Tiene derecho a oponerse, por motivos relacionados con su situaci\u00f3n particular, al tratamiento de los datos personales que le conciernen que se lleve a cabo con fines de investigaci\u00f3n cient\u00edfica o hist\u00f3rica o con fines estad\u00edsticos de conformidad con el art\u00edculo 89 del RGPD, salvo que el tratamiento sea necesario para el cumplimiento de una misi\u00f3n de inter\u00e9s p\u00fablico.\u00a0<\/p>\r\n<p>De conformidad con el art\u00edculo 7 III del RGPD, tambi\u00e9n tiene derecho a retirar su consentimiento para el futuro.<\/p>\r\n<p>Siempre que\u00a0<strong>Conexiones con terceros proveedores<\/strong>\u00a0Si ofrecemos servicios de terceros, por ejemplo, integraci\u00f3n de sistemas de pago, fuentes, v\u00eddeos, im\u00e1genes o servicios de redes sociales, inf\u00f3rmese sobre la normativa de protecci\u00f3n de datos de estos sitios de terceros.<\/p>","protected":false},"excerpt":{"rendered":"<p>&nbsp; DATENSCHUTZ Datenschutzrechtlich\u00a0verantwortliche Stelle \u00a0i.S.d. DSGVO ist\u00a0 Better Living Unternehmensgesellschaft, Greifswalder Str. 87, 10409 Berlin, Telefon 030 403 646 747 Etwaige\u00a0Beschwerden\u00a0(i.S.d. Art. 77 DSGVO) k\u00f6nnen an den Landesbeauftragten f\u00fcr Datenschutz in Brandenburg gerichtet werden. Diese Datenschutzerkl\u00e4rung kl\u00e4rt Sie \u00fcber die Art, den Umfang und den Zweck der Verarbeitung von personenbezogenen Daten (nachfolgend Daten) auf. Mit [&#8230;]","protected":false},"author":1,"featured_media":0,"parent":0,"menu_order":0,"comment_status":"closed","ping_status":"open","template":"","meta":{"bwfblock_default_font":"","footnotes":""},"class_list":["post-3","page","type-page","status-publish","hentry"],"_links":{"self":[{"href":"https:\/\/travelperformance.net\/es\/wp-json\/wp\/v2\/pages\/3","targetHints":{"allow":["GET"]}}],"collection":[{"href":"https:\/\/travelperformance.net\/es\/wp-json\/wp\/v2\/pages"}],"about":[{"href":"https:\/\/travelperformance.net\/es\/wp-json\/wp\/v2\/types\/page"}],"author":[{"embeddable":true,"href":"https:\/\/travelperformance.net\/es\/wp-json\/wp\/v2\/users\/1"}],"replies":[{"embeddable":true,"href":"https:\/\/travelperformance.net\/es\/wp-json\/wp\/v2\/comments?post=3"}],"version-history":[{"count":1,"href":"https:\/\/travelperformance.net\/es\/wp-json\/wp\/v2\/pages\/3\/revisions"}],"predecessor-version":[{"id":1427,"href":"https:\/\/travelperformance.net\/es\/wp-json\/wp\/v2\/pages\/3\/revisions\/1427"}],"wp:attachment":[{"href":"https:\/\/travelperformance.net\/es\/wp-json\/wp\/v2\/media?parent=3"}],"curies":[{"name":"wp","href":"https:\/\/api.w.org\/{rel}","templated":true}]}}