{"id":688,"date":"2024-08-23T13:26:58","date_gmt":"2024-08-23T11:26:58","guid":{"rendered":"https:\/\/travelperformance.net\/impressum\/"},"modified":"2024-09-12T13:22:41","modified_gmt":"2024-09-12T11:22:41","slug":"impressum","status":"publish","type":"page","link":"https:\/\/travelperformance.net\/es\/imprimir\/","title":{"rendered":"Pie de imprenta"},"content":{"rendered":"<p>&nbsp;<\/p>\n<p><img loading=\"lazy\" decoding=\"async\" class=\"alignnone wp-image-273\" src=\"https:\/\/travelperformance.net\/wp-content\/uploads\/2024\/08\/logo.svg\" alt=\"\" width=\"255\" height=\"51\" \/><\/p>\n<p><strong>Travel Performance es un servicio de la:<\/strong><\/p>\n<p>Better Living Unternehmensgesellschaft (haftungsbeschr\u00e4nkt)<br \/>\nGreifswalder Str. 87<br \/>\n10409 Berl\u00edn<br \/>\nJuzgado de Primera Instancia de Charlottenburg:<br \/>\nHRB 224744 B<\/p>\n<p>N\u00famero de identificaci\u00f3n fiscal 060\/106\/06328<\/p>\n<p>IVA ID: DE344067856<\/p>\n<p><strong>Derechos de autor, marcas y patentes<\/strong><br \/>\nTodos los dise\u00f1os del sitio web, textos, sonidos, grabaciones de pel\u00edculas, gr\u00e1ficos, im\u00e1genes, programaci\u00f3n y software, en su totalidad o en parte, est\u00e1n sujetos a los derechos de autor del operador. Todos los derechos reservados.<\/p>\n<p><strong>Descargo de responsabilidad<\/strong><br \/>\nEl sitio web contiene hiperv\u00ednculos que conducen a sitios web de terceros. El operador no tiene ninguna influencia en su dise\u00f1o y contenido y, por lo tanto, no acepta ninguna responsabilidad por la exactitud, actualidad, integridad y calidad de la informaci\u00f3n proporcionada en ellos. Los usuarios deben dirigirse directamente al operador del sitio web correspondiente en caso de tener alguna duda en relaci\u00f3n con dicho sitio web. Todos los hiperv\u00ednculos fueron comprobados por nosotros cuando se cre\u00f3 el sitio web, pero no se comprueban con regularidad. Sch\u00f6ner Reisen und Entertainment GmbH se distancia expresamente de los contenidos de las p\u00e1ginas web externas. Este sitio web se encuentra en un servidor de nuestro proveedor en un centro inform\u00e1tico de la Rep\u00fablica Federal de Alemania.<\/p>\n<p><strong>Descargo de responsabilidad<\/strong><br \/>\nQuedan fundamentalmente excluidas las reclamaciones de responsabilidad contra el autor relativas a da\u00f1os materiales o inmateriales causados por el uso o no uso de la informaci\u00f3n facilitada o por el uso de informaci\u00f3n incorrecta o incompleta. El autor se reserva expresamente el derecho a modificar, completar o eliminar partes de las p\u00e1ginas o la totalidad del sitio web sin previo aviso o a suspender la publicaci\u00f3n temporal o definitivamente.<\/p>\n<p><a href=\"https:\/\/webgate.ec.europa.eu\/odr\/main\/index.cfm?event=main.home.chooseLanguage\"><img decoding=\"async\" src=\"https:\/\/xn--gnstiger-reisen-zvb.de\/images\/streitbeilegung.jpg\" alt=\"webgate\" \/><\/a><\/p>","protected":false},"excerpt":{"rendered":"<p>&nbsp; Travel Performance ist ein Dienstleistungsservice der: Better Living Unternehmensgesellschaft (haftungsbeschr\u00e4nkt) Greifswalder Str. 87 10409 Berlin Amtsgericht Charlottenburg: HRB 224744 B Steuernr. 060\/106\/06328 Ust-ID: DE344067856 Copyright, Warenzeichen und Patente Alle Website-Designs, Texte, Sounds, Filmaufnahmen, Grafiken, Bilder, Programmierungen und Software, im Ganzen oder auch auszugsweise unterliegen dem Copyright des Betreibers. Alle Rechte vorbehalten. Disclaimer Die Website [&#8230;]","protected":false},"author":1,"featured_media":0,"parent":0,"menu_order":0,"comment_status":"closed","ping_status":"closed","template":"","meta":{"bwfblock_default_font":"","footnotes":""},"class_list":["post-688","page","type-page","status-publish","hentry"],"_links":{"self":[{"href":"https:\/\/travelperformance.net\/es\/wp-json\/wp\/v2\/pages\/688","targetHints":{"allow":["GET"]}}],"collection":[{"href":"https:\/\/travelperformance.net\/es\/wp-json\/wp\/v2\/pages"}],"about":[{"href":"https:\/\/travelperformance.net\/es\/wp-json\/wp\/v2\/types\/page"}],"author":[{"embeddable":true,"href":"https:\/\/travelperformance.net\/es\/wp-json\/wp\/v2\/users\/1"}],"replies":[{"embeddable":true,"href":"https:\/\/travelperformance.net\/es\/wp-json\/wp\/v2\/comments?post=688"}],"version-history":[{"count":3,"href":"https:\/\/travelperformance.net\/es\/wp-json\/wp\/v2\/pages\/688\/revisions"}],"predecessor-version":[{"id":1426,"href":"https:\/\/travelperformance.net\/es\/wp-json\/wp\/v2\/pages\/688\/revisions\/1426"}],"wp:attachment":[{"href":"https:\/\/travelperformance.net\/es\/wp-json\/wp\/v2\/media?parent=688"}],"curies":[{"name":"wp","href":"https:\/\/api.w.org\/{rel}","templated":true}]}}