{"id":712,"date":"2024-08-23T14:37:37","date_gmt":"2024-08-23T12:37:37","guid":{"rendered":"https:\/\/travelperformance.net\/?page_id=712"},"modified":"2024-11-04T14:29:15","modified_gmt":"2024-11-04T13:29:15","slug":"reise-videos","status":"publish","type":"page","link":"https:\/\/travelperformance.net\/es\/videos-de-viajes\/","title":{"rendered":"V\u00eddeos de viajes"},"content":{"rendered":"<span class=\"scroll-to\" data-label=\"Scroll to: #home\" data-bullet=\"true\" data-link=\"#home\" data-title=\"\u00dcber Reise Videos\" ><a name=\"home\"><\/a><\/span>\n\n\t<section class=\"section\" id=\"section_931454034\">\n\t\t<div class=\"section-bg fill\" >\n\t\t\t\t\t\t\t<div class=\"video-overlay no-click fill visible\"><\/div>\n\t<video class=\"video-bg fill visible\" preload playsinline autoplay muted loop>\n\t\t<source src=\"https:\/\/travelperformance.net\/wp-content\/uploads\/2024\/08\/Bali_10.mp4\" type=\"video\/mp4\">\t<\/video>\n\t\t\t<div class=\"section-bg-overlay absolute fill\"><\/div>\n\t\t\t\n\n\t\t<\/div>\n\n\t\t\n\n\t\t<div class=\"section-content relative\">\n\t\t\t\n<div class=\"row\"  id=\"row-1766124938\">\n\n\t<div id=\"col-1337082967\" class=\"col medium-12 small-12 large-12\"  >\n\t\t\t\t<div class=\"col-inner text-shadow-2\"  >\n\t\t\t\n\t\t\t\n\t<div id=\"gap-1600093331\" class=\"gap-element clearfix\" style=\"display:block; height:auto;\">\n\t\t\n<style>\n#gap-1600093331 {\n  padding-top: 0px;\n}\n@media (min-width:550px) {\n  #gap-1600093331 {\n    padding-top: 50px;\n  }\n}\n@media (min-width:850px) {\n  #gap-1600093331 {\n    padding-top: 50px;\n  }\n}\n<\/style>\n\t<\/div>\n\t\n<div>\n\t<div id=\"text-3092201220\" class=\"text\">\n\t\t\n<div><span style=\"font-size: 160%;\"><strong>V\u00eddeos de viajes <\/strong><\/span><\/div>\n<div>para su sitio web<\/div>\n\t\t\n<style>\n#text-3092201220 {\n  font-size: 1.4rem;\n  line-height: 1.15;\n  text-align: center;\n  color: rgb(255, 255, 255);\n}\n#text-3092201220 > * {\n  color: rgb(255, 255, 255);\n}\n@media (min-width:550px) {\n  #text-3092201220 {\n    font-size: 2.1rem;\n    line-height: 1.15;\n  }\n}\n@media (min-width:850px) {\n  #text-3092201220 {\n    font-size: 2.4rem;\n  }\n}\n<\/style>\n\t<\/div>\n\t\n\t<div id=\"gap-1854603581\" class=\"gap-element clearfix\" style=\"display:block; height:auto;\">\n\t\t\n<style>\n#gap-1854603581 {\n  padding-top: 20px;\n}\n@media (min-width:550px) {\n  #gap-1854603581 {\n    padding-top: 20px;\n  }\n}\n@media (min-width:850px) {\n  #gap-1854603581 {\n    padding-top: 30px;\n  }\n}\n<\/style>\n\t<\/div>\n\t\n<\/div>\n<div class=\"row\"  id=\"row-528003558\">\n\n\t<div id=\"col-723099038\" class=\"col small-12 large-12\"  >\n\t\t\t\t<div class=\"col-inner text-center\"  >\n\t\t\t\n\t\t\t\n<a href=\"https:\/\/travelperformance.net\/es\/product\/produccion-profesional-de-videos-de-viajes\/\" class=\"button white is-large\"  style=\"padding:0px 30px 0px 30px;\">\n\t\t<span>Al producto<\/span>\n\t<\/a>\n\n\t\t<\/div>\n\t\t\t\t\n<style>\n#col-723099038 > .col-inner {\n  padding: 0px 0px 0px 0px;\n  margin: -10px 0px 0px 0px;\n}\n<\/style>\n\t<\/div>\n\n\t\n<\/div>\n\t\t<\/div>\n\t\t\t\t\t<\/div>\n\n\t\n<\/div>\n\t\t<\/div>\n\n\t\t\n<style>\n#section_931454034 {\n  padding-top: 20px;\n  padding-bottom: 20px;\n  min-height: 770px;\n}\n#section_931454034 .section-bg-overlay {\n  background-color: rgba(0, 85, 157, 0.157);\n}\n@media (min-width:550px) {\n  #section_931454034 {\n    min-height: 800px;\n  }\n}\n<\/style>\n\t<\/section>\n\t\n\n\t<section class=\"section\" id=\"section_77682881\">\n\t\t<div class=\"section-bg fill\" >\n\t\t\t\t\t\t\t\t\t\n\t\t\t\n\t<div class=\"is-border\"\n\t\tstyle=\"border-width:0px 0px 0px 0px;\">\n\t<\/div>\n\n\t\t<\/div>\n\n\t\t\n\n\t\t<div class=\"section-content relative\">\n\t\t\t\n<div class=\"row align-center\"  id=\"row-1821229388\">\n\n\t<div id=\"col-1141276572\" class=\"col small-11 large-12\"  >\n\t\t\t\t<div class=\"col-inner text-center\"  >\n\t\t\t\n\t\t\t\n<div class=\"row row-small row-box-shadow-1 row-box-shadow-4-hover\"  id=\"row-1470183540\">\n\n\t<div id=\"col-1313034897\" class=\"col medium-6 small-12 large-3 col-hover-focus\"  >\n\t\t\t\t<div class=\"col-inner\"  >\n\t\t\t\n\t\t\t\n\n\t\t<div class=\"icon-box featured-box icon-box-center text-center\"  >\n\t\t\t\t<div class=\"icon-box-text last-reset\">\n\t\t\t\t\t\t\t\t\t\n\t<div id=\"text-3807859733\" class=\"text\">\n\t\t\n<h2><strong><span style=\"color: #084085;\">Presentaci\u00f3n visual<\/span><\/strong><\/h2>\n<p>Los v\u00eddeos dan vida visual a sus ofertas de viajes y facilitan la decisi\u00f3n de compra de los clientes.<\/p>\n\t\t\n<style>\n#text-3807859733 {\n  font-size: 1rem;\n  line-height: 1.05;\n  color: rgb(0,0,0);\n}\n#text-3807859733 > * {\n  color: rgb(0,0,0);\n}\n@media (min-width:550px) {\n  #text-3807859733 {\n    font-size: 1rem;\n    line-height: 1.5;\n  }\n}\n@media (min-width:850px) {\n  #text-3807859733 {\n    font-size: 1rem;\n  }\n}\n<\/style>\n\t<\/div>\n\t\n\t\t<\/div>\n\t<\/div>\n\t\n\t\n\t\t<\/div>\n\t\t\t\t\t<\/div>\n\n\t\n\n\t<div id=\"col-1237435376\" class=\"col medium-6 small-12 large-3 col-hover-focus\"  >\n\t\t\t\t<div class=\"col-inner\"  >\n\t\t\t\n\t\t\t\n\n\t\t<div class=\"icon-box featured-box icon-box-center text-center\"  >\n\t\t\t\t<div class=\"icon-box-text last-reset\">\n\t\t\t\t\t\t\t\t\t\n\t<div id=\"text-708986950\" class=\"text\">\n\t\t\n<h2><span style=\"color: #084085;\"><strong>Confianza profesional<\/strong><\/span><\/h2>\n<p>Los v\u00eddeos bien producidos aumentan la credibilidad y la confianza, lo que convence a los clientes potenciales.<\/p>\n\t\t\n<style>\n#text-708986950 {\n  font-size: 1rem;\n  line-height: 1.05;\n  color: rgb(0,0,0);\n}\n#text-708986950 > * {\n  color: rgb(0,0,0);\n}\n@media (min-width:550px) {\n  #text-708986950 {\n    font-size: 1rem;\n    line-height: 1.5;\n  }\n}\n@media (min-width:850px) {\n  #text-708986950 {\n    font-size: 1rem;\n  }\n}\n<\/style>\n\t<\/div>\n\t\n\t\t<\/div>\n\t<\/div>\n\t\n\t\n\t\t<\/div>\n\t\t\t\t\t<\/div>\n\n\t\n\n\t<div id=\"col-1678720802\" class=\"col medium-6 small-12 large-3 col-hover-focus\"  >\n\t\t\t\t<div class=\"col-inner\"  >\n\t\t\t\n\t\t\t\n\n\t\t<div class=\"icon-box featured-box icon-box-center text-center\"  >\n\t\t\t\t<div class=\"icon-box-text last-reset\">\n\t\t\t\t\t\t\t\t\t\n\t<div id=\"text-1362969629\" class=\"text\">\n\t\t\n<h2><span style=\"color: #084085;\"><strong>Conexi\u00f3n emocional<\/strong><\/span><\/h2>\n<p>Los v\u00eddeos despiertan emociones, facilitan la visualizaci\u00f3n del viaje y aumentan significativamente la predisposici\u00f3n a comprar.<\/p>\n\t\t\n<style>\n#text-1362969629 {\n  font-size: 1rem;\n  line-height: 1.05;\n  color: rgb(0,0,0);\n}\n#text-1362969629 > * {\n  color: rgb(0,0,0);\n}\n@media (min-width:550px) {\n  #text-1362969629 {\n    font-size: 1rem;\n    line-height: 1.5;\n  }\n}\n@media (min-width:850px) {\n  #text-1362969629 {\n    font-size: 1rem;\n  }\n}\n<\/style>\n\t<\/div>\n\t\n\t\t<\/div>\n\t<\/div>\n\t\n\t\n\t\t<\/div>\n\t\t\t\t\t<\/div>\n\n\t\n\n\t<div id=\"col-545038354\" class=\"col medium-6 small-12 large-3 col-hover-focus\"  >\n\t\t\t\t<div class=\"col-inner\"  >\n\t\t\t\n\t\t\t\n\n\t\t<div class=\"icon-box featured-box icon-box-center text-center\"  >\n\t\t\t\t<div class=\"icon-box-text last-reset\">\n\t\t\t\t\t\t\t\t\t\n\t<div id=\"text-4107375813\" class=\"text\">\n\t\t\n<h2><span style=\"color: #084085;\"><strong>Grandes ventajas SEO<\/strong><\/span><\/h2>\n<p>Los v\u00eddeos aumentan el tiempo de permanencia en su sitio web, lo que tiene efectos positivos en el SEO y mejora la clasificaci\u00f3n en Google.<\/p>\n\t\t\n<style>\n#text-4107375813 {\n  font-size: 1rem;\n  line-height: 1.05;\n  color: rgb(0,0,0);\n}\n#text-4107375813 > * {\n  color: rgb(0,0,0);\n}\n@media (min-width:550px) {\n  #text-4107375813 {\n    font-size: 1rem;\n    line-height: 1.5;\n  }\n}\n@media (min-width:850px) {\n  #text-4107375813 {\n    font-size: 1rem;\n  }\n}\n<\/style>\n\t<\/div>\n\t\n\t\t<\/div>\n\t<\/div>\n\t\n\t\n\t\t<\/div>\n\t\t\t\t\t<\/div>\n\n\t\n\n<style>\n#row-1470183540 > .col > .col-inner {\n  padding: 30px 30px 30px 30px;\n  background-color: rgb(255,255,255);\n}\n<\/style>\n<\/div>\n\t\t<\/div>\n\t\t\t\t\n<style>\n#col-1141276572 > .col-inner {\n  margin: -100px 0px 0px 0px;\n}\n<\/style>\n\t<\/div>\n\n\t\n<\/div>\n\t\t<\/div>\n\n\t\t\n<style>\n#section_77682881 {\n  padding-top: 0px;\n  padding-bottom: 0px;\n}\n<\/style>\n\t<\/section>\n\t\n\n\t<section class=\"section\" id=\"section_94396276\">\n\t\t<div class=\"section-bg fill\" >\n\t\t\t\t\t\t\t\t\t\n\t\t\t\n\n\t\t<\/div>\n\n\t\t\n\n\t\t<div class=\"section-content relative\">\n\t\t\t\n<div class=\"row\"  id=\"row-1599218922\">\n\n\t<div id=\"col-1438637614\" class=\"col small-12 large-12\"  >\n\t\t\t\t<div class=\"col-inner\"  >\n\t\t\t\n\t\t\t\n<div class=\"row row-collapse\"  id=\"row-1392098043\">\n\n\t<div id=\"col-760264869\" class=\"col small-12 large-12\"  >\n\t\t\t\t<div class=\"col-inner\"  >\n\t\t\t\n\t\t\t\n<span class=\"scroll-to\" data-label=\"Scroll to: #warum\" data-bullet=\"true\" data-link=\"#warum\" data-title=\"Warum Reise Videos?\" ><a name=\"warum\"><\/a><\/span>\n\n\t<section class=\"section dark\" id=\"section_454559232\">\n\t\t<div class=\"section-bg fill\" >\n\t\t\t<img loading=\"lazy\" decoding=\"async\" width=\"1280\" height=\"853\" src=\"https:\/\/travelperformance.net\/wp-content\/uploads\/2024\/09\/ocean-sunset-person-stockpack-pixabay.jpg\" class=\"bg attachment- size-\" alt=\"oc\u00e9ano, puesta de sol, persona\" \/>\t\t\t\t\t\t<div class=\"section-bg-overlay absolute fill\"><\/div>\n\t\t\t\n\n\t\t<\/div>\n\n\t\t\n\n\t\t<div class=\"section-content relative\">\n\t\t\t\n<div class=\"row\"  id=\"row-1344480825\">\n\n\t<div id=\"col-1551766063\" class=\"col medium-12 small-12 large-7\"  >\n\t\t\t\t<div class=\"col-inner text-left\"  >\n\t\t\t\n\t\t\t\n\t<div id=\"gap-82417830\" class=\"gap-element clearfix\" style=\"display:block; height:auto;\">\n\t\t\n<style>\n#gap-82417830 {\n  padding-top: 30px;\n}\n<\/style>\n\t<\/div>\n\t\n\t<div id=\"text-2752188896\" class=\"text\">\n\t\t\n<h2><strong>Los v\u00eddeos de viajes dan vida a sus ofertas<\/strong><\/h2>\n\t\t\n<style>\n#text-2752188896 {\n  font-size: 1.35rem;\n  line-height: 0.75;\n  text-align: center;\n  color: rgb(255, 255, 255);\n}\n#text-2752188896 > * {\n  color: rgb(255, 255, 255);\n}\n@media (min-width:550px) {\n  #text-2752188896 {\n    font-size: 1.85rem;\n    line-height: 1.5;\n    text-align: left;\n  }\n}\n@media (min-width:850px) {\n  #text-2752188896 {\n    text-align: left;\n  }\n}\n<\/style>\n\t<\/div>\n\t\n\t<div id=\"text-4132244681\" class=\"text\">\n\t\t\n<p><strong>Un v\u00eddeo profesional de viajes<\/strong> puede marcar la diferencia a la hora de hacer que sus ofertas de viaje <strong>en su propio sitio web<\/strong> para presentar.<\/p>\n\t\t\n<style>\n#text-4132244681 {\n  font-size: 0.95rem;\n  line-height: 1.3;\n  text-align: center;\n}\n@media (min-width:550px) {\n  #text-4132244681 {\n    font-size: 1.4rem;\n    line-height: 1.2;\n    text-align: left;\n  }\n}\n@media (min-width:850px) {\n  #text-4132244681 {\n    text-align: left;\n  }\n}\n<\/style>\n\t<\/div>\n\t\n<a href=\"https:\/\/travelperformance.net\/es\/product\/produccion-profesional-de-videos-de-viajes\/\" class=\"button white is-large hide-for-small\"  style=\"padding:0px 30px 0px 30px;\">\n\t\t<span>Al producto<\/span>\n\t<\/a>\n\n<a href=\"#kontakt\" class=\"button white is-large expand show-for-small\"  style=\"padding:0px 30px 0px 30px;\">\n\t\t<span>Asesoramiento gratuito<\/span>\n\t<\/a>\n\n\t\t<\/div>\n\t\t\t\t\n<style>\n#col-1551766063 > .col-inner {\n  padding: 0px 0px 0px 0;\n}\n@media (min-width:550px) {\n  #col-1551766063 > .col-inner {\n    padding: 0px 0px 0px 0px;\n  }\n}\n@media (min-width:850px) {\n  #col-1551766063 > .col-inner {\n    padding: 0px 0px 0px 20px;\n  }\n}\n<\/style>\n\t<\/div>\n\n\t\n<\/div>\n\t\t<\/div>\n\n\t\t\n<style>\n#section_454559232 {\n  padding-top: 0px;\n  padding-bottom: 0px;\n  min-height: 450px;\n}\n#section_454559232 .section-bg-overlay {\n  background-color: rgba(0, 85, 157, 0.256);\n}\n@media (min-width:550px) {\n  #section_454559232 {\n    min-height: 500px;\n  }\n}\n<\/style>\n\t<\/section>\n\t\n\t\t<\/div>\n\t\t\t\t\t<\/div>\n\n\t\n<\/div>\n<div class=\"row row-collapse align-equal\"  id=\"row-576082951\">\n\n\t<div id=\"col-1702621875\" class=\"col medium-12 small-12 large-12\"  >\n\t\t\t\t<div class=\"col-inner text-center dark\" style=\"background-color:#084085;\" >\n\t\t\t\n\t\t\t\n<div class=\"video video-fit mb box-shadow-2\" style=\"padding-top:56.25%;\"><p><iframe loading=\"lazy\" title=\"Viaje de ida y vuelta a M\u00e9xico - Tras las huellas de los mayas\" width=\"1020\" height=\"574\" src=\"https:\/\/www.youtube.com\/embed\/3qhg96BRENc?feature=oembed\" frameborder=\"0\" allow=\"accelerometer; autoplay; clipboard-write; encrypted-media; gyroscope; picture-in-picture; web-share\" referrerpolicy=\"strict-origin-when-cross-origin\" allowfullscreen><\/iframe><\/p>\n<\/div>\n\t<div id=\"text-4216068206\" class=\"text\">\n\t\t\n<p>A diferencia del texto o las im\u00e1genes, el v\u00eddeo puede transmitir la belleza y la experiencia de un viaje en tiempo real. Esta presentaci\u00f3n visual <strong>refuerza<\/strong> no s\u00f3lo el inter\u00e9s, sino tambi\u00e9n el <strong>Conf\u00ede en su agencia de viajes<\/strong>. Un v\u00eddeo de este tipo puede ser el \u00faltimo empuj\u00f3n que un cliente necesita para finalizar una reserva.<\/p>\n<h3><strong>M\u00e1s confianza, m\u00e1s clientes, m\u00e1s reservas.<\/strong><\/h3>\n\t\t\n<style>\n#text-4216068206 {\n  font-size: 1rem;\n  line-height: 1.1;\n  text-align: center;\n}\n@media (min-width:550px) {\n  #text-4216068206 {\n    font-size: 1.2rem;\n    text-align: left;\n  }\n}\n@media (min-width:850px) {\n  #text-4216068206 {\n    font-size: 1.4rem;\n    line-height: 1.2;\n    text-align: left;\n  }\n}\n<\/style>\n\t<\/div>\n\t\n\t\t<\/div>\n\t\t\t\t\n<style>\n#col-1702621875 > .col-inner {\n  padding: 30px 10% 20px 10%;\n}\n@media (min-width:550px) {\n  #col-1702621875 > .col-inner {\n    padding: 50px 50px 50px 50px;\n  }\n}\n<\/style>\n\t<\/div>\n\n\t\n<\/div>\n\t\t<\/div>\n\t\t\t\t\t<\/div>\n\n\t\n<\/div>\n\t\t<\/div>\n\n\t\t\n<style>\n#section_94396276 {\n  padding-top: 30px;\n  padding-bottom: 30px;\n}\n<\/style>\n\t<\/section>\n\t\n\t<div id=\"gap-2029146258\" class=\"gap-element clearfix\" style=\"display:block; height:auto;\">\n\t\t\n<style>\n#gap-2029146258 {\n  padding-top: 30px;\n}\n<\/style>\n\t<\/div>\n\t\n<span class=\"scroll-to\" data-label=\"Scroll to: #social\" data-bullet=\"true\" data-link=\"#social\" data-title=\"Vertrauen st\u00e4rken\" ><a name=\"social\"><\/a><\/span>\n<div class=\"row\"  id=\"row-1762721047\">\n\n\t<div id=\"col-600618933\" class=\"col small-12 large-12\"  >\n\t\t\t\t<div class=\"col-inner\"  >\n\t\t\t\n\t\t\t\n<div class=\"row row-collapse\"  id=\"row-792756421\">\n\n\t<div id=\"col-208114070\" class=\"col small-12 large-12\"  >\n\t\t\t\t<div class=\"col-inner\"  >\n\t\t\t\n\t\t\t\n\n\t<section class=\"section dark\" id=\"section_1806904724\">\n\t\t<div class=\"section-bg fill\" >\n\t\t\t\t\t\t\t\t\t\n\t\t\t\n\n\t\t<\/div>\n\n\t\t\n\n\t\t<div class=\"section-content relative\">\n\t\t\t\n<div class=\"row\"  id=\"row-877829410\">\n\n\t<div id=\"col-150888220\" class=\"col medium-12 small-12 large-10\"  >\n\t\t\t\t<div class=\"col-inner\"  >\n\t\t\t\n\t\t\t\n\t<div id=\"gap-814283499\" class=\"gap-element clearfix\" style=\"display:block; height:auto;\">\n\t\t\n<style>\n#gap-814283499 {\n  padding-top: 80px;\n}\n<\/style>\n\t<\/div>\n\t\n\t<div id=\"text-2919384006\" class=\"text\">\n\t\t\n<h3><strong>Los v\u00eddeos de viajes refuerzan la confianza en ti<\/strong><\/h3>\n\t\t\n<style>\n#text-2919384006 {\n  font-size: 1.5rem;\n  line-height: 1.15;\n  text-align: center;\n}\n@media (min-width:550px) {\n  #text-2919384006 {\n    font-size: 1.7rem;\n    line-height: 1.1;\n    text-align: left;\n  }\n}\n@media (min-width:850px) {\n  #text-2919384006 {\n    font-size: 2.25rem;\n    text-align: left;\n  }\n}\n<\/style>\n\t<\/div>\n\t\n\t<div id=\"text-922018695\" class=\"text\">\n\t\t\n<p><span style=\"font-size: 100%;\">En un sector en el que <strong>La confianza y la credibilidad desempe\u00f1an un papel fundamental<\/strong>un v\u00eddeo de viajes profesional puede influir significativamente en la decisi\u00f3n de sus clientes<\/span><\/p>\n\t\t\n<style>\n#text-922018695 {\n  font-size: 0.95rem;\n  line-height: 1.15;\n  text-align: center;\n}\n@media (min-width:550px) {\n  #text-922018695 {\n    font-size: 1.2rem;\n    text-align: left;\n  }\n}\n@media (min-width:850px) {\n  #text-922018695 {\n    font-size: 1.4rem;\n    line-height: 1.2;\n    text-align: left;\n  }\n}\n<\/style>\n\t<\/div>\n\t\n\t\t<\/div>\n\t\t\t\t\n<style>\n#col-150888220 > .col-inner {\n  padding: 0px 0px 0px 0;\n}\n@media (min-width:550px) {\n  #col-150888220 > .col-inner {\n    padding: 0px 0px 0px 10%;\n  }\n}\n<\/style>\n\t<\/div>\n\n\t\n\n\t<div id=\"col-1539811097\" class=\"col medium-12 small-12 large-12\"  >\n\t\t\t\t<div class=\"col-inner\"  >\n\t\t\t\n\t\t\t\n<div class=\"row row-large align-middle align-center\"  id=\"row-554583808\">\n\n\t<div id=\"col-126959973\" class=\"col small-12 large-12\"  >\n\t\t\t\t<div class=\"col-inner text-left\"  >\n\t\t\t\n\t\t\t\n<div class=\"video video-fit mb box-shadow-2 box-shadow-3-hover\" style=\"padding-top:56.25%;\"><p><iframe loading=\"lazy\" title=\"Escapadas a Nueva York - \u00a1La ciudad que nunca duerme!\" width=\"1020\" height=\"574\" src=\"https:\/\/www.youtube.com\/embed\/0droHzGuISo?feature=oembed\" frameborder=\"0\" allow=\"accelerometer; autoplay; clipboard-write; encrypted-media; gyroscope; picture-in-picture; web-share\" referrerpolicy=\"strict-origin-when-cross-origin\" allowfullscreen><\/iframe><\/p>\n<\/div>\n\t\t<\/div>\n\t\t\t\t\t<\/div>\n\n\t\n<\/div>\n<div class=\"row row-collapse align-equal\"  id=\"row-1946967693\">\n\n\t<div id=\"col-1960993849\" class=\"col medium-12 small-12 large-12\"  >\n\t\t\t\t<div class=\"col-inner text-center dark\" style=\"background-color:#084085;\" >\n\t\t\t\n\t\t\t\n\t<div id=\"text-2003909663\" class=\"text\">\n\t\t\n<h4><strong>Transmite seriedad y fiabilidad<\/strong><\/h4>\n\t\t\n<style>\n#text-2003909663 {\n  font-size: 1.35rem;\n  line-height: 1;\n  text-align: center;\n}\n@media (min-width:550px) {\n  #text-2003909663 {\n    font-size: 1.85rem;\n    line-height: 1.1;\n    text-align: left;\n  }\n}\n@media (min-width:850px) {\n  #text-2003909663 {\n    font-size: 1.75rem;\n    text-align: left;\n  }\n}\n<\/style>\n\t<\/div>\n\t\n\t<div id=\"text-172812697\" class=\"text\">\n\t\t\n<p>Los clientes que ven un v\u00eddeo bien hecho en su sitio web tienen m\u00e1s probabilidades de confiar en usted y reservar con usted. Por lo tanto, un v\u00eddeo profesional no es solo una herramienta de marketing, sino tambi\u00e9n un elemento importante para el desarrollo de la empresa. <strong>Construir relaciones duraderas con los clientes<\/strong>.<\/p>\n\t\t\n<style>\n#text-172812697 {\n  font-size: 0.95rem;\n  line-height: 1.3;\n  text-align: center;\n}\n@media (min-width:550px) {\n  #text-172812697 {\n    font-size: 1.4rem;\n    line-height: 1.2;\n    text-align: left;\n  }\n}\n@media (min-width:850px) {\n  #text-172812697 {\n    text-align: left;\n  }\n}\n<\/style>\n\t<\/div>\n\t\n\t\t<\/div>\n\t\t\t\t\n<style>\n#col-1960993849 > .col-inner {\n  padding: 0px 0px 0px 0px;\n}\n<\/style>\n\t<\/div>\n\n\t\n<\/div>\n\t\t<\/div>\n\t\t\t\t\t<\/div>\n\n\t\n\n<style>\n#row-877829410 > .col > .col-inner {\n  padding: 0px 0px 0px 0px;\n}\n@media (min-width:550px) {\n  #row-877829410 > .col > .col-inner {\n    padding: 0px 20px 0px 20px;\n  }\n}\n<\/style>\n<\/div>\n\t\t<\/div>\n\n\t\t\n<style>\n#section_1806904724 {\n  padding-top: 0px;\n  padding-bottom: 0px;\n  min-height: 450px;\n  background-color: #084085;\n}\n@media (min-width:550px) {\n  #section_1806904724 {\n    min-height: 500px;\n  }\n}\n<\/style>\n\t<\/section>\n\t\n\t\t<\/div>\n\t\t\t\t\t<\/div>\n\n\t\n<\/div>\n\t\t<\/div>\n\t\t\t\t\t<\/div>\n\n\t\n<\/div>\n<div class=\"row\"  id=\"row-807368398\">\n\n\t<div id=\"col-1388354726\" class=\"col small-12 large-12\"  >\n\t\t\t\t<div class=\"col-inner text-center\"  >\n\t\t\t\n\t\t\t\n<a href=\"#kontakt\" class=\"button primary is-xlarge hide-for-small\"  style=\"padding:0px 30px 0px 30px;\">\n\t\t<span>Solicitar una consulta gratuita<\/span>\n\t<\/a>\n\n<a href=\"#kontakt\" class=\"button primary is-large show-for-small\"  style=\"padding:0px 30px 0px 30px;\">\n\t\t<span>Solicitar asesoramiento gratuito<\/span>\n\t<\/a>\n\n\t<div id=\"gap-1474220563\" class=\"gap-element clearfix\" style=\"display:block; height:auto;\">\n\t\t\n<style>\n#gap-1474220563 {\n  padding-top: 0px;\n}\n@media (min-width:550px) {\n  #gap-1474220563 {\n    padding-top: 60px;\n  }\n}\n<\/style>\n\t<\/div>\n\t\n\t\t<\/div>\n\t\t\t\t\t<\/div>\n\n\t\n<\/div>\n<span class=\"scroll-to\" data-label=\"Scroll to: #kontakt\" data-bullet=\"true\" data-link=\"#kontakt\" data-title=\"Kontakt\" ><a name=\"kontakt\"><\/a><\/span>","protected":false},"excerpt":{"rendered":"","protected":false},"author":1,"featured_media":0,"parent":0,"menu_order":0,"comment_status":"closed","ping_status":"closed","template":"page-transparent-header-light.php","meta":{"bwfblock_default_font":"","footnotes":""},"class_list":["post-712","page","type-page","status-publish","hentry"],"_links":{"self":[{"href":"https:\/\/travelperformance.net\/es\/wp-json\/wp\/v2\/pages\/712","targetHints":{"allow":["GET"]}}],"collection":[{"href":"https:\/\/travelperformance.net\/es\/wp-json\/wp\/v2\/pages"}],"about":[{"href":"https:\/\/travelperformance.net\/es\/wp-json\/wp\/v2\/types\/page"}],"author":[{"embeddable":true,"href":"https:\/\/travelperformance.net\/es\/wp-json\/wp\/v2\/users\/1"}],"replies":[{"embeddable":true,"href":"https:\/\/travelperformance.net\/es\/wp-json\/wp\/v2\/comments?post=712"}],"version-history":[{"count":10,"href":"https:\/\/travelperformance.net\/es\/wp-json\/wp\/v2\/pages\/712\/revisions"}],"predecessor-version":[{"id":2038,"href":"https:\/\/travelperformance.net\/es\/wp-json\/wp\/v2\/pages\/712\/revisions\/2038"}],"wp:attachment":[{"href":"https:\/\/travelperformance.net\/es\/wp-json\/wp\/v2\/media?parent=712"}],"curies":[{"name":"wp","href":"https:\/\/api.w.org\/{rel}","templated":true}]}}