{"id":1007,"date":"2024-08-31T16:46:12","date_gmt":"2024-08-31T14:46:12","guid":{"rendered":"https:\/\/travelperformance.net\/?post_type=product&#038;p=1007"},"modified":"2024-10-12T12:18:24","modified_gmt":"2024-10-12T10:18:24","slug":"massgeschneiderter-social-media-posting-service","status":"publish","type":"product","link":"https:\/\/travelperformance.net\/es\/product\/servicio-personalizado-de-publicacion-en-redes-sociales\/","title":{"rendered":"Servicio de publicaci\u00f3n en redes sociales totalmente automatizado"},"content":{"rendered":"<p>Nuestra <strong>Servicio personalizado de publicaci\u00f3n en redes sociales<\/strong> garantiza que los v\u00eddeos y contenidos que ya has creado se publiquen en el momento adecuado y en las plataformas adecuadas para maximizar la atenci\u00f3n y la interacci\u00f3n. Desarrollamos para usted una estrategia de publicaci\u00f3n personalizada que presenta su marca de forma \u00f3ptima en las redes sociales y aumenta continuamente su alcance.<\/p>\n<p><strong>Lo que obtienes:<\/strong><\/p>\n<ul>\n<li><strong>Estrategia de contabilizaci\u00f3n individual:<\/strong> Creamos para usted un plan de redes sociales personalizado y adaptado con precisi\u00f3n a su grupo objetivo y a su marca.<\/li>\n<li><strong>Publicaci\u00f3n regular:<\/strong> Publicamos sus bobinas y contenidos en las redes sociales de forma continua y en el momento \u00f3ptimo en las plataformas pertinentes para lograr el mayor alcance posible.<\/li>\n<li><strong>Dir\u00edjase a su p\u00fablico objetivo:<\/strong> Gracias a nuestra planificaci\u00f3n estrat\u00e9gica, sus mensajes llegar\u00e1n exactamente a las personas que est\u00e1n interesadas en sus ofertas y desean interactuar con ellas.<\/li>\n<li><strong>Aumentar la presencia de la marca:<\/strong> Las publicaciones peri\u00f3dicas y espec\u00edficas garantizan que su marca siga presente en las redes sociales y contin\u00fae creciendo.<\/li>\n<\/ul>\n<p><strong>Un puesto de prueba para conocernos:<\/strong> Para familiarizarse con nuestro servicio, le ofrecemos la oportunidad de realizar un <strong>un puesto de prueba gratuito<\/strong> recibir. Esto le permite ver nuestro servicio en acci\u00f3n antes de comprometerse con nuestro programa de publicaci\u00f3n completo. Cada cliente, organizaci\u00f3n o cuenta de redes sociales s\u00f3lo puede beneficiarse de este servicio una vez. El proceso es el mismo que el de un pedido normal, para que pueda hacerse una idea real de c\u00f3mo ser\u00e1n sus futuras publicaciones.<\/p>\n<p><strong>Otras opciones:<\/strong> Despu\u00e9s de la prueba, puede elegir entre nuestra amplia <strong>Base de datos de destinos tur\u00edsticos<\/strong> que se utilizan para sus bobinas de v\u00eddeo. Tambi\u00e9n tiene la opci\u00f3n de personalizar sus <strong>Logotipo<\/strong> en los v\u00eddeos. No obstante, tenga en cuenta que <strong>no hay posibilidad de cambiar las bobinas despu\u00e9s de la creaci\u00f3n<\/strong>. Nuestros procesos automatizados garantizan una producci\u00f3n eficaz y r\u00e1pida, por lo que la personalizaci\u00f3n ya no es posible.<\/p>\n<p><strong>Por qu\u00e9 necesita este producto:<\/strong> En el din\u00e1mico mundo de las redes sociales, es esencial estar siempre presente y dirigirse regularmente a su p\u00fablico objetivo. Nuestro servicio de publicaci\u00f3n en redes sociales garantiza que sus contenidos se planifiquen y publiquen de forma \u00f3ptima para que pueda aumentar eficazmente su alcance y visibilidad. La creaci\u00f3n de sus v\u00eddeos y otros contenidos puede adquirirse por separado o integrarse en un producto combinado: \u00a1usted decide lo que m\u00e1s le conviene!<\/p>\n<p>&nbsp;<\/p>","protected":false},"excerpt":{"rendered":"<p><strong><span class=\"OYPEnA font-feature-liga-off font-feature-clig-off font-feature-calt-off text-decoration-none text-strikethrough-none\">100% servicio completo con creaci\u00f3n y publicaci\u00f3n basadas en IA<\/span><\/strong>\u00a0garantiza que los v\u00eddeos y contenidos que ya ha creado se publiquen en el momento adecuado y en las plataformas adecuadas para maximizar la atenci\u00f3n y la interacci\u00f3n.<\/p>","protected":false},"featured_media":0,"template":"","meta":{"bwfblock_default_font":""},"product_brand":[],"product_cat":[72],"product_tag":[],"class_list":{"0":"post-1007","1":"product","2":"type-product","3":"status-publish","5":"product_cat-social-media-services","7":"first","8":"instock","9":"featured","10":"taxable","11":"shipping-taxable","12":"purchasable","13":"product-type-variable-subscription","14":"has-default-attributes"},"_links":{"self":[{"href":"https:\/\/travelperformance.net\/es\/wp-json\/wp\/v2\/product\/1007","targetHints":{"allow":["GET"]}}],"collection":[{"href":"https:\/\/travelperformance.net\/es\/wp-json\/wp\/v2\/product"}],"about":[{"href":"https:\/\/travelperformance.net\/es\/wp-json\/wp\/v2\/types\/product"}],"wp:attachment":[{"href":"https:\/\/travelperformance.net\/es\/wp-json\/wp\/v2\/media?parent=1007"}],"wp:term":[{"taxonomy":"product_brand","embeddable":true,"href":"https:\/\/travelperformance.net\/es\/wp-json\/wp\/v2\/product_brand?post=1007"},{"taxonomy":"product_cat","embeddable":true,"href":"https:\/\/travelperformance.net\/es\/wp-json\/wp\/v2\/product_cat?post=1007"},{"taxonomy":"product_tag","embeddable":true,"href":"https:\/\/travelperformance.net\/es\/wp-json\/wp\/v2\/product_tag?post=1007"}],"curies":[{"name":"wp","href":"https:\/\/api.w.org\/{rel}","templated":true}]}}