{"id":1534,"date":"2024-09-12T23:50:23","date_gmt":"2024-09-12T21:50:23","guid":{"rendered":"https:\/\/travelperformance.net\/?post_type=product&#038;p=1534"},"modified":"2024-11-19T14:30:48","modified_gmt":"2024-11-19T13:30:48","slug":"monatliches-ki-assistenten-update-training","status":"publish","type":"product","link":"https:\/\/travelperformance.net\/es\/product\/formacion-mensual-de-actualizacion-del-asistente-ki\/","title":{"rendered":"Asesoramiento al cliente basado en IA"},"content":{"rendered":"<p><strong>Mantenga siempre al d\u00eda su asistente de IA con actualizaciones mensuales y formaci\u00f3n continua.<\/strong><\/p>\n<p>Nuestra <strong>Formaci\u00f3n y actualizaci\u00f3n mensual del asistente de IA<\/strong> Service garantiza que su asistente de IA proporcione siempre informaci\u00f3n actualizada sobre sus ofertas y servicios de viajes. Gracias a los ajustes y actualizaciones regulares, el asistente puede reaccionar r\u00e1pidamente ante nuevos productos, cambios en las ofertas u otra informaci\u00f3n relevante y transmitirla a los clientes de forma competente.<\/p>\n<p><strong>Lo que obtienes:<\/strong><\/p>\n<ul>\n<li><strong>Actualizaciones mensuales del asistente de IA:<\/strong> Actualizamos regularmente el asistente con nuevas ofertas de viajes, precios, promociones y otra informaci\u00f3n relevante.<\/li>\n<li><strong>Nueva formaci\u00f3n para los cambios:<\/strong> En cuanto introduzca cambios en sus productos, servicios o preguntas frecuentes, adaptaremos la formaci\u00f3n del asistente de IA en consecuencia para que se mantenga actualizado.<\/li>\n<li><strong>Optimizaci\u00f3n continua:<\/strong> Mediante ajustes peri\u00f3dicos y la recopilaci\u00f3n de comentarios de las interacciones con los clientes, mejoramos continuamente la calidad y la precisi\u00f3n de las respuestas del asistente de IA.<\/li>\n<\/ul>\n<p><strong>Por qu\u00e9 necesita este producto:<\/strong><\/p>\n<p>Para garantizar que su asistente de IA proporcione siempre informaci\u00f3n actualizada y precisa, es esencial actualizarlo y formarlo peri\u00f3dicamente. Los cambios en su oferta o en el sector de los viajes pueden aplicarse inmediatamente para que sus clientes reciban siempre la informaci\u00f3n m\u00e1s reciente. Nuestro servicio mensual mantiene a su asistente al d\u00eda y garantiza que su agencia de viajes ofrezca las mejores y m\u00e1s actualizadas respuestas a las preguntas de los clientes.<\/p>","protected":false},"excerpt":{"rendered":"<p>Nuestra <strong>Formaci\u00f3n y actualizaci\u00f3n mensual del asistente de IA<\/strong> El servicio garantiza que su asistente de IA le proporcione siempre informaci\u00f3n actualizada sobre sus ofertas y servicios de viaje<\/p>","protected":false},"featured_media":0,"template":"","meta":{"bwfblock_default_font":""},"product_brand":[],"product_cat":[108],"product_tag":[],"class_list":{"0":"post-1534","1":"product","2":"type-product","3":"status-publish","5":"product_cat-ki-assistent","7":"first","8":"instock","9":"sold-individually","10":"taxable","11":"shipping-taxable","12":"purchasable","13":"product-type-subscription"},"_links":{"self":[{"href":"https:\/\/travelperformance.net\/es\/wp-json\/wp\/v2\/product\/1534","targetHints":{"allow":["GET"]}}],"collection":[{"href":"https:\/\/travelperformance.net\/es\/wp-json\/wp\/v2\/product"}],"about":[{"href":"https:\/\/travelperformance.net\/es\/wp-json\/wp\/v2\/types\/product"}],"wp:attachment":[{"href":"https:\/\/travelperformance.net\/es\/wp-json\/wp\/v2\/media?parent=1534"}],"wp:term":[{"taxonomy":"product_brand","embeddable":true,"href":"https:\/\/travelperformance.net\/es\/wp-json\/wp\/v2\/product_brand?post=1534"},{"taxonomy":"product_cat","embeddable":true,"href":"https:\/\/travelperformance.net\/es\/wp-json\/wp\/v2\/product_cat?post=1534"},{"taxonomy":"product_tag","embeddable":true,"href":"https:\/\/travelperformance.net\/es\/wp-json\/wp\/v2\/product_tag?post=1534"}],"curies":[{"name":"wp","href":"https:\/\/api.w.org\/{rel}","templated":true}]}}