{"id":1981,"date":"2024-10-28T21:31:13","date_gmt":"2024-10-28T20:31:13","guid":{"rendered":"https:\/\/travelperformance.net\/?post_type=product&#038;p=1981"},"modified":"2024-10-29T13:14:05","modified_gmt":"2024-10-29T12:14:05","slug":"gratis-reise-reel","status":"publish","type":"product","link":"https:\/\/travelperformance.net\/es\/product\/carrete-de-viaje-gratuito\/","title":{"rendered":"Experimente nuestra calidad con un carrete de viaje de prueba gratuito"},"content":{"rendered":"<p>Te ofrecemos un carrete de viaje personalizado y profesional, \u00a1pru\u00e9balo gratis! Nuestro servicio est\u00e1 especializado en la creaci\u00f3n de v\u00eddeos cortos din\u00e1micos para plataformas de redes sociales como Instagram, TikTok y YouTube, con el fin de captar al instante la atenci\u00f3n de su p\u00fablico y mostrar su marca de la mejor manera posible.<\/p>\n<p>Lo que puede esperar:<\/p>\n<ul>\n<li><strong>Creaci\u00f3n de v\u00eddeos a medida<\/strong>Cada bobina se adapta a su marca y a sus ofertas de viajes espec\u00edficas para lograr el m\u00e1ximo impacto.<\/li>\n<li><strong>M\u00e1xima calidad de producci\u00f3n<\/strong>: Utilizando tecnolog\u00eda punta y conceptos creativos, dise\u00f1amos v\u00eddeos convincentes desde el punto de vista visual y del contenido.<\/li>\n<li><strong>Optimizaci\u00f3n de las redes sociales<\/strong>Nuestros v\u00eddeos est\u00e1n optimizados para una visualizaci\u00f3n y un rendimiento ideales en las plataformas m\u00e1s relevantes.<\/li>\n<li><strong>Disponibilidad operativa<\/strong>El v\u00eddeo es inmediatamente publicable y puede integrarse directamente en sus campa\u00f1as en las redes sociales.<\/li>\n<\/ul>\n<p><strong>V\u00eddeo de prueba \u00fanico:<\/strong><\/p>\n<p>Conozca nuestro servicio con un v\u00eddeo de prueba gratuito, creado con la misma profesionalidad que nuestros proyectos habituales. Se puede realizar un v\u00eddeo por cliente, organizaci\u00f3n o cuenta de redes sociales; no es posible realizar cambios a posteriori, pero obtendr\u00e1s una impresi\u00f3n realista de nuestra calidad e impacto.<\/p>\n<p><strong>Opciones de reserva ampliadas:<\/strong><\/p>\n<p>Ya sea como proyecto independiente o en combinaci\u00f3n con servicios mensuales de publicaci\u00f3n y gesti\u00f3n de anuncios, nuestro servicio le ofrece desde contenidos de alta calidad hasta publicaciones estrat\u00e9gicas.<\/p>\n<p><strong>\u00bfPor qu\u00e9 esta oferta?<\/strong><\/p>\n<p>En el mundo del marketing en las redes sociales, los v\u00eddeos cortos y atractivos son fundamentales para captar la atenci\u00f3n de su p\u00fablico objetivo. Con nuestros v\u00eddeos y cortos de viajes, podr\u00e1 mostrar la belleza de sus destinos e inspirar a sus clientes potenciales para que se informen y reserven con usted. Aproveche esta oferta gratuita para descubrir el poder de los contenidos profesionales para su presencia en las redes sociales.<\/p>","protected":false},"excerpt":{"rendered":"<p>Estos clips din\u00e1micos y visualmente atractivos para plataformas sociales como TikTok o Instagram, est\u00e1n dise\u00f1ados para captar al instante la atenci\u00f3n de tu p\u00fablico objetivo y posicionar con fuerza tu marca en las redes sociales.<\/p>","protected":false},"featured_media":0,"template":"","meta":{"bwfblock_default_font":""},"product_brand":[],"product_cat":[72],"product_tag":[],"class_list":{"0":"post-1981","1":"product","2":"type-product","3":"status-publish","5":"product_cat-social-media-services","7":"first","8":"instock","9":"virtual","10":"sold-individually","11":"taxable","12":"purchasable","13":"product-type-simple"},"_links":{"self":[{"href":"https:\/\/travelperformance.net\/es\/wp-json\/wp\/v2\/product\/1981","targetHints":{"allow":["GET"]}}],"collection":[{"href":"https:\/\/travelperformance.net\/es\/wp-json\/wp\/v2\/product"}],"about":[{"href":"https:\/\/travelperformance.net\/es\/wp-json\/wp\/v2\/types\/product"}],"wp:attachment":[{"href":"https:\/\/travelperformance.net\/es\/wp-json\/wp\/v2\/media?parent=1981"}],"wp:term":[{"taxonomy":"product_brand","embeddable":true,"href":"https:\/\/travelperformance.net\/es\/wp-json\/wp\/v2\/product_brand?post=1981"},{"taxonomy":"product_cat","embeddable":true,"href":"https:\/\/travelperformance.net\/es\/wp-json\/wp\/v2\/product_cat?post=1981"},{"taxonomy":"product_tag","embeddable":true,"href":"https:\/\/travelperformance.net\/es\/wp-json\/wp\/v2\/product_tag?post=1981"}],"curies":[{"name":"wp","href":"https:\/\/api.w.org\/{rel}","templated":true}]}}