{"id":981,"date":"2024-08-31T15:56:08","date_gmt":"2024-08-31T13:56:08","guid":{"rendered":"https:\/\/travelperformance.net\/?post_type=product&#038;p=981"},"modified":"2024-10-28T21:39:02","modified_gmt":"2024-10-28T20:39:02","slug":"professionelle-reise-videoerstellung","status":"publish","type":"product","link":"https:\/\/travelperformance.net\/es\/product\/produccion-profesional-de-videos-de-viajes\/","title":{"rendered":"V\u00eddeos de viajes personalizados para su sitio web"},"content":{"rendered":"<p>elle a sus clientes con v\u00eddeos de viajes profesionales que inspiren y convenzan.<\/p>\n<p>En el mundo digital actual, los v\u00eddeos son la herramienta m\u00e1s poderosa para presentar sus ofertas de viajes de forma animada. Nuestro <strong>Producci\u00f3n profesional de v\u00eddeos de viajes<\/strong> le ofrece v\u00eddeos personalizados de alta calidad que atraen emocionalmente a su p\u00fablico objetivo y ponen de relieve las experiencias \u00fanicas de sus viajes.<\/p>\n<p><strong>Lo que obtienes:<\/strong><\/p>\n<ul>\n<li><strong>V\u00eddeos personalizados:<\/strong> Cada v\u00eddeo se desarrolla espec\u00edficamente para que sus ofertas de viajes transmitan exactamente los mensajes y emociones que atraen a sus clientes.<\/li>\n<li><strong>Alta calidad de producci\u00f3n:<\/strong> Utilizamos tecnolog\u00eda punta y conceptos creativos para garantizar que sus v\u00eddeos sean profesionales y atractivos.<\/li>\n<li><strong>Optimizaci\u00f3n para su sitio web:<\/strong> Nuestros v\u00eddeos est\u00e1n optimizados para su uso en su sitio web, de modo que sean visualmente impresionantes y mejoren su SEO.<\/li>\n<li><strong>Aumento de las reservas:<\/strong> Con un contenido cautivador y emocional, aumentar\u00e1 el tiempo de permanencia en su sitio web y motivar\u00e1 a sus clientes a dar el siguiente paso hacia la reserva.<\/li>\n<\/ul>\n<p><strong>V\u00eddeo de prueba \u00fanico:<\/strong><\/p>\n<p>Le ofrecemos la oportunidad de <strong>v\u00eddeo de prueba \u00fanico<\/strong> para que pueda hacerse una idea de la calidad de nuestro trabajo. Este v\u00eddeo de prueba est\u00e1 disponible en <strong>50 segundos<\/strong> limitado y con un <strong>Marca de agua<\/strong> proporcionado. Tenga en cuenta que cada cliente, organizaci\u00f3n o cuenta de redes sociales s\u00f3lo tiene derecho a este v\u00eddeo de prueba una vez. Ni siquiera la cantidad que a\u00f1ada a la cesta de la compra y complete cambia este hecho. El v\u00eddeo le da una idea de nuestro trabajo, pero no es posible realizar cambios o ajustes despu\u00e9s de la creaci\u00f3n.<\/p>\n<p><strong>Por qu\u00e9 necesita este producto:<\/strong><\/p>\n<p>Un v\u00eddeo de viajes profesional es algo m\u00e1s que un bonito clip: es una poderosa herramienta de marketing que capta la magia de sus destinos y la transporta directamente a sus clientes. Aproveche la oportunidad de presentar sus ofertas bajo una nueva luz y aumente sus cifras de reservas.<\/p>\n<p>&nbsp;<\/p>\n<p>&nbsp;<\/p>","protected":false},"excerpt":{"rendered":"<p>A <strong>v\u00eddeo profesional de viajes<\/strong> es algo m\u00e1s que un bonito clip: es un <strong>Potente herramienta de marketing<\/strong>que capta la magia de sus destinos y la transporta directamente a sus clientes. Aproveche la oportunidad de presentar sus ofertas bajo una nueva luz y aumente sus cifras de reservas.<\/p>","protected":false},"featured_media":0,"template":"","meta":{"bwfblock_default_font":""},"product_brand":[],"product_cat":[107],"product_tag":[],"class_list":{"0":"post-981","1":"product","2":"type-product","3":"status-publish","5":"product_cat-reise-videos","7":"first","8":"instock","9":"featured","10":"taxable","11":"shipping-taxable","12":"purchasable","13":"product-type-variable","14":"has-default-attributes"},"_links":{"self":[{"href":"https:\/\/travelperformance.net\/es\/wp-json\/wp\/v2\/product\/981","targetHints":{"allow":["GET"]}}],"collection":[{"href":"https:\/\/travelperformance.net\/es\/wp-json\/wp\/v2\/product"}],"about":[{"href":"https:\/\/travelperformance.net\/es\/wp-json\/wp\/v2\/types\/product"}],"wp:attachment":[{"href":"https:\/\/travelperformance.net\/es\/wp-json\/wp\/v2\/media?parent=981"}],"wp:term":[{"taxonomy":"product_brand","embeddable":true,"href":"https:\/\/travelperformance.net\/es\/wp-json\/wp\/v2\/product_brand?post=981"},{"taxonomy":"product_cat","embeddable":true,"href":"https:\/\/travelperformance.net\/es\/wp-json\/wp\/v2\/product_cat?post=981"},{"taxonomy":"product_tag","embeddable":true,"href":"https:\/\/travelperformance.net\/es\/wp-json\/wp\/v2\/product_tag?post=981"}],"curies":[{"name":"wp","href":"https:\/\/api.w.org\/{rel}","templated":true}]}}