{"id":1066,"date":"2024-09-02T21:37:05","date_gmt":"2024-09-02T19:37:05","guid":{"rendered":"https:\/\/travelperformance.net\/?page_id=1066"},"modified":"2024-12-03T19:30:44","modified_gmt":"2024-12-03T18:30:44","slug":"ki-assistent-fuer-reisebueros","status":"publish","type":"page","link":"https:\/\/travelperformance.net\/fr\/adaptation-de-sites-web-pour-les-agences-de-voyage\/","title":{"rendered":"Adaptation des sites web"},"content":{"rendered":"<span class=\"scroll-to\" data-label=\"Scroll to: #home\" data-bullet=\"true\" data-link=\"#home\" data-title=\"Home\" ><a name=\"home\"><\/a><\/span>\n\n\t<section class=\"section\" id=\"section_1445288532\">\n\t\t<div class=\"section-bg fill\" >\n\t\t\t\t\t\t\t<div class=\"video-overlay no-click fill visible\"><\/div>\n\t<video class=\"video-bg fill visible\" preload playsinline autoplay muted loop>\n\t\t<source src=\"https:\/\/travelperformance.net\/wp-content\/uploads\/2024\/09\/6_yzshfHS8.mp4\" type=\"video\/mp4\">\t<\/video>\n\t\t\t<div class=\"section-bg-overlay absolute fill\"><\/div>\n\t\t\t\n\n\t\t<\/div>\n\n\t\t\n\n\t\t<div class=\"section-content relative\">\n\t\t\t\n<div class=\"row\"  id=\"row-477219313\">\n\n\t<div id=\"col-333628606\" class=\"col medium-12 small-12 large-12\"  >\n\t\t\t\t<div class=\"col-inner text-shadow-2\"  >\n\t\t\t\n\t\t\t\n\t<div id=\"gap-1591847802\" class=\"gap-element clearfix\" style=\"display:block; height:auto;\">\n\t\t\n<style>\n#gap-1591847802 {\n  padding-top: 0px;\n}\n@media (min-width:550px) {\n  #gap-1591847802 {\n    padding-top: 50px;\n  }\n}\n@media (min-width:850px) {\n  #gap-1591847802 {\n    padding-top: 50px;\n  }\n}\n<\/style>\n\t<\/div>\n\t\n<div>\n\t<div id=\"text-2320794670\" class=\"text\">\n\t\t\n<div><span style=\"font-size: 160%;\"><strong>Chat client automatis\u00e9<\/strong><\/span><\/div>\n<div>pour les agences de voyage et les organisateurs<\/div>\n\t\t\n<style>\n#text-2320794670 {\n  font-size: 1.4rem;\n  line-height: 1.15;\n  text-align: center;\n  color: rgb(255, 255, 255);\n}\n#text-2320794670 > * {\n  color: rgb(255, 255, 255);\n}\n@media (min-width:550px) {\n  #text-2320794670 {\n    font-size: 2.1rem;\n    line-height: 1.15;\n  }\n}\n@media (min-width:850px) {\n  #text-2320794670 {\n    font-size: 2.4rem;\n  }\n}\n<\/style>\n\t<\/div>\n\t\n\t<div id=\"gap-856142198\" class=\"gap-element clearfix\" style=\"display:block; height:auto;\">\n\t\t\n<style>\n#gap-856142198 {\n  padding-top: 20px;\n}\n@media (min-width:550px) {\n  #gap-856142198 {\n    padding-top: 20px;\n  }\n}\n@media (min-width:850px) {\n  #gap-856142198 {\n    padding-top: 30px;\n  }\n}\n<\/style>\n\t<\/div>\n\t\n<\/div>\n<div class=\"row\"  id=\"row-1687392767\">\n\n\t<div id=\"col-1318701496\" class=\"col small-12 large-12\"  >\n\t\t\t\t<div class=\"col-inner text-center\"  >\n\t\t\t\n\t\t\t\n<a href=\"https:\/\/travelperformance.net\/fr\/product\/formation-mensuelle-de-mise-a-jour-des-assistants-ki\/\" class=\"button white is-large\"  style=\"padding:0px 30px 0px 30px;\">\n\t\t<span>Vers le produit<\/span>\n\t<\/a>\n\n\t\t<\/div>\n\t\t\t\t\n<style>\n#col-1318701496 > .col-inner {\n  padding: 0px 0px 0px 0px;\n  margin: -10px 0px 0px 0px;\n}\n<\/style>\n\t<\/div>\n\n\t\n<\/div>\n\t\t<\/div>\n\t\t\t\t\t<\/div>\n\n\t\n<\/div>\n\t\t<\/div>\n\n\t\t\n<style>\n#section_1445288532 {\n  padding-top: 20px;\n  padding-bottom: 20px;\n  min-height: 770px;\n}\n#section_1445288532 .section-bg-overlay {\n  background-color: rgba(0, 85, 157, 0.157);\n}\n@media (min-width:550px) {\n  #section_1445288532 {\n    min-height: 800px;\n  }\n}\n<\/style>\n\t<\/section>\n\t\n\n\t<section class=\"section\" id=\"section_306234288\">\n\t\t<div class=\"section-bg fill\" >\n\t\t\t\t\t\t\t\t\t\n\t\t\t\n\t<div class=\"is-border\"\n\t\tstyle=\"border-width:0px 0px 0px 0px;\">\n\t<\/div>\n\n\t\t<\/div>\n\n\t\t\n\n\t\t<div class=\"section-content relative\">\n\t\t\t\n<div class=\"row align-center\"  id=\"row-1407837601\">\n\n\t<div id=\"col-1642516073\" class=\"col small-11 large-12\"  >\n\t\t\t\t<div class=\"col-inner text-center\"  >\n\t\t\t\n\t\t\t\n<div class=\"row row-small row-box-shadow-1 row-box-shadow-4-hover\"  id=\"row-466084000\">\n\n\t<div id=\"col-1598051034\" class=\"col medium-6 small-12 large-3 col-hover-focus\"  >\n\t\t\t\t<div class=\"col-inner\"  >\n\t\t\t\n\t\t\t\n\n\t\t<div class=\"icon-box featured-box icon-box-center text-center\"  >\n\t\t\t\t<div class=\"icon-box-text last-reset\">\n\t\t\t\t\t\t\t\t\t\n\t<div id=\"text-3935964031\" class=\"text\">\n\t\t\n<h2><strong><span style=\"color: #084085;\">Disponibilit\u00e9 24h\/24 et 7j\/7<\/span><\/strong><\/h2>\n<p><span style=\"font-size: 90%;\">R\u00e9ponses aux demandes \u00e0 tout moment sans d\u00e9lai d'attente<\/span><br \/>\n\t\t\n<style>\n#text-3935964031 {\n  font-size: 1rem;\n  line-height: 1.05;\n  color: rgb(0,0,0);\n}\n#text-3935964031 > * {\n  color: rgb(0,0,0);\n}\n@media (min-width:550px) {\n  #text-3935964031 {\n    font-size: 1rem;\n    line-height: 1.5;\n  }\n}\n@media (min-width:850px) {\n  #text-3935964031 {\n    font-size: 1rem;\n  }\n}\n<\/style>\n\t<\/div>\n\t\n\t\t<\/div>\n\t<\/div>\n\t\n\t\n\t\t<\/div>\n\t\t\t\t\t<\/div>\n\n\t\n\n\t<div id=\"col-484479711\" class=\"col medium-6 small-12 large-3 col-hover-focus\"  >\n\t\t\t\t<div class=\"col-inner\"  >\n\t\t\t\n\t\t\t\n\n\t\t<div class=\"icon-box featured-box icon-box-center text-center\"  >\n\t\t\t\t<div class=\"icon-box-text last-reset\">\n\t\t\t\t\t\t\t\t\t\n\t<div id=\"text-2485872766\" class=\"text\">\n\t\t\n<h2><span style=\"color: #084085;\"><strong>Des r\u00e9ponses rapides<\/strong><\/span><\/h2>\n<p><span style=\"font-size: 90%;\">Augmenter les r\u00e9ponses imm\u00e9diates aux demandes des clients<\/span><br \/>\n\t\t\n<style>\n#text-2485872766 {\n  font-size: 1rem;\n  line-height: 1.05;\n  color: rgb(0,0,0);\n}\n#text-2485872766 > * {\n  color: rgb(0,0,0);\n}\n@media (min-width:550px) {\n  #text-2485872766 {\n    font-size: 1rem;\n    line-height: 1.5;\n  }\n}\n@media (min-width:850px) {\n  #text-2485872766 {\n    font-size: 1rem;\n  }\n}\n<\/style>\n\t<\/div>\n\t\n\t\t<\/div>\n\t<\/div>\n\t\n\t\n\t\t<\/div>\n\t\t\t\t\t<\/div>\n\n\t\n\n\t<div id=\"col-491411681\" class=\"col medium-6 small-12 large-3 col-hover-focus\"  >\n\t\t\t\t<div class=\"col-inner\"  >\n\t\t\t\n\t\t\t\n\n\t\t<div class=\"icon-box featured-box icon-box-center text-center\"  >\n\t\t\t\t<div class=\"icon-box-text last-reset\">\n\t\t\t\t\t\t\t\t\t\n\t<div id=\"text-3372210829\" class=\"text\">\n\t\t\n<h2><span style=\"color: #084085;\"><strong>Co\u00fbt-efficacit\u00e9<\/strong><\/span><\/h2>\n<p><span style=\"font-size: 90%;\">Les processus automatis\u00e9s permettent de r\u00e9duire les co\u00fbts de personnel<\/span><br \/>\n\t\t\n<style>\n#text-3372210829 {\n  font-size: 1rem;\n  line-height: 1.05;\n  color: rgb(0,0,0);\n}\n#text-3372210829 > * {\n  color: rgb(0,0,0);\n}\n@media (min-width:550px) {\n  #text-3372210829 {\n    font-size: 1rem;\n    line-height: 1.5;\n  }\n}\n@media (min-width:850px) {\n  #text-3372210829 {\n    font-size: 1rem;\n  }\n}\n<\/style>\n\t<\/div>\n\t\n\t\t<\/div>\n\t<\/div>\n\t\n\t\n\t\t<\/div>\n\t\t\t\t\t<\/div>\n\n\t\n\n\t<div id=\"col-2129341126\" class=\"col medium-6 small-12 large-3 col-hover-focus\"  >\n\t\t\t\t<div class=\"col-inner\"  >\n\t\t\t\n\t\t\t\n\n\t\t<div class=\"icon-box featured-box icon-box-center text-center\"  >\n\t\t\t\t<div class=\"icon-box-text last-reset\">\n\t\t\t\t\t\t\t\t\t\n\t<div id=\"text-1863881873\" class=\"text\">\n\t\t\n<h2><span style=\"color: #084085;\"><strong>Personnalisation<\/strong><\/span><\/h2>\n<p><span style=\"font-size: 90%;\">L'IA auto-apprenante pour des r\u00e9sultats optimaux<\/span><br \/>\n\t\t\n<style>\n#text-1863881873 {\n  font-size: 1rem;\n  line-height: 1.05;\n  color: rgb(0,0,0);\n}\n#text-1863881873 > * {\n  color: rgb(0,0,0);\n}\n@media (min-width:550px) {\n  #text-1863881873 {\n    font-size: 1rem;\n    line-height: 1.5;\n  }\n}\n@media (min-width:850px) {\n  #text-1863881873 {\n    font-size: 1rem;\n  }\n}\n<\/style>\n\t<\/div>\n\t\n\t\t<\/div>\n\t<\/div>\n\t\n\t\n\t\t<\/div>\n\t\t\t\t\t<\/div>\n\n\t\n\n<style>\n#row-466084000 > .col > .col-inner {\n  padding: 30px 30px 30px 30px;\n  background-color: rgb(255,255,255);\n}\n<\/style>\n<\/div>\n\t\t<\/div>\n\t\t\t\t\n<style>\n#col-1642516073 > .col-inner {\n  margin: -100px 0px 0px 0px;\n}\n<\/style>\n\t<\/div>\n\n\t\n<\/div>\n\t\t<\/div>\n\n\t\t\n<style>\n#section_306234288 {\n  padding-top: 0px;\n  padding-bottom: 0px;\n}\n<\/style>\n\t<\/section>\n\t\n\n\t<section class=\"section\" id=\"section_1022318968\">\n\t\t<div class=\"section-bg fill\" >\n\t\t\t\t\t\t\t\t\t\n\t\t\t\n\n\t\t<\/div>\n\n\t\t\n\n\t\t<div class=\"section-content relative\">\n\t\t\t\n<div class=\"row\"  id=\"row-171621299\">\n\n\t<div id=\"col-1923337715\" class=\"col small-12 large-12\"  >\n\t\t\t\t<div class=\"col-inner\"  >\n\t\t\t\n\t\t\t\n<div class=\"row row-collapse\"  id=\"row-1962747232\">\n\n\t<div id=\"col-1747670874\" class=\"col small-12 large-12\"  >\n\t\t\t\t<div class=\"col-inner\" style=\"background-color:#084085;\" >\n\t\t\t\n\t\t\t\n\n\t<section class=\"section dark\" id=\"section_1812791431\">\n\t\t<div class=\"section-bg fill\" >\n\t\t\t\t\t\t\t<div class=\"video-overlay no-click fill visible\"><\/div>\n\t<video class=\"video-bg fill visible\" preload playsinline autoplay muted loop>\n\t\t<source src=\"https:\/\/ai4performance.com\/wp-content\/uploads\/2024\/11\/6407491_Developer_Vr_1280x720_h264.mp4\" type=\"video\/mp4\">\t<\/video>\n\t\t\t<div class=\"section-bg-overlay absolute fill\"><\/div>\n\t\t\t\n\n\t\t<\/div>\n\n\t\t\n\n\t\t<div class=\"section-content relative\">\n\t\t\t\n<div class=\"row\"  id=\"row-404040540\">\n\n\t<div id=\"col-1906516952\" class=\"col medium-12 small-12 large-10\"  >\n\t\t\t\t<div class=\"col-inner text-left\"  >\n\t\t\t\n\t\t\t\n\t<div id=\"gap-700131857\" class=\"gap-element clearfix\" style=\"display:block; height:auto;\">\n\t\t\n<style>\n#gap-700131857 {\n  padding-top: 30px;\n}\n<\/style>\n\t<\/div>\n\t\n\t<div id=\"text-1742960342\" class=\"text\">\n\t\t\n<h2><strong>Notre chatbot IA fait la diff\u00e9rence !<\/strong><\/h2>\n\t\t\n<style>\n#text-1742960342 {\n  font-size: 1.25rem;\n  line-height: 0.75;\n  text-align: center;\n  color: rgb(255, 255, 255);\n}\n#text-1742960342 > * {\n  color: rgb(255, 255, 255);\n}\n@media (min-width:550px) {\n  #text-1742960342 {\n    font-size: 1.7rem;\n    line-height: 1.65;\n    text-align: left;\n  }\n}\n@media (min-width:850px) {\n  #text-1742960342 {\n    font-size: 1.85rem;\n    text-align: left;\n  }\n}\n<\/style>\n\t<\/div>\n\t\n\t<div id=\"text-2076131043\" class=\"text\">\n\t\t\n<h4>Pourquoi se contenter de moins quand vous pouvez avoir un chatbot IA qui r\u00e9pond exactement \u00e0 vos besoins et ne conna\u00eet aucune limite ?<\/h4>\n\t\t\n<style>\n#text-2076131043 {\n  font-size: 0.95rem;\n  line-height: 1.2;\n  text-align: center;\n  color: rgb(255,255,255);\n}\n#text-2076131043 > * {\n  color: rgb(255,255,255);\n}\n@media (min-width:550px) {\n  #text-2076131043 {\n    font-size: 1.15rem;\n    text-align: left;\n  }\n}\n@media (min-width:850px) {\n  #text-2076131043 {\n    font-size: 1.3rem;\n    text-align: left;\n  }\n}\n<\/style>\n\t<\/div>\n\t\n<a data-animate=\"fadeInUp\" href=\"#kontakt\" class=\"button white is-large expand show-for-small\"  style=\"padding:0px 30px 0px 30px;\">\n\t\t<span>Conseils gratuits<\/span>\n\t<\/a>\n\n\t\t<\/div>\n\t\t\t\t\n<style>\n#col-1906516952 > .col-inner {\n  padding: 0px 0px 0px 0;\n}\n@media (min-width:550px) {\n  #col-1906516952 > .col-inner {\n    padding: 0px 0px 0px 0px;\n  }\n}\n@media (min-width:850px) {\n  #col-1906516952 > .col-inner {\n    padding: 0px 0px 0px 20px;\n  }\n}\n<\/style>\n\t<\/div>\n\n\t\n<\/div>\n\t\t<\/div>\n\n\t\t\n<style>\n#section_1812791431 {\n  padding-top: 0px;\n  padding-bottom: 0px;\n  min-height: 450px;\n}\n#section_1812791431 .section-bg-overlay {\n  background-color: rgba(0, 85, 157, 0.558);\n}\n@media (min-width:550px) {\n  #section_1812791431 {\n    min-height: 500px;\n  }\n}\n<\/style>\n\t<\/section>\n\t\n<div class=\"row row-collapse\"  id=\"row-2045179000\">\n\n\t<div id=\"col-1402875150\" class=\"col medium-9 small-12 large-6\"  >\n\t\t\t\t<div class=\"col-inner\"  >\n\t\t\t\n\t\t\t\n\n\t\t<div class=\"icon-box featured-box icon-box-left text-left\"  >\n\t\t\t\t<div class=\"icon-box-text last-reset\">\n\t\t\t\t\t\t\t\t\t\n\t<div id=\"text-1172037395\" class=\"text\">\n\t\t\n<h3><strong>Notre agent IA :<\/strong><\/h3>\n\t\t\n<style>\n#text-1172037395 {\n  font-size: 1.25rem;\n  line-height: 2;\n  color: rgb(255,255,255);\n}\n#text-1172037395 > * {\n  color: rgb(255,255,255);\n}\n<\/style>\n\t<\/div>\n\t\n\t<div id=\"gap-2074412585\" class=\"gap-element clearfix\" style=\"display:block; height:auto;\">\n\t\t\n<style>\n#gap-2074412585 {\n  padding-top: 10px;\n}\n<\/style>\n\t<\/div>\n\t\n\t<div id=\"text-2877618333\" class=\"text\">\n\t\t\n<ul>\n<li>Chats illimit\u00e9s \u00e0 prix fixe avec la technologie la plus performante OpenAI GPT-4<\/li>\n<li>100% bot auto-apprenant - lecture automatis\u00e9e de l'ensemble de votre site web, y compris le t\u00e9l\u00e9chargement de documents individuels<\/li>\n<li>Possibilit\u00e9s de personnalisation selon vos souhaits<\/li>\n<li>Un rapport qualit\u00e9-prix imbattable<\/li>\n<li>Utilisable globalement dans toutes les langues<\/li>\n<\/ul>\n\t\t\n<style>\n#text-2877618333 {\n  font-size: 1.05rem;\n  color: rgb(255,255,255);\n}\n#text-2877618333 > * {\n  color: rgb(255,255,255);\n}\n@media (min-width:550px) {\n  #text-2877618333 {\n    font-size: 1.15rem;\n  }\n}\n<\/style>\n\t<\/div>\n\t\n\t<div id=\"gap-182417780\" class=\"gap-element clearfix\" style=\"display:block; height:auto;\">\n\t\t\n<style>\n#gap-182417780 {\n  padding-top: 50px;\n}\n@media (min-width:550px) {\n  #gap-182417780 {\n    padding-top: 90px;\n  }\n}\n<\/style>\n\t<\/div>\n\t\n\t\t<\/div>\n\t<\/div>\n\t\n\t\n\t\t<\/div>\n\t\t\t\t\n<style>\n#col-1402875150 > .col-inner {\n  padding: 0px 0px 0px 0px;\n  margin: 0px 0px -100px 0px;\n}\n<\/style>\n\t<\/div>\n\n\t\n\n\t<div id=\"col-123368668\" class=\"col medium-9 small-12 large-6\"  >\n\t\t\t\t<div class=\"col-inner dark\"  >\n\t\t\t\n\t\t\t\n\n\t\t<div class=\"icon-box featured-box icon-box-top text-left\"  >\n\t\t\t\t<div class=\"icon-box-text last-reset\">\n\t\t\t\t\t\t\t\t\t\n\t<div id=\"text-1021579865\" class=\"text\">\n\t\t\n<h3><span style=\"color: #c0c0c0;\">Autres bots :<\/span><\/h3>\n\t\t\n<style>\n#text-1021579865 {\n  font-size: 1.25rem;\n  line-height: 2;\n  color: rgb(255,255,255);\n}\n#text-1021579865 > * {\n  color: rgb(255,255,255);\n}\n<\/style>\n\t<\/div>\n\t\n\t<div id=\"gap-2035551327\" class=\"gap-element clearfix\" style=\"display:block; height:auto;\">\n\t\t\n<style>\n#gap-2035551327 {\n  padding-top: 10px;\n}\n<\/style>\n\t<\/div>\n\t\n\t<div id=\"text-3471092239\" class=\"text\">\n\t\t\n<ul>\n<li>Facturation co\u00fbteuse par question ou par appel<\/li>\n<li>Technologie obsol\u00e8te Openai GPT-3.5<\/li>\n<li>Pas de formation compl\u00e8te, g\u00e9n\u00e9ralement limit\u00e9e \u00e0 quelques sous-pages de votre site web<\/li>\n<li>Pas d'adaptation individuelle \u00e0 vos besoins<\/li>\n<li>Pas d'application globale<\/li>\n<\/ul>\n\t\t\n<style>\n#text-3471092239 {\n  font-size: 0.95rem;\n  color: rgb(169, 169, 169);\n}\n#text-3471092239 > * {\n  color: rgb(169, 169, 169);\n}\n@media (min-width:550px) {\n  #text-3471092239 {\n    font-size: 1.1rem;\n  }\n}\n<\/style>\n\t<\/div>\n\t\n\t<div id=\"gap-1294842077\" class=\"gap-element clearfix\" style=\"display:block; height:auto;\">\n\t\t\n<style>\n#gap-1294842077 {\n  padding-top: 20px;\n}\n@media (min-width:550px) {\n  #gap-1294842077 {\n    padding-top: 30px;\n  }\n}\n<\/style>\n\t<\/div>\n\t\n\t\t<\/div>\n\t<\/div>\n\t\n\t\n\t\t<\/div>\n\t\t\t\t\n<style>\n#col-123368668 > .col-inner {\n  padding: 0px 0px 20px 0px;\n  margin: 0px 0px 20px 0px;\n}\n<\/style>\n\t<\/div>\n\n\t\n\n<style>\n#row-2045179000 > .col > .col-inner {\n  padding: 50px 20px 50px 20px;\n}\n@media (min-width:550px) {\n  #row-2045179000 > .col > .col-inner {\n    padding: 50px 50px 50px 50px;\n  }\n}\n<\/style>\n<\/div>\n\t\t<\/div>\n\t\t\t\t\t<\/div>\n\n\t\n<\/div>\n\t\t<\/div>\n\t\t\t\t\t<\/div>\n\n\t\n<\/div>\n\t\t<\/div>\n\n\t\t\n<style>\n#section_1022318968 {\n  padding-top: 30px;\n  padding-bottom: 30px;\n}\n<\/style>\n\t<\/section>\n\t\n\n\t<section class=\"section\" id=\"section_1591575497\">\n\t\t<div class=\"section-bg fill\" >\n\t\t\t\t\t\t\t\t\t\n\t\t\t\n\n\t\t<\/div>\n\n\t\t\n\n\t\t<div class=\"section-content relative\">\n\t\t\t\n<div class=\"row\"  id=\"row-1312382997\">\n\n\t<div id=\"col-2014106690\" class=\"col small-12 large-12\"  >\n\t\t\t\t<div class=\"col-inner\"  >\n\t\t\t\n\t\t\t\n<div class=\"row row-collapse\"  id=\"row-30612916\">\n\n\t<div id=\"col-1743706359\" class=\"col small-12 large-12\"  >\n\t\t\t\t<div class=\"col-inner\"  >\n\t\t\t\n\t\t\t\n<span class=\"scroll-to\" data-label=\"Scroll to: #warum\" data-bullet=\"true\" data-link=\"#warum\" data-title=\"Assistent testen\" ><a name=\"warum\"><\/a><\/span>\n\n\t<section class=\"section dark\" id=\"section_138133496\">\n\t\t<div class=\"section-bg fill\" >\n\t\t\t\t\t\t\t<div class=\"video-overlay no-click fill visible\"><\/div>\n\t<video class=\"video-bg fill visible\" preload playsinline autoplay muted loop>\n\t\t<source src=\"https:\/\/travelperformance.net\/wp-content\/uploads\/2024\/08\/Design-ohne-Titel.webm\" type=\"video\/mp4\">\t<\/video>\n\t\t\t<div class=\"section-bg-overlay absolute fill\"><\/div>\n\t\t\t\n\n\t\t<\/div>\n\n\t\t\n\n\t\t<div class=\"section-content relative\">\n\t\t\t\n<div class=\"row\"  id=\"row-1246359798\">\n\n\t<div id=\"col-1406063427\" class=\"col medium-12 small-12 large-10\"  >\n\t\t\t\t<div class=\"col-inner text-left\"  >\n\t\t\t\n\t\t\t\n\t<div id=\"gap-1381671598\" class=\"gap-element clearfix\" style=\"display:block; height:auto;\">\n\t\t\n<style>\n#gap-1381671598 {\n  padding-top: 30px;\n}\n<\/style>\n\t<\/div>\n\t\n\t<div id=\"text-3538271215\" class=\"text\">\n\t\t\n<h2><strong>Assistant de voyage IA pour les agences de voyage et le secteur du tourisme<\/strong><\/h2>\n\t\t\n<style>\n#text-3538271215 {\n  font-size: 1.25rem;\n  line-height: 0.75;\n  text-align: center;\n  color: rgb(255, 255, 255);\n}\n#text-3538271215 > * {\n  color: rgb(255, 255, 255);\n}\n@media (min-width:550px) {\n  #text-3538271215 {\n    font-size: 1.7rem;\n    line-height: 1.65;\n    text-align: left;\n  }\n}\n@media (min-width:850px) {\n  #text-3538271215 {\n    font-size: 1.85rem;\n    text-align: left;\n  }\n}\n<\/style>\n\t<\/div>\n\t\n\t<div id=\"text-4278784125\" class=\"text\">\n\t\t\n<h4>Facilitez votre travail quotidien et enthousiasmez vos clients avec un assistant de voyage bas\u00e9 sur l'IA.<\/h4>\n\t\t\n<style>\n#text-4278784125 {\n  font-size: 0.95rem;\n  line-height: 1.2;\n  text-align: center;\n  color: rgb(255,255,255);\n}\n#text-4278784125 > * {\n  color: rgb(255,255,255);\n}\n@media (min-width:550px) {\n  #text-4278784125 {\n    font-size: 1.15rem;\n    text-align: left;\n  }\n}\n@media (min-width:850px) {\n  #text-4278784125 {\n    font-size: 1.3rem;\n    text-align: left;\n  }\n}\n<\/style>\n\t<\/div>\n\t\n<a data-animate=\"fadeInUp\" href=\"#kontakt\" class=\"button white is-large expand show-for-small\"  style=\"padding:0px 30px 0px 30px;\">\n\t\t<span>Conseils gratuits<\/span>\n\t<\/a>\n\n\t\t<\/div>\n\t\t\t\t\n<style>\n#col-1406063427 > .col-inner {\n  padding: 0px 0px 0px 0;\n}\n@media (min-width:550px) {\n  #col-1406063427 > .col-inner {\n    padding: 0px 0px 0px 0px;\n  }\n}\n@media (min-width:850px) {\n  #col-1406063427 > .col-inner {\n    padding: 0px 0px 0px 20px;\n  }\n}\n<\/style>\n\t<\/div>\n\n\t\n<\/div>\n\t\t<\/div>\n\n\t\t\n<style>\n#section_138133496 {\n  padding-top: 0px;\n  padding-bottom: 0px;\n  min-height: 450px;\n}\n#section_138133496 .section-bg-overlay {\n  background-color: rgba(0, 85, 157, 0.558);\n}\n@media (min-width:550px) {\n  #section_138133496 {\n    min-height: 500px;\n  }\n}\n<\/style>\n\t<\/section>\n\t\n\t\t<\/div>\n\t\t\t\t\t<\/div>\n\n\t\n<\/div>\n<div class=\"row row-collapse align-equal\"  id=\"row-2050206153\">\n\n\t<div id=\"col-102195206\" class=\"col medium-12 small-12 large-12\"  >\n\t\t\t\t<div class=\"col-inner text-center dark\" style=\"background-color:rgb(243, 246, 252);\" >\n\t\t\t\n\t\t\t\n\t<div id=\"text-4269677562\" class=\"text\">\n\t\t\n<h2><strong>Assistant IA en action - exemple avec SAT Voyages<\/strong><\/h2>\n\t\t\n<style>\n#text-4269677562 {\n  font-size: 1.1rem;\n  line-height: 0.75;\n  text-align: center;\n  color: rgb(0,0,0);\n}\n#text-4269677562 > * {\n  color: rgb(0,0,0);\n}\n@media (min-width:550px) {\n  #text-4269677562 {\n    font-size: 1.7rem;\n    text-align: left;\n  }\n}\n@media (min-width:850px) {\n  #text-4269677562 {\n    font-size: 1rem;\n    text-align: left;\n  }\n}\n<\/style>\n\t<\/div>\n\t\n\t<div id=\"text-3160667322\" class=\"text\">\n\t\t\n<p>Dans ce test, nous avons test\u00e9 l'assistant de voyage IA de <strong>SAT Voyages<\/strong> int\u00e9gr\u00e9 dans le site. Le bot peut vous donner des informations d\u00e9taill\u00e9es sur diverses offres - rapidement et pr\u00e9cis\u00e9ment.<br \/>\n\t\t\n<style>\n#text-3160667322 {\n  font-size: 0.95rem;\n  line-height: 1.35;\n  text-align: center;\n  color: rgb(0,0,0);\n}\n#text-3160667322 > * {\n  color: rgb(0,0,0);\n}\n@media (min-width:550px) {\n  #text-3160667322 {\n    font-size: 1.15rem;\n    text-align: left;\n  }\n}\n@media (min-width:850px) {\n  #text-3160667322 {\n    font-size: 1.15rem;\n    text-align: left;\n  }\n}\n<\/style>\n\t<\/div>\n\t\n\t\t<\/div>\n\t\t\t\t\n<style>\n#col-102195206 > .col-inner {\n  padding: 30px 10% 20px 10%;\n}\n@media (min-width:550px) {\n  #col-102195206 > .col-inner {\n    padding: 50px 50px 0px 50px;\n  }\n}\n<\/style>\n\t<\/div>\n\n\t\n\n\t<div id=\"col-172647095\" class=\"col medium-12 small-12 large-12\"  >\n\t\t\t\t<div class=\"col-inner text-center dark\" style=\"background-color:rgb(243, 246, 252);\" >\n\t\t\t\n\t\t\t\n\n<p><script async type='module' src='https:\/\/interfaces.zapier.com\/assets\/web-components\/zapier-interfaces\/zapier-interfaces.esm.js'><\/script><br \/>\n<zapier-interfaces-chatbot-embed is-popup='false' chatbot-id='cm0z8zqzc0005cmwgahizri3q' height='500px' width='100%'><\/zapier-interfaces-chatbot-embed><br \/>\n\n\t<div id=\"gap-230450406\" class=\"gap-element clearfix\" style=\"display:block; height:auto;\">\n\t\t\n<style>\n#gap-230450406 {\n  padding-top: 0px;\n}\n@media (min-width:550px) {\n  #gap-230450406 {\n    padding-top: 30px;\n  }\n}\n<\/style>\n\t<\/div>\n\t\n\t\t<\/div>\n\t\t\t\t\n<style>\n#col-172647095 > .col-inner {\n  padding: 0px 0px 0px 0px;\n}\n@media (min-width:550px) {\n  #col-172647095 > .col-inner {\n    padding: 0px 50px 0px 50px;\n  }\n}\n<\/style>\n\t<\/div>\n\n\t\n<\/div>\n\t\t<\/div>\n\t\t\t\t\t<\/div>\n\n\t\n<\/div>\n\t\t<\/div>\n\n\t\t\n<style>\n#section_1591575497 {\n  padding-top: 30px;\n  padding-bottom: 30px;\n}\n<\/style>\n\t<\/section>\n\t\n\t<div id=\"gap-1120583241\" class=\"gap-element clearfix\" style=\"display:block; height:auto;\">\n\t\t\n<style>\n#gap-1120583241 {\n  padding-top: 0px;\n}\n@media (min-width:550px) {\n  #gap-1120583241 {\n    padding-top: 30px;\n  }\n}\n<\/style>\n\t<\/div>\n\t\n<div class=\"row\"  id=\"row-1101178327\">\n\n\t<div id=\"col-1276027343\" class=\"col small-12 large-12\"  >\n\t\t\t\t<div class=\"col-inner text-center\"  >\n\t\t\t\n\t\t\t\n<a href=\"https:\/\/travelperformance.net\/fr\/product\/formation-mensuelle-de-mise-a-jour-des-assistants-ki\/\" class=\"button primary is-xlarge hide-for-small\"  style=\"padding:0px 30px 0px 30px;\">\n\t\t<span>Vers le produit<\/span>\n\t<\/a>\n\n<a data-animate=\"fadeInUp\" href=\"#kontakt\" class=\"button primary is-large show-for-small\"  style=\"padding:0px 30px 0px 30px;\">\n\t\t<span>Vers le produit<\/span>\n\t<\/a>\n\n\t<div id=\"gap-195760365\" class=\"gap-element clearfix\" style=\"display:block; height:auto;\">\n\t\t\n<style>\n#gap-195760365 {\n  padding-top: 0px;\n}\n@media (min-width:550px) {\n  #gap-195760365 {\n    padding-top: 60px;\n  }\n}\n<\/style>\n\t<\/div>\n\t\n\t\t<\/div>\n\t\t\t\t\t<\/div>\n\n\t\n<\/div>\n<span class=\"scroll-to\" data-label=\"Scroll to: #kontakt\" data-bullet=\"true\" data-link=\"#kontakt\" data-title=\"Kontakt\" ><a name=\"kontakt\"><\/a><\/span>","protected":false},"excerpt":{"rendered":"","protected":false},"author":1,"featured_media":0,"parent":0,"menu_order":0,"comment_status":"closed","ping_status":"closed","template":"page-transparent-header-light.php","meta":{"bwfblock_default_font":"","footnotes":""},"class_list":["post-1066","page","type-page","status-publish","hentry"],"_links":{"self":[{"href":"https:\/\/travelperformance.net\/fr\/wp-json\/wp\/v2\/pages\/1066","targetHints":{"allow":["GET"]}}],"collection":[{"href":"https:\/\/travelperformance.net\/fr\/wp-json\/wp\/v2\/pages"}],"about":[{"href":"https:\/\/travelperformance.net\/fr\/wp-json\/wp\/v2\/types\/page"}],"author":[{"embeddable":true,"href":"https:\/\/travelperformance.net\/fr\/wp-json\/wp\/v2\/users\/1"}],"replies":[{"embeddable":true,"href":"https:\/\/travelperformance.net\/fr\/wp-json\/wp\/v2\/comments?post=1066"}],"version-history":[{"count":26,"href":"https:\/\/travelperformance.net\/fr\/wp-json\/wp\/v2\/pages\/1066\/revisions"}],"predecessor-version":[{"id":2063,"href":"https:\/\/travelperformance.net\/fr\/wp-json\/wp\/v2\/pages\/1066\/revisions\/2063"}],"wp:attachment":[{"href":"https:\/\/travelperformance.net\/fr\/wp-json\/wp\/v2\/media?parent=1066"}],"curies":[{"name":"wp","href":"https:\/\/api.w.org\/{rel}","templated":true}]}}