{"id":1167,"date":"2024-09-09T11:06:57","date_gmt":"2024-09-09T09:06:57","guid":{"rendered":"https:\/\/travelperformance.net\/?page_id=1167"},"modified":"2024-09-16T13:35:49","modified_gmt":"2024-09-16T11:35:49","slug":"email-marketing-fuer-reisebueros","status":"publish","type":"page","link":"https:\/\/travelperformance.net\/fr\/email-marketing-pour-les-agences-de-voyage\/","title":{"rendered":"Marketing par e-mail"},"content":{"rendered":"<span class=\"scroll-to\" data-label=\"Scroll to: #home\" data-bullet=\"true\" data-link=\"#home\" data-title=\"Home\" ><a name=\"home\"><\/a><\/span>\n\n\t<section class=\"section\" id=\"section_1153666068\">\n\t\t<div class=\"section-bg fill\" >\n\t\t\t\t\t\t\t<div class=\"video-overlay no-click fill visible\"><\/div>\n\t<video class=\"video-bg fill visible\" preload playsinline autoplay muted loop>\n\t\t<source src=\"https:\/\/travelperformance.net\/wp-content\/uploads\/2024\/09\/5_PaPryfLl.mp4\" type=\"video\/mp4\">\t<\/video>\n\t\t\t<div class=\"section-bg-overlay absolute fill\"><\/div>\n\t\t\t\n\n\t\t<\/div>\n\n\t\t\n\n\t\t<div class=\"section-content relative\">\n\t\t\t\n<div class=\"row\"  id=\"row-723214140\">\n\n\t<div id=\"col-227415669\" class=\"col medium-12 small-12 large-12\"  >\n\t\t\t\t<div class=\"col-inner text-shadow-2\"  >\n\t\t\t\n\t\t\t\n\t<div id=\"gap-123835209\" class=\"gap-element clearfix\" style=\"display:block; height:auto;\">\n\t\t\n<style>\n#gap-123835209 {\n  padding-top: 0px;\n}\n@media (min-width:550px) {\n  #gap-123835209 {\n    padding-top: 50px;\n  }\n}\n@media (min-width:850px) {\n  #gap-123835209 {\n    padding-top: 50px;\n  }\n}\n<\/style>\n\t<\/div>\n\t\n<div>\n\t<div id=\"text-3735485880\" class=\"text\">\n\t\t\n<div><span style=\"font-size: 160%;\"><strong>Cr\u00e9ation de contenu IA<\/strong><\/span><\/div>\n<div>Plus de visibilit\u00e9 pour votre agence de voyages<\/div>\n\t\t\n<style>\n#text-3735485880 {\n  font-size: 1.4rem;\n  line-height: 1.15;\n  text-align: center;\n  color: rgb(255, 255, 255);\n}\n#text-3735485880 > * {\n  color: rgb(255, 255, 255);\n}\n@media (min-width:550px) {\n  #text-3735485880 {\n    font-size: 2.1rem;\n    line-height: 1.15;\n  }\n}\n@media (min-width:850px) {\n  #text-3735485880 {\n    font-size: 2.4rem;\n  }\n}\n<\/style>\n\t<\/div>\n\t\n\t<div id=\"gap-910657824\" class=\"gap-element clearfix\" style=\"display:block; height:auto;\">\n\t\t\n<style>\n#gap-910657824 {\n  padding-top: 20px;\n}\n@media (min-width:550px) {\n  #gap-910657824 {\n    padding-top: 20px;\n  }\n}\n@media (min-width:850px) {\n  #gap-910657824 {\n    padding-top: 30px;\n  }\n}\n<\/style>\n\t<\/div>\n\t\n<\/div>\n<div class=\"row\"  id=\"row-44390753\">\n\n\t<div id=\"col-195828238\" class=\"col small-12 large-12\"  >\n\t\t\t\t<div class=\"col-inner text-center\"  >\n\t\t\t\n\t\t\t\n<a href=\"https:\/\/travelperformance.net\/fr\/product-category\/seo-dienste\/\" class=\"button white is-large\"  style=\"padding:0px 30px 0px 30px;\">\n\t\t<span>Vers les offres<\/span>\n\t<\/a>\n\n\t\t<\/div>\n\t\t\t\t\n<style>\n#col-195828238 > .col-inner {\n  padding: 0px 0px 0px 0px;\n  margin: -10px 0px 0px 0px;\n}\n<\/style>\n\t<\/div>\n\n\t\n<\/div>\n\t\t<\/div>\n\t\t\t\t\t<\/div>\n\n\t\n<\/div>\n\t\t<\/div>\n\n\t\t\n<style>\n#section_1153666068 {\n  padding-top: 20px;\n  padding-bottom: 20px;\n  min-height: 770px;\n}\n#section_1153666068 .section-bg-overlay {\n  background-color: rgba(0, 85, 157, 0.157);\n}\n@media (min-width:550px) {\n  #section_1153666068 {\n    min-height: 800px;\n  }\n}\n<\/style>\n\t<\/section>\n\t\n\n\t<section class=\"section\" id=\"section_802293414\">\n\t\t<div class=\"section-bg fill\" >\n\t\t\t\t\t\t\t\t\t\n\t\t\t\n\t<div class=\"is-border\"\n\t\tstyle=\"border-width:0px 0px 0px 0px;\">\n\t<\/div>\n\n\t\t<\/div>\n\n\t\t\n\n\t\t<div class=\"section-content relative\">\n\t\t\t\n<div class=\"row align-center\"  id=\"row-1442877229\">\n\n\t<div id=\"col-291309499\" class=\"col small-11 large-12\"  >\n\t\t\t\t<div class=\"col-inner text-center\"  >\n\t\t\t\n\t\t\t\n<span class=\"scroll-to\" data-label=\"Scroll to: #leistungen\" data-bullet=\"true\" data-link=\"#leistungen\" data-title=\"Leistungen\" ><a name=\"leistungen\"><\/a><\/span>\n<div class=\"row row-small row-box-shadow-1 row-box-shadow-4-hover\"  id=\"row-389788383\">\n\n\t<div id=\"col-2095745836\" class=\"col medium-6 small-12 large-3 col-hover-focus\"  >\n\t\t\t\t<div class=\"col-inner\"  >\n\t\t\t\n\t\t\t\n\n\t\t<div class=\"icon-box featured-box icon-box-center text-center\"  >\n\t\t\t\t<div class=\"icon-box-text last-reset\">\n\t\t\t\t\t\t\t\t\t\n\t<div id=\"text-3302359252\" class=\"text\">\n\t\t\n<h2><strong><span style=\"color: #084085;\">Contenu de haute qualit\u00e9<\/span><\/strong><\/h2>\n<p>Un contenu optimis\u00e9 par l'IA, informatif et attrayant, vous aide \u00e0 pr\u00e9senter votre agence de voyages en ligne de mani\u00e8re optimale.<\/p>\n\t\t\n<style>\n#text-3302359252 {\n  font-size: 1rem;\n  line-height: 1.05;\n  color: rgb(0,0,0);\n}\n#text-3302359252 > * {\n  color: rgb(0,0,0);\n}\n@media (min-width:550px) {\n  #text-3302359252 {\n    font-size: 1rem;\n    line-height: 1.5;\n  }\n}\n@media (min-width:850px) {\n  #text-3302359252 {\n    font-size: 1rem;\n  }\n}\n<\/style>\n\t<\/div>\n\t\n\t\t<\/div>\n\t<\/div>\n\t\n\t\n\t\t<\/div>\n\t\t\t\t\t<\/div>\n\n\t\n\n\t<div id=\"col-1057983751\" class=\"col medium-6 small-12 large-3 col-hover-focus\"  >\n\t\t\t\t<div class=\"col-inner\"  >\n\t\t\t\n\t\t\t\n\n\t\t<div class=\"icon-box featured-box icon-box-center text-center\"  >\n\t\t\t\t<div class=\"icon-box-text last-reset\">\n\t\t\t\t\t\t\t\t\t\n\t<div id=\"text-716303932\" class=\"text\">\n\t\t\n<h2><span style=\"color: #084085;\"><strong>Meilleurs classements<\/strong><\/span><\/h2>\n<p>Un contenu r\u00e9gulier et frais augmente votre visibilit\u00e9 aupr\u00e8s des moteurs de recherche et vous place dans les meilleurs r\u00e9sultats de recherche.<\/p>\n\t\t\n<style>\n#text-716303932 {\n  font-size: 1rem;\n  line-height: 1.05;\n  color: rgb(0,0,0);\n}\n#text-716303932 > * {\n  color: rgb(0,0,0);\n}\n@media (min-width:550px) {\n  #text-716303932 {\n    font-size: 1rem;\n    line-height: 1.5;\n  }\n}\n@media (min-width:850px) {\n  #text-716303932 {\n    font-size: 1rem;\n  }\n}\n<\/style>\n\t<\/div>\n\t\n\t\t<\/div>\n\t<\/div>\n\t\n\t\n\t\t<\/div>\n\t\t\t\t\t<\/div>\n\n\t\n\n\t<div id=\"col-1829760352\" class=\"col medium-6 small-12 large-3 col-hover-focus\"  >\n\t\t\t\t<div class=\"col-inner\"  >\n\t\t\t\n\t\t\t\n\n\t\t<div class=\"icon-box featured-box icon-box-center text-center\"  >\n\t\t\t\t<div class=\"icon-box-text last-reset\">\n\t\t\t\t\t\t\t\t\t\n\t<div id=\"text-1080429047\" class=\"text\">\n\t\t\n<h2><span style=\"color: #084085;\"><strong>Co\u00fbts \u00c9conomies<\/strong><\/span><\/h2>\n<p>Vous obtenez un contenu professionnel sans avoir \u00e0 investir vous-m\u00eame du temps, ce qui vous permet d'\u00e9conomiser des frais d'agence on\u00e9reux.<\/p>\n\t\t\n<style>\n#text-1080429047 {\n  font-size: 1rem;\n  line-height: 1.05;\n  color: rgb(0,0,0);\n}\n#text-1080429047 > * {\n  color: rgb(0,0,0);\n}\n@media (min-width:550px) {\n  #text-1080429047 {\n    font-size: 1rem;\n    line-height: 1.5;\n  }\n}\n@media (min-width:850px) {\n  #text-1080429047 {\n    font-size: 1rem;\n  }\n}\n<\/style>\n\t<\/div>\n\t\n\t\t<\/div>\n\t<\/div>\n\t\n\t\n\t\t<\/div>\n\t\t\t\t\t<\/div>\n\n\t\n\n\t<div id=\"col-1238607151\" class=\"col medium-6 small-12 large-3 col-hover-focus\"  >\n\t\t\t\t<div class=\"col-inner\"  >\n\t\t\t\n\t\t\t\n\n\t\t<div class=\"icon-box featured-box icon-box-center text-center\"  >\n\t\t\t\t<div class=\"icon-box-text last-reset\">\n\t\t\t\t\t\t\t\t\t\n\t<div id=\"text-3467415131\" class=\"text\">\n\t\t\n<h2><span style=\"color: #084085;\"><strong>Succ\u00e8s garantis<\/strong><\/span><\/h2>\n<p>Avec un contenu continu et optimis\u00e9, vous vous assurez une am\u00e9lioration stable et durable de votre pr\u00e9sence en ligne.<\/p>\n\t\t\n<style>\n#text-3467415131 {\n  font-size: 1rem;\n  line-height: 1.05;\n  color: rgb(0,0,0);\n}\n#text-3467415131 > * {\n  color: rgb(0,0,0);\n}\n@media (min-width:550px) {\n  #text-3467415131 {\n    font-size: 1rem;\n    line-height: 1.5;\n  }\n}\n@media (min-width:850px) {\n  #text-3467415131 {\n    font-size: 1rem;\n  }\n}\n<\/style>\n\t<\/div>\n\t\n\t\t<\/div>\n\t<\/div>\n\t\n\t\n\t\t<\/div>\n\t\t\t\t\t<\/div>\n\n\t\n\n<style>\n#row-389788383 > .col > .col-inner {\n  padding: 30px 30px 30px 30px;\n  background-color: rgb(255,255,255);\n}\n<\/style>\n<\/div>\n\t\t<\/div>\n\t\t\t\t\n<style>\n#col-291309499 > .col-inner {\n  margin: -100px 0px 0px 0px;\n}\n<\/style>\n\t<\/div>\n\n\t\n<\/div>\n\t\t<\/div>\n\n\t\t\n<style>\n#section_802293414 {\n  padding-top: 0px;\n  padding-bottom: 0px;\n}\n<\/style>\n\t<\/section>\n\t\n\n\t<section class=\"section\" id=\"section_2093789072\">\n\t\t<div class=\"section-bg fill\" >\n\t\t\t\t\t\t\t\t\t\n\t\t\t\n\n\t\t<\/div>\n\n\t\t\n\n\t\t<div class=\"section-content relative\">\n\t\t\t\n<div class=\"row\"  id=\"row-20484762\">\n\n\t<div id=\"col-82680788\" class=\"col small-12 large-12\"  >\n\t\t\t\t<div class=\"col-inner\"  >\n\t\t\t\n\t\t\t\n<div class=\"row row-collapse\"  id=\"row-2063462310\">\n\n\t<div id=\"col-1782609729\" class=\"col small-12 large-12\"  >\n\t\t\t\t<div class=\"col-inner\"  >\n\t\t\t\n\t\t\t\n<span class=\"scroll-to\" data-label=\"Scroll to: #warum\" data-bullet=\"true\" data-link=\"#warum\" data-title=\"Warum wir\" ><a name=\"warum\"><\/a><\/span>\n\n\t<section class=\"section dark has-parallax\" id=\"section_955149149\">\n\t\t<div class=\"section-bg fill\" data-parallax-container=\".section\" data-parallax-background data-parallax=\"-5\">\n\t\t\t<img loading=\"lazy\" decoding=\"async\" width=\"2560\" height=\"1707\" src=\"https:\/\/travelperformance.net\/wp-content\/uploads\/2024\/09\/google-analytics-phone-stockpack-unsplash-scaled.jpg\" class=\"bg attachment- size-\" alt=\"Google analytics phone\" \/>\t\t\t\t\t\t<div class=\"section-bg-overlay absolute fill\"><\/div>\n\t\t\t\n\n\t\t<\/div>\n\n\t\t\n\n\t\t<div class=\"section-content relative\">\n\t\t\t\n<div class=\"row\"  id=\"row-1740520839\">\n\n\t<div id=\"col-268071530\" class=\"col medium-12 small-12 large-9\"  >\n\t\t\t\t<div class=\"col-inner text-left\"  >\n\t\t\t\n\t\t\t\n\t<div id=\"gap-1045068599\" class=\"gap-element clearfix\" style=\"display:block; height:auto;\">\n\t\t\n<style>\n#gap-1045068599 {\n  padding-top: 30px;\n}\n<\/style>\n\t<\/div>\n\t\n\t<div id=\"gap-521285710\" class=\"gap-element clearfix\" style=\"display:block; height:auto;\">\n\t\t\n<style>\n#gap-521285710 {\n  padding-top: 30px;\n}\n<\/style>\n\t<\/div>\n\t\n\t<div id=\"text-2549932163\" class=\"text\">\n\t\t\n<p><span style=\"font-size: 150%;\"><strong>La cl\u00e9 d'un meilleur positionnement sur Google<\/strong><\/span><\/p>\n\t\t\n<style>\n#text-2549932163 {\n  font-size: 1.35rem;\n  line-height: 0.75;\n  text-align: center;\n  color: rgb(255, 255, 255);\n}\n#text-2549932163 > * {\n  color: rgb(255, 255, 255);\n}\n@media (min-width:550px) {\n  #text-2549932163 {\n    font-size: 2.1rem;\n    line-height: 0.95;\n    text-align: center;\n  }\n}\n@media (min-width:850px) {\n  #text-2549932163 {\n    text-align: left;\n  }\n}\n<\/style>\n\t<\/div>\n\t\n\t<div id=\"text-505047674\" class=\"text\">\n\t\t\n<p>Gr\u00e2ce \u00e0 notre cr\u00e9ation de contenu IA pour la page d'accueil de votre agence de voyages, vous recevez r\u00e9guli\u00e8rement des contenus frais, informatifs et optimis\u00e9s pour le r\u00e9f\u00e9rencement.<\/p>\n\t\t\n<style>\n#text-505047674 {\n  font-size: 1.1rem;\n  line-height: 1.1;\n  text-align: left;\n}\n@media (min-width:550px) {\n  #text-505047674 {\n    font-size: 1.4rem;\n    line-height: 1.2;\n    text-align: left;\n  }\n}\n@media (min-width:850px) {\n  #text-505047674 {\n    text-align: left;\n  }\n}\n<\/style>\n\t<\/div>\n\t\n<a href=\"#kontakt\" class=\"button white is-large hide-for-small\"  style=\"padding:0px 30px 0px 30px;\">\n\t\t<span>Conseils gratuits<\/span>\n\t<\/a>\n\n<a data-animate=\"fadeInUp\" href=\"#kontakt\" class=\"button white is-large expand show-for-small\"  style=\"padding:0px 30px 0px 30px;\">\n\t\t<span>Conseils gratuits<\/span>\n\t<\/a>\n\n\t\t<\/div>\n\t\t\t\t\n<style>\n#col-268071530 > .col-inner {\n  padding: 0px 0px 0px 0;\n}\n@media (min-width:550px) {\n  #col-268071530 > .col-inner {\n    padding: 0px 0px 0px 0px;\n  }\n}\n@media (min-width:850px) {\n  #col-268071530 > .col-inner {\n    padding: 0px 0px 0px 20px;\n  }\n}\n<\/style>\n\t<\/div>\n\n\t\n<\/div>\n\t\t<\/div>\n\n\t\t\n<style>\n#section_955149149 {\n  padding-top: 0px;\n  padding-bottom: 0px;\n  min-height: 450px;\n}\n#section_955149149 .section-bg-overlay {\n  background-color: rgba(0, 85, 157, 0.616);\n}\n#section_955149149 .section-bg img {\n  object-position: top;\n}\n@media (min-width:550px) {\n  #section_955149149 {\n    min-height: 500px;\n  }\n}\n<\/style>\n\t<\/section>\n\t\n\t\t<\/div>\n\t\t\t\t\t<\/div>\n\n\t\n<\/div>\n<div class=\"row row-collapse align-equal\"  id=\"row-1146531174\">\n\n\t<div id=\"col-1775043166\" class=\"col medium-12 small-12 large-12\"  >\n\t\t\t\t<div class=\"col-inner text-center dark\" style=\"background-color:#084085;\" >\n\t\t\t\n\t\t\t\n\t<div id=\"text-3329101729\" class=\"text\">\n\t\t\n<p>Ces articles de qualit\u00e9 sur les voyages et les sujets connexes sont essentiels pour que votre site soit bien accueilli par les internautes. <strong>Google tout en haut<\/strong> de votre site. Google r\u00e9compense les pages r\u00e9guli\u00e8rement mises \u00e0 jour par de meilleurs classements, et plus votre site est visible, plus vous attirez l'attention de clients. Gr\u00e2ce \u00e0 nos contenus sur mesure, nous veillons \u00e0 ce que votre site ne soit pas seulement beau, mais aussi trouv\u00e9.<\/p>\n<h3><strong>Vos succ\u00e8s sur Google sont garantis avec des mises \u00e0 jour r\u00e9guli\u00e8res !<\/strong><\/h3>\n\t\t\n<style>\n#text-3329101729 {\n  font-size: 1.1rem;\n  line-height: 1.2;\n  text-align: center;\n}\n@media (min-width:550px) {\n  #text-3329101729 {\n    font-size: 1.4rem;\n    text-align: center;\n  }\n}\n@media (min-width:850px) {\n  #text-3329101729 {\n    text-align: left;\n  }\n}\n<\/style>\n\t<\/div>\n\t\n\t\t<\/div>\n\t\t\t\t\n<style>\n#col-1775043166 > .col-inner {\n  padding: 30px 10% 20px 10%;\n}\n@media (min-width:550px) {\n  #col-1775043166 > .col-inner {\n    padding: 50px 50px 50px 50px;\n  }\n}\n<\/style>\n\t<\/div>\n\n\t\n<\/div>\n\t\t<\/div>\n\t\t\t\t\t<\/div>\n\n\t\n<\/div>\n\t\t<\/div>\n\n\t\t\n<style>\n#section_2093789072 {\n  padding-top: 30px;\n  padding-bottom: 30px;\n}\n<\/style>\n\t<\/section>\n\t\n\t<div id=\"gap-88148782\" class=\"gap-element clearfix\" style=\"display:block; height:auto;\">\n\t\t\n<style>\n#gap-88148782 {\n  padding-top: 0px;\n}\n@media (min-width:550px) {\n  #gap-88148782 {\n    padding-top: 30px;\n  }\n}\n<\/style>\n\t<\/div>\n\t\n<div class=\"row\"  id=\"row-147763948\">\n\n\t<div id=\"col-681608169\" class=\"col small-12 large-12\"  >\n\t\t\t\t<div class=\"col-inner text-center\"  >\n\t\t\t\n\t\t\t\n<a href=\"#kontakt\" class=\"button primary is-xlarge hide-for-small\"  style=\"padding:0px 30px 0px 30px;\">\n\t\t<span>Demander une consultation gratuite<\/span>\n\t<\/a>\n\n<a data-animate=\"fadeInUp\" href=\"#kontakt\" class=\"button primary is-large show-for-small\"  style=\"padding:0px 30px 0px 30px;\">\n\t\t<span>Demander une consultation gratuite<\/span>\n\t<\/a>\n\n\t<div id=\"gap-1095598002\" class=\"gap-element clearfix\" style=\"display:block; height:auto;\">\n\t\t\n<style>\n#gap-1095598002 {\n  padding-top: 0px;\n}\n@media (min-width:550px) {\n  #gap-1095598002 {\n    padding-top: 60px;\n  }\n}\n<\/style>\n\t<\/div>\n\t\n\t\t<\/div>\n\t\t\t\t\t<\/div>\n\n\t\n<\/div>\n<span class=\"scroll-to\" data-label=\"Scroll to: #kontakt\" data-bullet=\"true\" data-link=\"#kontakt\" data-title=\"Kontakt\" ><a name=\"kontakt\"><\/a><\/span>","protected":false},"excerpt":{"rendered":"","protected":false},"author":1,"featured_media":0,"parent":0,"menu_order":0,"comment_status":"closed","ping_status":"closed","template":"page-transparent-header-light.php","meta":{"bwfblock_default_font":"","footnotes":""},"class_list":["post-1167","page","type-page","status-publish","hentry"],"_links":{"self":[{"href":"https:\/\/travelperformance.net\/fr\/wp-json\/wp\/v2\/pages\/1167","targetHints":{"allow":["GET"]}}],"collection":[{"href":"https:\/\/travelperformance.net\/fr\/wp-json\/wp\/v2\/pages"}],"about":[{"href":"https:\/\/travelperformance.net\/fr\/wp-json\/wp\/v2\/types\/page"}],"author":[{"embeddable":true,"href":"https:\/\/travelperformance.net\/fr\/wp-json\/wp\/v2\/users\/1"}],"replies":[{"embeddable":true,"href":"https:\/\/travelperformance.net\/fr\/wp-json\/wp\/v2\/comments?post=1167"}],"version-history":[{"count":9,"href":"https:\/\/travelperformance.net\/fr\/wp-json\/wp\/v2\/pages\/1167\/revisions"}],"predecessor-version":[{"id":1603,"href":"https:\/\/travelperformance.net\/fr\/wp-json\/wp\/v2\/pages\/1167\/revisions\/1603"}],"wp:attachment":[{"href":"https:\/\/travelperformance.net\/fr\/wp-json\/wp\/v2\/media?parent=1167"}],"curies":[{"name":"wp","href":"https:\/\/api.w.org\/{rel}","templated":true}]}}