{"id":712,"date":"2024-08-23T14:37:37","date_gmt":"2024-08-23T12:37:37","guid":{"rendered":"https:\/\/travelperformance.net\/?page_id=712"},"modified":"2024-11-04T14:29:15","modified_gmt":"2024-11-04T13:29:15","slug":"reise-videos","status":"publish","type":"page","link":"https:\/\/travelperformance.net\/fr\/videos-de-voyage\/","title":{"rendered":"Vid\u00e9os de voyage"},"content":{"rendered":"<span class=\"scroll-to\" data-label=\"Scroll to: #home\" data-bullet=\"true\" data-link=\"#home\" data-title=\"\u00dcber Reise Videos\" ><a name=\"home\"><\/a><\/span>\n\n\t<section class=\"section\" id=\"section_1502323751\">\n\t\t<div class=\"section-bg fill\" >\n\t\t\t\t\t\t\t<div class=\"video-overlay no-click fill visible\"><\/div>\n\t<video class=\"video-bg fill visible\" preload playsinline autoplay muted loop>\n\t\t<source src=\"https:\/\/travelperformance.net\/wp-content\/uploads\/2024\/08\/Bali_10.mp4\" type=\"video\/mp4\">\t<\/video>\n\t\t\t<div class=\"section-bg-overlay absolute fill\"><\/div>\n\t\t\t\n\n\t\t<\/div>\n\n\t\t\n\n\t\t<div class=\"section-content relative\">\n\t\t\t\n<div class=\"row\"  id=\"row-673704749\">\n\n\t<div id=\"col-870950301\" class=\"col medium-12 small-12 large-12\"  >\n\t\t\t\t<div class=\"col-inner text-shadow-2\"  >\n\t\t\t\n\t\t\t\n\t<div id=\"gap-960765481\" class=\"gap-element clearfix\" style=\"display:block; height:auto;\">\n\t\t\n<style>\n#gap-960765481 {\n  padding-top: 0px;\n}\n@media (min-width:550px) {\n  #gap-960765481 {\n    padding-top: 50px;\n  }\n}\n@media (min-width:850px) {\n  #gap-960765481 {\n    padding-top: 50px;\n  }\n}\n<\/style>\n\t<\/div>\n\t\n<div>\n\t<div id=\"text-3864019536\" class=\"text\">\n\t\t\n<div><span style=\"font-size: 160%;\"><strong>Vid\u00e9os de voyage <\/strong><\/span><\/div>\n<div>pour votre site web<\/div>\n\t\t\n<style>\n#text-3864019536 {\n  font-size: 1.4rem;\n  line-height: 1.15;\n  text-align: center;\n  color: rgb(255, 255, 255);\n}\n#text-3864019536 > * {\n  color: rgb(255, 255, 255);\n}\n@media (min-width:550px) {\n  #text-3864019536 {\n    font-size: 2.1rem;\n    line-height: 1.15;\n  }\n}\n@media (min-width:850px) {\n  #text-3864019536 {\n    font-size: 2.4rem;\n  }\n}\n<\/style>\n\t<\/div>\n\t\n\t<div id=\"gap-1124320618\" class=\"gap-element clearfix\" style=\"display:block; height:auto;\">\n\t\t\n<style>\n#gap-1124320618 {\n  padding-top: 20px;\n}\n@media (min-width:550px) {\n  #gap-1124320618 {\n    padding-top: 20px;\n  }\n}\n@media (min-width:850px) {\n  #gap-1124320618 {\n    padding-top: 30px;\n  }\n}\n<\/style>\n\t<\/div>\n\t\n<\/div>\n<div class=\"row\"  id=\"row-960837233\">\n\n\t<div id=\"col-733637503\" class=\"col small-12 large-12\"  >\n\t\t\t\t<div class=\"col-inner text-center\"  >\n\t\t\t\n\t\t\t\n<a href=\"https:\/\/travelperformance.net\/fr\/product\/creation-de-videos-de-voyage-professionnelles\/\" class=\"button white is-large\"  style=\"padding:0px 30px 0px 30px;\">\n\t\t<span>Vers le produit<\/span>\n\t<\/a>\n\n\t\t<\/div>\n\t\t\t\t\n<style>\n#col-733637503 > .col-inner {\n  padding: 0px 0px 0px 0px;\n  margin: -10px 0px 0px 0px;\n}\n<\/style>\n\t<\/div>\n\n\t\n<\/div>\n\t\t<\/div>\n\t\t\t\t\t<\/div>\n\n\t\n<\/div>\n\t\t<\/div>\n\n\t\t\n<style>\n#section_1502323751 {\n  padding-top: 20px;\n  padding-bottom: 20px;\n  min-height: 770px;\n}\n#section_1502323751 .section-bg-overlay {\n  background-color: rgba(0, 85, 157, 0.157);\n}\n@media (min-width:550px) {\n  #section_1502323751 {\n    min-height: 800px;\n  }\n}\n<\/style>\n\t<\/section>\n\t\n\n\t<section class=\"section\" id=\"section_312594555\">\n\t\t<div class=\"section-bg fill\" >\n\t\t\t\t\t\t\t\t\t\n\t\t\t\n\t<div class=\"is-border\"\n\t\tstyle=\"border-width:0px 0px 0px 0px;\">\n\t<\/div>\n\n\t\t<\/div>\n\n\t\t\n\n\t\t<div class=\"section-content relative\">\n\t\t\t\n<div class=\"row align-center\"  id=\"row-185020144\">\n\n\t<div id=\"col-1378151600\" class=\"col small-11 large-12\"  >\n\t\t\t\t<div class=\"col-inner text-center\"  >\n\t\t\t\n\t\t\t\n<div class=\"row row-small row-box-shadow-1 row-box-shadow-4-hover\"  id=\"row-1168846255\">\n\n\t<div id=\"col-2092939758\" class=\"col medium-6 small-12 large-3 col-hover-focus\"  >\n\t\t\t\t<div class=\"col-inner\"  >\n\t\t\t\n\t\t\t\n\n\t\t<div class=\"icon-box featured-box icon-box-center text-center\"  >\n\t\t\t\t<div class=\"icon-box-text last-reset\">\n\t\t\t\t\t\t\t\t\t\n\t<div id=\"text-2528923047\" class=\"text\">\n\t\t\n<h2><strong><span style=\"color: #084085;\">Pr\u00e9sentation visuelle<\/span><\/strong><\/h2>\n<p>Les vid\u00e9os donnent vie \u00e0 vos offres de voyage de mani\u00e8re visuelle et facilitent les d\u00e9cisions d'achat des clients.<\/p>\n\t\t\n<style>\n#text-2528923047 {\n  font-size: 1rem;\n  line-height: 1.05;\n  color: rgb(0,0,0);\n}\n#text-2528923047 > * {\n  color: rgb(0,0,0);\n}\n@media (min-width:550px) {\n  #text-2528923047 {\n    font-size: 1rem;\n    line-height: 1.5;\n  }\n}\n@media (min-width:850px) {\n  #text-2528923047 {\n    font-size: 1rem;\n  }\n}\n<\/style>\n\t<\/div>\n\t\n\t\t<\/div>\n\t<\/div>\n\t\n\t\n\t\t<\/div>\n\t\t\t\t\t<\/div>\n\n\t\n\n\t<div id=\"col-1893822668\" class=\"col medium-6 small-12 large-3 col-hover-focus\"  >\n\t\t\t\t<div class=\"col-inner\"  >\n\t\t\t\n\t\t\t\n\n\t\t<div class=\"icon-box featured-box icon-box-center text-center\"  >\n\t\t\t\t<div class=\"icon-box-text last-reset\">\n\t\t\t\t\t\t\t\t\t\n\t<div id=\"text-2792644363\" class=\"text\">\n\t\t\n<h2><span style=\"color: #084085;\"><strong>Confiance professionnelle<\/strong><\/span><\/h2>\n<p>Des vid\u00e9os bien r\u00e9alis\u00e9es augmentent la cr\u00e9dibilit\u00e9 et la confiance, ce qui convainc les clients potentiels.<\/p>\n\t\t\n<style>\n#text-2792644363 {\n  font-size: 1rem;\n  line-height: 1.05;\n  color: rgb(0,0,0);\n}\n#text-2792644363 > * {\n  color: rgb(0,0,0);\n}\n@media (min-width:550px) {\n  #text-2792644363 {\n    font-size: 1rem;\n    line-height: 1.5;\n  }\n}\n@media (min-width:850px) {\n  #text-2792644363 {\n    font-size: 1rem;\n  }\n}\n<\/style>\n\t<\/div>\n\t\n\t\t<\/div>\n\t<\/div>\n\t\n\t\n\t\t<\/div>\n\t\t\t\t\t<\/div>\n\n\t\n\n\t<div id=\"col-1425421458\" class=\"col medium-6 small-12 large-3 col-hover-focus\"  >\n\t\t\t\t<div class=\"col-inner\"  >\n\t\t\t\n\t\t\t\n\n\t\t<div class=\"icon-box featured-box icon-box-center text-center\"  >\n\t\t\t\t<div class=\"icon-box-text last-reset\">\n\t\t\t\t\t\t\t\t\t\n\t<div id=\"text-3855884121\" class=\"text\">\n\t\t\n<h2><span style=\"color: #084085;\"><strong>Connexion \u00e9motionnelle<\/strong><\/span><\/h2>\n<p>Les vid\u00e9os suscitent des \u00e9motions, facilitent la pr\u00e9sentation du voyage et augmentent consid\u00e9rablement la disposition \u00e0 l'achat.<\/p>\n\t\t\n<style>\n#text-3855884121 {\n  font-size: 1rem;\n  line-height: 1.05;\n  color: rgb(0,0,0);\n}\n#text-3855884121 > * {\n  color: rgb(0,0,0);\n}\n@media (min-width:550px) {\n  #text-3855884121 {\n    font-size: 1rem;\n    line-height: 1.5;\n  }\n}\n@media (min-width:850px) {\n  #text-3855884121 {\n    font-size: 1rem;\n  }\n}\n<\/style>\n\t<\/div>\n\t\n\t\t<\/div>\n\t<\/div>\n\t\n\t\n\t\t<\/div>\n\t\t\t\t\t<\/div>\n\n\t\n\n\t<div id=\"col-948743759\" class=\"col medium-6 small-12 large-3 col-hover-focus\"  >\n\t\t\t\t<div class=\"col-inner\"  >\n\t\t\t\n\t\t\t\n\n\t\t<div class=\"icon-box featured-box icon-box-center text-center\"  >\n\t\t\t\t<div class=\"icon-box-text last-reset\">\n\t\t\t\t\t\t\t\t\t\n\t<div id=\"text-2592130859\" class=\"text\">\n\t\t\n<h2><span style=\"color: #084085;\"><strong>Des avantages SEO forts<\/strong><\/span><\/h2>\n<p>Les vid\u00e9os augmentent le temps pass\u00e9 sur votre site web, ce qui a des effets positifs sur le r\u00e9f\u00e9rencement et am\u00e9liore le classement dans Google.<\/p>\n\t\t\n<style>\n#text-2592130859 {\n  font-size: 1rem;\n  line-height: 1.05;\n  color: rgb(0,0,0);\n}\n#text-2592130859 > * {\n  color: rgb(0,0,0);\n}\n@media (min-width:550px) {\n  #text-2592130859 {\n    font-size: 1rem;\n    line-height: 1.5;\n  }\n}\n@media (min-width:850px) {\n  #text-2592130859 {\n    font-size: 1rem;\n  }\n}\n<\/style>\n\t<\/div>\n\t\n\t\t<\/div>\n\t<\/div>\n\t\n\t\n\t\t<\/div>\n\t\t\t\t\t<\/div>\n\n\t\n\n<style>\n#row-1168846255 > .col > .col-inner {\n  padding: 30px 30px 30px 30px;\n  background-color: rgb(255,255,255);\n}\n<\/style>\n<\/div>\n\t\t<\/div>\n\t\t\t\t\n<style>\n#col-1378151600 > .col-inner {\n  margin: -100px 0px 0px 0px;\n}\n<\/style>\n\t<\/div>\n\n\t\n<\/div>\n\t\t<\/div>\n\n\t\t\n<style>\n#section_312594555 {\n  padding-top: 0px;\n  padding-bottom: 0px;\n}\n<\/style>\n\t<\/section>\n\t\n\n\t<section class=\"section\" id=\"section_1918264900\">\n\t\t<div class=\"section-bg fill\" >\n\t\t\t\t\t\t\t\t\t\n\t\t\t\n\n\t\t<\/div>\n\n\t\t\n\n\t\t<div class=\"section-content relative\">\n\t\t\t\n<div class=\"row\"  id=\"row-1315826676\">\n\n\t<div id=\"col-1094048017\" class=\"col small-12 large-12\"  >\n\t\t\t\t<div class=\"col-inner\"  >\n\t\t\t\n\t\t\t\n<div class=\"row row-collapse\"  id=\"row-277412829\">\n\n\t<div id=\"col-535966507\" class=\"col small-12 large-12\"  >\n\t\t\t\t<div class=\"col-inner\"  >\n\t\t\t\n\t\t\t\n<span class=\"scroll-to\" data-label=\"Scroll to: #warum\" data-bullet=\"true\" data-link=\"#warum\" data-title=\"Warum Reise Videos?\" ><a name=\"warum\"><\/a><\/span>\n\n\t<section class=\"section dark\" id=\"section_179001430\">\n\t\t<div class=\"section-bg fill\" >\n\t\t\t<img loading=\"lazy\" decoding=\"async\" width=\"1280\" height=\"853\" src=\"https:\/\/travelperformance.net\/wp-content\/uploads\/2024\/09\/ocean-sunset-person-stockpack-pixabay.jpg\" class=\"bg attachment- size-\" alt=\"ocean, sunset, person\" \/>\t\t\t\t\t\t<div class=\"section-bg-overlay absolute fill\"><\/div>\n\t\t\t\n\n\t\t<\/div>\n\n\t\t\n\n\t\t<div class=\"section-content relative\">\n\t\t\t\n<div class=\"row\"  id=\"row-1936063092\">\n\n\t<div id=\"col-336391868\" class=\"col medium-12 small-12 large-7\"  >\n\t\t\t\t<div class=\"col-inner text-left\"  >\n\t\t\t\n\t\t\t\n\t<div id=\"gap-1160849470\" class=\"gap-element clearfix\" style=\"display:block; height:auto;\">\n\t\t\n<style>\n#gap-1160849470 {\n  padding-top: 30px;\n}\n<\/style>\n\t<\/div>\n\t\n\t<div id=\"text-2215301669\" class=\"text\">\n\t\t\n<h2><strong>Les vid\u00e9os de voyage donnent vie \u00e0 vos offres<\/strong><\/h2>\n\t\t\n<style>\n#text-2215301669 {\n  font-size: 1.35rem;\n  line-height: 0.75;\n  text-align: center;\n  color: rgb(255, 255, 255);\n}\n#text-2215301669 > * {\n  color: rgb(255, 255, 255);\n}\n@media (min-width:550px) {\n  #text-2215301669 {\n    font-size: 1.85rem;\n    line-height: 1.5;\n    text-align: left;\n  }\n}\n@media (min-width:850px) {\n  #text-2215301669 {\n    text-align: left;\n  }\n}\n<\/style>\n\t<\/div>\n\t\n\t<div id=\"text-1384115284\" class=\"text\">\n\t\t\n<p><strong>Une vid\u00e9o de voyage professionnelle<\/strong> peut faire toute la diff\u00e9rence lorsqu'il s'agit d'am\u00e9liorer vos offres de voyage. <strong>sur son propre site web<\/strong> de pr\u00e9senter.<\/p>\n\t\t\n<style>\n#text-1384115284 {\n  font-size: 0.95rem;\n  line-height: 1.3;\n  text-align: center;\n}\n@media (min-width:550px) {\n  #text-1384115284 {\n    font-size: 1.4rem;\n    line-height: 1.2;\n    text-align: left;\n  }\n}\n@media (min-width:850px) {\n  #text-1384115284 {\n    text-align: left;\n  }\n}\n<\/style>\n\t<\/div>\n\t\n<a href=\"https:\/\/travelperformance.net\/fr\/product\/creation-de-videos-de-voyage-professionnelles\/\" class=\"button white is-large hide-for-small\"  style=\"padding:0px 30px 0px 30px;\">\n\t\t<span>Vers le produit<\/span>\n\t<\/a>\n\n<a href=\"#kontakt\" class=\"button white is-large expand show-for-small\"  style=\"padding:0px 30px 0px 30px;\">\n\t\t<span>Conseils gratuits<\/span>\n\t<\/a>\n\n\t\t<\/div>\n\t\t\t\t\n<style>\n#col-336391868 > .col-inner {\n  padding: 0px 0px 0px 0;\n}\n@media (min-width:550px) {\n  #col-336391868 > .col-inner {\n    padding: 0px 0px 0px 0px;\n  }\n}\n@media (min-width:850px) {\n  #col-336391868 > .col-inner {\n    padding: 0px 0px 0px 20px;\n  }\n}\n<\/style>\n\t<\/div>\n\n\t\n<\/div>\n\t\t<\/div>\n\n\t\t\n<style>\n#section_179001430 {\n  padding-top: 0px;\n  padding-bottom: 0px;\n  min-height: 450px;\n}\n#section_179001430 .section-bg-overlay {\n  background-color: rgba(0, 85, 157, 0.256);\n}\n@media (min-width:550px) {\n  #section_179001430 {\n    min-height: 500px;\n  }\n}\n<\/style>\n\t<\/section>\n\t\n\t\t<\/div>\n\t\t\t\t\t<\/div>\n\n\t\n<\/div>\n<div class=\"row row-collapse align-equal\"  id=\"row-807227088\">\n\n\t<div id=\"col-1037807913\" class=\"col medium-12 small-12 large-12\"  >\n\t\t\t\t<div class=\"col-inner text-center dark\" style=\"background-color:#084085;\" >\n\t\t\t\n\t\t\t\n<div class=\"video video-fit mb box-shadow-2\" style=\"padding-top:56.25%;\"><p><iframe loading=\"lazy\" title=\"Circuit Mexique - Sur les traces des Mayas\" width=\"1020\" height=\"574\" src=\"https:\/\/www.youtube.com\/embed\/3qhg96BRENc?feature=oembed\" frameborder=\"0\" allow=\"accelerometer; autoplay; clipboard-write; encrypted-media; gyroscope; picture-in-picture; web-share\" referrerpolicy=\"strict-origin-when-cross-origin\" allowfullscreen><\/iframe><\/p>\n<\/div>\n\t<div id=\"text-895451405\" class=\"text\">\n\t\t\n<p>Contrairement aux textes ou aux images pures, les vid\u00e9os peuvent transmettre la beaut\u00e9 et l'exp\u00e9rience d'un voyage en temps r\u00e9el. Cette pr\u00e9sentation visuelle <strong>renforce<\/strong> non seulement l'int\u00e9r\u00eat, mais aussi la <strong>Confiance dans votre agence de voyage<\/strong>. Une telle vid\u00e9o peut \u00eatre le dernier coup de pouce dont un client a besoin pour finaliser une r\u00e9servation.<\/p>\n<h3><strong>Plus de confiance, plus de clients, plus de r\u00e9servations !<\/strong><\/h3>\n\t\t\n<style>\n#text-895451405 {\n  font-size: 1rem;\n  line-height: 1.1;\n  text-align: center;\n}\n@media (min-width:550px) {\n  #text-895451405 {\n    font-size: 1.2rem;\n    text-align: left;\n  }\n}\n@media (min-width:850px) {\n  #text-895451405 {\n    font-size: 1.4rem;\n    line-height: 1.2;\n    text-align: left;\n  }\n}\n<\/style>\n\t<\/div>\n\t\n\t\t<\/div>\n\t\t\t\t\n<style>\n#col-1037807913 > .col-inner {\n  padding: 30px 10% 20px 10%;\n}\n@media (min-width:550px) {\n  #col-1037807913 > .col-inner {\n    padding: 50px 50px 50px 50px;\n  }\n}\n<\/style>\n\t<\/div>\n\n\t\n<\/div>\n\t\t<\/div>\n\t\t\t\t\t<\/div>\n\n\t\n<\/div>\n\t\t<\/div>\n\n\t\t\n<style>\n#section_1918264900 {\n  padding-top: 30px;\n  padding-bottom: 30px;\n}\n<\/style>\n\t<\/section>\n\t\n\t<div id=\"gap-1289331581\" class=\"gap-element clearfix\" style=\"display:block; height:auto;\">\n\t\t\n<style>\n#gap-1289331581 {\n  padding-top: 30px;\n}\n<\/style>\n\t<\/div>\n\t\n<span class=\"scroll-to\" data-label=\"Scroll to: #social\" data-bullet=\"true\" data-link=\"#social\" data-title=\"Vertrauen st\u00e4rken\" ><a name=\"social\"><\/a><\/span>\n<div class=\"row\"  id=\"row-493929588\">\n\n\t<div id=\"col-1657240876\" class=\"col small-12 large-12\"  >\n\t\t\t\t<div class=\"col-inner\"  >\n\t\t\t\n\t\t\t\n<div class=\"row row-collapse\"  id=\"row-2083491037\">\n\n\t<div id=\"col-1100149002\" class=\"col small-12 large-12\"  >\n\t\t\t\t<div class=\"col-inner\"  >\n\t\t\t\n\t\t\t\n\n\t<section class=\"section dark\" id=\"section_1758932033\">\n\t\t<div class=\"section-bg fill\" >\n\t\t\t\t\t\t\t\t\t\n\t\t\t\n\n\t\t<\/div>\n\n\t\t\n\n\t\t<div class=\"section-content relative\">\n\t\t\t\n<div class=\"row\"  id=\"row-1184871953\">\n\n\t<div id=\"col-1151139549\" class=\"col medium-12 small-12 large-10\"  >\n\t\t\t\t<div class=\"col-inner\"  >\n\t\t\t\n\t\t\t\n\t<div id=\"gap-1367607156\" class=\"gap-element clearfix\" style=\"display:block; height:auto;\">\n\t\t\n<style>\n#gap-1367607156 {\n  padding-top: 80px;\n}\n<\/style>\n\t<\/div>\n\t\n\t<div id=\"text-3078216982\" class=\"text\">\n\t\t\n<h3><strong>Les vid\u00e9os de voyage renforcent la confiance en vous<\/strong><\/h3>\n\t\t\n<style>\n#text-3078216982 {\n  font-size: 1.5rem;\n  line-height: 1.15;\n  text-align: center;\n}\n@media (min-width:550px) {\n  #text-3078216982 {\n    font-size: 1.7rem;\n    line-height: 1.1;\n    text-align: left;\n  }\n}\n@media (min-width:850px) {\n  #text-3078216982 {\n    font-size: 2.25rem;\n    text-align: left;\n  }\n}\n<\/style>\n\t<\/div>\n\t\n\t<div id=\"text-58638827\" class=\"text\">\n\t\t\n<p><span style=\"font-size: 100%;\">Dans un secteur o\u00f9 <strong>la confiance et la cr\u00e9dibilit\u00e9 jouent un r\u00f4le important<\/strong>Une vid\u00e9o de voyage professionnelle peut avoir un impact consid\u00e9rable sur la d\u00e9cision de vos clients.<\/span><\/p>\n\t\t\n<style>\n#text-58638827 {\n  font-size: 0.95rem;\n  line-height: 1.15;\n  text-align: center;\n}\n@media (min-width:550px) {\n  #text-58638827 {\n    font-size: 1.2rem;\n    text-align: left;\n  }\n}\n@media (min-width:850px) {\n  #text-58638827 {\n    font-size: 1.4rem;\n    line-height: 1.2;\n    text-align: left;\n  }\n}\n<\/style>\n\t<\/div>\n\t\n\t\t<\/div>\n\t\t\t\t\n<style>\n#col-1151139549 > .col-inner {\n  padding: 0px 0px 0px 0;\n}\n@media (min-width:550px) {\n  #col-1151139549 > .col-inner {\n    padding: 0px 0px 0px 10%;\n  }\n}\n<\/style>\n\t<\/div>\n\n\t\n\n\t<div id=\"col-428957766\" class=\"col medium-12 small-12 large-12\"  >\n\t\t\t\t<div class=\"col-inner\"  >\n\t\t\t\n\t\t\t\n<div class=\"row row-large align-middle align-center\"  id=\"row-851783265\">\n\n\t<div id=\"col-482092762\" class=\"col small-12 large-12\"  >\n\t\t\t\t<div class=\"col-inner text-left\"  >\n\t\t\t\n\t\t\t\n<div class=\"video video-fit mb box-shadow-2 box-shadow-3-hover\" style=\"padding-top:56.25%;\"><p><iframe loading=\"lazy\" title=\"S\u00e9jour \u00e0 New York - La ville qui ne dort jamais !\" width=\"1020\" height=\"574\" src=\"https:\/\/www.youtube.com\/embed\/0droHzGuISo?feature=oembed\" frameborder=\"0\" allow=\"accelerometer; autoplay; clipboard-write; encrypted-media; gyroscope; picture-in-picture; web-share\" referrerpolicy=\"strict-origin-when-cross-origin\" allowfullscreen><\/iframe><\/p>\n<\/div>\n\t\t<\/div>\n\t\t\t\t\t<\/div>\n\n\t\n<\/div>\n<div class=\"row row-collapse align-equal\"  id=\"row-740976815\">\n\n\t<div id=\"col-100015606\" class=\"col medium-12 small-12 large-12\"  >\n\t\t\t\t<div class=\"col-inner text-center dark\" style=\"background-color:#084085;\" >\n\t\t\t\n\t\t\t\n\t<div id=\"text-2120015263\" class=\"text\">\n\t\t\n<h4><strong>Il transmet le s\u00e9rieux et la fiabilit\u00e9<\/strong><\/h4>\n\t\t\n<style>\n#text-2120015263 {\n  font-size: 1.35rem;\n  line-height: 1;\n  text-align: center;\n}\n@media (min-width:550px) {\n  #text-2120015263 {\n    font-size: 1.85rem;\n    line-height: 1.1;\n    text-align: left;\n  }\n}\n@media (min-width:850px) {\n  #text-2120015263 {\n    font-size: 1.75rem;\n    text-align: left;\n  }\n}\n<\/style>\n\t<\/div>\n\t\n\t<div id=\"text-1759133266\" class=\"text\">\n\t\t\n<p>Les clients qui voient une vid\u00e9o bien r\u00e9alis\u00e9e sur votre site web sont plus enclins \u00e0 vous faire confiance et \u00e0 r\u00e9server chez vous. Une vid\u00e9o professionnelle n'est donc pas seulement un outil de marketing. <strong>\u00c9tablir des relations \u00e0 long terme avec les clients<\/strong>.<\/p>\n\t\t\n<style>\n#text-1759133266 {\n  font-size: 0.95rem;\n  line-height: 1.3;\n  text-align: center;\n}\n@media (min-width:550px) {\n  #text-1759133266 {\n    font-size: 1.4rem;\n    line-height: 1.2;\n    text-align: left;\n  }\n}\n@media (min-width:850px) {\n  #text-1759133266 {\n    text-align: left;\n  }\n}\n<\/style>\n\t<\/div>\n\t\n\t\t<\/div>\n\t\t\t\t\n<style>\n#col-100015606 > .col-inner {\n  padding: 0px 0px 0px 0px;\n}\n<\/style>\n\t<\/div>\n\n\t\n<\/div>\n\t\t<\/div>\n\t\t\t\t\t<\/div>\n\n\t\n\n<style>\n#row-1184871953 > .col > .col-inner {\n  padding: 0px 0px 0px 0px;\n}\n@media (min-width:550px) {\n  #row-1184871953 > .col > .col-inner {\n    padding: 0px 20px 0px 20px;\n  }\n}\n<\/style>\n<\/div>\n\t\t<\/div>\n\n\t\t\n<style>\n#section_1758932033 {\n  padding-top: 0px;\n  padding-bottom: 0px;\n  min-height: 450px;\n  background-color: #084085;\n}\n@media (min-width:550px) {\n  #section_1758932033 {\n    min-height: 500px;\n  }\n}\n<\/style>\n\t<\/section>\n\t\n\t\t<\/div>\n\t\t\t\t\t<\/div>\n\n\t\n<\/div>\n\t\t<\/div>\n\t\t\t\t\t<\/div>\n\n\t\n<\/div>\n<div class=\"row\"  id=\"row-997774022\">\n\n\t<div id=\"col-673185961\" class=\"col small-12 large-12\"  >\n\t\t\t\t<div class=\"col-inner text-center\"  >\n\t\t\t\n\t\t\t\n<a href=\"#kontakt\" class=\"button primary is-xlarge hide-for-small\"  style=\"padding:0px 30px 0px 30px;\">\n\t\t<span>Demander une consultation gratuite<\/span>\n\t<\/a>\n\n<a href=\"#kontakt\" class=\"button primary is-large show-for-small\"  style=\"padding:0px 30px 0px 30px;\">\n\t\t<span>Demander une consultation gratuite<\/span>\n\t<\/a>\n\n\t<div id=\"gap-1748173469\" class=\"gap-element clearfix\" style=\"display:block; height:auto;\">\n\t\t\n<style>\n#gap-1748173469 {\n  padding-top: 0px;\n}\n@media (min-width:550px) {\n  #gap-1748173469 {\n    padding-top: 60px;\n  }\n}\n<\/style>\n\t<\/div>\n\t\n\t\t<\/div>\n\t\t\t\t\t<\/div>\n\n\t\n<\/div>\n<span class=\"scroll-to\" data-label=\"Scroll to: #kontakt\" data-bullet=\"true\" data-link=\"#kontakt\" data-title=\"Kontakt\" ><a name=\"kontakt\"><\/a><\/span>","protected":false},"excerpt":{"rendered":"","protected":false},"author":1,"featured_media":0,"parent":0,"menu_order":0,"comment_status":"closed","ping_status":"closed","template":"page-transparent-header-light.php","meta":{"bwfblock_default_font":"","footnotes":""},"class_list":["post-712","page","type-page","status-publish","hentry"],"_links":{"self":[{"href":"https:\/\/travelperformance.net\/fr\/wp-json\/wp\/v2\/pages\/712","targetHints":{"allow":["GET"]}}],"collection":[{"href":"https:\/\/travelperformance.net\/fr\/wp-json\/wp\/v2\/pages"}],"about":[{"href":"https:\/\/travelperformance.net\/fr\/wp-json\/wp\/v2\/types\/page"}],"author":[{"embeddable":true,"href":"https:\/\/travelperformance.net\/fr\/wp-json\/wp\/v2\/users\/1"}],"replies":[{"embeddable":true,"href":"https:\/\/travelperformance.net\/fr\/wp-json\/wp\/v2\/comments?post=712"}],"version-history":[{"count":10,"href":"https:\/\/travelperformance.net\/fr\/wp-json\/wp\/v2\/pages\/712\/revisions"}],"predecessor-version":[{"id":2038,"href":"https:\/\/travelperformance.net\/fr\/wp-json\/wp\/v2\/pages\/712\/revisions\/2038"}],"wp:attachment":[{"href":"https:\/\/travelperformance.net\/fr\/wp-json\/wp\/v2\/media?parent=712"}],"curies":[{"name":"wp","href":"https:\/\/api.w.org\/{rel}","templated":true}]}}