{"id":815,"date":"2024-08-29T12:44:51","date_gmt":"2024-08-29T10:44:51","guid":{"rendered":"https:\/\/travelperformance.net\/?page_id=815"},"modified":"2024-08-30T16:49:33","modified_gmt":"2024-08-30T14:49:33","slug":"danke","status":"publish","type":"page","link":"https:\/\/travelperformance.net\/fr\/merci\/","title":{"rendered":"Der Kostenloser SEO Report ist auf dem Weg"},"content":{"rendered":"<div class=\"banner has-hover has-video is-full-height\" id=\"banner-849755202\">\n          <div class=\"banner-inner fill\">\n        <div class=\"banner-bg fill\" >\n                        \t<div class=\"video-overlay no-click fill visible\"><\/div>\n\t<video class=\"video-bg fill visible\" preload playsinline autoplay muted loop>\n\t\t<source src=\"https:\/\/travelperformance.net\/wp-content\/uploads\/2024\/08\/vondruclipsmall.mp4\" type=\"video\/mp4\">\t<\/video>\n            <div class=\"overlay\"><\/div>            \n                    <\/div>\n\t\t\n        <div class=\"banner-layers container\">\n            <div class=\"fill banner-link\"><\/div>            \n   <div id=\"text-box-1761327414\" class=\"text-box banner-layer x50 md-x50 lg-x50 y50 md-y50 lg-y50 res-text\">\n                                <div class=\"text-box-content text dark\">\n              \n              <div class=\"text-inner text-center\">\n                  \n\t<div id=\"gap-1581664284\" class=\"gap-element clearfix\" style=\"display:block; height:auto;\">\n\t\t\n<style>\n#gap-1581664284 {\n  padding-top: 0px;\n}\n@media (min-width:550px) {\n  #gap-1581664284 {\n    padding-top: 30px;\n  }\n}\n<\/style>\n\t<\/div>\n\t\n\t<div id=\"text-1680327532\" class=\"text hide-for-small\">\n\t\t\n<h2 class=\"lead\"><strong>R\u00e9ception des donn\u00e9es - nous commen\u00e7ons !<\/strong><\/h2>\n\t\t\n<style>\n#text-1680327532 {\n  font-size: 0.75rem;\n  text-align: center;\n  color: rgb(255,255,255);\n}\n#text-1680327532 > * {\n  color: rgb(255,255,255);\n}\n@media (min-width:550px) {\n  #text-1680327532 {\n    font-size: 0.9rem;\n  }\n}\n@media (min-width:850px) {\n  #text-1680327532 {\n    font-size: 1.3rem;\n  }\n}\n<\/style>\n\t<\/div>\n\t\n\t<div id=\"text-2308497581\" class=\"text hide-for-small\">\n\t\t\n<h4 class=\"lead\">Le rapport est tr\u00e8s complet et peut prendre entre 4 et 30 minutes selon sa taille. D\u00e8s qu'il est termin\u00e9, un collaborateur vous enverra le rapport par e-mail.<\/h4>\n\t\t\n<style>\n#text-2308497581 {\n  font-size: 0.75rem;\n  line-height: 1.6;\n  text-align: center;\n  color: rgb(255,255,255);\n}\n#text-2308497581 > * {\n  color: rgb(255,255,255);\n}\n@media (min-width:550px) {\n  #text-2308497581 {\n    font-size: 1.25rem;\n    line-height: 1.2;\n  }\n}\n<\/style>\n\t<\/div>\n\t\n\t<div id=\"text-545090727\" class=\"text show-for-small\">\n\t\t\n<h4><strong>Nous commen\u00e7ons imm\u00e9diatement !<\/strong><\/h4>\n<p>La cr\u00e9ation de votre rapport prend entre 4 et 30 minutes et vous sera envoy\u00e9 par e-mail une fois termin\u00e9.<\/p>\n\t\t\n<style>\n#text-545090727 {\n  font-size: 1.05rem;\n  line-height: 1.1;\n}\n@media (min-width:550px) {\n  #text-545090727 {\n    font-size: 1.9rem;\n    line-height: 1.2;\n  }\n}\n<\/style>\n\t<\/div>\n\t\n\t<div id=\"text-4146297820\" class=\"text\">\n\t\t\n<p><strong>Prenez d\u00e8s maintenant rendez-vous avec nous pour discuter en d\u00e9tail des r\u00e9sultats et planifier des mesures cibl\u00e9es pour optimiser votre site web.<\/strong><\/p>\n\t\t\n<style>\n#text-4146297820 {\n  font-size: 0.95rem;\n  line-height: 1;\n}\n@media (min-width:550px) {\n  #text-4146297820 {\n    font-size: 1.6rem;\n  }\n}\n<\/style>\n\t<\/div>\n\t\n<div class=\"row row-full-width align-middle align-center\"  id=\"row-1435305255\">\n\n\t<div id=\"col-1980542290\" class=\"col small-12 large-12\"  >\n\t\t\t\t<div class=\"col-inner\"  >\n\t\t\t\n\t\t\t\n\n<div class=\"wpcf7 no-js\" id=\"wpcf7-f832-o1\" lang=\"en-US\" dir=\"ltr\" data-wpcf7-id=\"832\">\n<div class=\"screen-reader-response\"><p role=\"status\" aria-live=\"polite\" aria-atomic=\"true\"><\/p> <ul><\/ul><\/div>\n<form action=\"\/fr\/wp-json\/wp\/v2\/pages\/815#wpcf7-f832-o1\" method=\"post\" class=\"wpcf7-form init\" aria-label=\"Contact form\" novalidate=\"novalidate\" data-status=\"init\" data-trp-original-action=\"\/fr\/wp-json\/wp\/v2\/pages\/815#wpcf7-f832-o1\">\n<fieldset class=\"hidden-fields-container\"><input type=\"hidden\" name=\"_wpcf7\" value=\"832\" \/><input type=\"hidden\" name=\"_wpcf7_version\" value=\"6.1.5\" \/><input type=\"hidden\" name=\"_wpcf7_locale\" value=\"en_US\" \/><input type=\"hidden\" name=\"_wpcf7_unit_tag\" value=\"wpcf7-f832-o1\" \/><input type=\"hidden\" name=\"_wpcf7_container_post\" value=\"0\" \/><input type=\"hidden\" name=\"_wpcf7_posted_data_hash\" value=\"\" \/>\n<\/fieldset>\n<div class=\"form-flat\">\n\t<p><span class=\"wpcf7-form-control-wrap\" data-name=\"your-name\"><input size=\"40\" maxlength=\"400\" class=\"wpcf7-form-control wpcf7-text wpcf7-validates-as-required\" aria-required=\"true\" aria-invalid=\"false\" placeholder=\"Votre nom\" value=\"\" type=\"text\" name=\"your-name\" \/><\/span>\n\t<\/p>\n\t<p><span class=\"wpcf7-form-control-wrap\" data-name=\"your-email\"><input size=\"40\" maxlength=\"400\" class=\"wpcf7-form-control wpcf7-email wpcf7-validates-as-required wpcf7-text wpcf7-validates-as-email\" aria-required=\"true\" aria-invalid=\"false\" placeholder=\"Votre adresse e-mail\" value=\"\" type=\"email\" name=\"your-email\" \/><\/span>\n\t<\/p>\n\t<p><div class=\"cf7-cf-turnstile\" style=\"margin-top: 0px; margin-bottom: -15px;\"> <div id=\"cf-turnstile-cf7-258163897\" class=\"cf-turnstile\" data-callback=\"turnstileCF7Callback\" data-sitekey=\"0x4AAAAAAAo96qWgb4DVC1u_\" data-theme=\"light\" data-language=\"auto\" data-size=\"\" data-retry=\"auto\" data-retry-interval=\"1000\" data-refresh-expired=\"auto\" data-refresh-timeout=\"auto\" data-action=\"contact-form-7\" data-appearance=\"always\"><\/div> <style>.wpcf7-submit { pointer-events: none; opacity: 0.5; }<\/style> <script>document.addEventListener(\"DOMContentLoaded\", function() { setTimeout(function(){ var e=document.getElementById(\"cf-turnstile-cf7-258163897\"); if(e&&!e.innerHTML.trim()){turnstile.render(e, {sitekey:\"0x4AAAAAAAo96qWgb4DVC1u_\"});} }, 200); });<\/script> <br class=\"cf-turnstile-br cf-turnstile-br-cf7-258163897\"> <style>#cf-turnstile-cf7-258163897 { margin-left: -15px; }<\/style> <script>document.addEventListener(\"DOMContentLoaded\",function(){document.querySelectorAll('.wpcf7-form').forEach(function(e){e.addEventListener('submit',function(){if(document.getElementById('cf-turnstile-cf7-258163897')){setTimeout(function(){turnstile.reset('#cf-turnstile-cf7-258163897');},1000)}})})});<\/script> <\/div><br\/><input class=\"wpcf7-form-control wpcf7-submit has-spinner button\" type=\"submit\" value=\"Demander un rendez-vous\" \/>\n\t<\/p>\n\t<p>D\u00e8s que nous aurons re\u00e7u vos donn\u00e9es, un collaborateur vous contactera pour convenir d'un rendez-vous appropri\u00e9 pour un entretien, soit en personne, soit virtuellement.\n\t<\/p>\n<\/div><div class=\"wpcf7-response-output\" aria-hidden=\"true\"><\/div>\n<input type=\"hidden\" name=\"trp-form-language\" value=\"fr\"\/><\/form>\n<\/div>\n\n\t\t<\/div>\n\t\t\t\t\t<\/div>\n\n\t\n\n<style>\n#row-1435305255 > .col > .col-inner {\n  padding: 0px 0px 0px 20px;\n}\n@media (min-width:550px) {\n  #row-1435305255 > .col > .col-inner {\n    padding: 0px 0px 0px 0px;\n  }\n}\n@media (min-width:850px) {\n  #row-1435305255 > .col > .col-inner {\n    padding: 0px 300px 0px 300px;\n  }\n}\n<\/style>\n<\/div>\n              <\/div>\n           <\/div>\n                            \n<style>\n#text-box-1761327414 .text-inner {\n  padding: 30px 0px 30px 0px;\n}\n#text-box-1761327414 {\n  width: 86%;\n}\n#text-box-1761327414 .text-box-content {\n  font-size: 120%;\n}\n@media (min-width:550px) {\n  #text-box-1761327414 .text-inner {\n    padding: 30px 0px 0px 0px;\n  }\n  #text-box-1761327414 {\n    width: 81%;\n  }\n  #text-box-1761327414 .text-box-content {\n    font-size: 100%;\n  }\n}\n@media (min-width:850px) {\n  #text-box-1761327414 {\n    width: 100%;\n  }\n}\n<\/style>\n    <\/div>\n \n   <div id=\"text-box-702091115\" class=\"text-box banner-layer x50 md-x50 lg-x50 y100 md-y100 lg-y100 res-text\">\n                                <div class=\"text-box-content text dark\">\n              \n              <div class=\"text-inner text-center\">\n                  \n<div class=\"social-icons share-icons share-row relative icon-style-small\" style=\"font-size:110%\"><a href=\"whatsapp:\/\/send?text=Der%20Kostenloser%20SEO%20Report%20ist%20auf%20dem%20Weg - https:\/\/travelperformance.net\/fr\/merci\/\" data-action=\"share\/whatsapp\/share\" class=\"icon plain tooltip whatsapp show-for-medium\" title=\"Partager sur WhatsApp\" aria-label=\"Partager sur WhatsApp\" ><i class=\"icon-whatsapp\" ><\/i><\/a><a href=\"https:\/\/www.facebook.com\/sharer.php?u=https:\/\/travelperformance.net\/fr\/merci\/\" data-label=\"Facebook\" onclick=\"window.open(this.href,this.title,'width=500,height=500,top=300px,left=300px'); return false;\" target=\"_blank\" class=\"icon plain tooltip facebook\" title=\"Partager sur Facebook\" aria-label=\"Partager sur Facebook\" rel=\"noopener nofollow\" ><i class=\"icon-facebook\" ><\/i><\/a><a href=\"https:\/\/twitter.com\/share?url=https:\/\/travelperformance.net\/fr\/merci\/\" onclick=\"window.open(this.href,this.title,'width=500,height=500,top=300px,left=300px'); return false;\" target=\"_blank\" class=\"icon plain tooltip twitter\" title=\"Partager sur Twitter\" aria-label=\"Partager sur Twitter\" rel=\"noopener nofollow\" ><i class=\"icon-twitter\" ><\/i><\/a><a href=\"mailto:?subject=Der Kostenloser SEO Report ist auf dem Weg&body=Regarde \u00e7a: https:\/\/travelperformance.net\/fr\/merci\/\" class=\"icon plain tooltip email\" title=\"Envoyer par mail\" aria-label=\"Envoyer par mail\" rel=\"nofollow\" ><i class=\"icon-envelop\" ><\/i><\/a><a href=\"https:\/\/pinterest.com\/pin\/create\/button?url=https:\/\/travelperformance.net\/fr\/merci\/&media&description=Der%20Kostenloser%20SEO%20Report%20ist%20auf%20dem%20Weg\" onclick=\"window.open(this.href,this.title,'width=500,height=500,top=300px,left=300px'); return false;\" target=\"_blank\" class=\"icon plain tooltip pinterest\" title=\"Epingler sur Pinterest\" aria-label=\"Epingler sur Pinterest\" rel=\"noopener nofollow\" ><i class=\"icon-pinterest\" ><\/i><\/a><a href=\"https:\/\/www.linkedin.com\/shareArticle?mini=true&url=https:\/\/travelperformance.net\/fr\/merci\/&title=Der%20Kostenloser%20SEO%20Report%20ist%20auf%20dem%20Weg\" onclick=\"window.open(this.href,this.title,'width=500,height=500,top=300px,left=300px'); return false;\" target=\"_blank\" class=\"icon plain tooltip linkedin\" title=\"Partager sur LinkedIn\" aria-label=\"Partager sur LinkedIn\" rel=\"noopener nofollow\" ><i class=\"icon-linkedin\" ><\/i><\/a><\/div>\n\t<div id=\"gap-1786228327\" class=\"gap-element clearfix\" style=\"display:block; height:auto;\">\n\t\t\n<style>\n#gap-1786228327 {\n  padding-top: 18px;\n}\n<\/style>\n\t<\/div>\n\t\n              <\/div>\n           <\/div>\n                            \n<style>\n#text-box-702091115 {\n  width: 60%;\n}\n#text-box-702091115 .text-box-content {\n  font-size: 100%;\n}\n<\/style>\n    <\/div>\n \n        <\/div>\n      <\/div>\n\n            \n<style>\n#banner-849755202 {\n  padding-top: 100%;\n}\n#banner-849755202 .overlay {\n  background-color: rgba(30, 115, 190, 0.785);\n}\n@media (min-width:550px) {\n  #banner-849755202 {\n    padding-top: 100%;\n  }\n  #banner-849755202 .overlay {\n    background-color: rgba(30, 115, 190, 0.727);\n  }\n}\n@media (min-width:850px) {\n  #banner-849755202 {\n    padding-top: 100%;\n  }\n}\n<\/style>\n  <\/div>","protected":false},"excerpt":{"rendered":"","protected":false},"author":1,"featured_media":0,"parent":0,"menu_order":0,"comment_status":"closed","ping_status":"closed","template":"page-transparent-header.php","meta":{"bwfblock_default_font":"","footnotes":""},"class_list":["post-815","page","type-page","status-publish","hentry"],"_links":{"self":[{"href":"https:\/\/travelperformance.net\/fr\/wp-json\/wp\/v2\/pages\/815","targetHints":{"allow":["GET"]}}],"collection":[{"href":"https:\/\/travelperformance.net\/fr\/wp-json\/wp\/v2\/pages"}],"about":[{"href":"https:\/\/travelperformance.net\/fr\/wp-json\/wp\/v2\/types\/page"}],"author":[{"embeddable":true,"href":"https:\/\/travelperformance.net\/fr\/wp-json\/wp\/v2\/users\/1"}],"replies":[{"embeddable":true,"href":"https:\/\/travelperformance.net\/fr\/wp-json\/wp\/v2\/comments?post=815"}],"version-history":[{"count":0,"href":"https:\/\/travelperformance.net\/fr\/wp-json\/wp\/v2\/pages\/815\/revisions"}],"wp:attachment":[{"href":"https:\/\/travelperformance.net\/fr\/wp-json\/wp\/v2\/media?parent=815"}],"curies":[{"name":"wp","href":"https:\/\/api.w.org\/{rel}","templated":true}]}}