{"id":1007,"date":"2024-08-31T16:46:12","date_gmt":"2024-08-31T14:46:12","guid":{"rendered":"https:\/\/travelperformance.net\/?post_type=product&#038;p=1007"},"modified":"2024-10-12T12:18:24","modified_gmt":"2024-10-12T10:18:24","slug":"massgeschneiderter-social-media-posting-service","status":"publish","type":"product","link":"https:\/\/travelperformance.net\/fr\/product\/service-de-publication-sur-les-medias-sociaux-sur-mesure\/","title":{"rendered":"Service de publication sur les m\u00e9dias sociaux enti\u00e8rement automatis\u00e9"},"content":{"rendered":"<p>Notre <strong>service de publication sur les m\u00e9dias sociaux sur mesure<\/strong> veille \u00e0 ce que les reels vid\u00e9o et les contenus que vous avez d\u00e9j\u00e0 cr\u00e9\u00e9s soient publi\u00e9s au bon moment et sur les bonnes plates-formes afin d'obtenir un maximum d'attention et d'interaction. Nous d\u00e9veloppons pour vous une strat\u00e9gie de publication individuelle qui pr\u00e9sente votre marque de mani\u00e8re optimale dans les m\u00e9dias sociaux et qui augmente continuellement votre port\u00e9e.<\/p>\n<p><strong>Ce que vous recevez :<\/strong><\/p>\n<ul>\n<li><strong>Strat\u00e9gie de publication individuelle :<\/strong> Nous cr\u00e9ons pour vous un plan de m\u00e9dias sociaux sur mesure, parfaitement adapt\u00e9 \u00e0 votre groupe cible et \u00e0 votre marque.<\/li>\n<li><strong>Publication r\u00e9guli\u00e8re :<\/strong> Nous publions vos reels et vos contenus de m\u00e9dias sociaux en continu et au moment optimal sur les plateformes pertinentes afin d'obtenir la meilleure port\u00e9e possible.<\/li>\n<li><strong>Approche cibl\u00e9e de votre groupe cible :<\/strong> Gr\u00e2ce \u00e0 notre planification strat\u00e9gique, vos posts atteignent exactement les personnes qui s'int\u00e9ressent \u00e0 vos offres et qui souhaitent interagir.<\/li>\n<li><strong>Augmentation de la pr\u00e9sence de la marque :<\/strong> Des posts r\u00e9guliers et cibl\u00e9s permettent \u00e0 votre marque de rester pr\u00e9sente sur les m\u00e9dias sociaux et de se d\u00e9velopper continuellement.<\/li>\n<\/ul>\n<p><strong>Courrier d'essai unique - Pour faire connaissance :<\/strong> Pour d\u00e9couvrir notre service, nous vous offrons la possibilit\u00e9 d'effectuer un <strong>courrier d'essai gratuit unique<\/strong> de recevoir des informations. Cela vous permet de voir notre performance en action avant de vous d\u00e9cider pour notre programme complet de posts. Chaque client, organisation ou compte de m\u00e9dias sociaux ne peut b\u00e9n\u00e9ficier de ce post test qu'une seule fois. Le processus correspond \u00e0 une commande normale, ce qui vous permet de vous faire une id\u00e9e r\u00e9elle de ce \u00e0 quoi pourraient ressembler vos futurs posts.<\/p>\n<p><strong>Autres options :<\/strong> Apr\u00e8s le test, vous pouvez choisir parmi notre vaste <strong>Base de donn\u00e9es de destinations<\/strong> qui seront utilis\u00e9s pour vos reels vid\u00e9o. De plus, vous avez la possibilit\u00e9 d'ajouter votre <strong>Logo<\/strong> dans les vid\u00e9os. Veuillez toutefois noter qu'il <strong>il n'y a pas de possibilit\u00e9 de modifier les reels apr\u00e8s leur cr\u00e9ation<\/strong>. Nos processus automatis\u00e9s garantissent une production efficace et rapide, ce qui rend les adaptations impossibles.<\/p>\n<p><strong>Pourquoi vous avez besoin de ce produit :<\/strong> Dans le monde dynamique des m\u00e9dias sociaux, il est indispensable d'\u00eatre toujours pr\u00e9sent et de s'adresser r\u00e9guli\u00e8rement \u00e0 votre groupe cible. Notre service de publication sur les m\u00e9dias sociaux garantit que vos contenus sont planifi\u00e9s et publi\u00e9s de mani\u00e8re optimale, ce qui vous permet d'augmenter efficacement votre port\u00e9e et votre visibilit\u00e9. La cr\u00e9ation de vos reels vid\u00e9o et d'autres contenus peut \u00eatre achet\u00e9e s\u00e9par\u00e9ment ou int\u00e9gr\u00e9e dans un produit combin\u00e9 - \u00e0 vous de choisir ce qui vous convient le mieux !<\/p>\n<p>&nbsp;<\/p>","protected":false},"excerpt":{"rendered":"<p><strong><span class=\"OYPEnA font-feature-liga-off font-feature-clig-off font-feature-calt-off text-decoration-none text-strikethrough-none\">100% Service complet avec cr\u00e9ation et posts bas\u00e9s sur l'IA<\/span><\/strong>\u00a0veille \u00e0 ce que les reels vid\u00e9o et les contenus que vous avez d\u00e9j\u00e0 cr\u00e9\u00e9s soient publi\u00e9s au bon moment et sur les bonnes plates-formes afin de susciter un maximum d'attention et d'interaction.<\/p>","protected":false},"featured_media":0,"template":"","meta":{"bwfblock_default_font":""},"product_brand":[],"product_cat":[72],"product_tag":[],"class_list":{"0":"post-1007","1":"product","2":"type-product","3":"status-publish","5":"product_cat-social-media-services","7":"first","8":"instock","9":"featured","10":"taxable","11":"shipping-taxable","12":"purchasable","13":"product-type-variable-subscription","14":"has-default-attributes"},"_links":{"self":[{"href":"https:\/\/travelperformance.net\/fr\/wp-json\/wp\/v2\/product\/1007","targetHints":{"allow":["GET"]}}],"collection":[{"href":"https:\/\/travelperformance.net\/fr\/wp-json\/wp\/v2\/product"}],"about":[{"href":"https:\/\/travelperformance.net\/fr\/wp-json\/wp\/v2\/types\/product"}],"wp:attachment":[{"href":"https:\/\/travelperformance.net\/fr\/wp-json\/wp\/v2\/media?parent=1007"}],"wp:term":[{"taxonomy":"product_brand","embeddable":true,"href":"https:\/\/travelperformance.net\/fr\/wp-json\/wp\/v2\/product_brand?post=1007"},{"taxonomy":"product_cat","embeddable":true,"href":"https:\/\/travelperformance.net\/fr\/wp-json\/wp\/v2\/product_cat?post=1007"},{"taxonomy":"product_tag","embeddable":true,"href":"https:\/\/travelperformance.net\/fr\/wp-json\/wp\/v2\/product_tag?post=1007"}],"curies":[{"name":"wp","href":"https:\/\/api.w.org\/{rel}","templated":true}]}}