{"id":1082,"date":"2024-09-03T10:56:33","date_gmt":"2024-09-03T08:56:33","guid":{"rendered":"https:\/\/travelperformance.net\/?post_type=product&#038;p=1082"},"modified":"2024-11-19T14:33:58","modified_gmt":"2024-11-19T13:33:58","slug":"erstellung-von-reise-reels-shorts-fuer-social-media","status":"publish","type":"product","link":"https:\/\/travelperformance.net\/fr\/product\/creation-de-reels-shorts-de-voyage-pour-les-medias-sociaux\/","title":{"rendered":"Cr\u00e9ation d'un reel de voyage pour les m\u00e9dias sociaux (pas de post)"},"content":{"rendered":"<p>Avec notre <strong>Service de cr\u00e9ation de reels et de shorts de voyage<\/strong> vous obtenez de courtes vid\u00e9os professionnelles sur mesure, sp\u00e9cialement optimis\u00e9es pour une utilisation sur des plateformes de m\u00e9dias sociaux comme Instagram, TikTok et YouTube. Ces clips dynamiques et visuellement attrayants sont con\u00e7us pour capter imm\u00e9diatement l'attention de votre groupe cible et positionner fortement votre marque sur les r\u00e9seaux sociaux.<\/p>\n<p><strong>Ce que vous recevez :<\/strong><\/p>\n<ul>\n<li><strong>Cr\u00e9ation de vid\u00e9os personnalis\u00e9es :<\/strong> Chaque reel ou short est adapt\u00e9 \u00e0 votre marque et \u00e0 vos offres de voyage sp\u00e9cifiques afin d'obtenir un impact maximal.<\/li>\n<li><strong>Haute qualit\u00e9 de production :<\/strong> Nous utilisons une technologie de pointe et des concepts cr\u00e9atifs pour nous assurer que vos vid\u00e9os sont convaincantes, tant sur le plan visuel que sur celui du contenu.<\/li>\n<li><strong>Optimisation pour les m\u00e9dias sociaux :<\/strong> Les reels et les shorts sont cr\u00e9\u00e9s pour une pr\u00e9sentation et une performance optimales sur les plateformes de m\u00e9dias sociaux pertinentes.<\/li>\n<li><strong>Disponibilit\u00e9 op\u00e9rationnelle :<\/strong> Ces vid\u00e9os sont pr\u00eates \u00e0 \u00eatre publi\u00e9es et peuvent \u00eatre int\u00e9gr\u00e9es directement dans vos campagnes de m\u00e9dias sociaux existantes.<\/li>\n<\/ul>\n<p><strong>Vid\u00e9o de test unique :<\/strong><\/p>\n<p>Pour mieux conna\u00eetre notre service, nous vous proposons un <strong>vid\u00e9o de test unique<\/strong> sur le site. Cette vid\u00e9o d'essai sera cr\u00e9\u00e9e et vous sera envoy\u00e9e dans les m\u00eames conditions que nos projets r\u00e9guliers. Veuillez noter que chaque client, chaque organisation ou chaque compte de m\u00e9dias sociaux n'a droit qu'une seule fois \u00e0 cette vid\u00e9o de test. Il n'est pas possible de modifier la vid\u00e9o par la suite, mais elle vous donnera une impression r\u00e9aliste de la qualit\u00e9 et de l'impact de notre contenu.<\/p>\n<p><strong>Possibilit\u00e9s de combinaison :<\/strong><\/p>\n<p>Ce service est id\u00e9al pour les projets individuels, mais peut \u00e9galement \u00eatre r\u00e9serv\u00e9 en combinaison avec un service mensuel de publication sur les m\u00e9dias sociaux ou de gestion des annonces. Vous b\u00e9n\u00e9ficiez ainsi non seulement d'un contenu de qualit\u00e9, mais aussi d'un suivi complet et d'une publication strat\u00e9gique.<\/p>\n<p><strong>Pourquoi vous avez besoin de ce produit :<\/strong><\/p>\n<p>Dans le monde du marketing des m\u00e9dias sociaux, les vid\u00e9os courtes et concises sont le moyen le plus efficace d'attirer l'attention de votre groupe cible et de l'inspirer. Nos reels et shorts de voyage mettent en avant la beaut\u00e9 de vos destinations et motivent vos clients potentiels \u00e0 en savoir plus sur vos offres et, finalement, \u00e0 r\u00e9server chez vous. Profitez d'un contenu professionnel et sur mesure qui fera passer votre pr\u00e9sence sur les m\u00e9dias sociaux \u00e0 un niveau sup\u00e9rieur.<\/p>","protected":false},"excerpt":{"rendered":"<p>Ces clips dynamiques et visuellement attrayants pour les plateformes sociales comme TikTok ou Instagram, sont con\u00e7us pour capter imm\u00e9diatement l'attention de votre groupe cible et positionner fortement votre marque sur les r\u00e9seaux sociaux.<\/p>","protected":false},"featured_media":0,"template":"","meta":{"bwfblock_default_font":""},"product_brand":[],"product_cat":[72],"product_tag":[],"class_list":{"0":"post-1082","1":"product","2":"type-product","3":"status-publish","5":"product_cat-social-media-services","7":"first","8":"instock","9":"taxable","10":"shipping-taxable","11":"purchasable","12":"product-type-variable","13":"has-default-attributes"},"_links":{"self":[{"href":"https:\/\/travelperformance.net\/fr\/wp-json\/wp\/v2\/product\/1082","targetHints":{"allow":["GET"]}}],"collection":[{"href":"https:\/\/travelperformance.net\/fr\/wp-json\/wp\/v2\/product"}],"about":[{"href":"https:\/\/travelperformance.net\/fr\/wp-json\/wp\/v2\/types\/product"}],"wp:attachment":[{"href":"https:\/\/travelperformance.net\/fr\/wp-json\/wp\/v2\/media?parent=1082"}],"wp:term":[{"taxonomy":"product_brand","embeddable":true,"href":"https:\/\/travelperformance.net\/fr\/wp-json\/wp\/v2\/product_brand?post=1082"},{"taxonomy":"product_cat","embeddable":true,"href":"https:\/\/travelperformance.net\/fr\/wp-json\/wp\/v2\/product_cat?post=1082"},{"taxonomy":"product_tag","embeddable":true,"href":"https:\/\/travelperformance.net\/fr\/wp-json\/wp\/v2\/product_tag?post=1082"}],"curies":[{"name":"wp","href":"https:\/\/api.w.org\/{rel}","templated":true}]}}