{"id":1089,"date":"2024-09-03T11:00:09","date_gmt":"2024-09-03T09:00:09","guid":{"rendered":"https:\/\/travelperformance.net\/?post_type=product&#038;p=1089"},"modified":"2024-11-19T14:32:19","modified_gmt":"2024-11-19T13:32:19","slug":"google-ki-werbeanzeigen-management","status":"publish","type":"product","link":"https:\/\/travelperformance.net\/fr\/product\/gestion-mensuelle-des-annonces-pour-facebook-instagram\/","title":{"rendered":"Publicit\u00e9 Google | Gestion des annonces publicitaires bas\u00e9e sur l'IA"},"content":{"rendered":"<p><strong>Atteignez votre groupe cible avec des annonces cibl\u00e9es sur Google - cr\u00e9\u00e9es par des professionnels et suivies mensuellement.<\/strong><\/p>\n<p>Notre <strong>Gestion mensuelle des annonces pour Google Ads<\/strong> vous offre un service complet pour planifier, cr\u00e9er et surveiller en permanence vos campagnes publicitaires de mani\u00e8re optimale. Gr\u00e2ce \u00e0 des annonces cibl\u00e9es sur les leads, vous atteignez exactement les clients potentiels int\u00e9ress\u00e9s par vos offres de voyage et maximisez ainsi l'efficacit\u00e9 de votre marketing.<\/p>\n<p><strong>Ce que vous recevez :<\/strong><\/p>\n<ul>\n<li><strong>Cr\u00e9ation d'annonces d'IA :<\/strong> Nous cr\u00e9ons des annonces attrayantes et cibl\u00e9es, con\u00e7ues pour g\u00e9n\u00e9rer des leads qualifi\u00e9s et \u00e9largir votre port\u00e9e.<\/li>\n<li><strong>Ciblage cibl\u00e9 :<\/strong> Gr\u00e2ce \u00e0 un ciblage pr\u00e9cis, vos annonces atteignent exactement les bons groupes cibles, en fonction des caract\u00e9ristiques d\u00e9mographiques, des int\u00e9r\u00eats et des donn\u00e9es comportementales.<\/li>\n<li><strong>Optimisation et suivi mensuels :<\/strong> Nous surveillons en permanence les performances de vos annonces et proc\u00e9dons \u00e0 des optimisations mensuelles afin d'obtenir les meilleurs r\u00e9sultats et d'utiliser efficacement votre budget.<\/li>\n<li><strong>Rapports d\u00e9taill\u00e9s :<\/strong> Vous recevez r\u00e9guli\u00e8rement des rapports sur les performances de vos campagnes publicitaires, ce qui vous permet de suivre en toute transparence les succ\u00e8s et les progr\u00e8s r\u00e9alis\u00e9s.<\/li>\n<\/ul>\n<p><strong>Pourquoi vous avez besoin de ce produit :<\/strong><\/p>\n<p>Dans le monde num\u00e9rique d'aujourd'hui, il est essentiel d'atteindre votre groupe cible l\u00e0 o\u00f9 il se trouve - sur des plateformes comme Google. Notre service mensuel Ads Management garantit que vos campagnes publicitaires sont non seulement cr\u00e9\u00e9es de mani\u00e8re professionnelle, mais aussi optimis\u00e9es en permanence pour obtenir les meilleurs r\u00e9sultats. Gr\u00e2ce \u00e0 des annonces cibl\u00e9es sur les leads, vous augmentez vos chances d'attirer des clients qualifi\u00e9s et d'augmenter durablement vos r\u00e9servations. Faites confiance \u00e0 notre expertise pour faire passer votre marketing sur les m\u00e9dias sociaux au niveau sup\u00e9rieur et d\u00e9velopper avec succ\u00e8s votre pr\u00e9sence en ligne. Ce produit ne comprend pas de budget pour les annonces publicitaires proprement dites.<\/p>","protected":false},"excerpt":{"rendered":"<p>Gr\u00e2ce \u00e0 des annonces cibl\u00e9es sur les leads, vous atteignez exactement les clients potentiels qui sont int\u00e9ress\u00e9s par vos offres de voyage et maximisez ainsi votre efficacit\u00e9 marketing.<\/p>","protected":false},"featured_media":0,"template":"","meta":{"bwfblock_default_font":""},"product_brand":[],"product_cat":[106],"product_tag":[],"class_list":{"0":"post-1089","1":"product","2":"type-product","3":"status-publish","5":"product_cat-seo-dienste","7":"first","8":"instock","9":"taxable","10":"shipping-taxable","11":"purchasable","12":"product-type-variable-subscription"},"_links":{"self":[{"href":"https:\/\/travelperformance.net\/fr\/wp-json\/wp\/v2\/product\/1089","targetHints":{"allow":["GET"]}}],"collection":[{"href":"https:\/\/travelperformance.net\/fr\/wp-json\/wp\/v2\/product"}],"about":[{"href":"https:\/\/travelperformance.net\/fr\/wp-json\/wp\/v2\/types\/product"}],"wp:attachment":[{"href":"https:\/\/travelperformance.net\/fr\/wp-json\/wp\/v2\/media?parent=1089"}],"wp:term":[{"taxonomy":"product_brand","embeddable":true,"href":"https:\/\/travelperformance.net\/fr\/wp-json\/wp\/v2\/product_brand?post=1089"},{"taxonomy":"product_cat","embeddable":true,"href":"https:\/\/travelperformance.net\/fr\/wp-json\/wp\/v2\/product_cat?post=1089"},{"taxonomy":"product_tag","embeddable":true,"href":"https:\/\/travelperformance.net\/fr\/wp-json\/wp\/v2\/product_tag?post=1089"}],"curies":[{"name":"wp","href":"https:\/\/api.w.org\/{rel}","templated":true}]}}