{"id":1534,"date":"2024-09-12T23:50:23","date_gmt":"2024-09-12T21:50:23","guid":{"rendered":"https:\/\/travelperformance.net\/?post_type=product&#038;p=1534"},"modified":"2024-11-19T14:30:48","modified_gmt":"2024-11-19T13:30:48","slug":"monatliches-ki-assistenten-update-training","status":"publish","type":"product","link":"https:\/\/travelperformance.net\/fr\/product\/formation-mensuelle-de-mise-a-jour-des-assistants-ki\/","title":{"rendered":"Conseil \u00e0 la client\u00e8le bas\u00e9 sur l'IA"},"content":{"rendered":"<p><strong>Maintenez votre assistant IA \u00e0 jour avec des mises \u00e0 jour mensuelles et une formation continue.<\/strong><\/p>\n<p>Notre <strong>mise \u00e0 jour mensuelle de l'assistant IA &amp; formation<\/strong> Service garantit que votre assistant IA offre toujours des informations actualis\u00e9es sur vos offres de voyage et vos services. Gr\u00e2ce \u00e0 des adaptations et des mises \u00e0 jour r\u00e9guli\u00e8res, l'assistant peut r\u00e9agir rapidement aux nouveaux produits, aux offres modifi\u00e9es ou \u00e0 d'autres informations pertinentes et les transmettre aux clients de mani\u00e8re comp\u00e9tente.<\/p>\n<p><strong>Ce que vous recevez :<\/strong><\/p>\n<ul>\n<li><strong>Mises \u00e0 jour mensuelles de l'assistant IA :<\/strong> Nous mettons r\u00e9guli\u00e8rement \u00e0 jour l'assistant avec de nouvelles offres de voyage, des prix, des promotions et d'autres informations pertinentes.<\/li>\n<li><strong>Nouvelle formation en cas de changement :<\/strong> D\u00e8s que vous apportez des modifications \u00e0 vos produits, services ou FAQ, nous adaptons la formation de l'assistant IA en cons\u00e9quence afin qu'il reste \u00e0 jour.<\/li>\n<li><strong>Optimisation continue :<\/strong> Nous am\u00e9liorons continuellement la qualit\u00e9 et la pr\u00e9cision des r\u00e9ponses de l'assistant IA en proc\u00e9dant \u00e0 des ajustements r\u00e9guliers et en recueillant les commentaires des interactions avec les clients.<\/li>\n<\/ul>\n<p><strong>Pourquoi vous avez besoin de ce produit :<\/strong><\/p>\n<p>Pour garantir que votre assistant IA fournisse toujours des informations actuelles et pr\u00e9cises, une mise \u00e0 jour et une formation r\u00e9guli\u00e8res sont indispensables. Les changements dans votre offre ou dans le secteur du voyage peuvent \u00eatre appliqu\u00e9s imm\u00e9diatement, de sorte que vos clients re\u00e7oivent toujours les informations les plus r\u00e9centes. Gr\u00e2ce \u00e0 notre service mensuel, votre assistant reste toujours \u00e0 jour et garantit que votre agence de voyages fournit les r\u00e9ponses les plus pertinentes et les plus actuelles aux questions de vos clients.<\/p>","protected":false},"excerpt":{"rendered":"<p>Notre <strong>mise \u00e0 jour mensuelle de l'assistant IA &amp; formation<\/strong> Le service garantit que votre assistant IA fournit toujours des informations actualis\u00e9es sur vos offres et services de voyage<\/p>","protected":false},"featured_media":0,"template":"","meta":{"bwfblock_default_font":""},"product_brand":[],"product_cat":[108],"product_tag":[],"class_list":{"0":"post-1534","1":"product","2":"type-product","3":"status-publish","5":"product_cat-ki-assistent","7":"first","8":"instock","9":"sold-individually","10":"taxable","11":"shipping-taxable","12":"purchasable","13":"product-type-subscription"},"_links":{"self":[{"href":"https:\/\/travelperformance.net\/fr\/wp-json\/wp\/v2\/product\/1534","targetHints":{"allow":["GET"]}}],"collection":[{"href":"https:\/\/travelperformance.net\/fr\/wp-json\/wp\/v2\/product"}],"about":[{"href":"https:\/\/travelperformance.net\/fr\/wp-json\/wp\/v2\/types\/product"}],"wp:attachment":[{"href":"https:\/\/travelperformance.net\/fr\/wp-json\/wp\/v2\/media?parent=1534"}],"wp:term":[{"taxonomy":"product_brand","embeddable":true,"href":"https:\/\/travelperformance.net\/fr\/wp-json\/wp\/v2\/product_brand?post=1534"},{"taxonomy":"product_cat","embeddable":true,"href":"https:\/\/travelperformance.net\/fr\/wp-json\/wp\/v2\/product_cat?post=1534"},{"taxonomy":"product_tag","embeddable":true,"href":"https:\/\/travelperformance.net\/fr\/wp-json\/wp\/v2\/product_tag?post=1534"}],"curies":[{"name":"wp","href":"https:\/\/api.w.org\/{rel}","templated":true}]}}