{"id":1167,"date":"2024-09-09T11:06:57","date_gmt":"2024-09-09T09:06:57","guid":{"rendered":"https:\/\/travelperformance.net\/?page_id=1167"},"modified":"2024-09-16T13:35:49","modified_gmt":"2024-09-16T11:35:49","slug":"email-marketing-fuer-reisebueros","status":"publish","type":"page","link":"https:\/\/travelperformance.net\/it\/email-marketing-per-le-agenzie-di-viaggio\/","title":{"rendered":"E-Mail Marketing"},"content":{"rendered":"<span class=\"scroll-to\" data-label=\"Scroll to: #home\" data-bullet=\"true\" data-link=\"#home\" data-title=\"Home\" ><a name=\"home\"><\/a><\/span>\n\n\t<section class=\"section\" id=\"section_2142422261\">\n\t\t<div class=\"section-bg fill\" >\n\t\t\t\t\t\t\t<div class=\"video-overlay no-click fill visible\"><\/div>\n\t<video class=\"video-bg fill visible\" preload playsinline autoplay muted loop>\n\t\t<source src=\"https:\/\/travelperformance.net\/wp-content\/uploads\/2024\/09\/5_PaPryfLl.mp4\" type=\"video\/mp4\">\t<\/video>\n\t\t\t<div class=\"section-bg-overlay absolute fill\"><\/div>\n\t\t\t\n\n\t\t<\/div>\n\n\t\t\n\n\t\t<div class=\"section-content relative\">\n\t\t\t\n<div class=\"row\"  id=\"row-1152018985\">\n\n\t<div id=\"col-1682825106\" class=\"col medium-12 small-12 large-12\"  >\n\t\t\t\t<div class=\"col-inner text-shadow-2\"  >\n\t\t\t\n\t\t\t\n\t<div id=\"gap-2088747790\" class=\"gap-element clearfix\" style=\"display:block; height:auto;\">\n\t\t\n<style>\n#gap-2088747790 {\n  padding-top: 0px;\n}\n@media (min-width:550px) {\n  #gap-2088747790 {\n    padding-top: 50px;\n  }\n}\n@media (min-width:850px) {\n  #gap-2088747790 {\n    padding-top: 50px;\n  }\n}\n<\/style>\n\t<\/div>\n\t\n<div>\n\t<div id=\"text-3457077762\" class=\"text\">\n\t\t\n<div><span style=\"font-size: 160%;\"><strong>Creazione di contenuti AI<\/strong><\/span><\/div>\n<div>Pi\u00f9 visibilit\u00e0 per la vostra agenzia di viaggi<\/div>\n\t\t\n<style>\n#text-3457077762 {\n  font-size: 1.4rem;\n  line-height: 1.15;\n  text-align: center;\n  color: rgb(255, 255, 255);\n}\n#text-3457077762 > * {\n  color: rgb(255, 255, 255);\n}\n@media (min-width:550px) {\n  #text-3457077762 {\n    font-size: 2.1rem;\n    line-height: 1.15;\n  }\n}\n@media (min-width:850px) {\n  #text-3457077762 {\n    font-size: 2.4rem;\n  }\n}\n<\/style>\n\t<\/div>\n\t\n\t<div id=\"gap-1889742984\" class=\"gap-element clearfix\" style=\"display:block; height:auto;\">\n\t\t\n<style>\n#gap-1889742984 {\n  padding-top: 20px;\n}\n@media (min-width:550px) {\n  #gap-1889742984 {\n    padding-top: 20px;\n  }\n}\n@media (min-width:850px) {\n  #gap-1889742984 {\n    padding-top: 30px;\n  }\n}\n<\/style>\n\t<\/div>\n\t\n<\/div>\n<div class=\"row\"  id=\"row-1763825323\">\n\n\t<div id=\"col-132250736\" class=\"col small-12 large-12\"  >\n\t\t\t\t<div class=\"col-inner text-center\"  >\n\t\t\t\n\t\t\t\n<a href=\"https:\/\/travelperformance.net\/it\/product-category\/seo-dienste\/\" class=\"button white is-large\"  style=\"padding:0px 30px 0px 30px;\">\n\t\t<span>Alle offerte<\/span>\n\t<\/a>\n\n\t\t<\/div>\n\t\t\t\t\n<style>\n#col-132250736 > .col-inner {\n  padding: 0px 0px 0px 0px;\n  margin: -10px 0px 0px 0px;\n}\n<\/style>\n\t<\/div>\n\n\t\n<\/div>\n\t\t<\/div>\n\t\t\t\t\t<\/div>\n\n\t\n<\/div>\n\t\t<\/div>\n\n\t\t\n<style>\n#section_2142422261 {\n  padding-top: 20px;\n  padding-bottom: 20px;\n  min-height: 770px;\n}\n#section_2142422261 .section-bg-overlay {\n  background-color: rgba(0, 85, 157, 0.157);\n}\n@media (min-width:550px) {\n  #section_2142422261 {\n    min-height: 800px;\n  }\n}\n<\/style>\n\t<\/section>\n\t\n\n\t<section class=\"section\" id=\"section_900777663\">\n\t\t<div class=\"section-bg fill\" >\n\t\t\t\t\t\t\t\t\t\n\t\t\t\n\t<div class=\"is-border\"\n\t\tstyle=\"border-width:0px 0px 0px 0px;\">\n\t<\/div>\n\n\t\t<\/div>\n\n\t\t\n\n\t\t<div class=\"section-content relative\">\n\t\t\t\n<div class=\"row align-center\"  id=\"row-1943672497\">\n\n\t<div id=\"col-851493987\" class=\"col small-11 large-12\"  >\n\t\t\t\t<div class=\"col-inner text-center\"  >\n\t\t\t\n\t\t\t\n<span class=\"scroll-to\" data-label=\"Scroll to: #leistungen\" data-bullet=\"true\" data-link=\"#leistungen\" data-title=\"Leistungen\" ><a name=\"leistungen\"><\/a><\/span>\n<div class=\"row row-small row-box-shadow-1 row-box-shadow-4-hover\"  id=\"row-2042835948\">\n\n\t<div id=\"col-412822075\" class=\"col medium-6 small-12 large-3 col-hover-focus\"  >\n\t\t\t\t<div class=\"col-inner\"  >\n\t\t\t\n\t\t\t\n\n\t\t<div class=\"icon-box featured-box icon-box-center text-center\"  >\n\t\t\t\t<div class=\"icon-box-text last-reset\">\n\t\t\t\t\t\t\t\t\t\n\t<div id=\"text-4173332994\" class=\"text\">\n\t\t\n<h2><strong><span style=\"color: #084085;\">Contenuti di alta qualit\u00e0<\/span><\/strong><\/h2>\n<p>I contenuti ottimizzati dall'intelligenza artificiale, informativi e accattivanti, vi aiutano a presentare la vostra agenzia di viaggi online nel miglior modo possibile.<\/p>\n\t\t\n<style>\n#text-4173332994 {\n  font-size: 1rem;\n  line-height: 1.05;\n  color: rgb(0,0,0);\n}\n#text-4173332994 > * {\n  color: rgb(0,0,0);\n}\n@media (min-width:550px) {\n  #text-4173332994 {\n    font-size: 1rem;\n    line-height: 1.5;\n  }\n}\n@media (min-width:850px) {\n  #text-4173332994 {\n    font-size: 1rem;\n  }\n}\n<\/style>\n\t<\/div>\n\t\n\t\t<\/div>\n\t<\/div>\n\t\n\t\n\t\t<\/div>\n\t\t\t\t\t<\/div>\n\n\t\n\n\t<div id=\"col-1145965157\" class=\"col medium-6 small-12 large-3 col-hover-focus\"  >\n\t\t\t\t<div class=\"col-inner\"  >\n\t\t\t\n\t\t\t\n\n\t\t<div class=\"icon-box featured-box icon-box-center text-center\"  >\n\t\t\t\t<div class=\"icon-box-text last-reset\">\n\t\t\t\t\t\t\t\t\t\n\t<div id=\"text-2477484474\" class=\"text\">\n\t\t\n<h2><span style=\"color: #084085;\"><strong>Migliori classifiche<\/strong><\/span><\/h2>\n<p>Contenuti regolari e freschi aumentano la vostra visibilit\u00e0 nei motori di ricerca e vi portano tra i primi risultati.<\/p>\n\t\t\n<style>\n#text-2477484474 {\n  font-size: 1rem;\n  line-height: 1.05;\n  color: rgb(0,0,0);\n}\n#text-2477484474 > * {\n  color: rgb(0,0,0);\n}\n@media (min-width:550px) {\n  #text-2477484474 {\n    font-size: 1rem;\n    line-height: 1.5;\n  }\n}\n@media (min-width:850px) {\n  #text-2477484474 {\n    font-size: 1rem;\n  }\n}\n<\/style>\n\t<\/div>\n\t\n\t\t<\/div>\n\t<\/div>\n\t\n\t\n\t\t<\/div>\n\t\t\t\t\t<\/div>\n\n\t\n\n\t<div id=\"col-2063726338\" class=\"col medium-6 small-12 large-3 col-hover-focus\"  >\n\t\t\t\t<div class=\"col-inner\"  >\n\t\t\t\n\t\t\t\n\n\t\t<div class=\"icon-box featured-box icon-box-center text-center\"  >\n\t\t\t\t<div class=\"icon-box-text last-reset\">\n\t\t\t\t\t\t\t\t\t\n\t<div id=\"text-1693476559\" class=\"text\">\n\t\t\n<h2><span style=\"color: #084085;\"><strong>Risparmio sui costi<\/strong><\/span><\/h2>\n<p>Riceverete contenuti professionali senza dover investire tempo in prima persona, risparmiando cos\u00ec i costosi costi di agenzia.<\/p>\n\t\t\n<style>\n#text-1693476559 {\n  font-size: 1rem;\n  line-height: 1.05;\n  color: rgb(0,0,0);\n}\n#text-1693476559 > * {\n  color: rgb(0,0,0);\n}\n@media (min-width:550px) {\n  #text-1693476559 {\n    font-size: 1rem;\n    line-height: 1.5;\n  }\n}\n@media (min-width:850px) {\n  #text-1693476559 {\n    font-size: 1rem;\n  }\n}\n<\/style>\n\t<\/div>\n\t\n\t\t<\/div>\n\t<\/div>\n\t\n\t\n\t\t<\/div>\n\t\t\t\t\t<\/div>\n\n\t\n\n\t<div id=\"col-1086266032\" class=\"col medium-6 small-12 large-3 col-hover-focus\"  >\n\t\t\t\t<div class=\"col-inner\"  >\n\t\t\t\n\t\t\t\n\n\t\t<div class=\"icon-box featured-box icon-box-center text-center\"  >\n\t\t\t\t<div class=\"icon-box-text last-reset\">\n\t\t\t\t\t\t\t\t\t\n\t<div id=\"text-1769236447\" class=\"text\">\n\t\t\n<h2><span style=\"color: #084085;\"><strong>Successo garantito<\/strong><\/span><\/h2>\n<p>Con contenuti continui e ottimizzati, vi assicurate un miglioramento stabile e a lungo termine della vostra presenza online.<\/p>\n\t\t\n<style>\n#text-1769236447 {\n  font-size: 1rem;\n  line-height: 1.05;\n  color: rgb(0,0,0);\n}\n#text-1769236447 > * {\n  color: rgb(0,0,0);\n}\n@media (min-width:550px) {\n  #text-1769236447 {\n    font-size: 1rem;\n    line-height: 1.5;\n  }\n}\n@media (min-width:850px) {\n  #text-1769236447 {\n    font-size: 1rem;\n  }\n}\n<\/style>\n\t<\/div>\n\t\n\t\t<\/div>\n\t<\/div>\n\t\n\t\n\t\t<\/div>\n\t\t\t\t\t<\/div>\n\n\t\n\n<style>\n#row-2042835948 > .col > .col-inner {\n  padding: 30px 30px 30px 30px;\n  background-color: rgb(255,255,255);\n}\n<\/style>\n<\/div>\n\t\t<\/div>\n\t\t\t\t\n<style>\n#col-851493987 > .col-inner {\n  margin: -100px 0px 0px 0px;\n}\n<\/style>\n\t<\/div>\n\n\t\n<\/div>\n\t\t<\/div>\n\n\t\t\n<style>\n#section_900777663 {\n  padding-top: 0px;\n  padding-bottom: 0px;\n}\n<\/style>\n\t<\/section>\n\t\n\n\t<section class=\"section\" id=\"section_85403159\">\n\t\t<div class=\"section-bg fill\" >\n\t\t\t\t\t\t\t\t\t\n\t\t\t\n\n\t\t<\/div>\n\n\t\t\n\n\t\t<div class=\"section-content relative\">\n\t\t\t\n<div class=\"row\"  id=\"row-373154371\">\n\n\t<div id=\"col-318281023\" class=\"col small-12 large-12\"  >\n\t\t\t\t<div class=\"col-inner\"  >\n\t\t\t\n\t\t\t\n<div class=\"row row-collapse\"  id=\"row-1979313834\">\n\n\t<div id=\"col-1932019619\" class=\"col small-12 large-12\"  >\n\t\t\t\t<div class=\"col-inner\"  >\n\t\t\t\n\t\t\t\n<span class=\"scroll-to\" data-label=\"Scroll to: #warum\" data-bullet=\"true\" data-link=\"#warum\" data-title=\"Warum wir\" ><a name=\"warum\"><\/a><\/span>\n\n\t<section class=\"section dark has-parallax\" id=\"section_1129340904\">\n\t\t<div class=\"section-bg fill\" data-parallax-container=\".section\" data-parallax-background data-parallax=\"-5\">\n\t\t\t<img loading=\"lazy\" decoding=\"async\" width=\"2560\" height=\"1707\" src=\"https:\/\/travelperformance.net\/wp-content\/uploads\/2024\/09\/google-analytics-phone-stockpack-unsplash-scaled.jpg\" class=\"bg attachment- size-\" alt=\"Telefono analitico di Google\" \/>\t\t\t\t\t\t<div class=\"section-bg-overlay absolute fill\"><\/div>\n\t\t\t\n\n\t\t<\/div>\n\n\t\t\n\n\t\t<div class=\"section-content relative\">\n\t\t\t\n<div class=\"row\"  id=\"row-556116309\">\n\n\t<div id=\"col-229059464\" class=\"col medium-12 small-12 large-9\"  >\n\t\t\t\t<div class=\"col-inner text-left\"  >\n\t\t\t\n\t\t\t\n\t<div id=\"gap-196258532\" class=\"gap-element clearfix\" style=\"display:block; height:auto;\">\n\t\t\n<style>\n#gap-196258532 {\n  padding-top: 30px;\n}\n<\/style>\n\t<\/div>\n\t\n\t<div id=\"gap-351614809\" class=\"gap-element clearfix\" style=\"display:block; height:auto;\">\n\t\t\n<style>\n#gap-351614809 {\n  padding-top: 30px;\n}\n<\/style>\n\t<\/div>\n\t\n\t<div id=\"text-700004035\" class=\"text\">\n\t\t\n<p><span style=\"font-size: 150%;\"><strong>La chiave per un miglior posizionamento su Google<\/strong><\/span><\/p>\n\t\t\n<style>\n#text-700004035 {\n  font-size: 1.35rem;\n  line-height: 0.75;\n  text-align: center;\n  color: rgb(255, 255, 255);\n}\n#text-700004035 > * {\n  color: rgb(255, 255, 255);\n}\n@media (min-width:550px) {\n  #text-700004035 {\n    font-size: 2.1rem;\n    line-height: 0.95;\n    text-align: center;\n  }\n}\n@media (min-width:850px) {\n  #text-700004035 {\n    text-align: left;\n  }\n}\n<\/style>\n\t<\/div>\n\t\n\t<div id=\"text-4281227925\" class=\"text\">\n\t\t\n<p>Con la nostra creazione di contenuti AI per il sito web della vostra agenzia di viaggi, riceverete regolarmente contenuti freschi, informativi e ottimizzati per la SEO.<\/p>\n\t\t\n<style>\n#text-4281227925 {\n  font-size: 1.1rem;\n  line-height: 1.1;\n  text-align: left;\n}\n@media (min-width:550px) {\n  #text-4281227925 {\n    font-size: 1.4rem;\n    line-height: 1.2;\n    text-align: left;\n  }\n}\n@media (min-width:850px) {\n  #text-4281227925 {\n    text-align: left;\n  }\n}\n<\/style>\n\t<\/div>\n\t\n<a href=\"#kontakt\" class=\"button white is-large hide-for-small\"  style=\"padding:0px 30px 0px 30px;\">\n\t\t<span>Consulenza gratuita<\/span>\n\t<\/a>\n\n<a data-animate=\"fadeInUp\" href=\"#kontakt\" class=\"button white is-large expand show-for-small\"  style=\"padding:0px 30px 0px 30px;\">\n\t\t<span>Consulenza gratuita<\/span>\n\t<\/a>\n\n\t\t<\/div>\n\t\t\t\t\n<style>\n#col-229059464 > .col-inner {\n  padding: 0px 0px 0px 0;\n}\n@media (min-width:550px) {\n  #col-229059464 > .col-inner {\n    padding: 0px 0px 0px 0px;\n  }\n}\n@media (min-width:850px) {\n  #col-229059464 > .col-inner {\n    padding: 0px 0px 0px 20px;\n  }\n}\n<\/style>\n\t<\/div>\n\n\t\n<\/div>\n\t\t<\/div>\n\n\t\t\n<style>\n#section_1129340904 {\n  padding-top: 0px;\n  padding-bottom: 0px;\n  min-height: 450px;\n}\n#section_1129340904 .section-bg-overlay {\n  background-color: rgba(0, 85, 157, 0.616);\n}\n#section_1129340904 .section-bg img {\n  object-position: top;\n}\n@media (min-width:550px) {\n  #section_1129340904 {\n    min-height: 500px;\n  }\n}\n<\/style>\n\t<\/section>\n\t\n\t\t<\/div>\n\t\t\t\t\t<\/div>\n\n\t\n<\/div>\n<div class=\"row row-collapse align-equal\"  id=\"row-60127910\">\n\n\t<div id=\"col-614747657\" class=\"col medium-12 small-12 large-12\"  >\n\t\t\t\t<div class=\"col-inner text-center dark\" style=\"background-color:#084085;\" >\n\t\t\t\n\t\t\t\n\t<div id=\"text-872663852\" class=\"text\">\n\t\t\n<p>Questi articoli di alta qualit\u00e0 sui viaggi e su argomenti correlati sono fondamentali per promuovere il vostro sito web. <strong>Google al top<\/strong> di portare. Google premia le pagine regolarmente aggiornate con un miglior posizionamento e pi\u00f9 la vostra pagina \u00e8 visibile, pi\u00f9 i clienti si accorgeranno di voi. Con i nostri contenuti personalizzati, facciamo in modo che il vostro sito non solo sia bello, ma venga anche trovato.<\/p>\n<h3><strong>Il vostro successo su Google \u00e8 garantito da aggiornamenti regolari!<\/strong><\/h3>\n\t\t\n<style>\n#text-872663852 {\n  font-size: 1.1rem;\n  line-height: 1.2;\n  text-align: center;\n}\n@media (min-width:550px) {\n  #text-872663852 {\n    font-size: 1.4rem;\n    text-align: center;\n  }\n}\n@media (min-width:850px) {\n  #text-872663852 {\n    text-align: left;\n  }\n}\n<\/style>\n\t<\/div>\n\t\n\t\t<\/div>\n\t\t\t\t\n<style>\n#col-614747657 > .col-inner {\n  padding: 30px 10% 20px 10%;\n}\n@media (min-width:550px) {\n  #col-614747657 > .col-inner {\n    padding: 50px 50px 50px 50px;\n  }\n}\n<\/style>\n\t<\/div>\n\n\t\n<\/div>\n\t\t<\/div>\n\t\t\t\t\t<\/div>\n\n\t\n<\/div>\n\t\t<\/div>\n\n\t\t\n<style>\n#section_85403159 {\n  padding-top: 30px;\n  padding-bottom: 30px;\n}\n<\/style>\n\t<\/section>\n\t\n\t<div id=\"gap-1775229799\" class=\"gap-element clearfix\" style=\"display:block; height:auto;\">\n\t\t\n<style>\n#gap-1775229799 {\n  padding-top: 0px;\n}\n@media (min-width:550px) {\n  #gap-1775229799 {\n    padding-top: 30px;\n  }\n}\n<\/style>\n\t<\/div>\n\t\n<div class=\"row\"  id=\"row-168320297\">\n\n\t<div id=\"col-668028039\" class=\"col small-12 large-12\"  >\n\t\t\t\t<div class=\"col-inner text-center\"  >\n\t\t\t\n\t\t\t\n<a href=\"#kontakt\" class=\"button primary is-xlarge hide-for-small\"  style=\"padding:0px 30px 0px 30px;\">\n\t\t<span>Richiedi una consulenza gratuita<\/span>\n\t<\/a>\n\n<a data-animate=\"fadeInUp\" href=\"#kontakt\" class=\"button primary is-large show-for-small\"  style=\"padding:0px 30px 0px 30px;\">\n\t\t<span>Richiedi una consulenza gratuita<\/span>\n\t<\/a>\n\n\t<div id=\"gap-1745173969\" class=\"gap-element clearfix\" style=\"display:block; height:auto;\">\n\t\t\n<style>\n#gap-1745173969 {\n  padding-top: 0px;\n}\n@media (min-width:550px) {\n  #gap-1745173969 {\n    padding-top: 60px;\n  }\n}\n<\/style>\n\t<\/div>\n\t\n\t\t<\/div>\n\t\t\t\t\t<\/div>\n\n\t\n<\/div>\n<span class=\"scroll-to\" data-label=\"Scroll to: #kontakt\" data-bullet=\"true\" data-link=\"#kontakt\" data-title=\"Kontakt\" ><a name=\"kontakt\"><\/a><\/span>","protected":false},"excerpt":{"rendered":"","protected":false},"author":1,"featured_media":0,"parent":0,"menu_order":0,"comment_status":"closed","ping_status":"closed","template":"page-transparent-header-light.php","meta":{"bwfblock_default_font":"","footnotes":""},"class_list":["post-1167","page","type-page","status-publish","hentry"],"_links":{"self":[{"href":"https:\/\/travelperformance.net\/it\/wp-json\/wp\/v2\/pages\/1167","targetHints":{"allow":["GET"]}}],"collection":[{"href":"https:\/\/travelperformance.net\/it\/wp-json\/wp\/v2\/pages"}],"about":[{"href":"https:\/\/travelperformance.net\/it\/wp-json\/wp\/v2\/types\/page"}],"author":[{"embeddable":true,"href":"https:\/\/travelperformance.net\/it\/wp-json\/wp\/v2\/users\/1"}],"replies":[{"embeddable":true,"href":"https:\/\/travelperformance.net\/it\/wp-json\/wp\/v2\/comments?post=1167"}],"version-history":[{"count":9,"href":"https:\/\/travelperformance.net\/it\/wp-json\/wp\/v2\/pages\/1167\/revisions"}],"predecessor-version":[{"id":1603,"href":"https:\/\/travelperformance.net\/it\/wp-json\/wp\/v2\/pages\/1167\/revisions\/1603"}],"wp:attachment":[{"href":"https:\/\/travelperformance.net\/it\/wp-json\/wp\/v2\/media?parent=1167"}],"curies":[{"name":"wp","href":"https:\/\/api.w.org\/{rel}","templated":true}]}}