{"id":688,"date":"2024-08-23T13:26:58","date_gmt":"2024-08-23T11:26:58","guid":{"rendered":"https:\/\/travelperformance.net\/impressum\/"},"modified":"2024-09-12T13:22:41","modified_gmt":"2024-09-12T11:22:41","slug":"impressum","status":"publish","type":"page","link":"https:\/\/travelperformance.net\/it\/impronta\/","title":{"rendered":"Impronta"},"content":{"rendered":"<p>&nbsp;<\/p>\n<p><img loading=\"lazy\" decoding=\"async\" class=\"alignnone wp-image-273\" src=\"https:\/\/travelperformance.net\/wp-content\/uploads\/2024\/08\/logo.svg\" alt=\"\" width=\"255\" height=\"51\" \/><\/p>\n<p><strong>Travel Performance \u00e8 un servizio di Travel Performance:<\/strong><\/p>\n<p>Better Living Unternehmensgesellschaft (haftungsbeschr\u00e4nkt)<br \/>\nVia Greifswalder 87<br \/>\n10409 Berlino<br \/>\nTribunale locale di Charlottenburg:<br \/>\nHRB 224744 B<\/p>\n<p>Codice fiscale 060\/106\/06328<\/p>\n<p>PARTITA IVA: DE344067856<\/p>\n<p><strong>Copyright, marchi e brevetti<\/strong><br \/>\nTutti i design del sito web, i testi, i suoni, le registrazioni cinematografiche, la grafica, le immagini, la programmazione e il software, in tutto o in parte, sono soggetti al copyright del gestore. Tutti i diritti sono riservati.<\/p>\n<p><strong>Dichiarazione di non responsabilit\u00e0<\/strong><br \/>\nIl sito web contiene collegamenti ipertestuali che conducono a siti web di terzi. Il gestore non ha alcuna influenza sul loro design e sul loro contenuto e pertanto non si assume alcuna responsabilit\u00e0 per l'accuratezza, l'attualit\u00e0, la completezza e la qualit\u00e0 delle informazioni ivi fornite. Gli utenti sono pregati di rivolgersi direttamente al gestore del sito in questione per qualsiasi dubbio relativo a tale sito web. Tutti i collegamenti ipertestuali sono stati controllati da noi al momento della creazione del sito, ma non vengono controllati regolarmente. Sch\u00f6ner Reisen und Entertainment GmbH prende espressamente le distanze dal contenuto dei siti web esterni. Questo sito web si trova su un server del nostro provider in un centro di calcolo nella Repubblica Federale di Germania.<\/p>\n<p><strong>Dichiarazione di non responsabilit\u00e0<\/strong><br \/>\nSono fondamentalmente escluse le richieste di responsabilit\u00e0 nei confronti dell'autore per danni materiali o immateriali causati dall'uso o dal mancato uso delle informazioni fornite o dall'uso di informazioni errate o incomplete. L'autore si riserva espressamente il diritto di modificare, integrare o cancellare parti delle pagine o l'intero sito web senza preavviso o di interrompere temporaneamente o definitivamente la pubblicazione.<\/p>\n<p><a href=\"https:\/\/webgate.ec.europa.eu\/odr\/main\/index.cfm?event=main.home.chooseLanguage\"><img decoding=\"async\" src=\"https:\/\/xn--gnstiger-reisen-zvb.de\/images\/streitbeilegung.jpg\" alt=\"webgate\" \/><\/a><\/p>","protected":false},"excerpt":{"rendered":"<p>&nbsp; Travel Performance \u00e8 un servizio fornito da: Better Living Unternehmensgesellschaft (haftungsbeschr\u00e4nkt) Greifswalder Str. 87 10409 Berlin Amtsgericht Charlottenburg: HRB 224744 B Steuerr. 060\/106\/06328 Ust-ID: DE344067856 Diritti d'autore, marchi e brevetti Tutti i design del sito web, i testi, i suoni, le registrazioni cinematografiche, la grafica, le immagini, la programmazione e il software, in tutto o in parte, sono soggetti al copyright del gestore. Tutti i diritti sono riservati. Disclaimer Il sito [...]","protected":false},"author":1,"featured_media":0,"parent":0,"menu_order":0,"comment_status":"closed","ping_status":"closed","template":"","meta":{"bwfblock_default_font":"","footnotes":""},"class_list":["post-688","page","type-page","status-publish","hentry"],"_links":{"self":[{"href":"https:\/\/travelperformance.net\/it\/wp-json\/wp\/v2\/pages\/688","targetHints":{"allow":["GET"]}}],"collection":[{"href":"https:\/\/travelperformance.net\/it\/wp-json\/wp\/v2\/pages"}],"about":[{"href":"https:\/\/travelperformance.net\/it\/wp-json\/wp\/v2\/types\/page"}],"author":[{"embeddable":true,"href":"https:\/\/travelperformance.net\/it\/wp-json\/wp\/v2\/users\/1"}],"replies":[{"embeddable":true,"href":"https:\/\/travelperformance.net\/it\/wp-json\/wp\/v2\/comments?post=688"}],"version-history":[{"count":3,"href":"https:\/\/travelperformance.net\/it\/wp-json\/wp\/v2\/pages\/688\/revisions"}],"predecessor-version":[{"id":1426,"href":"https:\/\/travelperformance.net\/it\/wp-json\/wp\/v2\/pages\/688\/revisions\/1426"}],"wp:attachment":[{"href":"https:\/\/travelperformance.net\/it\/wp-json\/wp\/v2\/media?parent=688"}],"curies":[{"name":"wp","href":"https:\/\/api.w.org\/{rel}","templated":true}]}}