{"id":690,"date":"2024-08-23T13:26:58","date_gmt":"2024-08-23T11:26:58","guid":{"rendered":"https:\/\/travelperformance.net\/agb\/"},"modified":"2024-09-12T13:55:39","modified_gmt":"2024-09-12T11:55:39","slug":"agb","status":"publish","type":"page","link":"https:\/\/travelperformance.net\/it\/agb\/","title":{"rendered":"GTC"},"content":{"rendered":"<h3><\/h3>\n<h3><strong>Termini e condizioni generali<\/strong><\/h3>\n<p><span style=\"color: #333333;\">1 - Ambito di applicazione, definizioni<\/span><\/p>\n<p>Le seguenti condizioni generali di contratto si applicano esclusivamente al rapporto commerciale tra il fornitore e il cliente nella versione valida al momento della stipula del contratto. Condizioni diverse del cliente non vengono riconosciute, a meno che il fornitore non ne accetti espressamente la validit\u00e0. Ci\u00f2 vale anche se non ci opponiamo espressamente all'inserimento delle condizioni del cliente.<br \/>\nPer \"consumatore\" ai sensi dei presenti termini e condizioni si intende qualsiasi persona fisica che conclude il contratto per uno scopo che non pu\u00f2 essere attribuito principalmente alla sua attivit\u00e0 commerciale o professionale indipendente (Sezione 13 del Codice Civile tedesco - BGB).<\/p>\n<p>Per \"imprenditore\" si intende una persona fisica o giuridica o una societ\u00e0 di persone con capacit\u00e0 giuridica che, al momento della stipula del contratto, agisce nell'esercizio della propria attivit\u00e0 commerciale o professionale indipendente (art. 14 (1) BGB).<\/p>\n<p>\u00a7 2 - Conclusione del contratto<\/p>\n<p>Se viene stipulato un contratto, il contratto viene stipulato con\u00a0<a href=\"https:\/\/travelperformance.net\/it\/impronta\/\">Vivere meglio UG<\/a>. La presentazione dei servizi sul sito web del fornitore non costituisce un'offerta giuridicamente vincolante, bens\u00ec un invito a presentare un'offerta. Ordinando il servizio desiderato, il cliente presenta un'offerta vincolante per la stipula di un contratto, completando con successo la procedura d'ordine prevista.<\/p>\n<p>Il fornitore non si assume alcuna responsabilit\u00e0 per le conseguenze derivanti dai rapporti giuridici tra il cliente e i follower\/utenti. Allo stesso modo, il fornitore non si assume alcuna responsabilit\u00e0 per le conseguenze derivanti dai rapporti legali tra il cliente e i fornitori di piattaforme o gli operatori di Instagram, TikTok o Facebook o altri fornitori di piattaforme sociali. Allo stesso modo, non si assume alcuna responsabilit\u00e0 o garanzia in merito alla qualit\u00e0, alla durata o all'autenticit\u00e0 di follower, like o altro. Per saperne di pi\u00f9, consultare i punti \u00a7 6-9<\/p>\n<p>L'ordine viene effettuato nelle seguenti fasi:<br \/>\nSelezione del servizio desiderato<br \/>\nSelezione delle opzioni (ad esempio, restrizione dell'origine o periodo di collocamento, numero, ecc.)<br \/>\nSpecifica dello scopo del rinvio (ad es. nome del profilo o link della pagina)<\/p>\n<p>\u00a7 3 - Prezzi, scadenza, pagamento<br \/>\nTutti i prezzi indicati dal fornitore sono prezzi netti e non includono l'IVA di legge e altri componenti del prezzo. Trattandosi di un servizio, non sono previste spese di spedizione.<\/p>\n<p>Il cliente ha la possibilit\u00e0 di pagare tramite PayPal. In questo caso, i pagamenti vengono elaborati da PayPal (PayPal (Europe) S.\u00e0 r.l. et Cie, S.C.A., 22-24 Boulevard Royal, L-2449 Lussemburgo), con cui il fornitore collabora per i pagamenti e la fatturazione. In caso di pagamento tramite PayPal, si applicano le rispettive condizioni d'uso e\/o le informazioni sulla protezione dei dati di PayPal. Con carta di credito. In questo caso, i pagamenti vengono elaborati tramite Stripe, con cui il fornitore collabora per il pagamento e la fatturazione.  In caso di pagamento tramite Paylike, si applicano le rispettive condizioni d'uso e\/o le informazioni sulla protezione dei dati di Stripe.<\/p>\n<p>Il pagamento del compenso pattuito \u00e8 dovuto alla conclusione del contratto (invio del pulsante d'ordine). La compensazione di un credito dell'offerente con un credito proprio del cliente \u00e8 consentita solo se questo \u00e8 incontestato o \u00e8 stato legalmente stabilito o se il cliente ne ha diritto in base alla sua affermazione conclusiva e comprovata da questa transazione per la quale viene rivendicato il rispettivo credito. Non \u00e8 possibile far valere un diritto di ritenzione derivante da transazioni precedenti o diverse dal rapporto contrattuale in questione. La cessione dei crediti richiede il consenso esplicito del fornitore.<\/p>\n<p>\u00a7 4 - Prestazioni<br \/>\nIl servizio contrattuale del fornitore consiste nella creazione di contenuti generati dall'intelligenza artificiale e nella loro pubblicazione sulle piattaforme desiderate dal cliente. A scanso di equivoci, si precisa che non si tratta di una vendita degli stessi, ma di un mero servizio pubblicitario nel senso di un'intermediazione. L'offerente fornir\u00e0 il servizio concordato entro la durata specificata nella rispettiva descrizione dei servizi dopo la stipula del contratto e il ricevimento del pagamento, a condizione che il cliente abbia dato il proprio consenso esplicito affinch\u00e9 l'offerente inizi il servizio prima della scadenza del termine di cancellazione nell'ambito del diritto di cancellazione. Se il cliente non d\u00e0 il suo esplicito consenso all'inizio del servizio prima della scadenza del termine di cancellazione, il servizio sar\u00e0 fornito dopo la ricezione del pagamento e dopo che siano trascorsi 14 giorni dalla conclusione del contratto. Se il cliente \u00e8 un imprenditore, per cui non sussiste il diritto di recesso, il servizio verr\u00e0 fornito entro il termine specificato nella rispettiva descrizione dei servizi dopo la stipula del contratto e la ricezione del pagamento.<\/p>\n<p>A causa dell'oggetto concordato del contratto, il cliente \u00e8 consapevole che non \u00e8 possibile garantire un numero specifico di follower, like o visualizzazioni video. Il numero concordato risulta dal contratto sottostante. Al fine di compensare eventuali perdite inerenti alla natura dell'oggetto, l'offerente effettuer\u00e0 un collocamento supplementare di almeno 10% della quantit\u00e0 concordata. Un eccesso di fornitura non costituisce in alcun caso un difetto. Lo stesso vale per l'insufficienza dell'intermediazione supplementare.<\/p>\n<p>La base per la fornitura del servizio come conforme al contratto \u00e8 una corrispondente prova di esecuzione da parte del fornitore. Di norma, questa prova di prestazione \u00e8 fornita da screenshot della lettura del contatore creata dal fornitore in relazione al servizio concordato o documentando la lettura del contatore e salvando una marca temporale. La lettura del contatore all'inizio e alla fine della misura da parte del fornitore \u00e8 decisiva. In caso di ordini multipli, \u00e8 determinante la lettura del contatore al momento dell'ultimo ordine eseguito dal fornitore. Il cliente \u00e8 consapevole del fatto che la messa in funzione parallela di un altro fornitore di servizi con una misura simile pu\u00f2 portare a una falsificazione del risultato e che non \u00e8 possibile stabilire se i risultati siano attribuibili al fornitore o all'altro fornitore di servizi. Ci\u00f2 non costituisce un difetto e quindi una richiesta di garanzia. Tale procedura \u00e8 a carico del cliente. Si noti inoltre che il conteggio pu\u00f2 essere visualizzato con un certo ritardo.<\/p>\n<p>Il cliente \u00e8 consapevole del fatto che la sua presenza sui social media deve essere accessibile a tutti gli utenti della rispettiva piattaforma per motivi tecnici (ad esempio, per visualizzare la lettura del contatore) fino a quando l'intermediazione non \u00e8 stata completata con successo. Se la presenza sui social media viene cancellata o le impostazioni del profilo sono impostate su \"privato\", ad esempio, l'intermediazione non pu\u00f2 essere completata o eseguita. Se per questo motivo non \u00e8 possibile portare a termine l'intermediazione, il cliente ricever\u00e0 una richiesta unica per ordine via e-mail con un termine di 7 giorni per rendere accessibile la sua presenza sui social media a tutti gli utenti della piattaforma in modo da rendere possibile l'intermediazione. Allo scadere di quest'ultimo termine, l'offerente \u00e8 esonerato dall'obbligo di prestazione. Qualsiasi pretesa di prestazione da parte del cliente decade. In questo caso, il cliente non sar\u00e0 rimborsato (nemmeno in misura proporzionale).<\/p>\n<p>\u00a7 5 - Disposizioni generali<br \/>\nIl cliente si impegna a utilizzare i servizi dell'offerente solo per le presenze sui social media di cui \u00e8 proprietario e responsabile.<br \/>\nIl cliente deve garantire che le presenze sui social media di cui al paragrafo 1 siano conformi alla legge tedesca e non violino i diritti di terzi. L'offerente non effettua un controllo legale e non si assume alcuna responsabilit\u00e0. \u00c8 responsabilit\u00e0 del cliente garantire che i suoi contenuti siano leciti e non violino i diritti di terzi.<\/p>\n<p>Il fornitore si riserva il diritto di rifiutare il servizio in relazione a determinati contenuti. Si tratta in particolare di Contenuti illegali, in particolare contenuti che violano le disposizioni penali, di protezione dei dati, di privacy, di licenza o di copyright, contenuti politici, religiosi, discriminatori, diffamatori o anticostituzionali come contenuti razzisti, sessisti o pornografici, contenuti che esaltano la violenza, scommesse, giochi d'azzardo, concorsi, votazioni<\/p>\n<p>In questi casi, il cliente dovr\u00e0 anche assicurarsi che il contenuto di cui sopra non sia interessato dal suo ordine. Il cliente deve verificare il contenuto in modo indipendente e prima di effettuare un ordine e si impegna a non effettuare un ordine che includa un servizio relativo a tale contenuto. Qualora il cliente effettui comunque un ordine di questo tipo, il fornitore ha il diritto di rifiutare l'esecuzione o di recedere dal contratto.<\/p>\n<p>Il cliente si impegna a tenere indenne l'offerente da tutte le richieste di risarcimento avanzate da terzi nei confronti dell'offerente a causa della violazione dei diritti di propriet\u00e0 industriale, dei diritti d'autore o di contenuti illegali e a tenere indenne l'offerente dalle spese necessarie in relazione a tali richieste o a rimborsarle. Questo diritto sussiste indipendentemente da qualsiasi colpa del cliente. Le spese necessarie comprendono in particolare anche i costi di difesa legale, comprese tutte le spese giudiziarie e legali secondo l'aliquota di legge. Il cliente \u00e8 tenuto a fornire immediatamente, in modo veritiero e completo all'offerente tutte le informazioni necessarie per l'esame dei reclami e la difesa in caso di reclamo da parte di terzi.<\/p>\n<p>I crediti che sono stati ricaricati non possono essere pagati o rimborsati. L'acquirente \u00e8 consapevole di questa condizione e la accetta. Tuttavia, il credito sar\u00e0 rimborsato se sul sito non ci sono servizi attivi che l'acquirente potrebbe utilizzare. La sospensione temporanea dei servizi (fino a 30 giorni) non cambia la situazione.<\/p>\n<p>\u00a7 6 - Responsabilit\u00e0 per difetti \/ Garanzia<br \/>\nIl cliente \u00e8 consapevole che i termini e le condizioni del fornitore o dell'operatore della piattaforma possono comportare il blocco o la perdita della pagina, del profilo, del post o del video se i follower, i \"mi piace\" o le visualizzazioni del video vengono utilizzati in cambio di un pagamento. Il fornitore non \u00e8 responsabile in questi casi. A questo proposito \u00e8 esclusa la possibilit\u00e0 di richiedere una garanzia e\/o un risarcimento. Lo stesso vale per eventuali effetti negativi, ad esempio sul posizionamento nei motori di ricerca o altri effetti collaterali indesiderati del servizio utilizzato.<\/p>\n<p>Inoltre, le seguenti esclusioni e limitazioni di responsabilit\u00e0 si applicano alle richieste di risarcimento danni, indipendentemente da qualsiasi altro requisito di legge per le richieste di risarcimento:Se non diversamente specificato nelle presenti condizioni o nel contratto stesso, l'offerente \u00e8 responsabile solo per dolo e colpa grave - compresa quella dei suoi rappresentanti legali, dipendenti, lavoratori, collaboratori, agenti e ausiliari - tranne in caso di lesioni alla vita, all'incolumit\u00e0 fisica o alla salute, dove \u00e8 prevista la responsabilit\u00e0 per dolo e colpa, a meno che non venga violato un obbligo la cui osservanza \u00e8 di particolare importanza per il raggiungimento dello scopo del contratto (obbligo cardinale). In caso di violazione di un obbligo cardinale, il prestatore \u00e8 responsabile anche per negligenza.<\/p>\n<p>In caso di violazione degli obblighi contrattuali materiali, l'offerente \u00e8 responsabile solo per il risarcimento dei danni prevedibili tipici del contratto, nella misura in cui questi siano stati causati da negligenza lieve, a meno che le richieste di risarcimento del cliente non si basino su lesioni alla vita, all'integrit\u00e0 fisica o alla salute.<br \/>\nIn conformit\u00e0 alle disposizioni di legge, l'offerente \u00e8 responsabile in caso di rivendicazioni derivanti dall'assunzione di una garanzia o di un rischio di approvvigionamento, in caso di difetti occultati in modo fraudolento, di violazione di obblighi contrattuali sostanziali, di danni in sostituzione della prestazione, sulla base della responsabilit\u00e0 obbligatoria ai sensi della legge sulla responsabilit\u00e0 del prodotto o di altre responsabilit\u00e0 obbligatorie.<\/p>\n<p>\u00a7 7 - Diritto di recesso<br \/>\nL'acquirente \u00e8 consapevole che il diritto di recesso scade al momento dell'invio dell'ordine.<\/p>\n<p>\u00a7 8 - Saldo di credito<br \/>\nI crediti che sono stati ricaricati non possono essere pagati o rimborsati. L'acquirente \u00e8 consapevole di questa condizione e la accetta.<\/p>\n<p>\u00a7 9 - Responsabilit\u00e0<br \/>\nIl fornitore non si assume alcuna responsabilit\u00e0 per le conseguenze derivanti dai rapporti giuridici tra il cliente e i follower\/utenti o i loro like e visualizzazioni video mediate. Allo stesso modo, il fornitore non si assume alcuna responsabilit\u00e0 per le conseguenze derivanti dai rapporti giuridici tra il cliente e i fornitori di piattaforme o gli operatori di Instagram, TikTok o Facebook. In particolare, il cliente, che \u00e8 un imprenditore, \u00e8 consapevole del fatto che potrebbe essere illegale, ai sensi della legge sulla concorrenza, fornire\/pubblicare i propri contenuti imprenditoriali con follower, like o visualizzazioni video ottenuti a pagamento.<\/p>\n<p>Il cliente \u00e8 consapevole che i termini e le condizioni del fornitore o dell'operatore della piattaforma possono comportare il blocco o la perdita della pagina, del profilo, del post o del video se i follower, i \"mi piace\" o le visualizzazioni del video vengono utilizzati in cambio di un pagamento. Il fornitore non \u00e8 responsabile in questi casi. A questo proposito \u00e8 esclusa la possibilit\u00e0 di richiedere una garanzia e\/o un risarcimento. Lo stesso vale per eventuali effetti negativi, ad esempio sul posizionamento nei motori di ricerca o altri effetti collaterali indesiderati del servizio utilizzato.<br \/>\nInoltre, le seguenti esclusioni e limitazioni di responsabilit\u00e0 si applicano alle richieste di risarcimento danni, indipendentemente da qualsiasi altro requisito di legge per le richieste di risarcimento:Se non diversamente specificato nelle presenti condizioni o nel contratto stesso, l'offerente \u00e8 responsabile solo per dolo e colpa grave - compresa quella dei suoi rappresentanti legali, dipendenti, lavoratori, collaboratori, agenti e ausiliari - tranne in caso di lesioni alla vita, all'incolumit\u00e0 fisica o alla salute, dove \u00e8 prevista la responsabilit\u00e0 per dolo e colpa, a meno che non venga violato un obbligo la cui osservanza \u00e8 di particolare importanza per il raggiungimento dello scopo del contratto (obbligo cardinale). In caso di violazione di un obbligo cardinale, il prestatore \u00e8 responsabile anche per negligenza.<\/p>\n<p>In caso di violazione degli obblighi contrattuali materiali, l'offerente \u00e8 responsabile solo per il risarcimento dei danni prevedibili tipici del contratto, nella misura in cui questi siano stati causati da negligenza lieve, a meno che le richieste di risarcimento del cliente non si basino su lesioni alla vita, all'integrit\u00e0 fisica o alla salute.<br \/>\nIn conformit\u00e0 alle disposizioni di legge, l'offerente \u00e8 responsabile in caso di rivendicazioni derivanti dall'assunzione di una garanzia o di un rischio di approvvigionamento, in caso di difetti occultati in modo fraudolento, di violazione di obblighi contrattuali sostanziali, di danni in sostituzione della prestazione, sulla base della responsabilit\u00e0 obbligatoria ai sensi della legge sulla responsabilit\u00e0 del prodotto o di altre responsabilit\u00e0 obbligatorie.<\/p>\n<p>\u00a7 10 - Legge applicabile<br \/>\nPer tutti i rapporti giuridici tra le parti si applica il diritto della Repubblica Federale del Portogallo, ad esclusione del diritto privato internazionale. Se il cliente \u00e8 un consumatore, sono escluse da questa scelta di legge le disposizioni obbligatorie di tutela del consumatore del paese in cui il cliente ha la sua residenza abituale.<\/p>\n<p>Il foro competente \u00e8 la Germania se il cliente \u00e8 un commerciante o una persona giuridica di diritto pubblico o un fondo speciale di diritto pubblico. Lo stesso vale per le persone che non hanno un foro generale in Germania o per le persone che hanno trasferito il loro domicilio o la loro residenza abituale al di fuori della Germania dopo la conclusione del contratto o il cui domicilio o la cui residenza abituale non sono noti al momento della presentazione dell'azione. Il fornitore ha inoltre il diritto di adire il tribunale competente per la sede legale o una filiale del cliente.<\/p>","protected":false},"excerpt":{"rendered":"<p>Condizioni generali di contratto 1 - Ambito di applicazione, definizioni Le seguenti Condizioni generali di contratto si applicano esclusivamente al rapporto commerciale tra il fornitore e il cliente nella versione valida al momento della stipula del contratto. Condizioni diverse da quelle del cliente non vengono riconosciute, a meno che l'offerente non ne accetti espressamente la validit\u00e0. Ci\u00f2 vale anche nel caso in cui ci si opponga all'inserimento di condizioni [...]","protected":false},"author":1,"featured_media":0,"parent":0,"menu_order":0,"comment_status":"closed","ping_status":"closed","template":"","meta":{"bwfblock_default_font":"","footnotes":""},"class_list":["post-690","page","type-page","status-publish","hentry"],"_links":{"self":[{"href":"https:\/\/travelperformance.net\/it\/wp-json\/wp\/v2\/pages\/690","targetHints":{"allow":["GET"]}}],"collection":[{"href":"https:\/\/travelperformance.net\/it\/wp-json\/wp\/v2\/pages"}],"about":[{"href":"https:\/\/travelperformance.net\/it\/wp-json\/wp\/v2\/types\/page"}],"author":[{"embeddable":true,"href":"https:\/\/travelperformance.net\/it\/wp-json\/wp\/v2\/users\/1"}],"replies":[{"embeddable":true,"href":"https:\/\/travelperformance.net\/it\/wp-json\/wp\/v2\/comments?post=690"}],"version-history":[{"count":2,"href":"https:\/\/travelperformance.net\/it\/wp-json\/wp\/v2\/pages\/690\/revisions"}],"predecessor-version":[{"id":1429,"href":"https:\/\/travelperformance.net\/it\/wp-json\/wp\/v2\/pages\/690\/revisions\/1429"}],"wp:attachment":[{"href":"https:\/\/travelperformance.net\/it\/wp-json\/wp\/v2\/media?parent=690"}],"curies":[{"name":"wp","href":"https:\/\/api.w.org\/{rel}","templated":true}]}}