{"id":712,"date":"2024-08-23T14:37:37","date_gmt":"2024-08-23T12:37:37","guid":{"rendered":"https:\/\/travelperformance.net\/?page_id=712"},"modified":"2024-11-04T14:29:15","modified_gmt":"2024-11-04T13:29:15","slug":"reise-videos","status":"publish","type":"page","link":"https:\/\/travelperformance.net\/it\/video-di-viaggio\/","title":{"rendered":"Video di viaggio"},"content":{"rendered":"<span class=\"scroll-to\" data-label=\"Scroll to: #home\" data-bullet=\"true\" data-link=\"#home\" data-title=\"\u00dcber Reise Videos\" ><a name=\"home\"><\/a><\/span>\n\n\t<section class=\"section\" id=\"section_1782195110\">\n\t\t<div class=\"section-bg fill\" >\n\t\t\t\t\t\t\t<div class=\"video-overlay no-click fill visible\"><\/div>\n\t<video class=\"video-bg fill visible\" preload playsinline autoplay muted loop>\n\t\t<source src=\"https:\/\/travelperformance.net\/wp-content\/uploads\/2024\/08\/Bali_10.mp4\" type=\"video\/mp4\">\t<\/video>\n\t\t\t<div class=\"section-bg-overlay absolute fill\"><\/div>\n\t\t\t\n\n\t\t<\/div>\n\n\t\t\n\n\t\t<div class=\"section-content relative\">\n\t\t\t\n<div class=\"row\"  id=\"row-617575699\">\n\n\t<div id=\"col-1065852055\" class=\"col medium-12 small-12 large-12\"  >\n\t\t\t\t<div class=\"col-inner text-shadow-2\"  >\n\t\t\t\n\t\t\t\n\t<div id=\"gap-1038057704\" class=\"gap-element clearfix\" style=\"display:block; height:auto;\">\n\t\t\n<style>\n#gap-1038057704 {\n  padding-top: 0px;\n}\n@media (min-width:550px) {\n  #gap-1038057704 {\n    padding-top: 50px;\n  }\n}\n@media (min-width:850px) {\n  #gap-1038057704 {\n    padding-top: 50px;\n  }\n}\n<\/style>\n\t<\/div>\n\t\n<div>\n\t<div id=\"text-269227001\" class=\"text\">\n\t\t\n<div><span style=\"font-size: 160%;\"><strong>Video di viaggio <\/strong><\/span><\/div>\n<div>per il vostro sito web<\/div>\n\t\t\n<style>\n#text-269227001 {\n  font-size: 1.4rem;\n  line-height: 1.15;\n  text-align: center;\n  color: rgb(255, 255, 255);\n}\n#text-269227001 > * {\n  color: rgb(255, 255, 255);\n}\n@media (min-width:550px) {\n  #text-269227001 {\n    font-size: 2.1rem;\n    line-height: 1.15;\n  }\n}\n@media (min-width:850px) {\n  #text-269227001 {\n    font-size: 2.4rem;\n  }\n}\n<\/style>\n\t<\/div>\n\t\n\t<div id=\"gap-80262746\" class=\"gap-element clearfix\" style=\"display:block; height:auto;\">\n\t\t\n<style>\n#gap-80262746 {\n  padding-top: 20px;\n}\n@media (min-width:550px) {\n  #gap-80262746 {\n    padding-top: 20px;\n  }\n}\n@media (min-width:850px) {\n  #gap-80262746 {\n    padding-top: 30px;\n  }\n}\n<\/style>\n\t<\/div>\n\t\n<\/div>\n<div class=\"row\"  id=\"row-808430815\">\n\n\t<div id=\"col-490588181\" class=\"col small-12 large-12\"  >\n\t\t\t\t<div class=\"col-inner text-center\"  >\n\t\t\t\n\t\t\t\n<a href=\"https:\/\/travelperformance.net\/it\/product\/produzione-di-video-di-viaggio-professionali\/\" class=\"button white is-large\"  style=\"padding:0px 30px 0px 30px;\">\n\t\t<span>Al prodotto<\/span>\n\t<\/a>\n\n\t\t<\/div>\n\t\t\t\t\n<style>\n#col-490588181 > .col-inner {\n  padding: 0px 0px 0px 0px;\n  margin: -10px 0px 0px 0px;\n}\n<\/style>\n\t<\/div>\n\n\t\n<\/div>\n\t\t<\/div>\n\t\t\t\t\t<\/div>\n\n\t\n<\/div>\n\t\t<\/div>\n\n\t\t\n<style>\n#section_1782195110 {\n  padding-top: 20px;\n  padding-bottom: 20px;\n  min-height: 770px;\n}\n#section_1782195110 .section-bg-overlay {\n  background-color: rgba(0, 85, 157, 0.157);\n}\n@media (min-width:550px) {\n  #section_1782195110 {\n    min-height: 800px;\n  }\n}\n<\/style>\n\t<\/section>\n\t\n\n\t<section class=\"section\" id=\"section_1733732820\">\n\t\t<div class=\"section-bg fill\" >\n\t\t\t\t\t\t\t\t\t\n\t\t\t\n\t<div class=\"is-border\"\n\t\tstyle=\"border-width:0px 0px 0px 0px;\">\n\t<\/div>\n\n\t\t<\/div>\n\n\t\t\n\n\t\t<div class=\"section-content relative\">\n\t\t\t\n<div class=\"row align-center\"  id=\"row-423697814\">\n\n\t<div id=\"col-2054499120\" class=\"col small-11 large-12\"  >\n\t\t\t\t<div class=\"col-inner text-center\"  >\n\t\t\t\n\t\t\t\n<div class=\"row row-small row-box-shadow-1 row-box-shadow-4-hover\"  id=\"row-693433518\">\n\n\t<div id=\"col-627804876\" class=\"col medium-6 small-12 large-3 col-hover-focus\"  >\n\t\t\t\t<div class=\"col-inner\"  >\n\t\t\t\n\t\t\t\n\n\t\t<div class=\"icon-box featured-box icon-box-center text-center\"  >\n\t\t\t\t<div class=\"icon-box-text last-reset\">\n\t\t\t\t\t\t\t\t\t\n\t<div id=\"text-88962612\" class=\"text\">\n\t\t\n<h2><strong><span style=\"color: #084085;\">Presentazione visiva<\/span><\/strong><\/h2>\n<p>I video danno vita alle vostre offerte di viaggio e facilitano le decisioni di acquisto dei clienti.<\/p>\n\t\t\n<style>\n#text-88962612 {\n  font-size: 1rem;\n  line-height: 1.05;\n  color: rgb(0,0,0);\n}\n#text-88962612 > * {\n  color: rgb(0,0,0);\n}\n@media (min-width:550px) {\n  #text-88962612 {\n    font-size: 1rem;\n    line-height: 1.5;\n  }\n}\n@media (min-width:850px) {\n  #text-88962612 {\n    font-size: 1rem;\n  }\n}\n<\/style>\n\t<\/div>\n\t\n\t\t<\/div>\n\t<\/div>\n\t\n\t\n\t\t<\/div>\n\t\t\t\t\t<\/div>\n\n\t\n\n\t<div id=\"col-2092303410\" class=\"col medium-6 small-12 large-3 col-hover-focus\"  >\n\t\t\t\t<div class=\"col-inner\"  >\n\t\t\t\n\t\t\t\n\n\t\t<div class=\"icon-box featured-box icon-box-center text-center\"  >\n\t\t\t\t<div class=\"icon-box-text last-reset\">\n\t\t\t\t\t\t\t\t\t\n\t<div id=\"text-2032349781\" class=\"text\">\n\t\t\n<h2><span style=\"color: #084085;\"><strong>Fiducia professionale<\/strong><\/span><\/h2>\n<p>I video ben realizzati aumentano la credibilit\u00e0 e la fiducia, convincendo i potenziali clienti.<\/p>\n\t\t\n<style>\n#text-2032349781 {\n  font-size: 1rem;\n  line-height: 1.05;\n  color: rgb(0,0,0);\n}\n#text-2032349781 > * {\n  color: rgb(0,0,0);\n}\n@media (min-width:550px) {\n  #text-2032349781 {\n    font-size: 1rem;\n    line-height: 1.5;\n  }\n}\n@media (min-width:850px) {\n  #text-2032349781 {\n    font-size: 1rem;\n  }\n}\n<\/style>\n\t<\/div>\n\t\n\t\t<\/div>\n\t<\/div>\n\t\n\t\n\t\t<\/div>\n\t\t\t\t\t<\/div>\n\n\t\n\n\t<div id=\"col-153206518\" class=\"col medium-6 small-12 large-3 col-hover-focus\"  >\n\t\t\t\t<div class=\"col-inner\"  >\n\t\t\t\n\t\t\t\n\n\t\t<div class=\"icon-box featured-box icon-box-center text-center\"  >\n\t\t\t\t<div class=\"icon-box-text last-reset\">\n\t\t\t\t\t\t\t\t\t\n\t<div id=\"text-59029822\" class=\"text\">\n\t\t\n<h2><span style=\"color: #084085;\"><strong>Legame emotivo<\/strong><\/span><\/h2>\n<p>I video suscitano emozioni, facilitano la visualizzazione del viaggio e aumentano notevolmente la propensione all'acquisto.<\/p>\n\t\t\n<style>\n#text-59029822 {\n  font-size: 1rem;\n  line-height: 1.05;\n  color: rgb(0,0,0);\n}\n#text-59029822 > * {\n  color: rgb(0,0,0);\n}\n@media (min-width:550px) {\n  #text-59029822 {\n    font-size: 1rem;\n    line-height: 1.5;\n  }\n}\n@media (min-width:850px) {\n  #text-59029822 {\n    font-size: 1rem;\n  }\n}\n<\/style>\n\t<\/div>\n\t\n\t\t<\/div>\n\t<\/div>\n\t\n\t\n\t\t<\/div>\n\t\t\t\t\t<\/div>\n\n\t\n\n\t<div id=\"col-455718775\" class=\"col medium-6 small-12 large-3 col-hover-focus\"  >\n\t\t\t\t<div class=\"col-inner\"  >\n\t\t\t\n\t\t\t\n\n\t\t<div class=\"icon-box featured-box icon-box-center text-center\"  >\n\t\t\t\t<div class=\"icon-box-text last-reset\">\n\t\t\t\t\t\t\t\t\t\n\t<div id=\"text-1363495244\" class=\"text\">\n\t\t\n<h2><span style=\"color: #084085;\"><strong>Forti vantaggi SEO<\/strong><\/span><\/h2>\n<p>I video aumentano il tempo di permanenza sul vostro sito web, con effetti positivi per la SEO e un migliore posizionamento su Google.<\/p>\n\t\t\n<style>\n#text-1363495244 {\n  font-size: 1rem;\n  line-height: 1.05;\n  color: rgb(0,0,0);\n}\n#text-1363495244 > * {\n  color: rgb(0,0,0);\n}\n@media (min-width:550px) {\n  #text-1363495244 {\n    font-size: 1rem;\n    line-height: 1.5;\n  }\n}\n@media (min-width:850px) {\n  #text-1363495244 {\n    font-size: 1rem;\n  }\n}\n<\/style>\n\t<\/div>\n\t\n\t\t<\/div>\n\t<\/div>\n\t\n\t\n\t\t<\/div>\n\t\t\t\t\t<\/div>\n\n\t\n\n<style>\n#row-693433518 > .col > .col-inner {\n  padding: 30px 30px 30px 30px;\n  background-color: rgb(255,255,255);\n}\n<\/style>\n<\/div>\n\t\t<\/div>\n\t\t\t\t\n<style>\n#col-2054499120 > .col-inner {\n  margin: -100px 0px 0px 0px;\n}\n<\/style>\n\t<\/div>\n\n\t\n<\/div>\n\t\t<\/div>\n\n\t\t\n<style>\n#section_1733732820 {\n  padding-top: 0px;\n  padding-bottom: 0px;\n}\n<\/style>\n\t<\/section>\n\t\n\n\t<section class=\"section\" id=\"section_978167445\">\n\t\t<div class=\"section-bg fill\" >\n\t\t\t\t\t\t\t\t\t\n\t\t\t\n\n\t\t<\/div>\n\n\t\t\n\n\t\t<div class=\"section-content relative\">\n\t\t\t\n<div class=\"row\"  id=\"row-1704499120\">\n\n\t<div id=\"col-485554687\" class=\"col small-12 large-12\"  >\n\t\t\t\t<div class=\"col-inner\"  >\n\t\t\t\n\t\t\t\n<div class=\"row row-collapse\"  id=\"row-1154593185\">\n\n\t<div id=\"col-1721899165\" class=\"col small-12 large-12\"  >\n\t\t\t\t<div class=\"col-inner\"  >\n\t\t\t\n\t\t\t\n<span class=\"scroll-to\" data-label=\"Scroll to: #warum\" data-bullet=\"true\" data-link=\"#warum\" data-title=\"Warum Reise Videos?\" ><a name=\"warum\"><\/a><\/span>\n\n\t<section class=\"section dark\" id=\"section_22281409\">\n\t\t<div class=\"section-bg fill\" >\n\t\t\t<img loading=\"lazy\" decoding=\"async\" width=\"1280\" height=\"853\" src=\"https:\/\/travelperformance.net\/wp-content\/uploads\/2024\/09\/ocean-sunset-person-stockpack-pixabay.jpg\" class=\"bg attachment- size-\" alt=\"oceano, tramonto, persona\" \/>\t\t\t\t\t\t<div class=\"section-bg-overlay absolute fill\"><\/div>\n\t\t\t\n\n\t\t<\/div>\n\n\t\t\n\n\t\t<div class=\"section-content relative\">\n\t\t\t\n<div class=\"row\"  id=\"row-105900483\">\n\n\t<div id=\"col-1289925052\" class=\"col medium-12 small-12 large-7\"  >\n\t\t\t\t<div class=\"col-inner text-left\"  >\n\t\t\t\n\t\t\t\n\t<div id=\"gap-1116463086\" class=\"gap-element clearfix\" style=\"display:block; height:auto;\">\n\t\t\n<style>\n#gap-1116463086 {\n  padding-top: 30px;\n}\n<\/style>\n\t<\/div>\n\t\n\t<div id=\"text-2448216422\" class=\"text\">\n\t\t\n<h2><strong>I video di viaggio danno vita alle vostre offerte<\/strong><\/h2>\n\t\t\n<style>\n#text-2448216422 {\n  font-size: 1.35rem;\n  line-height: 0.75;\n  text-align: center;\n  color: rgb(255, 255, 255);\n}\n#text-2448216422 > * {\n  color: rgb(255, 255, 255);\n}\n@media (min-width:550px) {\n  #text-2448216422 {\n    font-size: 1.85rem;\n    line-height: 1.5;\n    text-align: left;\n  }\n}\n@media (min-width:850px) {\n  #text-2448216422 {\n    text-align: left;\n  }\n}\n<\/style>\n\t<\/div>\n\t\n\t<div id=\"text-3503360255\" class=\"text\">\n\t\t\n<p><strong>Un video di viaggio professionale<\/strong> pu\u00f2 fare la differenza quando si tratta di fare le vostre offerte di viaggio. <strong>sul proprio sito web<\/strong> a presentare.<\/p>\n\t\t\n<style>\n#text-3503360255 {\n  font-size: 0.95rem;\n  line-height: 1.3;\n  text-align: center;\n}\n@media (min-width:550px) {\n  #text-3503360255 {\n    font-size: 1.4rem;\n    line-height: 1.2;\n    text-align: left;\n  }\n}\n@media (min-width:850px) {\n  #text-3503360255 {\n    text-align: left;\n  }\n}\n<\/style>\n\t<\/div>\n\t\n<a href=\"https:\/\/travelperformance.net\/it\/product\/produzione-di-video-di-viaggio-professionali\/\" class=\"button white is-large hide-for-small\"  style=\"padding:0px 30px 0px 30px;\">\n\t\t<span>Al prodotto<\/span>\n\t<\/a>\n\n<a href=\"#kontakt\" class=\"button white is-large expand show-for-small\"  style=\"padding:0px 30px 0px 30px;\">\n\t\t<span>Consulenza gratuita<\/span>\n\t<\/a>\n\n\t\t<\/div>\n\t\t\t\t\n<style>\n#col-1289925052 > .col-inner {\n  padding: 0px 0px 0px 0;\n}\n@media (min-width:550px) {\n  #col-1289925052 > .col-inner {\n    padding: 0px 0px 0px 0px;\n  }\n}\n@media (min-width:850px) {\n  #col-1289925052 > .col-inner {\n    padding: 0px 0px 0px 20px;\n  }\n}\n<\/style>\n\t<\/div>\n\n\t\n<\/div>\n\t\t<\/div>\n\n\t\t\n<style>\n#section_22281409 {\n  padding-top: 0px;\n  padding-bottom: 0px;\n  min-height: 450px;\n}\n#section_22281409 .section-bg-overlay {\n  background-color: rgba(0, 85, 157, 0.256);\n}\n@media (min-width:550px) {\n  #section_22281409 {\n    min-height: 500px;\n  }\n}\n<\/style>\n\t<\/section>\n\t\n\t\t<\/div>\n\t\t\t\t\t<\/div>\n\n\t\n<\/div>\n<div class=\"row row-collapse align-equal\"  id=\"row-1211787311\">\n\n\t<div id=\"col-2066574059\" class=\"col medium-12 small-12 large-12\"  >\n\t\t\t\t<div class=\"col-inner text-center dark\" style=\"background-color:#084085;\" >\n\t\t\t\n\t\t\t\n<div class=\"video video-fit mb box-shadow-2\" style=\"padding-top:56.25%;\"><p><iframe loading=\"lazy\" title=\"Viaggio di andata e ritorno in Messico - Sulle tracce dei Maya\" width=\"1020\" height=\"574\" src=\"https:\/\/www.youtube.com\/embed\/3qhg96BRENc?feature=oembed\" frameborder=\"0\" allow=\"accelerometer; autoplay; clipboard-write; encrypted-media; gyroscope; picture-in-picture; web-share\" referrerpolicy=\"strict-origin-when-cross-origin\" allowfullscreen><\/iframe><\/p>\n<\/div>\n\t<div id=\"text-1016858481\" class=\"text\">\n\t\t\n<p>A differenza del testo puro o delle immagini, i video possono trasmettere la bellezza e l'esperienza di un viaggio in tempo reale. Questa presentazione visiva <strong>rafforza<\/strong> non solo l'interesse, ma anche il <strong>Fiducia nella vostra agenzia di viaggi<\/strong>. Un video come questo pu\u00f2 essere la spinta finale di cui un cliente ha bisogno per finalizzare una prenotazione.<\/p>\n<h3><strong>Pi\u00f9 fiducia, pi\u00f9 clienti, pi\u00f9 prenotazioni!<\/strong><\/h3>\n\t\t\n<style>\n#text-1016858481 {\n  font-size: 1rem;\n  line-height: 1.1;\n  text-align: center;\n}\n@media (min-width:550px) {\n  #text-1016858481 {\n    font-size: 1.2rem;\n    text-align: left;\n  }\n}\n@media (min-width:850px) {\n  #text-1016858481 {\n    font-size: 1.4rem;\n    line-height: 1.2;\n    text-align: left;\n  }\n}\n<\/style>\n\t<\/div>\n\t\n\t\t<\/div>\n\t\t\t\t\n<style>\n#col-2066574059 > .col-inner {\n  padding: 30px 10% 20px 10%;\n}\n@media (min-width:550px) {\n  #col-2066574059 > .col-inner {\n    padding: 50px 50px 50px 50px;\n  }\n}\n<\/style>\n\t<\/div>\n\n\t\n<\/div>\n\t\t<\/div>\n\t\t\t\t\t<\/div>\n\n\t\n<\/div>\n\t\t<\/div>\n\n\t\t\n<style>\n#section_978167445 {\n  padding-top: 30px;\n  padding-bottom: 30px;\n}\n<\/style>\n\t<\/section>\n\t\n\t<div id=\"gap-423814738\" class=\"gap-element clearfix\" style=\"display:block; height:auto;\">\n\t\t\n<style>\n#gap-423814738 {\n  padding-top: 30px;\n}\n<\/style>\n\t<\/div>\n\t\n<span class=\"scroll-to\" data-label=\"Scroll to: #social\" data-bullet=\"true\" data-link=\"#social\" data-title=\"Vertrauen st\u00e4rken\" ><a name=\"social\"><\/a><\/span>\n<div class=\"row\"  id=\"row-2034889596\">\n\n\t<div id=\"col-1571619237\" class=\"col small-12 large-12\"  >\n\t\t\t\t<div class=\"col-inner\"  >\n\t\t\t\n\t\t\t\n<div class=\"row row-collapse\"  id=\"row-225569938\">\n\n\t<div id=\"col-1601138349\" class=\"col small-12 large-12\"  >\n\t\t\t\t<div class=\"col-inner\"  >\n\t\t\t\n\t\t\t\n\n\t<section class=\"section dark\" id=\"section_1884600721\">\n\t\t<div class=\"section-bg fill\" >\n\t\t\t\t\t\t\t\t\t\n\t\t\t\n\n\t\t<\/div>\n\n\t\t\n\n\t\t<div class=\"section-content relative\">\n\t\t\t\n<div class=\"row\"  id=\"row-1205032634\">\n\n\t<div id=\"col-2140366077\" class=\"col medium-12 small-12 large-10\"  >\n\t\t\t\t<div class=\"col-inner\"  >\n\t\t\t\n\t\t\t\n\t<div id=\"gap-2128484573\" class=\"gap-element clearfix\" style=\"display:block; height:auto;\">\n\t\t\n<style>\n#gap-2128484573 {\n  padding-top: 80px;\n}\n<\/style>\n\t<\/div>\n\t\n\t<div id=\"text-1240885698\" class=\"text\">\n\t\t\n<h3><strong>I video di viaggio rafforzano la fiducia in voi<\/strong><\/h3>\n\t\t\n<style>\n#text-1240885698 {\n  font-size: 1.5rem;\n  line-height: 1.15;\n  text-align: center;\n}\n@media (min-width:550px) {\n  #text-1240885698 {\n    font-size: 1.7rem;\n    line-height: 1.1;\n    text-align: left;\n  }\n}\n@media (min-width:850px) {\n  #text-1240885698 {\n    font-size: 2.25rem;\n    text-align: left;\n  }\n}\n<\/style>\n\t<\/div>\n\t\n\t<div id=\"text-316960546\" class=\"text\">\n\t\t\n<p><span style=\"font-size: 100%;\">In un settore in cui <strong>La fiducia e la credibilit\u00e0 giocano un ruolo fondamentale<\/strong>un video di viaggio professionale pu\u00f2 avere un'influenza significativa sulla decisione dei vostri clienti<\/span><\/p>\n\t\t\n<style>\n#text-316960546 {\n  font-size: 0.95rem;\n  line-height: 1.15;\n  text-align: center;\n}\n@media (min-width:550px) {\n  #text-316960546 {\n    font-size: 1.2rem;\n    text-align: left;\n  }\n}\n@media (min-width:850px) {\n  #text-316960546 {\n    font-size: 1.4rem;\n    line-height: 1.2;\n    text-align: left;\n  }\n}\n<\/style>\n\t<\/div>\n\t\n\t\t<\/div>\n\t\t\t\t\n<style>\n#col-2140366077 > .col-inner {\n  padding: 0px 0px 0px 0;\n}\n@media (min-width:550px) {\n  #col-2140366077 > .col-inner {\n    padding: 0px 0px 0px 10%;\n  }\n}\n<\/style>\n\t<\/div>\n\n\t\n\n\t<div id=\"col-313570512\" class=\"col medium-12 small-12 large-12\"  >\n\t\t\t\t<div class=\"col-inner\"  >\n\t\t\t\n\t\t\t\n<div class=\"row row-large align-middle align-center\"  id=\"row-1836415203\">\n\n\t<div id=\"col-900036913\" class=\"col small-12 large-12\"  >\n\t\t\t\t<div class=\"col-inner text-left\"  >\n\t\t\t\n\t\t\t\n<div class=\"video video-fit mb box-shadow-2 box-shadow-3-hover\" style=\"padding-top:56.25%;\"><p><iframe loading=\"lazy\" title=\"Soggiorno a New York - La citt\u00e0 che non dorme mai!\" width=\"1020\" height=\"574\" src=\"https:\/\/www.youtube.com\/embed\/0droHzGuISo?feature=oembed\" frameborder=\"0\" allow=\"accelerometer; autoplay; clipboard-write; encrypted-media; gyroscope; picture-in-picture; web-share\" referrerpolicy=\"strict-origin-when-cross-origin\" allowfullscreen><\/iframe><\/p>\n<\/div>\n\t\t<\/div>\n\t\t\t\t\t<\/div>\n\n\t\n<\/div>\n<div class=\"row row-collapse align-equal\"  id=\"row-1102318309\">\n\n\t<div id=\"col-1083312095\" class=\"col medium-12 small-12 large-12\"  >\n\t\t\t\t<div class=\"col-inner text-center dark\" style=\"background-color:#084085;\" >\n\t\t\t\n\t\t\t\n\t<div id=\"text-182465929\" class=\"text\">\n\t\t\n<h4><strong>Trasmette seriet\u00e0 e affidabilit\u00e0<\/strong><\/h4>\n\t\t\n<style>\n#text-182465929 {\n  font-size: 1.35rem;\n  line-height: 1;\n  text-align: center;\n}\n@media (min-width:550px) {\n  #text-182465929 {\n    font-size: 1.85rem;\n    line-height: 1.1;\n    text-align: left;\n  }\n}\n@media (min-width:850px) {\n  #text-182465929 {\n    font-size: 1.75rem;\n    text-align: left;\n  }\n}\n<\/style>\n\t<\/div>\n\t\n\t<div id=\"text-3261748587\" class=\"text\">\n\t\t\n<p>I clienti che vedono un video ben fatto sul vostro sito web sono pi\u00f9 propensi a fidarsi di voi e a prenotare con voi. Un video professionale, quindi, non \u00e8 solo uno strumento di marketing, ma anche un importante elemento di costruzione per la <strong>Costruire relazioni a lungo termine con i clienti<\/strong>.<\/p>\n\t\t\n<style>\n#text-3261748587 {\n  font-size: 0.95rem;\n  line-height: 1.3;\n  text-align: center;\n}\n@media (min-width:550px) {\n  #text-3261748587 {\n    font-size: 1.4rem;\n    line-height: 1.2;\n    text-align: left;\n  }\n}\n@media (min-width:850px) {\n  #text-3261748587 {\n    text-align: left;\n  }\n}\n<\/style>\n\t<\/div>\n\t\n\t\t<\/div>\n\t\t\t\t\n<style>\n#col-1083312095 > .col-inner {\n  padding: 0px 0px 0px 0px;\n}\n<\/style>\n\t<\/div>\n\n\t\n<\/div>\n\t\t<\/div>\n\t\t\t\t\t<\/div>\n\n\t\n\n<style>\n#row-1205032634 > .col > .col-inner {\n  padding: 0px 0px 0px 0px;\n}\n@media (min-width:550px) {\n  #row-1205032634 > .col > .col-inner {\n    padding: 0px 20px 0px 20px;\n  }\n}\n<\/style>\n<\/div>\n\t\t<\/div>\n\n\t\t\n<style>\n#section_1884600721 {\n  padding-top: 0px;\n  padding-bottom: 0px;\n  min-height: 450px;\n  background-color: #084085;\n}\n@media (min-width:550px) {\n  #section_1884600721 {\n    min-height: 500px;\n  }\n}\n<\/style>\n\t<\/section>\n\t\n\t\t<\/div>\n\t\t\t\t\t<\/div>\n\n\t\n<\/div>\n\t\t<\/div>\n\t\t\t\t\t<\/div>\n\n\t\n<\/div>\n<div class=\"row\"  id=\"row-613546385\">\n\n\t<div id=\"col-1526405635\" class=\"col small-12 large-12\"  >\n\t\t\t\t<div class=\"col-inner text-center\"  >\n\t\t\t\n\t\t\t\n<a href=\"#kontakt\" class=\"button primary is-xlarge hide-for-small\"  style=\"padding:0px 30px 0px 30px;\">\n\t\t<span>Richiedi una consulenza gratuita<\/span>\n\t<\/a>\n\n<a href=\"#kontakt\" class=\"button primary is-large show-for-small\"  style=\"padding:0px 30px 0px 30px;\">\n\t\t<span>Richiedi una consulenza gratuita<\/span>\n\t<\/a>\n\n\t<div id=\"gap-910359958\" class=\"gap-element clearfix\" style=\"display:block; height:auto;\">\n\t\t\n<style>\n#gap-910359958 {\n  padding-top: 0px;\n}\n@media (min-width:550px) {\n  #gap-910359958 {\n    padding-top: 60px;\n  }\n}\n<\/style>\n\t<\/div>\n\t\n\t\t<\/div>\n\t\t\t\t\t<\/div>\n\n\t\n<\/div>\n<span class=\"scroll-to\" data-label=\"Scroll to: #kontakt\" data-bullet=\"true\" data-link=\"#kontakt\" data-title=\"Kontakt\" ><a name=\"kontakt\"><\/a><\/span>","protected":false},"excerpt":{"rendered":"","protected":false},"author":1,"featured_media":0,"parent":0,"menu_order":0,"comment_status":"closed","ping_status":"closed","template":"page-transparent-header-light.php","meta":{"bwfblock_default_font":"","footnotes":""},"class_list":["post-712","page","type-page","status-publish","hentry"],"_links":{"self":[{"href":"https:\/\/travelperformance.net\/it\/wp-json\/wp\/v2\/pages\/712","targetHints":{"allow":["GET"]}}],"collection":[{"href":"https:\/\/travelperformance.net\/it\/wp-json\/wp\/v2\/pages"}],"about":[{"href":"https:\/\/travelperformance.net\/it\/wp-json\/wp\/v2\/types\/page"}],"author":[{"embeddable":true,"href":"https:\/\/travelperformance.net\/it\/wp-json\/wp\/v2\/users\/1"}],"replies":[{"embeddable":true,"href":"https:\/\/travelperformance.net\/it\/wp-json\/wp\/v2\/comments?post=712"}],"version-history":[{"count":10,"href":"https:\/\/travelperformance.net\/it\/wp-json\/wp\/v2\/pages\/712\/revisions"}],"predecessor-version":[{"id":2038,"href":"https:\/\/travelperformance.net\/it\/wp-json\/wp\/v2\/pages\/712\/revisions\/2038"}],"wp:attachment":[{"href":"https:\/\/travelperformance.net\/it\/wp-json\/wp\/v2\/media?parent=712"}],"curies":[{"name":"wp","href":"https:\/\/api.w.org\/{rel}","templated":true}]}}