{"id":789,"date":"2024-08-26T11:56:34","date_gmt":"2024-08-26T09:56:34","guid":{"rendered":"https:\/\/travelperformance.net\/?page_id=789"},"modified":"2024-08-30T13:54:53","modified_gmt":"2024-08-30T11:54:53","slug":"kostenloser-seo-report","status":"publish","type":"page","link":"https:\/\/travelperformance.net\/it\/rapporto-seo-gratuito\/","title":{"rendered":"Rapporto SEO gratuito"},"content":{"rendered":"<div class=\"banner has-hover has-video is-full-height\" id=\"banner-1872257765\">\n          <div class=\"banner-inner fill\">\n        <div class=\"banner-bg fill\" >\n                        \t<div class=\"video-overlay no-click fill visible\"><\/div>\n\t<video class=\"video-bg fill visible\" preload playsinline autoplay muted loop>\n\t\t<source src=\"https:\/\/travelperformance.net\/wp-content\/uploads\/2024\/08\/Backlinks-API-the-Largest-Backlink-Index-by-SEO-PowerSuite.mp4\" type=\"video\/mp4\">\t<\/video>\n                        \n                    <\/div>\n\t\t\n        <div class=\"banner-layers container\">\n            <div class=\"fill banner-link\"><\/div>            \n   <div id=\"text-box-1862958647\" class=\"text-box banner-layer x50 md-x50 lg-x50 y50 md-y50 lg-y50 res-text\">\n                                <div class=\"text-box-content text dark\">\n              \n              <div class=\"text-inner text-center\">\n                  \n\t<div id=\"text-3974110758\" class=\"text\">\n\t\t\n<h2 class=\"lead\"><strong>Rapporto di analisi SEO<\/strong><\/h2>\n\t\t\n<style>\n#text-3974110758 {\n  font-size: 0.75rem;\n  text-align: center;\n  color: rgb(255,255,255);\n}\n#text-3974110758 > * {\n  color: rgb(255,255,255);\n}\n@media (min-width:550px) {\n  #text-3974110758 {\n    font-size: 1.9rem;\n  }\n}\n<\/style>\n\t<\/div>\n\t\n\t<div id=\"text-1198546679\" class=\"text\">\n\t\t\n<h4 class=\"lead\"><strong>Il report evidenzia gli errori SEO e mostra opzioni di ottimizzazione mirate per migliorare in modo duraturo la visibilit\u00e0 e le prestazioni del vostro sito web.<\/strong><\/h4>\n\t\t\n<style>\n#text-1198546679 {\n  font-size: 0.75rem;\n  line-height: 1.3;\n  text-align: center;\n  color: rgb(255,255,255);\n}\n#text-1198546679 > * {\n  color: rgb(255,255,255);\n}\n@media (min-width:550px) {\n  #text-1198546679 {\n    font-size: 1.1rem;\n  }\n}\n<\/style>\n\t<\/div>\n\t\n\t<div id=\"text-2476391173\" class=\"text hide-for-medium\">\n\t\t\n<p>Riceverete un'analisi dettagliata in formato PDF, che tiene conto di aspetti tecnici come la velocit\u00e0 della pagina, la reattivit\u00e0 dei dispositivi mobili e l'architettura del sito web, nonch\u00e9 di oltre 100 fattori SEO on-page.<\/p>\n\t\t\n<style>\n#text-2476391173 {\n  font-size: 1.4rem;\n  text-align: center;\n  color: rgb(255, 255, 255);\n}\n#text-2476391173 > * {\n  color: rgb(255, 255, 255);\n}\n<\/style>\n\t<\/div>\n\t\n\n<p><iframe loading=\"lazy\" src=\"https:\/\/vondru.com\/script\/index.html\" width=\"100%\" height=\"250px\" style=\"border:none;\"><\/iframe><br \/>\n\n              <\/div>\n           <\/div>\n                            \n<style>\n#text-box-1862958647 .text-inner {\n  padding: 30px 0px 0px 0px;\n}\n#text-box-1862958647 {\n  width: 83%;\n}\n#text-box-1862958647 .text-box-content {\n  font-size: 100%;\n}\n@media (min-width:550px) {\n  #text-box-1862958647 {\n    width: 81%;\n  }\n}\n@media (min-width:850px) {\n  #text-box-1862958647 {\n    width: 100%;\n  }\n}\n<\/style>\n    <\/div>\n \n   <div id=\"text-box-1078182178\" class=\"text-box banner-layer x50 md-x50 lg-x50 y100 md-y100 lg-y100 res-text\">\n                                <div class=\"text-box-content text dark\">\n              \n              <div class=\"text-inner text-center\">\n                  \n<div class=\"social-icons share-icons share-row relative icon-style-small\" style=\"font-size:110%\"><a href=\"whatsapp:\/\/send?text=Kostenloser%20SEO%20Report - https:\/\/travelperformance.net\/it\/rapporto-seo-gratuito\/\" data-action=\"share\/whatsapp\/share\" class=\"icon plain tooltip whatsapp show-for-medium\" title=\"Condividi su WhatsApp\" aria-label=\"Condividi su WhatsApp\" ><i class=\"icon-whatsapp\" ><\/i><\/a><a href=\"https:\/\/www.facebook.com\/sharer.php?u=https:\/\/travelperformance.net\/it\/rapporto-seo-gratuito\/\" data-label=\"Facebook\" onclick=\"window.open(this.href,this.title,'width=500,height=500,top=300px,left=300px'); return false;\" target=\"_blank\" class=\"icon plain tooltip facebook\" title=\"Condividi su Facebook\" aria-label=\"Condividi su Facebook\" rel=\"noopener nofollow\" ><i class=\"icon-facebook\" ><\/i><\/a><a href=\"https:\/\/twitter.com\/share?url=https:\/\/travelperformance.net\/it\/rapporto-seo-gratuito\/\" onclick=\"window.open(this.href,this.title,'width=500,height=500,top=300px,left=300px'); return false;\" target=\"_blank\" class=\"icon plain tooltip twitter\" title=\"Condividi su Twitter\" aria-label=\"Condividi su Twitter\" rel=\"noopener nofollow\" ><i class=\"icon-twitter\" ><\/i><\/a><a href=\"mailto:?subject=Kostenloser SEO Report&body=Dai un&#039;occhiata: https:\/\/travelperformance.net\/it\/rapporto-seo-gratuito\/\" class=\"icon plain tooltip email\" title=\"Invia per email ad un Amico\" aria-label=\"Invia per email ad un Amico\" rel=\"nofollow\" ><i class=\"icon-envelop\" ><\/i><\/a><a href=\"https:\/\/pinterest.com\/pin\/create\/button?url=https:\/\/travelperformance.net\/it\/rapporto-seo-gratuito\/&media&description=Kostenloser%20SEO%20Report\" onclick=\"window.open(this.href,this.title,'width=500,height=500,top=300px,left=300px'); return false;\" target=\"_blank\" class=\"icon plain tooltip pinterest\" title=\"Pin su Pinterest\" aria-label=\"Pin su Pinterest\" rel=\"noopener nofollow\" ><i class=\"icon-pinterest\" ><\/i><\/a><a href=\"https:\/\/www.linkedin.com\/shareArticle?mini=true&url=https:\/\/travelperformance.net\/it\/rapporto-seo-gratuito\/&title=Kostenloser%20SEO%20Report\" onclick=\"window.open(this.href,this.title,'width=500,height=500,top=300px,left=300px'); return false;\" target=\"_blank\" class=\"icon plain tooltip linkedin\" title=\"Condividi su LinkedIn\" aria-label=\"Condividi su LinkedIn\" rel=\"noopener nofollow\" ><i class=\"icon-linkedin\" ><\/i><\/a><\/div>\n\t<div id=\"gap-1014411972\" class=\"gap-element clearfix\" style=\"display:block; height:auto;\">\n\t\t\n<style>\n#gap-1014411972 {\n  padding-top: 18px;\n}\n<\/style>\n\t<\/div>\n\t\n              <\/div>\n           <\/div>\n                            \n<style>\n#text-box-1078182178 {\n  width: 60%;\n}\n#text-box-1078182178 .text-box-content {\n  font-size: 100%;\n}\n<\/style>\n    <\/div>\n \n        <\/div>\n      <\/div>\n\n            \n<style>\n#banner-1872257765 {\n  padding-top: 100%;\n}\n@media (min-width:550px) {\n  #banner-1872257765 {\n    padding-top: 900px;\n  }\n}\n@media (min-width:850px) {\n  #banner-1872257765 {\n    padding-top: 100%;\n  }\n}\n<\/style>\n  <\/div>","protected":false},"excerpt":{"rendered":"","protected":false},"author":1,"featured_media":0,"parent":0,"menu_order":0,"comment_status":"closed","ping_status":"closed","template":"page-transparent-header.php","meta":{"bwfblock_default_font":"","footnotes":""},"class_list":["post-789","page","type-page","status-publish","hentry"],"_links":{"self":[{"href":"https:\/\/travelperformance.net\/it\/wp-json\/wp\/v2\/pages\/789","targetHints":{"allow":["GET"]}}],"collection":[{"href":"https:\/\/travelperformance.net\/it\/wp-json\/wp\/v2\/pages"}],"about":[{"href":"https:\/\/travelperformance.net\/it\/wp-json\/wp\/v2\/types\/page"}],"author":[{"embeddable":true,"href":"https:\/\/travelperformance.net\/it\/wp-json\/wp\/v2\/users\/1"}],"replies":[{"embeddable":true,"href":"https:\/\/travelperformance.net\/it\/wp-json\/wp\/v2\/comments?post=789"}],"version-history":[{"count":0,"href":"https:\/\/travelperformance.net\/it\/wp-json\/wp\/v2\/pages\/789\/revisions"}],"wp:attachment":[{"href":"https:\/\/travelperformance.net\/it\/wp-json\/wp\/v2\/media?parent=789"}],"curies":[{"name":"wp","href":"https:\/\/api.w.org\/{rel}","templated":true}]}}