{"id":1007,"date":"2024-08-31T16:46:12","date_gmt":"2024-08-31T14:46:12","guid":{"rendered":"https:\/\/travelperformance.net\/?post_type=product&#038;p=1007"},"modified":"2024-10-12T12:18:24","modified_gmt":"2024-10-12T10:18:24","slug":"massgeschneiderter-social-media-posting-service","status":"publish","type":"product","link":"https:\/\/travelperformance.net\/it\/product\/servizio-di-posting-personalizzato-sui-social-media\/","title":{"rendered":"Servizio di pubblicazione sui social media completamente automatizzato"},"content":{"rendered":"<p>Il nostro <strong>Servizio di posting personalizzato sui social media<\/strong> garantisce che i video reel e i contenuti gi\u00e0 creati siano pubblicati al momento giusto e sulle piattaforme giuste per massimizzare l'attenzione e l'interazione. Sviluppiamo per voi una strategia di posting personalizzata che presenta in modo ottimale il vostro marchio sui social media e aumenta costantemente la vostra portata.<\/p>\n<p><strong>Cosa si ottiene:<\/strong><\/p>\n<ul>\n<li><strong>Strategia di distacco individuale:<\/strong> Creiamo per voi un piano di social media personalizzato, adatto al vostro gruppo target e al vostro marchio.<\/li>\n<li><strong>Pubblicazione regolare:<\/strong> Pubblichiamo le vostre bobine e i contenuti dei social media in modo continuativo e al momento ottimale sulle piattaforme pertinenti per ottenere la migliore portata possibile.<\/li>\n<li><strong>Rivolgersi in modo mirato al proprio gruppo target:<\/strong> Grazie alla nostra pianificazione strategica, i vostri post raggiungeranno esattamente le persone interessate alle vostre offerte e desiderose di interagire con esse.<\/li>\n<li><strong>Aumentare la presenza del marchio:<\/strong> Post regolari e mirati assicurano che il vostro marchio rimanga presente sui social media e continui a crescere.<\/li>\n<\/ul>\n<p><strong>Un post di prova una tantum - per conoscerci:<\/strong> Per familiarizzare con il nostro servizio, vi offriamo l'opportunit\u00e0 di fare un <strong>post di prova gratuito per una sola volta<\/strong> per ricevere. Questo vi permette di vedere il nostro servizio in azione prima di impegnarvi nel nostro programma di posting completo. Ogni cliente, organizzazione o account di social media pu\u00f2 usufruire di questo servizio di prova solo una volta. Il processo \u00e8 identico a quello di un normale ordine, in modo che possiate avere un'idea concreta di come potrebbero essere i vostri post futuri.<\/p>\n<p><strong>Altre opzioni:<\/strong> Dopo il test, \u00e8 possibile scegliere tra la nostra vasta gamma di prodotti <strong>Database delle destinazioni di viaggio<\/strong> che vengono utilizzati per le vostre bobine video. Avete anche la possibilit\u00e0 di personalizzare il vostro <strong>Logo<\/strong> nei video. Si noti, tuttavia, che <strong>non c'\u00e8 la possibilit\u00e0 di cambiare le bobine dopo la loro creazione<\/strong>. I nostri processi automatizzati garantiscono una produzione efficiente e veloce, per cui la personalizzazione non \u00e8 pi\u00f9 possibile.<\/p>\n<p><strong>Il motivo per cui avete bisogno di questo prodotto:<\/strong> Nel dinamico mondo dei social media, \u00e8 essenziale essere sempre presenti e rivolgersi regolarmente al proprio gruppo target. Il nostro servizio di social media posting assicura che i vostri contenuti siano pianificati e pubblicati in modo ottimale, cos\u00ec da aumentare efficacemente la vostra portata e visibilit\u00e0. La creazione di video reel e di altri contenuti pu\u00f2 essere acquistata separatamente o integrata in un prodotto combinato: decidete voi cosa vi conviene di pi\u00f9!<\/p>\n<p>&nbsp;<\/p>","protected":false},"excerpt":{"rendered":"<p><strong><span class=\"OYPEnA font-feature-liga-off font-feature-clig-off font-feature-calt-off text-decoration-none text-strikethrough-none\">100% servizio completo con creazione e postalizzazione basata su AI<\/span><\/strong>\u00a0assicura che i video reel e i contenuti gi\u00e0 creati siano pubblicati al momento giusto e sulle piattaforme giuste per massimizzare l'attenzione e l'interazione.<\/p>","protected":false},"featured_media":0,"template":"","meta":{"bwfblock_default_font":""},"product_brand":[],"product_cat":[72],"product_tag":[],"class_list":{"0":"post-1007","1":"product","2":"type-product","3":"status-publish","5":"product_cat-social-media-services","7":"first","8":"instock","9":"featured","10":"taxable","11":"shipping-taxable","12":"purchasable","13":"product-type-variable-subscription","14":"has-default-attributes"},"_links":{"self":[{"href":"https:\/\/travelperformance.net\/it\/wp-json\/wp\/v2\/product\/1007","targetHints":{"allow":["GET"]}}],"collection":[{"href":"https:\/\/travelperformance.net\/it\/wp-json\/wp\/v2\/product"}],"about":[{"href":"https:\/\/travelperformance.net\/it\/wp-json\/wp\/v2\/types\/product"}],"wp:attachment":[{"href":"https:\/\/travelperformance.net\/it\/wp-json\/wp\/v2\/media?parent=1007"}],"wp:term":[{"taxonomy":"product_brand","embeddable":true,"href":"https:\/\/travelperformance.net\/it\/wp-json\/wp\/v2\/product_brand?post=1007"},{"taxonomy":"product_cat","embeddable":true,"href":"https:\/\/travelperformance.net\/it\/wp-json\/wp\/v2\/product_cat?post=1007"},{"taxonomy":"product_tag","embeddable":true,"href":"https:\/\/travelperformance.net\/it\/wp-json\/wp\/v2\/product_tag?post=1007"}],"curies":[{"name":"wp","href":"https:\/\/api.w.org\/{rel}","templated":true}]}}