{"id":2012,"date":"2024-10-29T13:08:38","date_gmt":"2024-10-29T12:08:38","guid":{"rendered":"https:\/\/travelperformance.net\/?post_type=product&#038;p=2012"},"modified":"2024-10-29T13:12:25","modified_gmt":"2024-10-29T12:12:25","slug":"gratis-reise-video","status":"publish","type":"product","link":"https:\/\/travelperformance.net\/it\/product\/video-di-viaggio-gratuito\/","title":{"rendered":"Testate gratuitamente i video di viaggio di grande impatto"},"content":{"rendered":"<p>Ispirate i vostri clienti con video di viaggio di prima classe che catturano e ispirano.<\/p>\n<p>In un'epoca in cui i contenuti visivi dominano, i video prodotti professionalmente sono la chiave per presentare le vostre offerte di viaggio in modo vivace e convincente. Il nostro <strong>Creazione di video di viaggio personalizzati<\/strong> mette perfettamente in mostra le vostre destinazioni e si rivolge al vostro gruppo target a livello emotivo per enfatizzare la bellezza e l'unicit\u00e0 dei vostri viaggi.<\/p>\n<p><strong>Cosa ci si pu\u00f2 aspettare:<\/strong><\/p>\n<ul>\n<li><strong>Personalizzazione esclusiva dei video:<\/strong> Ogni video \u00e8 personalizzato in base alle vostre offerte di viaggio, per trasmettere i messaggi e le emozioni che toccano i vostri clienti.<\/li>\n<li><strong>Qualit\u00e0 di produzione di prima classe:<\/strong> Con una tecnologia all'avanguardia e concetti creativi, garantiamo che i vostri video siano visivamente impressionanti e professionali.<\/li>\n<li><strong>Ottimizzato per il web:<\/strong> I nostri video sono perfettamente ottimizzati per il vostro sito web, per essere visivamente convincenti e per incrementare la vostra SEO.<\/li>\n<li><strong>Promozione della fedelt\u00e0 dei clienti:<\/strong> I contenuti emozionali e stimolanti prolungano il tempo di permanenza dei clienti e li motivano a prenotare.<\/li>\n<\/ul>\n<p><strong>Il vostro video di prova gratuito:<\/strong><\/p>\n<p>Lasciate che uno dei nostri <strong>video di prova gratuito<\/strong> (fino a 50 secondi) della qualit\u00e0 del nostro lavoro! Il video \u00e8 disponibile con un <strong>Filigrana<\/strong> ed \u00e8 disponibile una sola volta per ogni organizzazione o account di social media. Non \u00e8 possibile apportare modifiche o aggiustamenti dopo la creazione: un'anticipazione perfetta dell'alta qualit\u00e0 che potete aspettarvi da noi.<\/p>\n<p><strong>Perch\u00e9 questa offerta arricchisce il vostro marketing:<\/strong><\/p>\n<p>Un video di viaggio professionale \u00e8 pi\u00f9 di una semplice clip: \u00e8 il vostro potente strumento per portare il fascino delle vostre destinazioni direttamente ai vostri clienti. Utilizzate questa offerta per ispirare i vostri clienti e aumentare le vostre prenotazioni.<\/p>\n<p>&nbsp;<\/p>\n<p>&nbsp;<\/p>","protected":false},"excerpt":{"rendered":"<p>A <strong>video di viaggio professionali<\/strong> \u00e8 molto pi\u00f9 di una semplice clip: \u00e8 una <strong>Potente strumento di marketing<\/strong>che cattura la magia delle vostre destinazioni e la trasporta direttamente ai vostri clienti. Cogliete l'opportunit\u00e0 di presentare le vostre offerte sotto una nuova luce e di aumentare le prenotazioni.<\/p>","protected":false},"featured_media":0,"template":"","meta":{"bwfblock_default_font":""},"product_brand":[],"product_cat":[107],"product_tag":[],"class_list":{"0":"post-2012","1":"product","2":"type-product","3":"status-publish","5":"product_cat-reise-videos","7":"first","8":"instock","9":"featured","10":"virtual","11":"sold-individually","12":"taxable","13":"purchasable","14":"product-type-simple"},"_links":{"self":[{"href":"https:\/\/travelperformance.net\/it\/wp-json\/wp\/v2\/product\/2012","targetHints":{"allow":["GET"]}}],"collection":[{"href":"https:\/\/travelperformance.net\/it\/wp-json\/wp\/v2\/product"}],"about":[{"href":"https:\/\/travelperformance.net\/it\/wp-json\/wp\/v2\/types\/product"}],"wp:attachment":[{"href":"https:\/\/travelperformance.net\/it\/wp-json\/wp\/v2\/media?parent=2012"}],"wp:term":[{"taxonomy":"product_brand","embeddable":true,"href":"https:\/\/travelperformance.net\/it\/wp-json\/wp\/v2\/product_brand?post=2012"},{"taxonomy":"product_cat","embeddable":true,"href":"https:\/\/travelperformance.net\/it\/wp-json\/wp\/v2\/product_cat?post=2012"},{"taxonomy":"product_tag","embeddable":true,"href":"https:\/\/travelperformance.net\/it\/wp-json\/wp\/v2\/product_tag?post=2012"}],"curies":[{"name":"wp","href":"https:\/\/api.w.org\/{rel}","templated":true}]}}