{"id":1040,"date":"2024-09-02T20:36:27","date_gmt":"2024-09-02T18:36:27","guid":{"rendered":"https:\/\/travelperformance.net\/?page_id=1040"},"modified":"2024-10-29T13:51:29","modified_gmt":"2024-10-29T12:51:29","slug":"ads-werbung","status":"publish","type":"page","link":"https:\/\/travelperformance.net\/pl\/ogloszenia-reklamowe\/","title":{"rendered":"Reklamy Reklama"},"content":{"rendered":"<span class=\"scroll-to\" data-label=\"Scroll to: #home\" data-bullet=\"true\" data-link=\"#home\" data-title=\"Home\" ><a name=\"home\"><\/a><\/span>\n\n\t<section class=\"section\" id=\"section_54866135\">\n\t\t<div class=\"section-bg fill\" >\n\t\t\t\t\t\t\t<div class=\"video-overlay no-click fill visible\"><\/div>\n\t<video class=\"video-bg fill visible\" preload playsinline autoplay muted loop>\n\t\t<source src=\"https:\/\/travelperformance.net\/wp-content\/uploads\/2024\/09\/3_OUvhFqjZ.mp4\" type=\"video\/mp4\">\t<\/video>\n\t\t\t<div class=\"section-bg-overlay absolute fill\"><\/div>\n\t\t\t\n\n\t\t<\/div>\n\n\t\t\n\n\t\t<div class=\"section-content relative\">\n\t\t\t\n<div class=\"row\"  id=\"row-1598873212\">\n\n\t<div id=\"col-266293561\" class=\"col medium-12 small-12 large-12\"  >\n\t\t\t\t<div class=\"col-inner text-shadow-2\"  >\n\t\t\t\n\t\t\t\n\t<div id=\"gap-633190602\" class=\"gap-element clearfix\" style=\"display:block; height:auto;\">\n\t\t\n<style>\n#gap-633190602 {\n  padding-top: 0px;\n}\n@media (min-width:550px) {\n  #gap-633190602 {\n    padding-top: 50px;\n  }\n}\n@media (min-width:850px) {\n  #gap-633190602 {\n    padding-top: 50px;\n  }\n}\n<\/style>\n\t<\/div>\n\t\n\t<div id=\"text-29951883\" class=\"text\">\n\t\t\n<div>Zmaksymalizuj sw\u00f3j sukces dzi\u0119ki<\/div>\n<div><span style=\"font-size: 160%;\"><strong>Inteligentne reklamy Google<\/strong><\/span><\/div>\n\t\t\n<style>\n#text-29951883 {\n  font-size: 1.4rem;\n  line-height: 1.1;\n  text-align: center;\n  color: rgb(255, 255, 255);\n}\n#text-29951883 > * {\n  color: rgb(255, 255, 255);\n}\n@media (min-width:550px) {\n  #text-29951883 {\n    font-size: 2.1rem;\n    line-height: 1.25;\n  }\n}\n@media (min-width:850px) {\n  #text-29951883 {\n    font-size: 2.4rem;\n  }\n}\n<\/style>\n\t<\/div>\n\t\n\t<div id=\"gap-381247635\" class=\"gap-element clearfix\" style=\"display:block; height:auto;\">\n\t\t\n<style>\n#gap-381247635 {\n  padding-top: 30px;\n}\n@media (min-width:550px) {\n  #gap-381247635 {\n    padding-top: 50px;\n  }\n}\n@media (min-width:850px) {\n  #gap-381247635 {\n    padding-top: 50px;\n  }\n}\n<\/style>\n\t<\/div>\n\t\n<div class=\"row\"  id=\"row-128152861\">\n\n\t<div id=\"col-85535373\" class=\"col small-12 large-12\"  >\n\t\t\t\t<div class=\"col-inner text-center\"  >\n\t\t\t\n\t\t\t\n<a data-animate=\"fadeInUp\" href=\"https:\/\/travelperformance.net\/pl\/product\/zarzadzanie-reklamami-google-ki\/\" class=\"button white is-large\"  style=\"padding:0px 30px 0px 30px;\">\n\t\t<span>Do produktu<\/span>\n\t<\/a>\n\n\t\t<\/div>\n\t\t\t\t\n<style>\n#col-85535373 > .col-inner {\n  padding: 0px 0px 0px 0px;\n  margin: -10px 0px 0px 0px;\n}\n<\/style>\n\t<\/div>\n\n\t\n<\/div>\n\t\t<\/div>\n\t\t\t\t\t<\/div>\n\n\t\n<\/div>\n\t\t<\/div>\n\n\t\t\n<style>\n#section_54866135 {\n  padding-top: 20px;\n  padding-bottom: 20px;\n  min-height: 770px;\n}\n#section_54866135 .section-bg-overlay {\n  background-color: rgba(0, 85, 157, 0.157);\n}\n@media (min-width:550px) {\n  #section_54866135 {\n    min-height: 800px;\n  }\n}\n<\/style>\n\t<\/section>\n\t\n\n\t<section class=\"section\" id=\"section_1445419887\">\n\t\t<div class=\"section-bg fill\" >\n\t\t\t\t\t\t\t\t\t\n\t\t\t\n\t<div class=\"is-border\"\n\t\tstyle=\"border-width:0px 0px 0px 0px;\">\n\t<\/div>\n\n\t\t<\/div>\n\n\t\t\n\n\t\t<div class=\"section-content relative\">\n\t\t\t\n<div class=\"row align-center\"  id=\"row-1214195237\">\n\n\t<div id=\"col-1242359569\" class=\"col small-11 large-12\"  >\n\t\t\t\t<div class=\"col-inner text-center\"  >\n\t\t\t\n\t\t\t\n<span class=\"scroll-to\" data-label=\"Scroll to: #leistungen\" data-bullet=\"true\" data-link=\"#leistungen\" data-title=\"Leistungen\" ><a name=\"leistungen\"><\/a><\/span>\n<div class=\"row row-small row-box-shadow-1 row-box-shadow-4-hover\"  id=\"row-94488416\">\n\n\t<div id=\"col-82907151\" class=\"col medium-6 small-12 large-3 col-hover-focus\"  >\n\t\t\t\t<div class=\"col-inner\"  >\n\t\t\t\n\t\t\t\n\n\t\t<div class=\"icon-box featured-box icon-box-center text-center\"  >\n\t\t\t\t<div class=\"icon-box-text last-reset\">\n\t\t\t\t\t\t\t\t\t\n\t<div id=\"text-2351314073\" class=\"text\">\n\t\t\n<h2><strong><span style=\"color: #084085;\">Korzystne ceny klikni\u0119\u0107<\/span><\/strong><\/h2>\n<p>Zoptymalizowane bud\u017cety, lepsze miejsca docelowe<\/p>\n\t\t\n<style>\n#text-2351314073 {\n  font-size: 1rem;\n  line-height: 1.05;\n  color: rgb(0,0,0);\n}\n#text-2351314073 > * {\n  color: rgb(0,0,0);\n}\n@media (min-width:550px) {\n  #text-2351314073 {\n    font-size: 1rem;\n    line-height: 1.5;\n  }\n}\n@media (min-width:850px) {\n  #text-2351314073 {\n    font-size: 1rem;\n  }\n}\n<\/style>\n\t<\/div>\n\t\n\t\t<\/div>\n\t<\/div>\n\t\n\t\n\t\t<\/div>\n\t\t\t\t\t<\/div>\n\n\t\n\n\t<div id=\"col-1996649707\" class=\"col medium-6 small-12 large-3 col-hover-focus\"  >\n\t\t\t\t<div class=\"col-inner\"  >\n\t\t\t\n\t\t\t\n\n\t\t<div class=\"icon-box featured-box icon-box-center text-center\"  >\n\t\t\t\t<div class=\"icon-box-text last-reset\">\n\t\t\t\t\t\t\t\t\t\n\t<div id=\"text-1930228608\" class=\"text\">\n\t\t\n<h2><span style=\"color: #084085;\"><strong>Wi\u0119cej klikni\u0119\u0107<\/strong><\/span><\/h2>\n<p>Ukierunkowane targetowanie, wy\u017csza interakcja<\/p>\n\t\t\n<style>\n#text-1930228608 {\n  font-size: 1rem;\n  line-height: 1.05;\n  color: rgb(0,0,0);\n}\n#text-1930228608 > * {\n  color: rgb(0,0,0);\n}\n@media (min-width:550px) {\n  #text-1930228608 {\n    font-size: 1rem;\n    line-height: 1.5;\n  }\n}\n@media (min-width:850px) {\n  #text-1930228608 {\n    font-size: 1rem;\n  }\n}\n<\/style>\n\t<\/div>\n\t\n\t\t<\/div>\n\t<\/div>\n\t\n\t\n\t\t<\/div>\n\t\t\t\t\t<\/div>\n\n\t\n\n\t<div id=\"col-807290971\" class=\"col medium-6 small-12 large-3 col-hover-focus\"  >\n\t\t\t\t<div class=\"col-inner\"  >\n\t\t\t\n\t\t\t\n\n\t\t<div class=\"icon-box featured-box icon-box-center text-center\"  >\n\t\t\t\t<div class=\"icon-box-text last-reset\">\n\t\t\t\t\t\t\t\t\t\n\t<div id=\"text-1525673872\" class=\"text\">\n\t\t\n<h2><span style=\"color: #084085;\"><strong>Utrzymanie wysokiej jako\u015bci<\/strong><\/span><\/h2>\n<p>Bardziej ukierunkowane zapytania o produkty<\/p>\n\t\t\n<style>\n#text-1525673872 {\n  font-size: 1rem;\n  line-height: 1.05;\n  color: rgb(0,0,0);\n}\n#text-1525673872 > * {\n  color: rgb(0,0,0);\n}\n@media (min-width:550px) {\n  #text-1525673872 {\n    font-size: 1rem;\n    line-height: 1.5;\n  }\n}\n@media (min-width:850px) {\n  #text-1525673872 {\n    font-size: 1rem;\n  }\n}\n<\/style>\n\t<\/div>\n\t\n\t\t<\/div>\n\t<\/div>\n\t\n\t\n\t\t<\/div>\n\t\t\t\t\t<\/div>\n\n\t\n\n\t<div id=\"col-1597129362\" class=\"col medium-6 small-12 large-3 col-hover-focus\"  >\n\t\t\t\t<div class=\"col-inner\"  >\n\t\t\t\n\t\t\t\n\n\t\t<div class=\"icon-box featured-box icon-box-center text-center\"  >\n\t\t\t\t<div class=\"icon-box-text last-reset\">\n\t\t\t\t\t\t\t\t\t\n\t<div id=\"text-3030712116\" class=\"text\">\n\t\t\n<h2><span style=\"color: #084085;\"><strong>Wi\u0119ksza kontrola koszt\u00f3w<\/strong><\/span><\/h2>\n<p>Przejrzyste wydatki z limitami bud\u017cetowymi<\/p>\n\t\t\n<style>\n#text-3030712116 {\n  font-size: 1rem;\n  line-height: 1.05;\n  color: rgb(0,0,0);\n}\n#text-3030712116 > * {\n  color: rgb(0,0,0);\n}\n@media (min-width:550px) {\n  #text-3030712116 {\n    font-size: 1rem;\n    line-height: 1.5;\n  }\n}\n@media (min-width:850px) {\n  #text-3030712116 {\n    font-size: 1rem;\n  }\n}\n<\/style>\n\t<\/div>\n\t\n\t\t<\/div>\n\t<\/div>\n\t\n\t\n\t\t<\/div>\n\t\t\t\t\t<\/div>\n\n\t\n\n<style>\n#row-94488416 > .col > .col-inner {\n  padding: 30px 30px 30px 30px;\n  background-color: rgb(255,255,255);\n}\n<\/style>\n<\/div>\n\t\t<\/div>\n\t\t\t\t\n<style>\n#col-1242359569 > .col-inner {\n  margin: -100px 0px 0px 0px;\n}\n<\/style>\n\t<\/div>\n\n\t\n<\/div>\n\t\t<\/div>\n\n\t\t\n<style>\n#section_1445419887 {\n  padding-top: 0px;\n  padding-bottom: 0px;\n}\n<\/style>\n\t<\/section>\n\t\n\n\t<section class=\"section\" id=\"section_1897137812\">\n\t\t<div class=\"section-bg fill\" >\n\t\t\t\t\t\t\t\t\t\n\t\t\t\n\n\t\t<\/div>\n\n\t\t\n\n\t\t<div class=\"section-content relative\">\n\t\t\t\n<div class=\"row\"  id=\"row-10657774\">\n\n\t<div id=\"col-2088155035\" class=\"col small-12 large-12\"  >\n\t\t\t\t<div class=\"col-inner\"  >\n\t\t\t\n\t\t\t\n<div class=\"row row-collapse\"  id=\"row-701801453\">\n\n\t<div id=\"col-1756337831\" class=\"col small-12 large-12\"  >\n\t\t\t\t<div class=\"col-inner\"  >\n\t\t\t\n\t\t\t\n<span class=\"scroll-to\" data-label=\"Scroll to: #warum\" data-bullet=\"true\" data-link=\"#warum\" data-title=\"Warum wir\" ><a name=\"warum\"><\/a><\/span>\n\n\t<section class=\"section dark\" id=\"section_1929276012\">\n\t\t<div class=\"section-bg fill\" >\n\t\t\t<img loading=\"lazy\" decoding=\"async\" width=\"2560\" height=\"1707\" src=\"https:\/\/travelperformance.net\/wp-content\/uploads\/2024\/09\/google-analytics-phone-stockpack-unsplash-scaled.jpg\" class=\"bg attachment- size-\" alt=\"Telefon Google Analytics\" \/>\t\t\t\t\t\t<div class=\"section-bg-overlay absolute fill\"><\/div>\n\t\t\t\n\n\t\t<\/div>\n\n\t\t\n\n\t\t<div class=\"section-content relative\">\n\t\t\t\n<div class=\"row\"  id=\"row-878687443\">\n\n\t<div id=\"col-817155404\" class=\"col medium-12 small-12 large-8\"  >\n\t\t\t\t<div class=\"col-inner text-left text-shadow-3\"  >\n\t\t\t\n\t\t\t\n\t<div id=\"gap-541658812\" class=\"gap-element clearfix\" style=\"display:block; height:auto;\">\n\t\t\n<style>\n#gap-541658812 {\n  padding-top: 30px;\n}\n<\/style>\n\t<\/div>\n\t\n\t<div id=\"text-4007109373\" class=\"text\">\n\t\t\n<h2><strong>Ukierunkowane reklamy Google: Wi\u0119kszy zasi\u0119g, wi\u0119ksza sprzeda\u017c<\/strong><\/h2>\n\t\t\n<style>\n#text-4007109373 {\n  font-size: 1.4rem;\n  line-height: 1.15;\n  text-align: center;\n  color: rgb(255, 255, 255);\n}\n#text-4007109373 > * {\n  color: rgb(255, 255, 255);\n}\n@media (min-width:550px) {\n  #text-4007109373 {\n    font-size: 1.85rem;\n    text-align: left;\n  }\n}\n@media (min-width:850px) {\n  #text-4007109373 {\n    text-align: left;\n  }\n}\n<\/style>\n\t<\/div>\n\t\n<a href=\"https:\/\/travelperformance.net\/pl\/product\/zarzadzanie-reklamami-google-ki\/\" class=\"button white is-large hide-for-small\"  >\n\t\t<span>Do produktu<\/span>\n\t<\/a>\n\n<a href=\"https:\/\/travelperformance.net\/pl\/product\/monatliches-ads-management-fuer-facebook-instagram\/\" class=\"button white is-large expand show-for-small\"  >\n\t\t<span>Do produkt\u00f3w<\/span>\n\t<\/a>\n\n\t\t<\/div>\n\t\t\t\t\n<style>\n#col-817155404 > .col-inner {\n  padding: 0px 0px 0px 0;\n}\n@media (min-width:550px) {\n  #col-817155404 > .col-inner {\n    padding: 0px 0px 0px 0px;\n  }\n}\n@media (min-width:850px) {\n  #col-817155404 > .col-inner {\n    padding: 0px 0px 0px 20px;\n  }\n}\n<\/style>\n\t<\/div>\n\n\t\n<\/div>\n\t\t<\/div>\n\n\t\t\n<style>\n#section_1929276012 {\n  padding-top: 0px;\n  padding-bottom: 0px;\n  min-height: 450px;\n}\n#section_1929276012 .section-bg-overlay {\n  background-color: rgba(0, 85, 157, 0.448);\n}\n@media (min-width:550px) {\n  #section_1929276012 {\n    min-height: 500px;\n  }\n}\n<\/style>\n\t<\/section>\n\t\n\t\t<\/div>\n\t\t\t\t\t<\/div>\n\n\t\n<\/div>\n<div class=\"row row-collapse align-equal\"  id=\"row-353051842\">\n\n\t<div id=\"col-1066653071\" class=\"col medium-4 small-12 large-12\"  >\n\t\t\t\t<div class=\"col-inner text-center dark\" style=\"background-color:#084085;\" >\n\t\t\t\n\t\t\t\n\t<div id=\"text-3502844091\" class=\"text\">\n\t\t\n<p>Dzi\u0119ki naszym inteligentnym reklamom Google Ads mo\u017cesz dotrze\u0107 do swojej grupy docelowej w ukierunkowany spos\u00f3b i zmaksymalizowa\u0107 wsp\u00f3\u0142czynniki klikalno\u015bci i konwersji. Nasza strategia reklamowa oparta na danych zapewnia, \u017ce reklamy pojawiaj\u0105 si\u0119 dok\u0142adnie tam, gdzie potencjalni klienci s\u0105 aktywni - dla lepszej wydajno\u015bci i wi\u0119kszej skuteczno\u015bci.<br \/>\n\t\t\n<style>\n#text-3502844091 {\n  font-size: 1.1rem;\n  line-height: 1.2;\n  text-align: center;\n}\n@media (min-width:550px) {\n  #text-3502844091 {\n    font-size: 1.4rem;\n    text-align: left;\n  }\n}\n@media (min-width:850px) {\n  #text-3502844091 {\n    text-align: left;\n  }\n}\n<\/style>\n\t<\/div>\n\t\n\t\t<\/div>\n\t\t\t\t\n<style>\n#col-1066653071 > .col-inner {\n  padding: 30px 10% 20px 10%;\n}\n@media (min-width:550px) {\n  #col-1066653071 > .col-inner {\n    padding: 50px 50px 50px 50px;\n  }\n}\n<\/style>\n\t<\/div>\n\n\t\n<\/div>\n\t\t<\/div>\n\t\t\t\t\t<\/div>\n\n\t\n<\/div>\n\t\t<\/div>\n\n\t\t\n<style>\n#section_1897137812 {\n  padding-top: 30px;\n  padding-bottom: 30px;\n}\n<\/style>\n\t<\/section>\n\t\n<div class=\"row\"  id=\"row-1214765103\">\n\n\t<div id=\"col-636858145\" class=\"col small-12 large-12\"  >\n\t\t\t\t<div class=\"col-inner\"  >\n\t\t\t\n\t\t\t\n<div class=\"row row-collapse\"  id=\"row-52428771\">\n\n\t<div id=\"col-826946745\" class=\"col small-12 large-12\"  >\n\t\t\t\t<div class=\"col-inner\"  >\n\t\t\t\n\t\t\t\n<span class=\"scroll-to\" data-label=\"Scroll to: #videos\" data-bullet=\"true\" data-link=\"#videos\" data-title=\"Reisevideos\" ><a name=\"videos\"><\/a><\/span>\n\n\t<section class=\"section dark\" id=\"section_1641242483\">\n\t\t<div class=\"section-bg fill\" >\n\t\t\t\t\t\t\t\t\t\n\t\t\t\n\n\t\t<\/div>\n\n\t\t\n\n\t\t<div class=\"section-content relative\">\n\t\t\t\n<div class=\"row\"  id=\"row-1494382366\">\n\n\t<div id=\"col-1085347389\" class=\"col medium-12 small-12 large-11\"  >\n\t\t\t\t<div class=\"col-inner text-left\"  >\n\t\t\t\n\t\t\t\n\t<div id=\"gap-1015554174\" class=\"gap-element clearfix\" style=\"display:block; height:auto;\">\n\t\t\n<style>\n#gap-1015554174 {\n  padding-top: 0px;\n}\n@media (min-width:550px) {\n  #gap-1015554174 {\n    padding-top: 30px;\n  }\n}\n<\/style>\n\t<\/div>\n\t\n\t<div id=\"text-123559464\" class=\"text\">\n\t\t\n<h3><strong>Zamieniamy klikni\u0119cia w klient\u00f3w - dzi\u0119ki spersonalizowanym reklamom Google Ads<\/strong><\/h3>\n\t\t\n<style>\n#text-123559464 {\n  font-size: 1.5rem;\n  line-height: 1;\n  text-align: center;\n}\n@media (min-width:550px) {\n  #text-123559464 {\n    font-size: 1.85rem;\n    line-height: 1.1;\n    text-align: left;\n  }\n}\n@media (min-width:850px) {\n  #text-123559464 {\n    font-size: 2.25rem;\n    text-align: left;\n  }\n}\n<\/style>\n\t<\/div>\n\t\n\t<div id=\"text-2678852769\" class=\"text\">\n\t\t\n<div class=\"flex max-w-full flex-col flex-grow\">\n<div class=\"min-h-&#091;20px&#093; text-message flex w-full flex-col items-end gap-2 whitespace-normal break-words &#091;.text-message+&amp;&#093;:mt-5\" dir=\"auto\" data-message-author-role=\"assistant\" data-message-id=\"1e56f36e-4f4c-4d56-928b-848936bf7f4b\">\n<div class=\"flex w-full flex-col gap-1 empty:hidden first:pt-&#091;3px&#093;\">\n<div class=\"markdown prose w-full break-words dark:prose-invert light\">Od wyboru s\u0142\u00f3w kluczowych po projektowanie reklam, wspieramy Ci\u0119 i korzystamy z inteligentnych funkcji, takich jak automatyczne stawki i segmentacja grup docelowych. W ten spos\u00f3b maksymalnie wykorzystujemy bud\u017cet i zwi\u0119kszamy zwrot z inwestycji - dzi\u0119ki reklamom Google, kt\u00f3re naprawd\u0119 dzia\u0142aj\u0105.<\/div>\n<\/div>\n<\/div>\n<\/div>\n\t\t\n<style>\n#text-2678852769 {\n  font-size: 1.1rem;\n  line-height: 1.2;\n  text-align: center;\n}\n@media (min-width:550px) {\n  #text-2678852769 {\n    font-size: 1.4rem;\n    text-align: left;\n  }\n}\n@media (min-width:850px) {\n  #text-2678852769 {\n    text-align: left;\n  }\n}\n<\/style>\n\t<\/div>\n\t\n\t<div id=\"gap-1733425820\" class=\"gap-element clearfix\" style=\"display:block; height:auto;\">\n\t\t\n<style>\n#gap-1733425820 {\n  padding-top: 30px;\n}\n<\/style>\n\t<\/div>\n\t\n<a data-animate=\"fadeInUp\" href=\"#kontakt\" class=\"button white is-large hide-for-small\"  style=\"padding:0px 30px 0px 30px;\">\n\t\t<span>Bezp\u0142atne porady<\/span>\n\t<\/a>\n\n\t\t<\/div>\n\t\t\t\t\n<style>\n#col-1085347389 > .col-inner {\n  padding: 0px 0px 0px 0px;\n  margin: 0px 0px 0px 0px;\n}\n@media (min-width:550px) {\n  #col-1085347389 > .col-inner {\n    padding: 0px 0px 0px 10%;\n  }\n}\n<\/style>\n\t<\/div>\n\n\t\n\n<style>\n#row-1494382366 > .col > .col-inner {\n  padding: 0px 0px 0px 0px;\n}\n@media (min-width:550px) {\n  #row-1494382366 > .col > .col-inner {\n    padding: 0px 20px 0px 20px;\n  }\n}\n<\/style>\n<\/div>\n\t\t<\/div>\n\n\t\t\n<style>\n#section_1641242483 {\n  padding-top: 0px;\n  padding-bottom: 0px;\n  min-height: 500px;\n  background-color: #084085;\n}\n@media (min-width:550px) {\n  #section_1641242483 {\n    min-height: 250px;\n  }\n}\n@media (min-width:850px) {\n  #section_1641242483 {\n    min-height: 500px;\n  }\n}\n<\/style>\n\t<\/section>\n\t\n\n\t<section class=\"section dark\" id=\"section_1121899180\">\n\t\t<div class=\"section-bg fill\" >\n\t\t\t\t\t\t\t<div class=\"video-overlay no-click fill visible\"><\/div>\n\t<video class=\"video-bg fill visible\" preload playsinline autoplay muted loop>\n\t\t<source src=\"https:\/\/travelperformance.net\/wp-content\/uploads\/2024\/08\/Design-ohne-Titel.webm\" type=\"video\/webm\">\t<\/video>\n\t\t\t\n\t\t\t\n\n\t\t<\/div>\n\n\t\t\n\n\t\t<div class=\"section-content relative\">\n\t\t\t\n<div class=\"row\"  id=\"row-942383833\">\n\n\t<div id=\"col-70404891\" class=\"col small-12 large-12\"  >\n\t\t\t\t<div class=\"col-inner text-center\"  >\n\t\t\t\n\t\t\t\n\t\t<\/div>\n\t\t\t\t\t<\/div>\n\n\t\n\n<style>\n#row-942383833 > .col > .col-inner {\n  padding: 0px 20px 0px 20px;\n}\n<\/style>\n<\/div>\n\t\t<\/div>\n\n\t\t\n<style>\n#section_1121899180 {\n  padding-top: 0px;\n  padding-bottom: 0px;\n  min-height: 450px;\n}\n@media (min-width:550px) {\n  #section_1121899180 {\n    min-height: 500px;\n  }\n}\n<\/style>\n\t<\/section>\n\t\n\t\t<\/div>\n\t\t\t\t\t<\/div>\n\n\t\n<\/div>\n\t\t<\/div>\n\t\t\t\t\t<\/div>\n\n\t\n<\/div>\n\n\t<section class=\"section\" id=\"section_1206128035\">\n\t\t<div class=\"section-bg fill\" >\n\t\t\t\t\t\t\t\t\t\n\t\t\t\n\n\t\t<\/div>\n\n\t\t\n\n\t\t<div class=\"section-content relative\">\n\t\t\t\n<div class=\"row\"  id=\"row-1237761787\">\n\n\t<div id=\"col-1668666186\" class=\"col small-12 large-12\"  >\n\t\t\t\t<div class=\"col-inner text-center\"  >\n\t\t\t\n\t\t\t\n<a href=\"https:\/\/travelperformance.net\/pl\/product\/zarzadzanie-reklamami-google-ki\/\" class=\"button success is-larger\"  >\n\t\t<span>Do informacji o produkcie<\/span>\n\t<\/a>\n\n\t\t<\/div>\n\t\t\t\t\t<\/div>\n\n\t\n<\/div>\n\t\t<\/div>\n\n\t\t\n<style>\n#section_1206128035 {\n  padding-top: 30px;\n  padding-bottom: 30px;\n}\n<\/style>\n\t<\/section>\n\t\n<span class=\"scroll-to\" data-label=\"Scroll to: #kontakt\" data-bullet=\"true\" data-link=\"#kontakt\" data-title=\"Kontakt\" ><a name=\"kontakt\"><\/a><\/span>","protected":false},"excerpt":{"rendered":"","protected":false},"author":1,"featured_media":0,"parent":0,"menu_order":0,"comment_status":"closed","ping_status":"closed","template":"page-transparent-header-light.php","meta":{"bwfblock_default_font":"","footnotes":""},"class_list":["post-1040","page","type-page","status-publish","hentry"],"_links":{"self":[{"href":"https:\/\/travelperformance.net\/pl\/wp-json\/wp\/v2\/pages\/1040","targetHints":{"allow":["GET"]}}],"collection":[{"href":"https:\/\/travelperformance.net\/pl\/wp-json\/wp\/v2\/pages"}],"about":[{"href":"https:\/\/travelperformance.net\/pl\/wp-json\/wp\/v2\/types\/page"}],"author":[{"embeddable":true,"href":"https:\/\/travelperformance.net\/pl\/wp-json\/wp\/v2\/users\/1"}],"replies":[{"embeddable":true,"href":"https:\/\/travelperformance.net\/pl\/wp-json\/wp\/v2\/comments?post=1040"}],"version-history":[{"count":18,"href":"https:\/\/travelperformance.net\/pl\/wp-json\/wp\/v2\/pages\/1040\/revisions"}],"predecessor-version":[{"id":2018,"href":"https:\/\/travelperformance.net\/pl\/wp-json\/wp\/v2\/pages\/1040\/revisions\/2018"}],"wp:attachment":[{"href":"https:\/\/travelperformance.net\/pl\/wp-json\/wp\/v2\/media?parent=1040"}],"curies":[{"name":"wp","href":"https:\/\/api.w.org\/{rel}","templated":true}]}}