{"id":1066,"date":"2024-09-02T21:37:05","date_gmt":"2024-09-02T19:37:05","guid":{"rendered":"https:\/\/travelperformance.net\/?page_id=1066"},"modified":"2024-12-03T19:30:44","modified_gmt":"2024-12-03T18:30:44","slug":"ki-assistent-fuer-reisebueros","status":"publish","type":"page","link":"https:\/\/travelperformance.net\/pl\/asystent-ki-dla-biur-podrozy\/","title":{"rendered":"Dostosowanie strony internetowej"},"content":{"rendered":"<span class=\"scroll-to\" data-label=\"Scroll to: #home\" data-bullet=\"true\" data-link=\"#home\" data-title=\"Home\" ><a name=\"home\"><\/a><\/span>\n\n\t<section class=\"section\" id=\"section_620697393\">\n\t\t<div class=\"section-bg fill\" >\n\t\t\t\t\t\t\t<div class=\"video-overlay no-click fill visible\"><\/div>\n\t<video class=\"video-bg fill visible\" preload playsinline autoplay muted loop>\n\t\t<source src=\"https:\/\/travelperformance.net\/wp-content\/uploads\/2024\/09\/6_yzshfHS8.mp4\" type=\"video\/mp4\">\t<\/video>\n\t\t\t<div class=\"section-bg-overlay absolute fill\"><\/div>\n\t\t\t\n\n\t\t<\/div>\n\n\t\t\n\n\t\t<div class=\"section-content relative\">\n\t\t\t\n<div class=\"row\"  id=\"row-1049269744\">\n\n\t<div id=\"col-808755695\" class=\"col medium-12 small-12 large-12\"  >\n\t\t\t\t<div class=\"col-inner text-shadow-2\"  >\n\t\t\t\n\t\t\t\n\t<div id=\"gap-1783085100\" class=\"gap-element clearfix\" style=\"display:block; height:auto;\">\n\t\t\n<style>\n#gap-1783085100 {\n  padding-top: 0px;\n}\n@media (min-width:550px) {\n  #gap-1783085100 {\n    padding-top: 50px;\n  }\n}\n@media (min-width:850px) {\n  #gap-1783085100 {\n    padding-top: 50px;\n  }\n}\n<\/style>\n\t<\/div>\n\t\n<div>\n\t<div id=\"text-2707997912\" class=\"text\">\n\t\t\n<div><span style=\"font-size: 160%;\"><strong>Zautomatyzowany czat z klientami<\/strong><\/span><\/div>\n<div>dla biur podr\u00f3\u017cy i organizator\u00f3w wycieczek<\/div>\n\t\t\n<style>\n#text-2707997912 {\n  font-size: 1.4rem;\n  line-height: 1.15;\n  text-align: center;\n  color: rgb(255, 255, 255);\n}\n#text-2707997912 > * {\n  color: rgb(255, 255, 255);\n}\n@media (min-width:550px) {\n  #text-2707997912 {\n    font-size: 2.1rem;\n    line-height: 1.15;\n  }\n}\n@media (min-width:850px) {\n  #text-2707997912 {\n    font-size: 2.4rem;\n  }\n}\n<\/style>\n\t<\/div>\n\t\n\t<div id=\"gap-164170763\" class=\"gap-element clearfix\" style=\"display:block; height:auto;\">\n\t\t\n<style>\n#gap-164170763 {\n  padding-top: 20px;\n}\n@media (min-width:550px) {\n  #gap-164170763 {\n    padding-top: 20px;\n  }\n}\n@media (min-width:850px) {\n  #gap-164170763 {\n    padding-top: 30px;\n  }\n}\n<\/style>\n\t<\/div>\n\t\n<\/div>\n<div class=\"row\"  id=\"row-988243476\">\n\n\t<div id=\"col-1117743819\" class=\"col small-12 large-12\"  >\n\t\t\t\t<div class=\"col-inner text-center\"  >\n\t\t\t\n\t\t\t\n<a href=\"https:\/\/travelperformance.net\/pl\/product\/miesieczne-szkolenie-aktualizacyjne-dla-asystentow-ki\/\" class=\"button white is-large\"  style=\"padding:0px 30px 0px 30px;\">\n\t\t<span>Do produktu<\/span>\n\t<\/a>\n\n\t\t<\/div>\n\t\t\t\t\n<style>\n#col-1117743819 > .col-inner {\n  padding: 0px 0px 0px 0px;\n  margin: -10px 0px 0px 0px;\n}\n<\/style>\n\t<\/div>\n\n\t\n<\/div>\n\t\t<\/div>\n\t\t\t\t\t<\/div>\n\n\t\n<\/div>\n\t\t<\/div>\n\n\t\t\n<style>\n#section_620697393 {\n  padding-top: 20px;\n  padding-bottom: 20px;\n  min-height: 770px;\n}\n#section_620697393 .section-bg-overlay {\n  background-color: rgba(0, 85, 157, 0.157);\n}\n@media (min-width:550px) {\n  #section_620697393 {\n    min-height: 800px;\n  }\n}\n<\/style>\n\t<\/section>\n\t\n\n\t<section class=\"section\" id=\"section_118671468\">\n\t\t<div class=\"section-bg fill\" >\n\t\t\t\t\t\t\t\t\t\n\t\t\t\n\t<div class=\"is-border\"\n\t\tstyle=\"border-width:0px 0px 0px 0px;\">\n\t<\/div>\n\n\t\t<\/div>\n\n\t\t\n\n\t\t<div class=\"section-content relative\">\n\t\t\t\n<div class=\"row align-center\"  id=\"row-1176741957\">\n\n\t<div id=\"col-1128343424\" class=\"col small-11 large-12\"  >\n\t\t\t\t<div class=\"col-inner text-center\"  >\n\t\t\t\n\t\t\t\n<div class=\"row row-small row-box-shadow-1 row-box-shadow-4-hover\"  id=\"row-384536120\">\n\n\t<div id=\"col-373807136\" class=\"col medium-6 small-12 large-3 col-hover-focus\"  >\n\t\t\t\t<div class=\"col-inner\"  >\n\t\t\t\n\t\t\t\n\n\t\t<div class=\"icon-box featured-box icon-box-center text-center\"  >\n\t\t\t\t<div class=\"icon-box-text last-reset\">\n\t\t\t\t\t\t\t\t\t\n\t<div id=\"text-3244793988\" class=\"text\">\n\t\t\n<h2><strong><span style=\"color: #084085;\">Dost\u0119pno\u015b\u0107 24\/7<\/span><\/strong><\/h2>\n<p><span style=\"font-size: 90%;\">Odpowiedzi na zapytania w dowolnym momencie, bez czasu oczekiwania<\/span><br \/>\n\t\t\n<style>\n#text-3244793988 {\n  font-size: 1rem;\n  line-height: 1.05;\n  color: rgb(0,0,0);\n}\n#text-3244793988 > * {\n  color: rgb(0,0,0);\n}\n@media (min-width:550px) {\n  #text-3244793988 {\n    font-size: 1rem;\n    line-height: 1.5;\n  }\n}\n@media (min-width:850px) {\n  #text-3244793988 {\n    font-size: 1rem;\n  }\n}\n<\/style>\n\t<\/div>\n\t\n\t\t<\/div>\n\t<\/div>\n\t\n\t\n\t\t<\/div>\n\t\t\t\t\t<\/div>\n\n\t\n\n\t<div id=\"col-1082011969\" class=\"col medium-6 small-12 large-3 col-hover-focus\"  >\n\t\t\t\t<div class=\"col-inner\"  >\n\t\t\t\n\t\t\t\n\n\t\t<div class=\"icon-box featured-box icon-box-center text-center\"  >\n\t\t\t\t<div class=\"icon-box-text last-reset\">\n\t\t\t\t\t\t\t\t\t\n\t<div id=\"text-2006989542\" class=\"text\">\n\t\t\n<h2><span style=\"color: #084085;\"><strong>Szybkie odpowiedzi<\/strong><\/span><\/h2>\n<p><span style=\"font-size: 90%;\">Natychmiastowe odpowiedzi zwi\u0119kszaj\u0105 liczb\u0119 zapyta\u0144 klient\u00f3w<\/span><br \/>\n\t\t\n<style>\n#text-2006989542 {\n  font-size: 1rem;\n  line-height: 1.05;\n  color: rgb(0,0,0);\n}\n#text-2006989542 > * {\n  color: rgb(0,0,0);\n}\n@media (min-width:550px) {\n  #text-2006989542 {\n    font-size: 1rem;\n    line-height: 1.5;\n  }\n}\n@media (min-width:850px) {\n  #text-2006989542 {\n    font-size: 1rem;\n  }\n}\n<\/style>\n\t<\/div>\n\t\n\t\t<\/div>\n\t<\/div>\n\t\n\t\n\t\t<\/div>\n\t\t\t\t\t<\/div>\n\n\t\n\n\t<div id=\"col-789395711\" class=\"col medium-6 small-12 large-3 col-hover-focus\"  >\n\t\t\t\t<div class=\"col-inner\"  >\n\t\t\t\n\t\t\t\n\n\t\t<div class=\"icon-box featured-box icon-box-center text-center\"  >\n\t\t\t\t<div class=\"icon-box-text last-reset\">\n\t\t\t\t\t\t\t\t\t\n\t<div id=\"text-2123864207\" class=\"text\">\n\t\t\n<h2><span style=\"color: #084085;\"><strong>Efektywno\u015b\u0107 kosztowa<\/strong><\/span><\/h2>\n<p><span style=\"font-size: 90%;\">Zautomatyzowane procesy oszcz\u0119dzaj\u0105 koszty personelu<\/span><br \/>\n\t\t\n<style>\n#text-2123864207 {\n  font-size: 1rem;\n  line-height: 1.05;\n  color: rgb(0,0,0);\n}\n#text-2123864207 > * {\n  color: rgb(0,0,0);\n}\n@media (min-width:550px) {\n  #text-2123864207 {\n    font-size: 1rem;\n    line-height: 1.5;\n  }\n}\n@media (min-width:850px) {\n  #text-2123864207 {\n    font-size: 1rem;\n  }\n}\n<\/style>\n\t<\/div>\n\t\n\t\t<\/div>\n\t<\/div>\n\t\n\t\n\t\t<\/div>\n\t\t\t\t\t<\/div>\n\n\t\n\n\t<div id=\"col-1933130070\" class=\"col medium-6 small-12 large-3 col-hover-focus\"  >\n\t\t\t\t<div class=\"col-inner\"  >\n\t\t\t\n\t\t\t\n\n\t\t<div class=\"icon-box featured-box icon-box-center text-center\"  >\n\t\t\t\t<div class=\"icon-box-text last-reset\">\n\t\t\t\t\t\t\t\t\t\n\t<div id=\"text-2499267506\" class=\"text\">\n\t\t\n<h2><span style=\"color: #084085;\"><strong>Personalizacja<\/strong><\/span><\/h2>\n<p><span style=\"font-size: 90%;\">Samoucz\u0105ca si\u0119 sztuczna inteligencja dla optymalnych wynik\u00f3w<\/span><br \/>\n\t\t\n<style>\n#text-2499267506 {\n  font-size: 1rem;\n  line-height: 1.05;\n  color: rgb(0,0,0);\n}\n#text-2499267506 > * {\n  color: rgb(0,0,0);\n}\n@media (min-width:550px) {\n  #text-2499267506 {\n    font-size: 1rem;\n    line-height: 1.5;\n  }\n}\n@media (min-width:850px) {\n  #text-2499267506 {\n    font-size: 1rem;\n  }\n}\n<\/style>\n\t<\/div>\n\t\n\t\t<\/div>\n\t<\/div>\n\t\n\t\n\t\t<\/div>\n\t\t\t\t\t<\/div>\n\n\t\n\n<style>\n#row-384536120 > .col > .col-inner {\n  padding: 30px 30px 30px 30px;\n  background-color: rgb(255,255,255);\n}\n<\/style>\n<\/div>\n\t\t<\/div>\n\t\t\t\t\n<style>\n#col-1128343424 > .col-inner {\n  margin: -100px 0px 0px 0px;\n}\n<\/style>\n\t<\/div>\n\n\t\n<\/div>\n\t\t<\/div>\n\n\t\t\n<style>\n#section_118671468 {\n  padding-top: 0px;\n  padding-bottom: 0px;\n}\n<\/style>\n\t<\/section>\n\t\n\n\t<section class=\"section\" id=\"section_901071457\">\n\t\t<div class=\"section-bg fill\" >\n\t\t\t\t\t\t\t\t\t\n\t\t\t\n\n\t\t<\/div>\n\n\t\t\n\n\t\t<div class=\"section-content relative\">\n\t\t\t\n<div class=\"row\"  id=\"row-1705909389\">\n\n\t<div id=\"col-462441199\" class=\"col small-12 large-12\"  >\n\t\t\t\t<div class=\"col-inner\"  >\n\t\t\t\n\t\t\t\n<div class=\"row row-collapse\"  id=\"row-1423060565\">\n\n\t<div id=\"col-652243517\" class=\"col small-12 large-12\"  >\n\t\t\t\t<div class=\"col-inner\" style=\"background-color:#084085;\" >\n\t\t\t\n\t\t\t\n\n\t<section class=\"section dark\" id=\"section_1416463172\">\n\t\t<div class=\"section-bg fill\" >\n\t\t\t\t\t\t\t<div class=\"video-overlay no-click fill visible\"><\/div>\n\t<video class=\"video-bg fill visible\" preload playsinline autoplay muted loop>\n\t\t<source src=\"https:\/\/ai4performance.com\/wp-content\/uploads\/2024\/11\/6407491_Developer_Vr_1280x720_h264.mp4\" type=\"video\/mp4\">\t<\/video>\n\t\t\t<div class=\"section-bg-overlay absolute fill\"><\/div>\n\t\t\t\n\n\t\t<\/div>\n\n\t\t\n\n\t\t<div class=\"section-content relative\">\n\t\t\t\n<div class=\"row\"  id=\"row-1403492706\">\n\n\t<div id=\"col-1921799199\" class=\"col medium-12 small-12 large-10\"  >\n\t\t\t\t<div class=\"col-inner text-left\"  >\n\t\t\t\n\t\t\t\n\t<div id=\"gap-144918204\" class=\"gap-element clearfix\" style=\"display:block; height:auto;\">\n\t\t\n<style>\n#gap-144918204 {\n  padding-top: 30px;\n}\n<\/style>\n\t<\/div>\n\t\n\t<div id=\"text-3785584026\" class=\"text\">\n\t\t\n<h2><strong>Nasz chatbot AI robi r\u00f3\u017cnic\u0119!<\/strong><\/h2>\n\t\t\n<style>\n#text-3785584026 {\n  font-size: 1.25rem;\n  line-height: 0.75;\n  text-align: center;\n  color: rgb(255, 255, 255);\n}\n#text-3785584026 > * {\n  color: rgb(255, 255, 255);\n}\n@media (min-width:550px) {\n  #text-3785584026 {\n    font-size: 1.7rem;\n    line-height: 1.65;\n    text-align: left;\n  }\n}\n@media (min-width:850px) {\n  #text-3785584026 {\n    font-size: 1.85rem;\n    text-align: left;\n  }\n}\n<\/style>\n\t<\/div>\n\t\n\t<div id=\"text-3004572968\" class=\"text\">\n\t\t\n<h4>Po co zadowala\u0107 si\u0119 mniej, skoro mo\u017cna mie\u0107 chatbota AI, kt\u00f3ry jest dostosowany do potrzeb i nie zna ogranicze\u0144?<\/h4>\n\t\t\n<style>\n#text-3004572968 {\n  font-size: 0.95rem;\n  line-height: 1.2;\n  text-align: center;\n  color: rgb(255,255,255);\n}\n#text-3004572968 > * {\n  color: rgb(255,255,255);\n}\n@media (min-width:550px) {\n  #text-3004572968 {\n    font-size: 1.15rem;\n    text-align: left;\n  }\n}\n@media (min-width:850px) {\n  #text-3004572968 {\n    font-size: 1.3rem;\n    text-align: left;\n  }\n}\n<\/style>\n\t<\/div>\n\t\n<a data-animate=\"fadeInUp\" href=\"#kontakt\" class=\"button white is-large expand show-for-small\"  style=\"padding:0px 30px 0px 30px;\">\n\t\t<span>Bezp\u0142atne porady<\/span>\n\t<\/a>\n\n\t\t<\/div>\n\t\t\t\t\n<style>\n#col-1921799199 > .col-inner {\n  padding: 0px 0px 0px 0;\n}\n@media (min-width:550px) {\n  #col-1921799199 > .col-inner {\n    padding: 0px 0px 0px 0px;\n  }\n}\n@media (min-width:850px) {\n  #col-1921799199 > .col-inner {\n    padding: 0px 0px 0px 20px;\n  }\n}\n<\/style>\n\t<\/div>\n\n\t\n<\/div>\n\t\t<\/div>\n\n\t\t\n<style>\n#section_1416463172 {\n  padding-top: 0px;\n  padding-bottom: 0px;\n  min-height: 450px;\n}\n#section_1416463172 .section-bg-overlay {\n  background-color: rgba(0, 85, 157, 0.558);\n}\n@media (min-width:550px) {\n  #section_1416463172 {\n    min-height: 500px;\n  }\n}\n<\/style>\n\t<\/section>\n\t\n<div class=\"row row-collapse\"  id=\"row-1086693745\">\n\n\t<div id=\"col-508968302\" class=\"col medium-9 small-12 large-6\"  >\n\t\t\t\t<div class=\"col-inner\"  >\n\t\t\t\n\t\t\t\n\n\t\t<div class=\"icon-box featured-box icon-box-left text-left\"  >\n\t\t\t\t<div class=\"icon-box-text last-reset\">\n\t\t\t\t\t\t\t\t\t\n\t<div id=\"text-3976097724\" class=\"text\">\n\t\t\n<h3><strong>Nasz agent AI:<\/strong><\/h3>\n\t\t\n<style>\n#text-3976097724 {\n  font-size: 1.25rem;\n  line-height: 2;\n  color: rgb(255,255,255);\n}\n#text-3976097724 > * {\n  color: rgb(255,255,255);\n}\n<\/style>\n\t<\/div>\n\t\n\t<div id=\"gap-1934824944\" class=\"gap-element clearfix\" style=\"display:block; height:auto;\">\n\t\t\n<style>\n#gap-1934824944 {\n  padding-top: 10px;\n}\n<\/style>\n\t<\/div>\n\t\n\t<div id=\"text-3136730464\" class=\"text\">\n\t\t\n<ul>\n<li>Nielimitowane czaty w sta\u0142ej cenie z najpot\u0119\u017cniejsz\u0105 technologi\u0105 OpenAI GPT-4<\/li>\n<li>100% samoucz\u0105cy si\u0119 bot - automatyczne odczytywanie ca\u0142ej witryny internetowej, w tym przesy\u0142anie pojedynczych dokument\u00f3w<\/li>\n<li>Indywidualne opcje dostosowywania zgodnie z \u017cyczeniami u\u017cytkownika<\/li>\n<li>Bezkonkurencyjny stosunek ceny do wydajno\u015bci<\/li>\n<li>Globalne zastosowanie we wszystkich j\u0119zykach<\/li>\n<\/ul>\n\t\t\n<style>\n#text-3136730464 {\n  font-size: 1.05rem;\n  color: rgb(255,255,255);\n}\n#text-3136730464 > * {\n  color: rgb(255,255,255);\n}\n@media (min-width:550px) {\n  #text-3136730464 {\n    font-size: 1.15rem;\n  }\n}\n<\/style>\n\t<\/div>\n\t\n\t<div id=\"gap-764419211\" class=\"gap-element clearfix\" style=\"display:block; height:auto;\">\n\t\t\n<style>\n#gap-764419211 {\n  padding-top: 50px;\n}\n@media (min-width:550px) {\n  #gap-764419211 {\n    padding-top: 90px;\n  }\n}\n<\/style>\n\t<\/div>\n\t\n\t\t<\/div>\n\t<\/div>\n\t\n\t\n\t\t<\/div>\n\t\t\t\t\n<style>\n#col-508968302 > .col-inner {\n  padding: 0px 0px 0px 0px;\n  margin: 0px 0px -100px 0px;\n}\n<\/style>\n\t<\/div>\n\n\t\n\n\t<div id=\"col-1605023351\" class=\"col medium-9 small-12 large-6\"  >\n\t\t\t\t<div class=\"col-inner dark\"  >\n\t\t\t\n\t\t\t\n\n\t\t<div class=\"icon-box featured-box icon-box-top text-left\"  >\n\t\t\t\t<div class=\"icon-box-text last-reset\">\n\t\t\t\t\t\t\t\t\t\n\t<div id=\"text-1054345852\" class=\"text\">\n\t\t\n<h3><span style=\"color: #c0c0c0;\">Inne boty:<\/span><\/h3>\n\t\t\n<style>\n#text-1054345852 {\n  font-size: 1.25rem;\n  line-height: 2;\n  color: rgb(255,255,255);\n}\n#text-1054345852 > * {\n  color: rgb(255,255,255);\n}\n<\/style>\n\t<\/div>\n\t\n\t<div id=\"gap-1710856560\" class=\"gap-element clearfix\" style=\"display:block; height:auto;\">\n\t\t\n<style>\n#gap-1710856560 {\n  padding-top: 10px;\n}\n<\/style>\n\t<\/div>\n\t\n\t<div id=\"text-2090912751\" class=\"text\">\n\t\t\n<ul>\n<li>Drogie rachunki za pytanie lub po\u0142\u0105czenie<\/li>\n<li>Przestarza\u0142a technologia Openai GPT-3.5<\/li>\n<li>Brak pe\u0142nego szkolenia, zwykle ograniczonego do kilku podstron witryny.<\/li>\n<li>Brak indywidualnego dostosowania do potrzeb u\u017cytkownika<\/li>\n<li>Nie dotyczy globalnie<\/li>\n<\/ul>\n\t\t\n<style>\n#text-2090912751 {\n  font-size: 0.95rem;\n  color: rgb(169, 169, 169);\n}\n#text-2090912751 > * {\n  color: rgb(169, 169, 169);\n}\n@media (min-width:550px) {\n  #text-2090912751 {\n    font-size: 1.1rem;\n  }\n}\n<\/style>\n\t<\/div>\n\t\n\t<div id=\"gap-1631782329\" class=\"gap-element clearfix\" style=\"display:block; height:auto;\">\n\t\t\n<style>\n#gap-1631782329 {\n  padding-top: 20px;\n}\n@media (min-width:550px) {\n  #gap-1631782329 {\n    padding-top: 30px;\n  }\n}\n<\/style>\n\t<\/div>\n\t\n\t\t<\/div>\n\t<\/div>\n\t\n\t\n\t\t<\/div>\n\t\t\t\t\n<style>\n#col-1605023351 > .col-inner {\n  padding: 0px 0px 20px 0px;\n  margin: 0px 0px 20px 0px;\n}\n<\/style>\n\t<\/div>\n\n\t\n\n<style>\n#row-1086693745 > .col > .col-inner {\n  padding: 50px 20px 50px 20px;\n}\n@media (min-width:550px) {\n  #row-1086693745 > .col > .col-inner {\n    padding: 50px 50px 50px 50px;\n  }\n}\n<\/style>\n<\/div>\n\t\t<\/div>\n\t\t\t\t\t<\/div>\n\n\t\n<\/div>\n\t\t<\/div>\n\t\t\t\t\t<\/div>\n\n\t\n<\/div>\n\t\t<\/div>\n\n\t\t\n<style>\n#section_901071457 {\n  padding-top: 30px;\n  padding-bottom: 30px;\n}\n<\/style>\n\t<\/section>\n\t\n\n\t<section class=\"section\" id=\"section_1239021540\">\n\t\t<div class=\"section-bg fill\" >\n\t\t\t\t\t\t\t\t\t\n\t\t\t\n\n\t\t<\/div>\n\n\t\t\n\n\t\t<div class=\"section-content relative\">\n\t\t\t\n<div class=\"row\"  id=\"row-326562256\">\n\n\t<div id=\"col-2031541049\" class=\"col small-12 large-12\"  >\n\t\t\t\t<div class=\"col-inner\"  >\n\t\t\t\n\t\t\t\n<div class=\"row row-collapse\"  id=\"row-1116879213\">\n\n\t<div id=\"col-2018448045\" class=\"col small-12 large-12\"  >\n\t\t\t\t<div class=\"col-inner\"  >\n\t\t\t\n\t\t\t\n<span class=\"scroll-to\" data-label=\"Scroll to: #warum\" data-bullet=\"true\" data-link=\"#warum\" data-title=\"Assistent testen\" ><a name=\"warum\"><\/a><\/span>\n\n\t<section class=\"section dark\" id=\"section_28083999\">\n\t\t<div class=\"section-bg fill\" >\n\t\t\t\t\t\t\t<div class=\"video-overlay no-click fill visible\"><\/div>\n\t<video class=\"video-bg fill visible\" preload playsinline autoplay muted loop>\n\t\t<source src=\"https:\/\/travelperformance.net\/wp-content\/uploads\/2024\/08\/Design-ohne-Titel.webm\" type=\"video\/mp4\">\t<\/video>\n\t\t\t<div class=\"section-bg-overlay absolute fill\"><\/div>\n\t\t\t\n\n\t\t<\/div>\n\n\t\t\n\n\t\t<div class=\"section-content relative\">\n\t\t\t\n<div class=\"row\"  id=\"row-1940559506\">\n\n\t<div id=\"col-1756794709\" class=\"col medium-12 small-12 large-10\"  >\n\t\t\t\t<div class=\"col-inner text-left\"  >\n\t\t\t\n\t\t\t\n\t<div id=\"gap-14970397\" class=\"gap-element clearfix\" style=\"display:block; height:auto;\">\n\t\t\n<style>\n#gap-14970397 {\n  padding-top: 30px;\n}\n<\/style>\n\t<\/div>\n\t\n\t<div id=\"text-3481572219\" class=\"text\">\n\t\t\n<h2><strong>Asystent podr\u00f3\u017cy AI dla biur podr\u00f3\u017cy i bran\u017cy turystycznej<\/strong><\/h2>\n\t\t\n<style>\n#text-3481572219 {\n  font-size: 1.25rem;\n  line-height: 0.75;\n  text-align: center;\n  color: rgb(255, 255, 255);\n}\n#text-3481572219 > * {\n  color: rgb(255, 255, 255);\n}\n@media (min-width:550px) {\n  #text-3481572219 {\n    font-size: 1.7rem;\n    line-height: 1.65;\n    text-align: left;\n  }\n}\n@media (min-width:850px) {\n  #text-3481572219 {\n    font-size: 1.85rem;\n    text-align: left;\n  }\n}\n<\/style>\n\t<\/div>\n\t\n\t<div id=\"text-50922577\" class=\"text\">\n\t\t\n<h4>U\u0142atw sobie codzienn\u0105 prac\u0119 i zainspiruj swoich klient\u00f3w dzi\u0119ki asystentowi podr\u00f3\u017cy opartemu na sztucznej inteligencji.<\/h4>\n\t\t\n<style>\n#text-50922577 {\n  font-size: 0.95rem;\n  line-height: 1.2;\n  text-align: center;\n  color: rgb(255,255,255);\n}\n#text-50922577 > * {\n  color: rgb(255,255,255);\n}\n@media (min-width:550px) {\n  #text-50922577 {\n    font-size: 1.15rem;\n    text-align: left;\n  }\n}\n@media (min-width:850px) {\n  #text-50922577 {\n    font-size: 1.3rem;\n    text-align: left;\n  }\n}\n<\/style>\n\t<\/div>\n\t\n<a data-animate=\"fadeInUp\" href=\"#kontakt\" class=\"button white is-large expand show-for-small\"  style=\"padding:0px 30px 0px 30px;\">\n\t\t<span>Bezp\u0142atne porady<\/span>\n\t<\/a>\n\n\t\t<\/div>\n\t\t\t\t\n<style>\n#col-1756794709 > .col-inner {\n  padding: 0px 0px 0px 0;\n}\n@media (min-width:550px) {\n  #col-1756794709 > .col-inner {\n    padding: 0px 0px 0px 0px;\n  }\n}\n@media (min-width:850px) {\n  #col-1756794709 > .col-inner {\n    padding: 0px 0px 0px 20px;\n  }\n}\n<\/style>\n\t<\/div>\n\n\t\n<\/div>\n\t\t<\/div>\n\n\t\t\n<style>\n#section_28083999 {\n  padding-top: 0px;\n  padding-bottom: 0px;\n  min-height: 450px;\n}\n#section_28083999 .section-bg-overlay {\n  background-color: rgba(0, 85, 157, 0.558);\n}\n@media (min-width:550px) {\n  #section_28083999 {\n    min-height: 500px;\n  }\n}\n<\/style>\n\t<\/section>\n\t\n\t\t<\/div>\n\t\t\t\t\t<\/div>\n\n\t\n<\/div>\n<div class=\"row row-collapse align-equal\"  id=\"row-1030955292\">\n\n\t<div id=\"col-891131682\" class=\"col medium-12 small-12 large-12\"  >\n\t\t\t\t<div class=\"col-inner text-center dark\" style=\"background-color:rgb(243, 246, 252);\" >\n\t\t\t\n\t\t\t\n\t<div id=\"text-2762433979\" class=\"text\">\n\t\t\n<h2><strong>Asystent AI w akcji - przyk\u0142ad z SAT Travel<\/strong><\/h2>\n\t\t\n<style>\n#text-2762433979 {\n  font-size: 1.1rem;\n  line-height: 0.75;\n  text-align: center;\n  color: rgb(0,0,0);\n}\n#text-2762433979 > * {\n  color: rgb(0,0,0);\n}\n@media (min-width:550px) {\n  #text-2762433979 {\n    font-size: 1.7rem;\n    text-align: left;\n  }\n}\n@media (min-width:850px) {\n  #text-2762433979 {\n    font-size: 1rem;\n    text-align: left;\n  }\n}\n<\/style>\n\t<\/div>\n\t\n\t<div id=\"text-1948955283\" class=\"text\">\n\t\t\n<p>W tym te\u015bcie przeanalizowali\u015bmy asystenta podr\u00f3\u017cy AI od <strong>SAT Travel<\/strong> wbudowany. Bot mo\u017ce dostarczy\u0107 szczeg\u00f3\u0142owych informacji na temat r\u00f3\u017cnych ofert - szybko i precyzyjnie.<br \/>\n\t\t\n<style>\n#text-1948955283 {\n  font-size: 0.95rem;\n  line-height: 1.35;\n  text-align: center;\n  color: rgb(0,0,0);\n}\n#text-1948955283 > * {\n  color: rgb(0,0,0);\n}\n@media (min-width:550px) {\n  #text-1948955283 {\n    font-size: 1.15rem;\n    text-align: left;\n  }\n}\n@media (min-width:850px) {\n  #text-1948955283 {\n    font-size: 1.15rem;\n    text-align: left;\n  }\n}\n<\/style>\n\t<\/div>\n\t\n\t\t<\/div>\n\t\t\t\t\n<style>\n#col-891131682 > .col-inner {\n  padding: 30px 10% 20px 10%;\n}\n@media (min-width:550px) {\n  #col-891131682 > .col-inner {\n    padding: 50px 50px 0px 50px;\n  }\n}\n<\/style>\n\t<\/div>\n\n\t\n\n\t<div id=\"col-1797450751\" class=\"col medium-12 small-12 large-12\"  >\n\t\t\t\t<div class=\"col-inner text-center dark\" style=\"background-color:rgb(243, 246, 252);\" >\n\t\t\t\n\t\t\t\n\n<p><script async type='module' src='https:\/\/interfaces.zapier.com\/assets\/web-components\/zapier-interfaces\/zapier-interfaces.esm.js'><\/script><br \/>\n<zapier-interfaces-chatbot-embed is-popup='false' chatbot-id='cm0z8zqzc0005cmwgahizri3q' height='500px' width='100%'><\/zapier-interfaces-chatbot-embed><br \/>\n\n\t<div id=\"gap-289007435\" class=\"gap-element clearfix\" style=\"display:block; height:auto;\">\n\t\t\n<style>\n#gap-289007435 {\n  padding-top: 0px;\n}\n@media (min-width:550px) {\n  #gap-289007435 {\n    padding-top: 30px;\n  }\n}\n<\/style>\n\t<\/div>\n\t\n\t\t<\/div>\n\t\t\t\t\n<style>\n#col-1797450751 > .col-inner {\n  padding: 0px 0px 0px 0px;\n}\n@media (min-width:550px) {\n  #col-1797450751 > .col-inner {\n    padding: 0px 50px 0px 50px;\n  }\n}\n<\/style>\n\t<\/div>\n\n\t\n<\/div>\n\t\t<\/div>\n\t\t\t\t\t<\/div>\n\n\t\n<\/div>\n\t\t<\/div>\n\n\t\t\n<style>\n#section_1239021540 {\n  padding-top: 30px;\n  padding-bottom: 30px;\n}\n<\/style>\n\t<\/section>\n\t\n\t<div id=\"gap-862337299\" class=\"gap-element clearfix\" style=\"display:block; height:auto;\">\n\t\t\n<style>\n#gap-862337299 {\n  padding-top: 0px;\n}\n@media (min-width:550px) {\n  #gap-862337299 {\n    padding-top: 30px;\n  }\n}\n<\/style>\n\t<\/div>\n\t\n<div class=\"row\"  id=\"row-1903083140\">\n\n\t<div id=\"col-1294058700\" class=\"col small-12 large-12\"  >\n\t\t\t\t<div class=\"col-inner text-center\"  >\n\t\t\t\n\t\t\t\n<a href=\"https:\/\/travelperformance.net\/pl\/product\/miesieczne-szkolenie-aktualizacyjne-dla-asystentow-ki\/\" class=\"button primary is-xlarge hide-for-small\"  style=\"padding:0px 30px 0px 30px;\">\n\t\t<span>Do produktu<\/span>\n\t<\/a>\n\n<a data-animate=\"fadeInUp\" href=\"#kontakt\" class=\"button primary is-large show-for-small\"  style=\"padding:0px 30px 0px 30px;\">\n\t\t<span>Do produktu<\/span>\n\t<\/a>\n\n\t<div id=\"gap-1971447579\" class=\"gap-element clearfix\" style=\"display:block; height:auto;\">\n\t\t\n<style>\n#gap-1971447579 {\n  padding-top: 0px;\n}\n@media (min-width:550px) {\n  #gap-1971447579 {\n    padding-top: 60px;\n  }\n}\n<\/style>\n\t<\/div>\n\t\n\t\t<\/div>\n\t\t\t\t\t<\/div>\n\n\t\n<\/div>\n<span class=\"scroll-to\" data-label=\"Scroll to: #kontakt\" data-bullet=\"true\" data-link=\"#kontakt\" data-title=\"Kontakt\" ><a name=\"kontakt\"><\/a><\/span>","protected":false},"excerpt":{"rendered":"","protected":false},"author":1,"featured_media":0,"parent":0,"menu_order":0,"comment_status":"closed","ping_status":"closed","template":"page-transparent-header-light.php","meta":{"bwfblock_default_font":"","footnotes":""},"class_list":["post-1066","page","type-page","status-publish","hentry"],"_links":{"self":[{"href":"https:\/\/travelperformance.net\/pl\/wp-json\/wp\/v2\/pages\/1066","targetHints":{"allow":["GET"]}}],"collection":[{"href":"https:\/\/travelperformance.net\/pl\/wp-json\/wp\/v2\/pages"}],"about":[{"href":"https:\/\/travelperformance.net\/pl\/wp-json\/wp\/v2\/types\/page"}],"author":[{"embeddable":true,"href":"https:\/\/travelperformance.net\/pl\/wp-json\/wp\/v2\/users\/1"}],"replies":[{"embeddable":true,"href":"https:\/\/travelperformance.net\/pl\/wp-json\/wp\/v2\/comments?post=1066"}],"version-history":[{"count":26,"href":"https:\/\/travelperformance.net\/pl\/wp-json\/wp\/v2\/pages\/1066\/revisions"}],"predecessor-version":[{"id":2063,"href":"https:\/\/travelperformance.net\/pl\/wp-json\/wp\/v2\/pages\/1066\/revisions\/2063"}],"wp:attachment":[{"href":"https:\/\/travelperformance.net\/pl\/wp-json\/wp\/v2\/media?parent=1066"}],"curies":[{"name":"wp","href":"https:\/\/api.w.org\/{rel}","templated":true}]}}