{"id":1649,"date":"2024-09-17T14:13:48","date_gmt":"2024-09-17T12:13:48","guid":{"rendered":"https:\/\/travelperformance.net\/?page_id=1649"},"modified":"2024-10-29T13:06:25","modified_gmt":"2024-10-29T12:06:25","slug":"daten-fuer-social-media-postings","status":"publish","type":"page","link":"https:\/\/travelperformance.net\/pl\/dane-do-postow-w-mediach-spolecznosciowych\/","title":{"rendered":"Daten f\u00fcr Social Media Postings"},"content":{"rendered":"<p><script async src=\"https:\/\/tally.so\/widgets\/embed.js\"><\/script><\/p>\n<style type=\"text\/css\">\n    .iframe-container {\n        position: relative;\n        width: 100%;\n        overflow: hidden;\n    }\n    \/* F\u00fcr Desktopansicht *\/\n    @media (min-width: 769px) {\n        .iframe-container {\n            padding-bottom: 56.25%; \/* Verh\u00e4ltnis 16:9 f\u00fcr Desktop *\/\n            height: 0;\n        }\n        .iframe-container iframe {\n            position: absolute;\n            top: 0;\n            left: 0;\n            width: 100%;\n            height: 100%;\n            border: none;\n        }\n    }\n    \/* F\u00fcr mobile Ger\u00e4te *\/\n    @media (max-width: 768px) {\n        .iframe-container {\n            height: 100vh; \/* Volle H\u00f6he f\u00fcr Mobilger\u00e4te *\/\n        }\n        .iframe-container iframe {\n            width: 100%;\n            height: 100%;\n            border: none;\n        }\n    }\n<\/style>\n<div class=\"iframe-container\">\n    <iframe title=\"Wydajno\u015b\u0107 podr\u00f3\u017cy\" frameborder=\"0\" marginwidth=\"0\" marginheight=\"0\" data-tally-src=\"https:\/\/tally.so\/r\/mYY8RW?transparentBackground=1\"><\/iframe>\n<\/div>","protected":false},"excerpt":{"rendered":"","protected":false},"author":1,"featured_media":0,"parent":0,"menu_order":0,"comment_status":"closed","ping_status":"closed","template":"page-blank.php","meta":{"bwfblock_default_font":"","footnotes":""},"class_list":["post-1649","page","type-page","status-publish","hentry"],"_links":{"self":[{"href":"https:\/\/travelperformance.net\/pl\/wp-json\/wp\/v2\/pages\/1649","targetHints":{"allow":["GET"]}}],"collection":[{"href":"https:\/\/travelperformance.net\/pl\/wp-json\/wp\/v2\/pages"}],"about":[{"href":"https:\/\/travelperformance.net\/pl\/wp-json\/wp\/v2\/types\/page"}],"author":[{"embeddable":true,"href":"https:\/\/travelperformance.net\/pl\/wp-json\/wp\/v2\/users\/1"}],"replies":[{"embeddable":true,"href":"https:\/\/travelperformance.net\/pl\/wp-json\/wp\/v2\/comments?post=1649"}],"version-history":[{"count":18,"href":"https:\/\/travelperformance.net\/pl\/wp-json\/wp\/v2\/pages\/1649\/revisions"}],"predecessor-version":[{"id":2011,"href":"https:\/\/travelperformance.net\/pl\/wp-json\/wp\/v2\/pages\/1649\/revisions\/2011"}],"wp:attachment":[{"href":"https:\/\/travelperformance.net\/pl\/wp-json\/wp\/v2\/media?parent=1649"}],"curies":[{"name":"wp","href":"https:\/\/api.w.org\/{rel}","templated":true}]}}