{"id":688,"date":"2024-08-23T13:26:58","date_gmt":"2024-08-23T11:26:58","guid":{"rendered":"https:\/\/travelperformance.net\/impressum\/"},"modified":"2024-09-12T13:22:41","modified_gmt":"2024-09-12T11:22:41","slug":"impressum","status":"publish","type":"page","link":"https:\/\/travelperformance.net\/pl\/odcisk\/","title":{"rendered":"Nadruk"},"content":{"rendered":"<p>&nbsp;<\/p>\n<p><img loading=\"lazy\" decoding=\"async\" class=\"alignnone wp-image-273\" src=\"https:\/\/travelperformance.net\/wp-content\/uploads\/2024\/08\/logo.svg\" alt=\"\" width=\"255\" height=\"51\" \/><\/p>\n<p><strong>Travel Performance jest us\u0142ug\u0105 \u015bwiadczon\u0105 przez<\/strong><\/p>\n<p>Better Living Unternehmensgesellschaft (haftungsbeschr\u00e4nkt)<br \/>\nGreifswalder Str. 87<br \/>\n10409 Berlin<br \/>\nS\u0105d rejonowy w Charlottenburgu:<br \/>\nHRB 224744 B<\/p>\n<p>Nr podatkowy 060\/106\/06328<\/p>\n<p>IDENTYFIKATOR VAT: DE344067856<\/p>\n<p><strong>Prawa autorskie, znaki towarowe i patenty<\/strong><br \/>\nWszystkie projekty stron internetowych, teksty, d\u017awi\u0119ki, nagrania filmowe, grafika, obrazy, programowanie i oprogramowanie, w ca\u0142o\u015bci lub w cz\u0119\u015bci, podlegaj\u0105 prawom autorskim operatora. Wszelkie prawa zastrze\u017cone.<\/p>\n<p><strong>Zastrze\u017cenie<\/strong><br \/>\nWitryna zawiera hiper\u0142\u0105cza prowadz\u0105ce do witryn internetowych os\u00f3b trzecich. Operator nie ma wp\u0142ywu na ich wygl\u0105d i zawarto\u015b\u0107, a zatem nie ponosi odpowiedzialno\u015bci za dok\u0142adno\u015b\u0107, aktualno\u015b\u0107, kompletno\u015b\u0107 i jako\u015b\u0107 udost\u0119pnianych tam informacji. U\u017cytkownicy powinni kierowa\u0107 wszelkie w\u0105tpliwo\u015bci zwi\u0105zane z tak\u0105 witryn\u0105 bezpo\u015brednio do jej operatora. Wszystkie hiper\u0142\u0105cza zosta\u0142y przez nas sprawdzone w momencie tworzenia strony internetowej, ale nie s\u0105 sprawdzane regularnie. Sch\u00f6ner Reisen und Entertainment GmbH wyra\u017anie dystansuje si\u0119 od tre\u015bci zewn\u0119trznych stron internetowych. Ta strona internetowa znajduje si\u0119 na serwerze naszego dostawcy w centrum komputerowym w Republice Federalnej Niemiec.<\/p>\n<p><strong>Zastrze\u017cenie<\/strong><br \/>\nRoszczenia wobec autora z tytu\u0142u odpowiedzialno\u015bci za szkody materialne lub niematerialne spowodowane wykorzystaniem lub niewykorzystaniem dostarczonych informacji lub wykorzystaniem nieprawid\u0142owych lub niekompletnych informacji s\u0105 zasadniczo wykluczone. Autor wyra\u017anie zastrzega sobie prawo do zmiany, uzupe\u0142nienia lub usuni\u0119cia cz\u0119\u015bci stron lub ca\u0142ej witryny bez uprzedniego powiadomienia lub do tymczasowego lub trwa\u0142ego zaprzestania publikacji.<\/p>\n<p><a href=\"https:\/\/webgate.ec.europa.eu\/odr\/main\/index.cfm?event=main.home.chooseLanguage\"><img decoding=\"async\" src=\"https:\/\/xn--gnstiger-reisen-zvb.de\/images\/streitbeilegung.jpg\" alt=\"webgate\" \/><\/a><\/p>","protected":false},"excerpt":{"rendered":"<p>&nbsp; Travel Performance jest us\u0142ug\u0105 \u015bwiadczon\u0105 przez: Better Living Unternehmensgesellschaft (haftungsbeschr\u00e4nkt) Greifswalder Str. 87 10409 Berlin Amtsgericht Charlottenburg: HRB 224744 B Steuerr. 060\/106\/06328 Ust-ID: DE344067856 Prawa autorskie, znaki towarowe i patenty Wszystkie projekty stron internetowych, teksty, d\u017awi\u0119ki, nagrania filmowe, grafika, obrazy, programowanie i oprogramowanie, w ca\u0142o\u015bci lub w cz\u0119\u015bci, podlegaj\u0105 prawom autorskim operatora. Wszelkie prawa zastrze\u017cone. Zastrze\u017cenie Strona internetowa [...]","protected":false},"author":1,"featured_media":0,"parent":0,"menu_order":0,"comment_status":"closed","ping_status":"closed","template":"","meta":{"bwfblock_default_font":"","footnotes":""},"class_list":["post-688","page","type-page","status-publish","hentry"],"_links":{"self":[{"href":"https:\/\/travelperformance.net\/pl\/wp-json\/wp\/v2\/pages\/688","targetHints":{"allow":["GET"]}}],"collection":[{"href":"https:\/\/travelperformance.net\/pl\/wp-json\/wp\/v2\/pages"}],"about":[{"href":"https:\/\/travelperformance.net\/pl\/wp-json\/wp\/v2\/types\/page"}],"author":[{"embeddable":true,"href":"https:\/\/travelperformance.net\/pl\/wp-json\/wp\/v2\/users\/1"}],"replies":[{"embeddable":true,"href":"https:\/\/travelperformance.net\/pl\/wp-json\/wp\/v2\/comments?post=688"}],"version-history":[{"count":3,"href":"https:\/\/travelperformance.net\/pl\/wp-json\/wp\/v2\/pages\/688\/revisions"}],"predecessor-version":[{"id":1426,"href":"https:\/\/travelperformance.net\/pl\/wp-json\/wp\/v2\/pages\/688\/revisions\/1426"}],"wp:attachment":[{"href":"https:\/\/travelperformance.net\/pl\/wp-json\/wp\/v2\/media?parent=688"}],"curies":[{"name":"wp","href":"https:\/\/api.w.org\/{rel}","templated":true}]}}