{"id":712,"date":"2024-08-23T14:37:37","date_gmt":"2024-08-23T12:37:37","guid":{"rendered":"https:\/\/travelperformance.net\/?page_id=712"},"modified":"2024-11-04T14:29:15","modified_gmt":"2024-11-04T13:29:15","slug":"reise-videos","status":"publish","type":"page","link":"https:\/\/travelperformance.net\/pl\/filmy-z-podrozy\/","title":{"rendered":"Filmy z podr\u00f3\u017cy"},"content":{"rendered":"<span class=\"scroll-to\" data-label=\"Scroll to: #home\" data-bullet=\"true\" data-link=\"#home\" data-title=\"\u00dcber Reise Videos\" ><a name=\"home\"><\/a><\/span>\n\n\t<section class=\"section\" id=\"section_1457396310\">\n\t\t<div class=\"section-bg fill\" >\n\t\t\t\t\t\t\t<div class=\"video-overlay no-click fill visible\"><\/div>\n\t<video class=\"video-bg fill visible\" preload playsinline autoplay muted loop>\n\t\t<source src=\"https:\/\/travelperformance.net\/wp-content\/uploads\/2024\/08\/Bali_10.mp4\" type=\"video\/mp4\">\t<\/video>\n\t\t\t<div class=\"section-bg-overlay absolute fill\"><\/div>\n\t\t\t\n\n\t\t<\/div>\n\n\t\t\n\n\t\t<div class=\"section-content relative\">\n\t\t\t\n<div class=\"row\"  id=\"row-450391719\">\n\n\t<div id=\"col-454397219\" class=\"col medium-12 small-12 large-12\"  >\n\t\t\t\t<div class=\"col-inner text-shadow-2\"  >\n\t\t\t\n\t\t\t\n\t<div id=\"gap-2067090880\" class=\"gap-element clearfix\" style=\"display:block; height:auto;\">\n\t\t\n<style>\n#gap-2067090880 {\n  padding-top: 0px;\n}\n@media (min-width:550px) {\n  #gap-2067090880 {\n    padding-top: 50px;\n  }\n}\n@media (min-width:850px) {\n  #gap-2067090880 {\n    padding-top: 50px;\n  }\n}\n<\/style>\n\t<\/div>\n\t\n<div>\n\t<div id=\"text-1633077320\" class=\"text\">\n\t\t\n<div><span style=\"font-size: 160%;\"><strong>Filmy z podr\u00f3\u017cy <\/strong><\/span><\/div>\n<div>dla Twojej witryny<\/div>\n\t\t\n<style>\n#text-1633077320 {\n  font-size: 1.4rem;\n  line-height: 1.15;\n  text-align: center;\n  color: rgb(255, 255, 255);\n}\n#text-1633077320 > * {\n  color: rgb(255, 255, 255);\n}\n@media (min-width:550px) {\n  #text-1633077320 {\n    font-size: 2.1rem;\n    line-height: 1.15;\n  }\n}\n@media (min-width:850px) {\n  #text-1633077320 {\n    font-size: 2.4rem;\n  }\n}\n<\/style>\n\t<\/div>\n\t\n\t<div id=\"gap-1975292213\" class=\"gap-element clearfix\" style=\"display:block; height:auto;\">\n\t\t\n<style>\n#gap-1975292213 {\n  padding-top: 20px;\n}\n@media (min-width:550px) {\n  #gap-1975292213 {\n    padding-top: 20px;\n  }\n}\n@media (min-width:850px) {\n  #gap-1975292213 {\n    padding-top: 30px;\n  }\n}\n<\/style>\n\t<\/div>\n\t\n<\/div>\n<div class=\"row\"  id=\"row-394442298\">\n\n\t<div id=\"col-1738505502\" class=\"col small-12 large-12\"  >\n\t\t\t\t<div class=\"col-inner text-center\"  >\n\t\t\t\n\t\t\t\n<a href=\"https:\/\/travelperformance.net\/pl\/product\/profesjonalna-produkcja-wideo-z-podrozy\/\" class=\"button white is-large\"  style=\"padding:0px 30px 0px 30px;\">\n\t\t<span>Do produktu<\/span>\n\t<\/a>\n\n\t\t<\/div>\n\t\t\t\t\n<style>\n#col-1738505502 > .col-inner {\n  padding: 0px 0px 0px 0px;\n  margin: -10px 0px 0px 0px;\n}\n<\/style>\n\t<\/div>\n\n\t\n<\/div>\n\t\t<\/div>\n\t\t\t\t\t<\/div>\n\n\t\n<\/div>\n\t\t<\/div>\n\n\t\t\n<style>\n#section_1457396310 {\n  padding-top: 20px;\n  padding-bottom: 20px;\n  min-height: 770px;\n}\n#section_1457396310 .section-bg-overlay {\n  background-color: rgba(0, 85, 157, 0.157);\n}\n@media (min-width:550px) {\n  #section_1457396310 {\n    min-height: 800px;\n  }\n}\n<\/style>\n\t<\/section>\n\t\n\n\t<section class=\"section\" id=\"section_673959347\">\n\t\t<div class=\"section-bg fill\" >\n\t\t\t\t\t\t\t\t\t\n\t\t\t\n\t<div class=\"is-border\"\n\t\tstyle=\"border-width:0px 0px 0px 0px;\">\n\t<\/div>\n\n\t\t<\/div>\n\n\t\t\n\n\t\t<div class=\"section-content relative\">\n\t\t\t\n<div class=\"row align-center\"  id=\"row-1534763439\">\n\n\t<div id=\"col-1174123488\" class=\"col small-11 large-12\"  >\n\t\t\t\t<div class=\"col-inner text-center\"  >\n\t\t\t\n\t\t\t\n<div class=\"row row-small row-box-shadow-1 row-box-shadow-4-hover\"  id=\"row-1307515045\">\n\n\t<div id=\"col-1087192826\" class=\"col medium-6 small-12 large-3 col-hover-focus\"  >\n\t\t\t\t<div class=\"col-inner\"  >\n\t\t\t\n\t\t\t\n\n\t\t<div class=\"icon-box featured-box icon-box-center text-center\"  >\n\t\t\t\t<div class=\"icon-box-text last-reset\">\n\t\t\t\t\t\t\t\t\t\n\t<div id=\"text-175207990\" class=\"text\">\n\t\t\n<h2><strong><span style=\"color: #084085;\">Prezentacja wizualna<\/span><\/strong><\/h2>\n<p>Filmy wideo o\u017cywiaj\u0105 wizualnie oferty podr\u00f3\u017cy i u\u0142atwiaj\u0105 klientom podejmowanie decyzji o zakupie.<\/p>\n\t\t\n<style>\n#text-175207990 {\n  font-size: 1rem;\n  line-height: 1.05;\n  color: rgb(0,0,0);\n}\n#text-175207990 > * {\n  color: rgb(0,0,0);\n}\n@media (min-width:550px) {\n  #text-175207990 {\n    font-size: 1rem;\n    line-height: 1.5;\n  }\n}\n@media (min-width:850px) {\n  #text-175207990 {\n    font-size: 1rem;\n  }\n}\n<\/style>\n\t<\/div>\n\t\n\t\t<\/div>\n\t<\/div>\n\t\n\t\n\t\t<\/div>\n\t\t\t\t\t<\/div>\n\n\t\n\n\t<div id=\"col-1520278818\" class=\"col medium-6 small-12 large-3 col-hover-focus\"  >\n\t\t\t\t<div class=\"col-inner\"  >\n\t\t\t\n\t\t\t\n\n\t\t<div class=\"icon-box featured-box icon-box-center text-center\"  >\n\t\t\t\t<div class=\"icon-box-text last-reset\">\n\t\t\t\t\t\t\t\t\t\n\t<div id=\"text-2504769473\" class=\"text\">\n\t\t\n<h2><span style=\"color: #084085;\"><strong>Profesjonalne zaufanie<\/strong><\/span><\/h2>\n<p>Pi\u0119knie wyprodukowane filmy zwi\u0119kszaj\u0105 wiarygodno\u015b\u0107 i zaufanie, co przekonuje potencjalnych klient\u00f3w<\/p>\n\t\t\n<style>\n#text-2504769473 {\n  font-size: 1rem;\n  line-height: 1.05;\n  color: rgb(0,0,0);\n}\n#text-2504769473 > * {\n  color: rgb(0,0,0);\n}\n@media (min-width:550px) {\n  #text-2504769473 {\n    font-size: 1rem;\n    line-height: 1.5;\n  }\n}\n@media (min-width:850px) {\n  #text-2504769473 {\n    font-size: 1rem;\n  }\n}\n<\/style>\n\t<\/div>\n\t\n\t\t<\/div>\n\t<\/div>\n\t\n\t\n\t\t<\/div>\n\t\t\t\t\t<\/div>\n\n\t\n\n\t<div id=\"col-532745912\" class=\"col medium-6 small-12 large-3 col-hover-focus\"  >\n\t\t\t\t<div class=\"col-inner\"  >\n\t\t\t\n\t\t\t\n\n\t\t<div class=\"icon-box featured-box icon-box-center text-center\"  >\n\t\t\t\t<div class=\"icon-box-text last-reset\">\n\t\t\t\t\t\t\t\t\t\n\t<div id=\"text-1390462148\" class=\"text\">\n\t\t\n<h2><span style=\"color: #084085;\"><strong>Po\u0142\u0105czenie emocjonalne<\/strong><\/span><\/h2>\n<p>Filmy wzbudzaj\u0105 emocje, u\u0142atwiaj\u0105 wizualizacj\u0119 podr\u00f3\u017cy i znacznie zwi\u0119kszaj\u0105 ch\u0119\u0107 zakupu.<\/p>\n\t\t\n<style>\n#text-1390462148 {\n  font-size: 1rem;\n  line-height: 1.05;\n  color: rgb(0,0,0);\n}\n#text-1390462148 > * {\n  color: rgb(0,0,0);\n}\n@media (min-width:550px) {\n  #text-1390462148 {\n    font-size: 1rem;\n    line-height: 1.5;\n  }\n}\n@media (min-width:850px) {\n  #text-1390462148 {\n    font-size: 1rem;\n  }\n}\n<\/style>\n\t<\/div>\n\t\n\t\t<\/div>\n\t<\/div>\n\t\n\t\n\t\t<\/div>\n\t\t\t\t\t<\/div>\n\n\t\n\n\t<div id=\"col-810635300\" class=\"col medium-6 small-12 large-3 col-hover-focus\"  >\n\t\t\t\t<div class=\"col-inner\"  >\n\t\t\t\n\t\t\t\n\n\t\t<div class=\"icon-box featured-box icon-box-center text-center\"  >\n\t\t\t\t<div class=\"icon-box-text last-reset\">\n\t\t\t\t\t\t\t\t\t\n\t<div id=\"text-3992731489\" class=\"text\">\n\t\t\n<h2><span style=\"color: #084085;\"><strong>Silne korzy\u015bci SEO<\/strong><\/span><\/h2>\n<p>Filmy wyd\u0142u\u017caj\u0105 czas sp\u0119dzany na stronie, co ma pozytywny wp\u0142yw na SEO i lepsze rankingi Google.<\/p>\n\t\t\n<style>\n#text-3992731489 {\n  font-size: 1rem;\n  line-height: 1.05;\n  color: rgb(0,0,0);\n}\n#text-3992731489 > * {\n  color: rgb(0,0,0);\n}\n@media (min-width:550px) {\n  #text-3992731489 {\n    font-size: 1rem;\n    line-height: 1.5;\n  }\n}\n@media (min-width:850px) {\n  #text-3992731489 {\n    font-size: 1rem;\n  }\n}\n<\/style>\n\t<\/div>\n\t\n\t\t<\/div>\n\t<\/div>\n\t\n\t\n\t\t<\/div>\n\t\t\t\t\t<\/div>\n\n\t\n\n<style>\n#row-1307515045 > .col > .col-inner {\n  padding: 30px 30px 30px 30px;\n  background-color: rgb(255,255,255);\n}\n<\/style>\n<\/div>\n\t\t<\/div>\n\t\t\t\t\n<style>\n#col-1174123488 > .col-inner {\n  margin: -100px 0px 0px 0px;\n}\n<\/style>\n\t<\/div>\n\n\t\n<\/div>\n\t\t<\/div>\n\n\t\t\n<style>\n#section_673959347 {\n  padding-top: 0px;\n  padding-bottom: 0px;\n}\n<\/style>\n\t<\/section>\n\t\n\n\t<section class=\"section\" id=\"section_2097568909\">\n\t\t<div class=\"section-bg fill\" >\n\t\t\t\t\t\t\t\t\t\n\t\t\t\n\n\t\t<\/div>\n\n\t\t\n\n\t\t<div class=\"section-content relative\">\n\t\t\t\n<div class=\"row\"  id=\"row-215597598\">\n\n\t<div id=\"col-171494423\" class=\"col small-12 large-12\"  >\n\t\t\t\t<div class=\"col-inner\"  >\n\t\t\t\n\t\t\t\n<div class=\"row row-collapse\"  id=\"row-1940361254\">\n\n\t<div id=\"col-369978531\" class=\"col small-12 large-12\"  >\n\t\t\t\t<div class=\"col-inner\"  >\n\t\t\t\n\t\t\t\n<span class=\"scroll-to\" data-label=\"Scroll to: #warum\" data-bullet=\"true\" data-link=\"#warum\" data-title=\"Warum Reise Videos?\" ><a name=\"warum\"><\/a><\/span>\n\n\t<section class=\"section dark\" id=\"section_983265742\">\n\t\t<div class=\"section-bg fill\" >\n\t\t\t<img loading=\"lazy\" decoding=\"async\" width=\"1280\" height=\"853\" src=\"https:\/\/travelperformance.net\/wp-content\/uploads\/2024\/09\/ocean-sunset-person-stockpack-pixabay.jpg\" class=\"bg attachment- size-\" alt=\"ocean, zach\u00f3d s\u0142o\u0144ca, osoba\" \/>\t\t\t\t\t\t<div class=\"section-bg-overlay absolute fill\"><\/div>\n\t\t\t\n\n\t\t<\/div>\n\n\t\t\n\n\t\t<div class=\"section-content relative\">\n\t\t\t\n<div class=\"row\"  id=\"row-678241860\">\n\n\t<div id=\"col-14856397\" class=\"col medium-12 small-12 large-7\"  >\n\t\t\t\t<div class=\"col-inner text-left\"  >\n\t\t\t\n\t\t\t\n\t<div id=\"gap-127465610\" class=\"gap-element clearfix\" style=\"display:block; height:auto;\">\n\t\t\n<style>\n#gap-127465610 {\n  padding-top: 30px;\n}\n<\/style>\n\t<\/div>\n\t\n\t<div id=\"text-400468931\" class=\"text\">\n\t\t\n<h2><strong>Filmy z podr\u00f3\u017cy o\u017cywiaj\u0105 Twoje oferty<\/strong><\/h2>\n\t\t\n<style>\n#text-400468931 {\n  font-size: 1.35rem;\n  line-height: 0.75;\n  text-align: center;\n  color: rgb(255, 255, 255);\n}\n#text-400468931 > * {\n  color: rgb(255, 255, 255);\n}\n@media (min-width:550px) {\n  #text-400468931 {\n    font-size: 1.85rem;\n    line-height: 1.5;\n    text-align: left;\n  }\n}\n@media (min-width:850px) {\n  #text-400468931 {\n    text-align: left;\n  }\n}\n<\/style>\n\t<\/div>\n\t\n\t<div id=\"text-302515044\" class=\"text\">\n\t\t\n<p><strong>Profesjonalny film z podr\u00f3\u017cy<\/strong> mo\u017ce zrobi\u0107 r\u00f3\u017cnic\u0119, je\u015bli chodzi o tworzenie ofert podr\u00f3\u017cy <strong>na w\u0142asnej stronie internetowej<\/strong> do przedstawienia.<\/p>\n\t\t\n<style>\n#text-302515044 {\n  font-size: 0.95rem;\n  line-height: 1.3;\n  text-align: center;\n}\n@media (min-width:550px) {\n  #text-302515044 {\n    font-size: 1.4rem;\n    line-height: 1.2;\n    text-align: left;\n  }\n}\n@media (min-width:850px) {\n  #text-302515044 {\n    text-align: left;\n  }\n}\n<\/style>\n\t<\/div>\n\t\n<a href=\"https:\/\/travelperformance.net\/pl\/product\/profesjonalna-produkcja-wideo-z-podrozy\/\" class=\"button white is-large hide-for-small\"  style=\"padding:0px 30px 0px 30px;\">\n\t\t<span>Do produktu<\/span>\n\t<\/a>\n\n<a href=\"#kontakt\" class=\"button white is-large expand show-for-small\"  style=\"padding:0px 30px 0px 30px;\">\n\t\t<span>Bezp\u0142atne porady<\/span>\n\t<\/a>\n\n\t\t<\/div>\n\t\t\t\t\n<style>\n#col-14856397 > .col-inner {\n  padding: 0px 0px 0px 0;\n}\n@media (min-width:550px) {\n  #col-14856397 > .col-inner {\n    padding: 0px 0px 0px 0px;\n  }\n}\n@media (min-width:850px) {\n  #col-14856397 > .col-inner {\n    padding: 0px 0px 0px 20px;\n  }\n}\n<\/style>\n\t<\/div>\n\n\t\n<\/div>\n\t\t<\/div>\n\n\t\t\n<style>\n#section_983265742 {\n  padding-top: 0px;\n  padding-bottom: 0px;\n  min-height: 450px;\n}\n#section_983265742 .section-bg-overlay {\n  background-color: rgba(0, 85, 157, 0.256);\n}\n@media (min-width:550px) {\n  #section_983265742 {\n    min-height: 500px;\n  }\n}\n<\/style>\n\t<\/section>\n\t\n\t\t<\/div>\n\t\t\t\t\t<\/div>\n\n\t\n<\/div>\n<div class=\"row row-collapse align-equal\"  id=\"row-1732602682\">\n\n\t<div id=\"col-1162201720\" class=\"col medium-12 small-12 large-12\"  >\n\t\t\t\t<div class=\"col-inner text-center dark\" style=\"background-color:#084085;\" >\n\t\t\t\n\t\t\t\n<div class=\"video video-fit mb box-shadow-2\" style=\"padding-top:56.25%;\"><p><iframe loading=\"lazy\" title=\"Podr\u00f3\u017c w obie strony do Meksyku - \u015bladami Maj\u00f3w\" width=\"1020\" height=\"574\" src=\"https:\/\/www.youtube.com\/embed\/3qhg96BRENc?feature=oembed\" frameborder=\"0\" allow=\"accelerometer; autoplay; clipboard-write; encrypted-media; gyroscope; picture-in-picture; web-share\" referrerpolicy=\"strict-origin-when-cross-origin\" allowfullscreen><\/iframe><\/p>\n<\/div>\n\t<div id=\"text-481076690\" class=\"text\">\n\t\t\n<p>W przeciwie\u0144stwie do czystego tekstu lub obraz\u00f3w, filmy mog\u0105 przekazywa\u0107 pi\u0119kno i do\u015bwiadczenie podr\u00f3\u017cy w czasie rzeczywistym. Ta wizualna prezentacja <strong>wzmacnia<\/strong> nie tylko odsetki, ale tak\u017ce <strong>Zaufanie do biura podr\u00f3\u017cy<\/strong>. Taki film mo\u017ce by\u0107 ostatecznym impulsem, kt\u00f3rego klient potrzebuje, aby sfinalizowa\u0107 rezerwacj\u0119.<\/p>\n<h3><strong>Wi\u0119cej zaufania, wi\u0119cej klient\u00f3w, wi\u0119cej rezerwacji!<\/strong><\/h3>\n\t\t\n<style>\n#text-481076690 {\n  font-size: 1rem;\n  line-height: 1.1;\n  text-align: center;\n}\n@media (min-width:550px) {\n  #text-481076690 {\n    font-size: 1.2rem;\n    text-align: left;\n  }\n}\n@media (min-width:850px) {\n  #text-481076690 {\n    font-size: 1.4rem;\n    line-height: 1.2;\n    text-align: left;\n  }\n}\n<\/style>\n\t<\/div>\n\t\n\t\t<\/div>\n\t\t\t\t\n<style>\n#col-1162201720 > .col-inner {\n  padding: 30px 10% 20px 10%;\n}\n@media (min-width:550px) {\n  #col-1162201720 > .col-inner {\n    padding: 50px 50px 50px 50px;\n  }\n}\n<\/style>\n\t<\/div>\n\n\t\n<\/div>\n\t\t<\/div>\n\t\t\t\t\t<\/div>\n\n\t\n<\/div>\n\t\t<\/div>\n\n\t\t\n<style>\n#section_2097568909 {\n  padding-top: 30px;\n  padding-bottom: 30px;\n}\n<\/style>\n\t<\/section>\n\t\n\t<div id=\"gap-1841420196\" class=\"gap-element clearfix\" style=\"display:block; height:auto;\">\n\t\t\n<style>\n#gap-1841420196 {\n  padding-top: 30px;\n}\n<\/style>\n\t<\/div>\n\t\n<span class=\"scroll-to\" data-label=\"Scroll to: #social\" data-bullet=\"true\" data-link=\"#social\" data-title=\"Vertrauen st\u00e4rken\" ><a name=\"social\"><\/a><\/span>\n<div class=\"row\"  id=\"row-62038173\">\n\n\t<div id=\"col-115818384\" class=\"col small-12 large-12\"  >\n\t\t\t\t<div class=\"col-inner\"  >\n\t\t\t\n\t\t\t\n<div class=\"row row-collapse\"  id=\"row-1169772525\">\n\n\t<div id=\"col-8498379\" class=\"col small-12 large-12\"  >\n\t\t\t\t<div class=\"col-inner\"  >\n\t\t\t\n\t\t\t\n\n\t<section class=\"section dark\" id=\"section_654319091\">\n\t\t<div class=\"section-bg fill\" >\n\t\t\t\t\t\t\t\t\t\n\t\t\t\n\n\t\t<\/div>\n\n\t\t\n\n\t\t<div class=\"section-content relative\">\n\t\t\t\n<div class=\"row\"  id=\"row-1865281166\">\n\n\t<div id=\"col-268609966\" class=\"col medium-12 small-12 large-10\"  >\n\t\t\t\t<div class=\"col-inner\"  >\n\t\t\t\n\t\t\t\n\t<div id=\"gap-1435702272\" class=\"gap-element clearfix\" style=\"display:block; height:auto;\">\n\t\t\n<style>\n#gap-1435702272 {\n  padding-top: 80px;\n}\n<\/style>\n\t<\/div>\n\t\n\t<div id=\"text-2956903439\" class=\"text\">\n\t\t\n<h3><strong>Filmy z podr\u00f3\u017cy zwi\u0119kszaj\u0105 zaufanie do u\u017cytkownika<\/strong><\/h3>\n\t\t\n<style>\n#text-2956903439 {\n  font-size: 1.5rem;\n  line-height: 1.15;\n  text-align: center;\n}\n@media (min-width:550px) {\n  #text-2956903439 {\n    font-size: 1.7rem;\n    line-height: 1.1;\n    text-align: left;\n  }\n}\n@media (min-width:850px) {\n  #text-2956903439 {\n    font-size: 2.25rem;\n    text-align: left;\n  }\n}\n<\/style>\n\t<\/div>\n\t\n\t<div id=\"text-395323748\" class=\"text\">\n\t\t\n<p><span style=\"font-size: 100%;\">W bran\u017cy, w kt\u00f3rej <strong>Zaufanie i wiarygodno\u015b\u0107 odgrywaj\u0105 wa\u017cn\u0105 rol\u0119<\/strong>Profesjonalny film z podr\u00f3\u017cy mo\u017ce mie\u0107 znacz\u0105cy wp\u0142yw na decyzje klient\u00f3w.<\/span><\/p>\n\t\t\n<style>\n#text-395323748 {\n  font-size: 0.95rem;\n  line-height: 1.15;\n  text-align: center;\n}\n@media (min-width:550px) {\n  #text-395323748 {\n    font-size: 1.2rem;\n    text-align: left;\n  }\n}\n@media (min-width:850px) {\n  #text-395323748 {\n    font-size: 1.4rem;\n    line-height: 1.2;\n    text-align: left;\n  }\n}\n<\/style>\n\t<\/div>\n\t\n\t\t<\/div>\n\t\t\t\t\n<style>\n#col-268609966 > .col-inner {\n  padding: 0px 0px 0px 0;\n}\n@media (min-width:550px) {\n  #col-268609966 > .col-inner {\n    padding: 0px 0px 0px 10%;\n  }\n}\n<\/style>\n\t<\/div>\n\n\t\n\n\t<div id=\"col-439711290\" class=\"col medium-12 small-12 large-12\"  >\n\t\t\t\t<div class=\"col-inner\"  >\n\t\t\t\n\t\t\t\n<div class=\"row row-large align-middle align-center\"  id=\"row-1385099320\">\n\n\t<div id=\"col-2092047147\" class=\"col small-12 large-12\"  >\n\t\t\t\t<div class=\"col-inner text-left\"  >\n\t\t\t\n\t\t\t\n<div class=\"video video-fit mb box-shadow-2 box-shadow-3-hover\" style=\"padding-top:56.25%;\"><p><iframe loading=\"lazy\" title=\"City break Nowy Jork - miasto, kt\u00f3re nigdy nie \u015bpi!\" width=\"1020\" height=\"574\" src=\"https:\/\/www.youtube.com\/embed\/0droHzGuISo?feature=oembed\" frameborder=\"0\" allow=\"accelerometer; autoplay; clipboard-write; encrypted-media; gyroscope; picture-in-picture; web-share\" referrerpolicy=\"strict-origin-when-cross-origin\" allowfullscreen><\/iframe><\/p>\n<\/div>\n\t\t<\/div>\n\t\t\t\t\t<\/div>\n\n\t\n<\/div>\n<div class=\"row row-collapse align-equal\"  id=\"row-1223002248\">\n\n\t<div id=\"col-1950059807\" class=\"col medium-12 small-12 large-12\"  >\n\t\t\t\t<div class=\"col-inner text-center dark\" style=\"background-color:#084085;\" >\n\t\t\t\n\t\t\t\n\t<div id=\"text-2216460828\" class=\"text\">\n\t\t\n<h4><strong>Przekazuje powag\u0119 i niezawodno\u015b\u0107<\/strong><\/h4>\n\t\t\n<style>\n#text-2216460828 {\n  font-size: 1.35rem;\n  line-height: 1;\n  text-align: center;\n}\n@media (min-width:550px) {\n  #text-2216460828 {\n    font-size: 1.85rem;\n    line-height: 1.1;\n    text-align: left;\n  }\n}\n@media (min-width:850px) {\n  #text-2216460828 {\n    font-size: 1.75rem;\n    text-align: left;\n  }\n}\n<\/style>\n\t<\/div>\n\t\n\t<div id=\"text-4012556013\" class=\"text\">\n\t\t\n<p>Klienci, kt\u00f3rzy zobacz\u0105 dobrze wykonany film na Twojej stronie internetowej, s\u0105 bardziej sk\u0142onni zaufa\u0107 Ci i dokona\u0107 rezerwacji. Profesjonalne wideo jest zatem nie tylko narz\u0119dziem marketingowym, ale tak\u017ce wa\u017cnym elementem budowania wizerunku. <strong>Budowanie d\u0142ugoterminowych relacji z klientami<\/strong>.<\/p>\n\t\t\n<style>\n#text-4012556013 {\n  font-size: 0.95rem;\n  line-height: 1.3;\n  text-align: center;\n}\n@media (min-width:550px) {\n  #text-4012556013 {\n    font-size: 1.4rem;\n    line-height: 1.2;\n    text-align: left;\n  }\n}\n@media (min-width:850px) {\n  #text-4012556013 {\n    text-align: left;\n  }\n}\n<\/style>\n\t<\/div>\n\t\n\t\t<\/div>\n\t\t\t\t\n<style>\n#col-1950059807 > .col-inner {\n  padding: 0px 0px 0px 0px;\n}\n<\/style>\n\t<\/div>\n\n\t\n<\/div>\n\t\t<\/div>\n\t\t\t\t\t<\/div>\n\n\t\n\n<style>\n#row-1865281166 > .col > .col-inner {\n  padding: 0px 0px 0px 0px;\n}\n@media (min-width:550px) {\n  #row-1865281166 > .col > .col-inner {\n    padding: 0px 20px 0px 20px;\n  }\n}\n<\/style>\n<\/div>\n\t\t<\/div>\n\n\t\t\n<style>\n#section_654319091 {\n  padding-top: 0px;\n  padding-bottom: 0px;\n  min-height: 450px;\n  background-color: #084085;\n}\n@media (min-width:550px) {\n  #section_654319091 {\n    min-height: 500px;\n  }\n}\n<\/style>\n\t<\/section>\n\t\n\t\t<\/div>\n\t\t\t\t\t<\/div>\n\n\t\n<\/div>\n\t\t<\/div>\n\t\t\t\t\t<\/div>\n\n\t\n<\/div>\n<div class=\"row\"  id=\"row-1363702828\">\n\n\t<div id=\"col-913378304\" class=\"col small-12 large-12\"  >\n\t\t\t\t<div class=\"col-inner text-center\"  >\n\t\t\t\n\t\t\t\n<a href=\"#kontakt\" class=\"button primary is-xlarge hide-for-small\"  style=\"padding:0px 30px 0px 30px;\">\n\t\t<span>Popro\u015b o bezp\u0142atn\u0105 konsultacj\u0119<\/span>\n\t<\/a>\n\n<a href=\"#kontakt\" class=\"button primary is-large show-for-small\"  style=\"padding:0px 30px 0px 30px;\">\n\t\t<span>Popro\u015b o bezp\u0142atn\u0105 porad\u0119<\/span>\n\t<\/a>\n\n\t<div id=\"gap-1606986937\" class=\"gap-element clearfix\" style=\"display:block; height:auto;\">\n\t\t\n<style>\n#gap-1606986937 {\n  padding-top: 0px;\n}\n@media (min-width:550px) {\n  #gap-1606986937 {\n    padding-top: 60px;\n  }\n}\n<\/style>\n\t<\/div>\n\t\n\t\t<\/div>\n\t\t\t\t\t<\/div>\n\n\t\n<\/div>\n<span class=\"scroll-to\" data-label=\"Scroll to: #kontakt\" data-bullet=\"true\" data-link=\"#kontakt\" data-title=\"Kontakt\" ><a name=\"kontakt\"><\/a><\/span>","protected":false},"excerpt":{"rendered":"","protected":false},"author":1,"featured_media":0,"parent":0,"menu_order":0,"comment_status":"closed","ping_status":"closed","template":"page-transparent-header-light.php","meta":{"bwfblock_default_font":"","footnotes":""},"class_list":["post-712","page","type-page","status-publish","hentry"],"_links":{"self":[{"href":"https:\/\/travelperformance.net\/pl\/wp-json\/wp\/v2\/pages\/712","targetHints":{"allow":["GET"]}}],"collection":[{"href":"https:\/\/travelperformance.net\/pl\/wp-json\/wp\/v2\/pages"}],"about":[{"href":"https:\/\/travelperformance.net\/pl\/wp-json\/wp\/v2\/types\/page"}],"author":[{"embeddable":true,"href":"https:\/\/travelperformance.net\/pl\/wp-json\/wp\/v2\/users\/1"}],"replies":[{"embeddable":true,"href":"https:\/\/travelperformance.net\/pl\/wp-json\/wp\/v2\/comments?post=712"}],"version-history":[{"count":10,"href":"https:\/\/travelperformance.net\/pl\/wp-json\/wp\/v2\/pages\/712\/revisions"}],"predecessor-version":[{"id":2038,"href":"https:\/\/travelperformance.net\/pl\/wp-json\/wp\/v2\/pages\/712\/revisions\/2038"}],"wp:attachment":[{"href":"https:\/\/travelperformance.net\/pl\/wp-json\/wp\/v2\/media?parent=712"}],"curies":[{"name":"wp","href":"https:\/\/api.w.org\/{rel}","templated":true}]}}