{"id":1007,"date":"2024-08-31T16:46:12","date_gmt":"2024-08-31T14:46:12","guid":{"rendered":"https:\/\/travelperformance.net\/?post_type=product&#038;p=1007"},"modified":"2024-10-12T12:18:24","modified_gmt":"2024-10-12T10:18:24","slug":"massgeschneiderter-social-media-posting-service","status":"publish","type":"product","link":"https:\/\/travelperformance.net\/pl\/product\/spersonalizowana-usluga-publikowania-w-mediach-spolecznosciowych-2\/","title":{"rendered":"W pe\u0142ni zautomatyzowana us\u0142uga publikowania w mediach spo\u0142eczno\u015bciowych"},"content":{"rendered":"<p>Nasz <strong>Spersonalizowana us\u0142uga publikowania w mediach spo\u0142eczno\u015bciowych<\/strong> zapewnia, \u017ce materia\u0142y wideo i tre\u015bci, kt\u00f3re ju\u017c stworzy\u0142e\u015b, s\u0105 publikowane we w\u0142a\u015bciwym czasie i na odpowiednich platformach, aby zmaksymalizowa\u0107 uwag\u0119 i interakcj\u0119. Opracowujemy dla Ciebie spersonalizowan\u0105 strategi\u0119 publikowania, kt\u00f3ra optymalnie prezentuje Twoj\u0105 mark\u0119 w mediach spo\u0142eczno\u015bciowych i stale zwi\u0119ksza Tw\u00f3j zasi\u0119g.<\/p>\n<p><strong>Co otrzymujesz:<\/strong><\/p>\n<ul>\n<li><strong>Indywidualna strategia publikowania:<\/strong> Tworzymy spersonalizowany plan medi\u00f3w spo\u0142eczno\u015bciowych, kt\u00f3ry jest precyzyjnie dostosowany do grupy docelowej i marki.<\/li>\n<li><strong>Regularna publikacja:<\/strong> Publikujemy filmy i tre\u015bci w mediach spo\u0142eczno\u015bciowych w spos\u00f3b ci\u0105g\u0142y i w optymalnym czasie na odpowiednich platformach, aby osi\u0105gn\u0105\u0107 jak najlepszy zasi\u0119g.<\/li>\n<li><strong>Ukierunkowane zwracanie si\u0119 do grupy docelowej:<\/strong> Dzi\u0119ki naszemu strategicznemu planowaniu Twoje posty dotr\u0105 dok\u0142adnie do tych os\u00f3b, kt\u00f3re s\u0105 zainteresowane Twoimi ofertami i chc\u0105 wej\u015b\u0107 z nimi w interakcj\u0119.<\/li>\n<li><strong>Zwi\u0119kszenie obecno\u015bci marki:<\/strong> Regularne i ukierunkowane posty zapewniaj\u0105, \u017ce Twoja marka pozostaje obecna w mediach spo\u0142eczno\u015bciowych i stale si\u0119 rozwija.<\/li>\n<\/ul>\n<p><strong>Jednorazowy post testowy - aby nas pozna\u0107:<\/strong> Aby zapozna\u0107 si\u0119 z naszymi us\u0142ugami, oferujemy mo\u017cliwo\u015b\u0107 wzi\u0119cia udzia\u0142u w programie <strong>jednorazowy bezp\u0142atny wpis pr\u00f3bny<\/strong> do odbioru. Pozwala to zobaczy\u0107 nasze us\u0142ugi w akcji przed przyst\u0105pieniem do naszego pe\u0142nego programu publikowania. Ka\u017cdy klient, organizacja lub konto w mediach spo\u0142eczno\u015bciowych mo\u017ce skorzysta\u0107 z tej us\u0142ugi tylko raz. Proces jest taki sam jak w przypadku normalnego zam\u00f3wienia, dzi\u0119ki czemu mo\u017cna uzyska\u0107 prawdziwy smak tego, jak mog\u0105 wygl\u0105da\u0107 przysz\u0142e posty.<\/p>\n<p><strong>Dalsze opcje:<\/strong> Po zako\u0144czeniu testu mo\u017cesz wybra\u0107 jedn\u0105 z naszych szerokich opcji <strong>Baza danych miejsc docelowych podr\u00f3\u017cy<\/strong> kt\u00f3re s\u0105 u\u017cywane w b\u0119bnach wideo. Masz r\u00f3wnie\u017c mo\u017cliwo\u015b\u0107 dostosowania <strong>Logo<\/strong> w materia\u0142ach wideo. Nale\u017cy jednak pami\u0119ta\u0107, \u017ce <strong>nie ma mo\u017cliwo\u015bci zmiany b\u0119bn\u00f3w po ich utworzeniu<\/strong>. Nasze zautomatyzowane procesy gwarantuj\u0105 wydajn\u0105 i szybk\u0105 produkcj\u0119, dlatego dostosowanie do indywidualnych potrzeb nie jest ju\u017c mo\u017cliwe.<\/p>\n<p><strong>Dlaczego potrzebujesz tego produktu:<\/strong> W dynamicznym \u015bwiecie medi\u00f3w spo\u0142eczno\u015bciowych wa\u017cne jest, aby zawsze by\u0107 obecnym i regularnie zwraca\u0107 si\u0119 do swojej grupy docelowej. Nasza us\u0142uga publikowania w mediach spo\u0142eczno\u015bciowych zapewnia optymalne planowanie i publikowanie tre\u015bci, dzi\u0119ki czemu mo\u017cna skutecznie zwi\u0119kszy\u0107 zasi\u0119g i widoczno\u015b\u0107. Tworzenie film\u00f3w wideo i innych tre\u015bci mo\u017cna zakupi\u0107 osobno lub zintegrowa\u0107 w produkt \u0142\u0105czony - Ty decydujesz, co najbardziej Ci odpowiada!<\/p>\n<p>&nbsp;<\/p>","protected":false},"excerpt":{"rendered":"<p><strong><span class=\"OYPEnA font-feature-liga-off font-feature-clig-off font-feature-calt-off text-decoration-none text-strikethrough-none\">Pe\u0142na us\u0142uga 100% z tworzeniem i publikowaniem opartym na sztucznej inteligencji<\/span><\/strong>\u00a0Zapewnia, \u017ce filmy i tre\u015bci, kt\u00f3re ju\u017c stworzy\u0142e\u015b, s\u0105 publikowane we w\u0142a\u015bciwym czasie i na odpowiednich platformach, aby zmaksymalizowa\u0107 uwag\u0119 i interakcj\u0119.<\/p>","protected":false},"featured_media":0,"template":"","meta":{"bwfblock_default_font":""},"product_brand":[],"product_cat":[72],"product_tag":[],"class_list":{"0":"post-1007","1":"product","2":"type-product","3":"status-publish","5":"product_cat-social-media-services","7":"first","8":"instock","9":"featured","10":"taxable","11":"shipping-taxable","12":"purchasable","13":"product-type-variable-subscription","14":"has-default-attributes"},"_links":{"self":[{"href":"https:\/\/travelperformance.net\/pl\/wp-json\/wp\/v2\/product\/1007","targetHints":{"allow":["GET"]}}],"collection":[{"href":"https:\/\/travelperformance.net\/pl\/wp-json\/wp\/v2\/product"}],"about":[{"href":"https:\/\/travelperformance.net\/pl\/wp-json\/wp\/v2\/types\/product"}],"wp:attachment":[{"href":"https:\/\/travelperformance.net\/pl\/wp-json\/wp\/v2\/media?parent=1007"}],"wp:term":[{"taxonomy":"product_brand","embeddable":true,"href":"https:\/\/travelperformance.net\/pl\/wp-json\/wp\/v2\/product_brand?post=1007"},{"taxonomy":"product_cat","embeddable":true,"href":"https:\/\/travelperformance.net\/pl\/wp-json\/wp\/v2\/product_cat?post=1007"},{"taxonomy":"product_tag","embeddable":true,"href":"https:\/\/travelperformance.net\/pl\/wp-json\/wp\/v2\/product_tag?post=1007"}],"curies":[{"name":"wp","href":"https:\/\/api.w.org\/{rel}","templated":true}]}}