{"id":1534,"date":"2024-09-12T23:50:23","date_gmt":"2024-09-12T21:50:23","guid":{"rendered":"https:\/\/travelperformance.net\/?post_type=product&#038;p=1534"},"modified":"2024-11-19T14:30:48","modified_gmt":"2024-11-19T13:30:48","slug":"monatliches-ki-assistenten-update-training","status":"publish","type":"product","link":"https:\/\/travelperformance.net\/pl\/product\/miesieczne-szkolenie-aktualizacyjne-dla-asystentow-ki\/","title":{"rendered":"Doradztwo dla klient\u00f3w oparte na sztucznej inteligencji"},"content":{"rendered":"<p><strong>Zawsze aktualizuj swojego asystenta AI dzi\u0119ki comiesi\u0119cznym aktualizacjom i ci\u0105g\u0142ym szkoleniom.<\/strong><\/p>\n<p>Nasz <strong>Comiesi\u0119czna aktualizacja i szkolenie asystenta AI<\/strong> Us\u0142uga zapewnia, \u017ce asystent AI zawsze dostarcza aktualnych informacji na temat ofert i us\u0142ug turystycznych. Dzi\u0119ki regularnym dostosowaniom i aktualizacjom asystent mo\u017ce szybko reagowa\u0107 na nowe produkty, zmienione oferty lub inne istotne informacje i przekazywa\u0107 je klientom w kompetentny spos\u00f3b.<\/p>\n<p><strong>Co otrzymujesz:<\/strong><\/p>\n<ul>\n<li><strong>Comiesi\u0119czne aktualizacje asystenta AI:<\/strong> Regularnie aktualizujemy asystenta o nowe oferty podr\u00f3\u017cy, ceny, promocje i inne istotne informacje.<\/li>\n<li><strong>Nowe szkolenie dotycz\u0105ce zmian:<\/strong> Gdy tylko wprowadzisz zmiany w swoich produktach, us\u0142ugach lub cz\u0119sto zadawanych pytaniach, odpowiednio dostosujemy szkolenie asystenta AI, aby pozosta\u0142o aktualne.<\/li>\n<li><strong>Ci\u0105g\u0142a optymalizacja:<\/strong> Wprowadzaj\u0105c regularne poprawki i zbieraj\u0105c informacje zwrotne z interakcji z klientami, stale poprawiamy jako\u015b\u0107 i dok\u0142adno\u015b\u0107 odpowiedzi asystenta AI.<\/li>\n<\/ul>\n<p><strong>Dlaczego potrzebujesz tego produktu:<\/strong><\/p>\n<p>Aby zapewni\u0107, \u017ce asystent AI zawsze dostarcza aktualnych i dok\u0142adnych informacji, niezb\u0119dne s\u0105 regularne aktualizacje i szkolenia. Zmiany w ofercie lub w bran\u017cy turystycznej mog\u0105 by\u0107 stosowane natychmiast, dzi\u0119ki czemu klienci zawsze otrzymuj\u0105 najnowsze informacje. Nasza comiesi\u0119czna us\u0142uga sprawia, \u017ce asystent jest na bie\u017c\u0105co i gwarantuje, \u017ce biuro podr\u00f3\u017cy zapewnia najlepsze i najbardziej aktualne odpowiedzi na pytania klient\u00f3w.<\/p>","protected":false},"excerpt":{"rendered":"<p>Nasz <strong>Comiesi\u0119czna aktualizacja i szkolenie asystenta AI<\/strong> Us\u0142uga zapewnia, \u017ce asystent AI zawsze dostarcza aktualnych informacji na temat ofert i us\u0142ug turystycznych.<\/p>","protected":false},"featured_media":0,"template":"","meta":{"bwfblock_default_font":""},"product_brand":[],"product_cat":[108],"product_tag":[],"class_list":{"0":"post-1534","1":"product","2":"type-product","3":"status-publish","5":"product_cat-ki-assistent","7":"first","8":"instock","9":"sold-individually","10":"taxable","11":"shipping-taxable","12":"purchasable","13":"product-type-subscription"},"_links":{"self":[{"href":"https:\/\/travelperformance.net\/pl\/wp-json\/wp\/v2\/product\/1534","targetHints":{"allow":["GET"]}}],"collection":[{"href":"https:\/\/travelperformance.net\/pl\/wp-json\/wp\/v2\/product"}],"about":[{"href":"https:\/\/travelperformance.net\/pl\/wp-json\/wp\/v2\/types\/product"}],"wp:attachment":[{"href":"https:\/\/travelperformance.net\/pl\/wp-json\/wp\/v2\/media?parent=1534"}],"wp:term":[{"taxonomy":"product_brand","embeddable":true,"href":"https:\/\/travelperformance.net\/pl\/wp-json\/wp\/v2\/product_brand?post=1534"},{"taxonomy":"product_cat","embeddable":true,"href":"https:\/\/travelperformance.net\/pl\/wp-json\/wp\/v2\/product_cat?post=1534"},{"taxonomy":"product_tag","embeddable":true,"href":"https:\/\/travelperformance.net\/pl\/wp-json\/wp\/v2\/product_tag?post=1534"}],"curies":[{"name":"wp","href":"https:\/\/api.w.org\/{rel}","templated":true}]}}