{"id":981,"date":"2024-08-31T15:56:08","date_gmt":"2024-08-31T13:56:08","guid":{"rendered":"https:\/\/travelperformance.net\/?post_type=product&#038;p=981"},"modified":"2024-10-28T21:39:02","modified_gmt":"2024-10-28T20:39:02","slug":"professionelle-reise-videoerstellung","status":"publish","type":"product","link":"https:\/\/travelperformance.net\/pl\/product\/profesjonalna-produkcja-wideo-z-podrozy\/","title":{"rendered":"Spersonalizowane filmy podr\u00f3\u017cnicze dla Twojej witryny"},"content":{"rendered":"<p>Sprzedawaj swoim klientom profesjonalne filmy z podr\u00f3\u017cy, kt\u00f3re inspiruj\u0105 i przekonuj\u0105.<\/p>\n<p>W dzisiejszym cyfrowym \u015bwiecie filmy wideo s\u0105 najpot\u0119\u017cniejszym narz\u0119dziem do prezentowania ofert podr\u00f3\u017cy w \u017cywy spos\u00f3b. Nasze <strong>Profesjonalna produkcja wideo z podr\u00f3\u017cy<\/strong> oferuje spersonalizowane, wysokiej jako\u015bci filmy wideo, kt\u00f3re przemawiaj\u0105 do grupy docelowej w spos\u00f3b emocjonalny i podkre\u015blaj\u0105 wyj\u0105tkowe wra\u017cenia z podr\u00f3\u017cy.<\/p>\n<p><strong>Co otrzymujesz:<\/strong><\/p>\n<ul>\n<li><strong>Spersonalizowane filmy wideo:<\/strong> Ka\u017cdy film jest opracowywany specjalnie dla Twoich ofert podr\u00f3\u017cy, aby przekazywa\u0107 dok\u0142adnie te wiadomo\u015bci i emocje, kt\u00f3re przemawiaj\u0105 do Twoich klient\u00f3w.<\/li>\n<li><strong>Wysoka jako\u015b\u0107 produkcji:<\/strong> Korzystamy z najnowszych technologii i kreatywnych koncepcji, aby zapewni\u0107 profesjonalny i atrakcyjny wygl\u0105d film\u00f3w.<\/li>\n<li><strong>Optymalizacja witryny:<\/strong> Nasze filmy s\u0105 zoptymalizowane pod k\u0105tem wykorzystania na Twojej stronie internetowej, dzi\u0119ki czemu s\u0105 zar\u00f3wno imponuj\u0105ce wizualnie, jak i poprawiaj\u0105 SEO.<\/li>\n<li><strong>Wzrost liczby rezerwacji:<\/strong> Dzi\u0119ki przyci\u0105gaj\u0105cym uwag\u0119, emocjonalnym tre\u015bciom, zwi\u0119kszysz d\u0142ugo\u015b\u0107 pobytu na swojej stronie i zmotywujesz klient\u00f3w do zrobienia kolejnego kroku w kierunku rezerwacji.<\/li>\n<\/ul>\n<p><strong>Jednorazowe wideo testowe:<\/strong><\/p>\n<p>Oferujemy mo\u017cliwo\u015b\u0107 <strong>unikalne wideo testowe<\/strong> aby\u015b m\u00f3g\u0142 przekona\u0107 si\u0119 o jako\u015bci naszej pracy. Ten film testowy jest dost\u0119pny na stronie <strong>50 sekund<\/strong> ograniczony i z <strong>Znak wodny<\/strong> pod warunkiem. Nale\u017cy pami\u0119ta\u0107, \u017ce ka\u017cdy klient, organizacja lub konto w mediach spo\u0142eczno\u015bciowych ma prawo do tego filmu testowego tylko raz. Nawet ilo\u015b\u0107 dodana do koszyka i uko\u0144czona nie zmienia tego faktu. Film daje przedsmak naszej pracy, ale zmiany lub dostosowania nie s\u0105 mo\u017cliwe po jego utworzeniu.<\/p>\n<p><strong>Dlaczego potrzebujesz tego produktu:<\/strong><\/p>\n<p>Profesjonalne wideo z podr\u00f3\u017cy to co\u015b wi\u0119cej ni\u017c tylko \u0142adny klip - to pot\u0119\u017cne narz\u0119dzie marketingowe, kt\u00f3re oddaje magi\u0119 miejsc docelowych i przenosi j\u0105 bezpo\u015brednio do klient\u00f3w. Skorzystaj z okazji, aby zaprezentowa\u0107 swoje oferty w nowym \u015bwietle i zwi\u0119kszy\u0107 liczb\u0119 rezerwacji.<\/p>\n<p>&nbsp;<\/p>\n<p>&nbsp;<\/p>","protected":false},"excerpt":{"rendered":"<p>A <strong>Profesjonalne wideo z podr\u00f3\u017cy<\/strong> to co\u015b wi\u0119cej ni\u017c tylko \u0142adny klip - to <strong>Pot\u0119\u017cne narz\u0119dzie marketingowe<\/strong>kt\u00f3ry uchwyci magi\u0119 miejsc docelowych i przeniesie j\u0105 bezpo\u015brednio do klient\u00f3w. Skorzystaj z okazji, aby zaprezentowa\u0107 swoje oferty w nowym \u015bwietle i zwi\u0119kszy\u0107 liczb\u0119 rezerwacji.<\/p>","protected":false},"featured_media":0,"template":"","meta":{"bwfblock_default_font":""},"product_brand":[],"product_cat":[107],"product_tag":[],"class_list":{"0":"post-981","1":"product","2":"type-product","3":"status-publish","5":"product_cat-reise-videos","7":"first","8":"instock","9":"featured","10":"taxable","11":"shipping-taxable","12":"purchasable","13":"product-type-variable","14":"has-default-attributes"},"_links":{"self":[{"href":"https:\/\/travelperformance.net\/pl\/wp-json\/wp\/v2\/product\/981","targetHints":{"allow":["GET"]}}],"collection":[{"href":"https:\/\/travelperformance.net\/pl\/wp-json\/wp\/v2\/product"}],"about":[{"href":"https:\/\/travelperformance.net\/pl\/wp-json\/wp\/v2\/types\/product"}],"wp:attachment":[{"href":"https:\/\/travelperformance.net\/pl\/wp-json\/wp\/v2\/media?parent=981"}],"wp:term":[{"taxonomy":"product_brand","embeddable":true,"href":"https:\/\/travelperformance.net\/pl\/wp-json\/wp\/v2\/product_brand?post=981"},{"taxonomy":"product_cat","embeddable":true,"href":"https:\/\/travelperformance.net\/pl\/wp-json\/wp\/v2\/product_cat?post=981"},{"taxonomy":"product_tag","embeddable":true,"href":"https:\/\/travelperformance.net\/pl\/wp-json\/wp\/v2\/product_tag?post=981"}],"curies":[{"name":"wp","href":"https:\/\/api.w.org\/{rel}","templated":true}]}}