{"id":983,"date":"2024-08-31T16:03:23","date_gmt":"2024-08-31T14:03:23","guid":{"rendered":"https:\/\/travelperformance.net\/?post_type=product&#038;p=983"},"modified":"2024-10-29T14:01:49","modified_gmt":"2024-10-29T13:01:49","slug":"monatlicher-seo-backlink-service","status":"publish","type":"product","link":"https:\/\/travelperformance.net\/pl\/product\/miesieczna-usluga-linkow-zwrotnych-seo\/","title":{"rendered":"Ranking Google | Optymalizacja pod k\u0105tem wyszukiwarek oparta na sztucznej inteligencji"},"content":{"rendered":"<p><strong>Podnie\u015b swoje pozycje w Google dzi\u0119ki wysokiej jako\u015bci linkom zwrotnym z naszego ekskluzywnego PBN.<\/strong><\/p>\n<p>Osi\u0105gnij szczyt wynik\u00f3w wyszukiwania Google dzi\u0119ki naszym <strong>Miesi\u0119czna us\u0142uga link\u00f3w zwrotnych SEO<\/strong>. Linki zwrotne s\u0105 jednym z najwa\u017cniejszych czynnik\u00f3w rankingowych w optymalizacji pod k\u0105tem wyszukiwarek, a nasza us\u0142uga oferuje mo\u017cliwo\u015b\u0107 otrzymywania co miesi\u0105c warto\u015bciowych link\u00f3w z naszej prywatnej sieci blog\u00f3w (PBN). Te linki zwrotne s\u0105 strategicznie rozmieszczone, aby zwi\u0119kszy\u0107 pozycj\u0119 witryny w wynikach wyszukiwania i znacznie zwi\u0119kszy\u0107 widoczno\u015b\u0107 online.<\/p>\n<p><strong>Co otrzymujesz:<\/strong><\/p>\n<ul>\n<li><strong>Wysokiej jako\u015bci linki zwrotne:<\/strong> Co miesi\u0105c otrzymasz sta\u0142\u0105 liczb\u0119 link\u00f3w zwrotnych z witryn o ugruntowanej pozycji w ramach naszej sieci PBN, kt\u00f3re wzmocni\u0105 Twoj\u0105 witryn\u0119 w d\u0142u\u017cszej perspektywie.<\/li>\n<li><strong>Ukierunkowane umieszczanie link\u00f3w:<\/strong> Nasze linki zwrotne pochodz\u0105 ze stron zwi\u0105zanych z tematem, co zwi\u0119ksza autorytet i znaczenie witryny w oczach Google.<\/li>\n<li><strong>Ci\u0105g\u0142a optymalizacja:<\/strong> Miesi\u0119czna us\u0142uga zapewnia, \u017ce witryna jest stale zaopatrywana w \u015bwie\u017ce linki zwrotne, co ma pozytywny wp\u0142yw na rankingi.<\/li>\n<li><strong>Lepsze pozycjonowanie w wyszukiwarkach:<\/strong> Ci\u0105g\u0142e budowanie wysokiej jako\u015bci link\u00f3w zwrotnych zwi\u0119ksza szanse na znalezienie si\u0119 na szczycie rankingu dla odpowiednich wyszukiwanych hase\u0142.<\/li>\n<\/ul>\n<p><strong>Dlaczego potrzebujesz tego produktu:<\/strong><\/p>\n<p>Na konkurencyjnym rynku silna obecno\u015b\u0107 online ma kluczowe znaczenie. Nasza miesi\u0119czna us\u0142uga link\u00f3w zwrotnych SEO oferuje skuteczny spos\u00f3b na wzmocnienie witryny i zapewnienie przewagi konkurencyjnej. Dzi\u0119ki sta\u0142emu dop\u0142ywowi wysokiej jako\u015bci link\u00f3w zwrotnych, Twoje szanse na sukces znacznie wzrastaj\u0105, przynosz\u0105c wi\u0119cej ruchu i potencjalnych klient\u00f3w do Twojej witryny.<\/p>\n<p>Skorzystaj z tej okazji, aby stale wzmacnia\u0107 swoj\u0105 witryn\u0119 i by\u0107 na szczycie Google!<\/p>\n<p>&nbsp;<\/p>\n<p>&nbsp;<\/p>","protected":false},"excerpt":{"rendered":"<p>Oparte na sztucznej inteligencji <strong>Us\u0142uga rankingowa z gwarantowanymi, sta\u0142ymi najwy\u017cszymi pozycjami<\/strong>. Dzi\u0119ki sta\u0142emu dop\u0142ywowi wysokiej jako\u015bci link\u00f3w zwrotnych Twoje szanse na sukces znacznie rosn\u0105, dzi\u0119ki czemu Twoja witryna otrzymuje wi\u0119cej ruchu i potencjalnych klient\u00f3w. Cena dotyczy jednego s\u0142owa kluczowego.<\/p>","protected":false},"featured_media":0,"template":"","meta":{"bwfblock_default_font":""},"product_brand":[],"product_cat":[106],"product_tag":[],"class_list":{"0":"post-983","1":"product","2":"type-product","3":"status-publish","5":"product_cat-seo-dienste","7":"first","8":"instock","9":"featured","10":"sold-individually","11":"taxable","12":"shipping-taxable","13":"purchasable","14":"product-type-variable-subscription"},"_links":{"self":[{"href":"https:\/\/travelperformance.net\/pl\/wp-json\/wp\/v2\/product\/983","targetHints":{"allow":["GET"]}}],"collection":[{"href":"https:\/\/travelperformance.net\/pl\/wp-json\/wp\/v2\/product"}],"about":[{"href":"https:\/\/travelperformance.net\/pl\/wp-json\/wp\/v2\/types\/product"}],"wp:attachment":[{"href":"https:\/\/travelperformance.net\/pl\/wp-json\/wp\/v2\/media?parent=983"}],"wp:term":[{"taxonomy":"product_brand","embeddable":true,"href":"https:\/\/travelperformance.net\/pl\/wp-json\/wp\/v2\/product_brand?post=983"},{"taxonomy":"product_cat","embeddable":true,"href":"https:\/\/travelperformance.net\/pl\/wp-json\/wp\/v2\/product_cat?post=983"},{"taxonomy":"product_tag","embeddable":true,"href":"https:\/\/travelperformance.net\/pl\/wp-json\/wp\/v2\/product_tag?post=983"}],"curies":[{"name":"wp","href":"https:\/\/api.w.org\/{rel}","templated":true}]}}