{"id":1066,"date":"2024-09-02T21:37:05","date_gmt":"2024-09-02T19:37:05","guid":{"rendered":"https:\/\/travelperformance.net\/?page_id=1066"},"modified":"2024-12-03T19:30:44","modified_gmt":"2024-12-03T18:30:44","slug":"ki-assistent-fuer-reisebueros","status":"publish","type":"page","link":"https:\/\/travelperformance.net\/tr\/seyahat-acenteleri-icin-web-sitesi-oezellestirmesi\/","title":{"rendered":"Web sitesi \u00f6zelle\u015ftirme"},"content":{"rendered":"<span class=\"scroll-to\" data-label=\"Scroll to: #home\" data-bullet=\"true\" data-link=\"#home\" data-title=\"Home\" ><a name=\"home\"><\/a><\/span>\n\n\t<section class=\"section\" id=\"section_1868492991\">\n\t\t<div class=\"section-bg fill\" >\n\t\t\t\t\t\t\t<div class=\"video-overlay no-click fill visible\"><\/div>\n\t<video class=\"video-bg fill visible\" preload playsinline autoplay muted loop>\n\t\t<source src=\"https:\/\/travelperformance.net\/wp-content\/uploads\/2024\/09\/6_yzshfHS8.mp4\" type=\"video\/mp4\">\t<\/video>\n\t\t\t<div class=\"section-bg-overlay absolute fill\"><\/div>\n\t\t\t\n\n\t\t<\/div>\n\n\t\t\n\n\t\t<div class=\"section-content relative\">\n\t\t\t\n<div class=\"row\"  id=\"row-1025392125\">\n\n\t<div id=\"col-1762483359\" class=\"col medium-12 small-12 large-12\"  >\n\t\t\t\t<div class=\"col-inner text-shadow-2\"  >\n\t\t\t\n\t\t\t\n\t<div id=\"gap-737762437\" class=\"gap-element clearfix\" style=\"display:block; height:auto;\">\n\t\t\n<style>\n#gap-737762437 {\n  padding-top: 0px;\n}\n@media (min-width:550px) {\n  #gap-737762437 {\n    padding-top: 50px;\n  }\n}\n@media (min-width:850px) {\n  #gap-737762437 {\n    padding-top: 50px;\n  }\n}\n<\/style>\n\t<\/div>\n\t\n<div>\n\t<div id=\"text-2753956744\" class=\"text\">\n\t\t\n<div><span style=\"font-size: 160%;\"><strong>Otomatik m\u00fc\u015fteri sohbeti<\/strong><\/span><\/div>\n<div>seyahat acenteleri ve tur operat\u00f6rleri i\u00e7in<\/div>\n\t\t\n<style>\n#text-2753956744 {\n  font-size: 1.4rem;\n  line-height: 1.15;\n  text-align: center;\n  color: rgb(255, 255, 255);\n}\n#text-2753956744 > * {\n  color: rgb(255, 255, 255);\n}\n@media (min-width:550px) {\n  #text-2753956744 {\n    font-size: 2.1rem;\n    line-height: 1.15;\n  }\n}\n@media (min-width:850px) {\n  #text-2753956744 {\n    font-size: 2.4rem;\n  }\n}\n<\/style>\n\t<\/div>\n\t\n\t<div id=\"gap-1675929828\" class=\"gap-element clearfix\" style=\"display:block; height:auto;\">\n\t\t\n<style>\n#gap-1675929828 {\n  padding-top: 20px;\n}\n@media (min-width:550px) {\n  #gap-1675929828 {\n    padding-top: 20px;\n  }\n}\n@media (min-width:850px) {\n  #gap-1675929828 {\n    padding-top: 30px;\n  }\n}\n<\/style>\n\t<\/div>\n\t\n<\/div>\n<div class=\"row\"  id=\"row-1622122925\">\n\n\t<div id=\"col-1284061648\" class=\"col small-12 large-12\"  >\n\t\t\t\t<div class=\"col-inner text-center\"  >\n\t\t\t\n\t\t\t\n<a href=\"https:\/\/travelperformance.net\/tr\/product\/aylik-ki-asistan-guencelleme-egitimi\/\" class=\"button white is-large\"  style=\"padding:0px 30px 0px 30px;\">\n\t\t<span>\u00dcr\u00fcne<\/span>\n\t<\/a>\n\n\t\t<\/div>\n\t\t\t\t\n<style>\n#col-1284061648 > .col-inner {\n  padding: 0px 0px 0px 0px;\n  margin: -10px 0px 0px 0px;\n}\n<\/style>\n\t<\/div>\n\n\t\n<\/div>\n\t\t<\/div>\n\t\t\t\t\t<\/div>\n\n\t\n<\/div>\n\t\t<\/div>\n\n\t\t\n<style>\n#section_1868492991 {\n  padding-top: 20px;\n  padding-bottom: 20px;\n  min-height: 770px;\n}\n#section_1868492991 .section-bg-overlay {\n  background-color: rgba(0, 85, 157, 0.157);\n}\n@media (min-width:550px) {\n  #section_1868492991 {\n    min-height: 800px;\n  }\n}\n<\/style>\n\t<\/section>\n\t\n\n\t<section class=\"section\" id=\"section_870100531\">\n\t\t<div class=\"section-bg fill\" >\n\t\t\t\t\t\t\t\t\t\n\t\t\t\n\t<div class=\"is-border\"\n\t\tstyle=\"border-width:0px 0px 0px 0px;\">\n\t<\/div>\n\n\t\t<\/div>\n\n\t\t\n\n\t\t<div class=\"section-content relative\">\n\t\t\t\n<div class=\"row align-center\"  id=\"row-351263814\">\n\n\t<div id=\"col-428874959\" class=\"col small-11 large-12\"  >\n\t\t\t\t<div class=\"col-inner text-center\"  >\n\t\t\t\n\t\t\t\n<div class=\"row row-small row-box-shadow-1 row-box-shadow-4-hover\"  id=\"row-503960320\">\n\n\t<div id=\"col-1397469909\" class=\"col medium-6 small-12 large-3 col-hover-focus\"  >\n\t\t\t\t<div class=\"col-inner\"  >\n\t\t\t\n\t\t\t\n\n\t\t<div class=\"icon-box featured-box icon-box-center text-center\"  >\n\t\t\t\t<div class=\"icon-box-text last-reset\">\n\t\t\t\t\t\t\t\t\t\n\t<div id=\"text-3638609410\" class=\"text\">\n\t\t\n<h2><strong><span style=\"color: #084085;\">7\/24 kullan\u0131labilirlik<\/span><\/strong><\/h2>\n<p><span style=\"font-size: 90%;\">Bekleme s\u00fcresi olmaks\u0131z\u0131n her an sorulara yan\u0131t<\/span><br \/>\n\t\t\n<style>\n#text-3638609410 {\n  font-size: 1rem;\n  line-height: 1.05;\n  color: rgb(0,0,0);\n}\n#text-3638609410 > * {\n  color: rgb(0,0,0);\n}\n@media (min-width:550px) {\n  #text-3638609410 {\n    font-size: 1rem;\n    line-height: 1.5;\n  }\n}\n@media (min-width:850px) {\n  #text-3638609410 {\n    font-size: 1rem;\n  }\n}\n<\/style>\n\t<\/div>\n\t\n\t\t<\/div>\n\t<\/div>\n\t\n\t\n\t\t<\/div>\n\t\t\t\t\t<\/div>\n\n\t\n\n\t<div id=\"col-1354640234\" class=\"col medium-6 small-12 large-3 col-hover-focus\"  >\n\t\t\t\t<div class=\"col-inner\"  >\n\t\t\t\n\t\t\t\n\n\t\t<div class=\"icon-box featured-box icon-box-center text-center\"  >\n\t\t\t\t<div class=\"icon-box-text last-reset\">\n\t\t\t\t\t\t\t\t\t\n\t<div id=\"text-2193826644\" class=\"text\">\n\t\t\n<h2><span style=\"color: #084085;\"><strong>H\u0131zl\u0131 cevaplar<\/strong><\/span><\/h2>\n<p><span style=\"font-size: 90%;\">An\u0131nda yan\u0131tlar m\u00fc\u015fteri taleplerini art\u0131r\u0131r<\/span><br \/>\n\t\t\n<style>\n#text-2193826644 {\n  font-size: 1rem;\n  line-height: 1.05;\n  color: rgb(0,0,0);\n}\n#text-2193826644 > * {\n  color: rgb(0,0,0);\n}\n@media (min-width:550px) {\n  #text-2193826644 {\n    font-size: 1rem;\n    line-height: 1.5;\n  }\n}\n@media (min-width:850px) {\n  #text-2193826644 {\n    font-size: 1rem;\n  }\n}\n<\/style>\n\t<\/div>\n\t\n\t\t<\/div>\n\t<\/div>\n\t\n\t\n\t\t<\/div>\n\t\t\t\t\t<\/div>\n\n\t\n\n\t<div id=\"col-1817057025\" class=\"col medium-6 small-12 large-3 col-hover-focus\"  >\n\t\t\t\t<div class=\"col-inner\"  >\n\t\t\t\n\t\t\t\n\n\t\t<div class=\"icon-box featured-box icon-box-center text-center\"  >\n\t\t\t\t<div class=\"icon-box-text last-reset\">\n\t\t\t\t\t\t\t\t\t\n\t<div id=\"text-2112586345\" class=\"text\">\n\t\t\n<h2><span style=\"color: #084085;\"><strong>Uygun maliyetli<\/strong><\/span><\/h2>\n<p><span style=\"font-size: 90%;\">Otomatik s\u00fcre\u00e7ler personel maliyetlerinden tasarruf sa\u011flar<\/span><br \/>\n\t\t\n<style>\n#text-2112586345 {\n  font-size: 1rem;\n  line-height: 1.05;\n  color: rgb(0,0,0);\n}\n#text-2112586345 > * {\n  color: rgb(0,0,0);\n}\n@media (min-width:550px) {\n  #text-2112586345 {\n    font-size: 1rem;\n    line-height: 1.5;\n  }\n}\n@media (min-width:850px) {\n  #text-2112586345 {\n    font-size: 1rem;\n  }\n}\n<\/style>\n\t<\/div>\n\t\n\t\t<\/div>\n\t<\/div>\n\t\n\t\n\t\t<\/div>\n\t\t\t\t\t<\/div>\n\n\t\n\n\t<div id=\"col-861279744\" class=\"col medium-6 small-12 large-3 col-hover-focus\"  >\n\t\t\t\t<div class=\"col-inner\"  >\n\t\t\t\n\t\t\t\n\n\t\t<div class=\"icon-box featured-box icon-box-center text-center\"  >\n\t\t\t\t<div class=\"icon-box-text last-reset\">\n\t\t\t\t\t\t\t\t\t\n\t<div id=\"text-3962522891\" class=\"text\">\n\t\t\n<h2><span style=\"color: #084085;\"><strong>\u00d6zelle\u015ftirme<\/strong><\/span><\/h2>\n<p><span style=\"font-size: 90%;\">Optimum sonu\u00e7lar i\u00e7in kendi kendine \u00f6\u011frenen yapay zeka<\/span><br \/>\n\t\t\n<style>\n#text-3962522891 {\n  font-size: 1rem;\n  line-height: 1.05;\n  color: rgb(0,0,0);\n}\n#text-3962522891 > * {\n  color: rgb(0,0,0);\n}\n@media (min-width:550px) {\n  #text-3962522891 {\n    font-size: 1rem;\n    line-height: 1.5;\n  }\n}\n@media (min-width:850px) {\n  #text-3962522891 {\n    font-size: 1rem;\n  }\n}\n<\/style>\n\t<\/div>\n\t\n\t\t<\/div>\n\t<\/div>\n\t\n\t\n\t\t<\/div>\n\t\t\t\t\t<\/div>\n\n\t\n\n<style>\n#row-503960320 > .col > .col-inner {\n  padding: 30px 30px 30px 30px;\n  background-color: rgb(255,255,255);\n}\n<\/style>\n<\/div>\n\t\t<\/div>\n\t\t\t\t\n<style>\n#col-428874959 > .col-inner {\n  margin: -100px 0px 0px 0px;\n}\n<\/style>\n\t<\/div>\n\n\t\n<\/div>\n\t\t<\/div>\n\n\t\t\n<style>\n#section_870100531 {\n  padding-top: 0px;\n  padding-bottom: 0px;\n}\n<\/style>\n\t<\/section>\n\t\n\n\t<section class=\"section\" id=\"section_435178304\">\n\t\t<div class=\"section-bg fill\" >\n\t\t\t\t\t\t\t\t\t\n\t\t\t\n\n\t\t<\/div>\n\n\t\t\n\n\t\t<div class=\"section-content relative\">\n\t\t\t\n<div class=\"row\"  id=\"row-240498145\">\n\n\t<div id=\"col-1798251696\" class=\"col small-12 large-12\"  >\n\t\t\t\t<div class=\"col-inner\"  >\n\t\t\t\n\t\t\t\n<div class=\"row row-collapse\"  id=\"row-1054588257\">\n\n\t<div id=\"col-578317923\" class=\"col small-12 large-12\"  >\n\t\t\t\t<div class=\"col-inner\" style=\"background-color:#084085;\" >\n\t\t\t\n\t\t\t\n\n\t<section class=\"section dark\" id=\"section_1005173442\">\n\t\t<div class=\"section-bg fill\" >\n\t\t\t\t\t\t\t<div class=\"video-overlay no-click fill visible\"><\/div>\n\t<video class=\"video-bg fill visible\" preload playsinline autoplay muted loop>\n\t\t<source src=\"https:\/\/ai4performance.com\/wp-content\/uploads\/2024\/11\/6407491_Developer_Vr_1280x720_h264.mp4\" type=\"video\/mp4\">\t<\/video>\n\t\t\t<div class=\"section-bg-overlay absolute fill\"><\/div>\n\t\t\t\n\n\t\t<\/div>\n\n\t\t\n\n\t\t<div class=\"section-content relative\">\n\t\t\t\n<div class=\"row\"  id=\"row-1561081874\">\n\n\t<div id=\"col-925882936\" class=\"col medium-12 small-12 large-10\"  >\n\t\t\t\t<div class=\"col-inner text-left\"  >\n\t\t\t\n\t\t\t\n\t<div id=\"gap-651926724\" class=\"gap-element clearfix\" style=\"display:block; height:auto;\">\n\t\t\n<style>\n#gap-651926724 {\n  padding-top: 30px;\n}\n<\/style>\n\t<\/div>\n\t\n\t<div id=\"text-1601273034\" class=\"text\">\n\t\t\n<h2><strong>Yapay zekal\u0131 sohbet robotumuz fark yarat\u0131yor!<\/strong><\/h2>\n\t\t\n<style>\n#text-1601273034 {\n  font-size: 1.25rem;\n  line-height: 0.75;\n  text-align: center;\n  color: rgb(255, 255, 255);\n}\n#text-1601273034 > * {\n  color: rgb(255, 255, 255);\n}\n@media (min-width:550px) {\n  #text-1601273034 {\n    font-size: 1.7rem;\n    line-height: 1.65;\n    text-align: left;\n  }\n}\n@media (min-width:850px) {\n  #text-1601273034 {\n    font-size: 1.85rem;\n    text-align: left;\n  }\n}\n<\/style>\n\t<\/div>\n\t\n\t<div id=\"text-682756418\" class=\"text\">\n\t\t\n<h4>\u0130htiya\u00e7lar\u0131n\u0131za g\u00f6re \u00f6zelle\u015ftirilmi\u015f ve s\u0131n\u0131r tan\u0131mayan bir yapay zeka sohbet robotuna sahip olmak varken neden daha az\u0131yla yetinesiniz ki?<\/h4>\n\t\t\n<style>\n#text-682756418 {\n  font-size: 0.95rem;\n  line-height: 1.2;\n  text-align: center;\n  color: rgb(255,255,255);\n}\n#text-682756418 > * {\n  color: rgb(255,255,255);\n}\n@media (min-width:550px) {\n  #text-682756418 {\n    font-size: 1.15rem;\n    text-align: left;\n  }\n}\n@media (min-width:850px) {\n  #text-682756418 {\n    font-size: 1.3rem;\n    text-align: left;\n  }\n}\n<\/style>\n\t<\/div>\n\t\n<a data-animate=\"fadeInUp\" href=\"#kontakt\" class=\"button white is-large expand show-for-small\"  style=\"padding:0px 30px 0px 30px;\">\n\t\t<span>\u00dccretsiz tavsiye<\/span>\n\t<\/a>\n\n\t\t<\/div>\n\t\t\t\t\n<style>\n#col-925882936 > .col-inner {\n  padding: 0px 0px 0px 0;\n}\n@media (min-width:550px) {\n  #col-925882936 > .col-inner {\n    padding: 0px 0px 0px 0px;\n  }\n}\n@media (min-width:850px) {\n  #col-925882936 > .col-inner {\n    padding: 0px 0px 0px 20px;\n  }\n}\n<\/style>\n\t<\/div>\n\n\t\n<\/div>\n\t\t<\/div>\n\n\t\t\n<style>\n#section_1005173442 {\n  padding-top: 0px;\n  padding-bottom: 0px;\n  min-height: 450px;\n}\n#section_1005173442 .section-bg-overlay {\n  background-color: rgba(0, 85, 157, 0.558);\n}\n@media (min-width:550px) {\n  #section_1005173442 {\n    min-height: 500px;\n  }\n}\n<\/style>\n\t<\/section>\n\t\n<div class=\"row row-collapse\"  id=\"row-515209637\">\n\n\t<div id=\"col-1158041338\" class=\"col medium-9 small-12 large-6\"  >\n\t\t\t\t<div class=\"col-inner\"  >\n\t\t\t\n\t\t\t\n\n\t\t<div class=\"icon-box featured-box icon-box-left text-left\"  >\n\t\t\t\t<div class=\"icon-box-text last-reset\">\n\t\t\t\t\t\t\t\t\t\n\t<div id=\"text-3422549352\" class=\"text\">\n\t\t\n<h3><strong>Yapay zeka ajan\u0131m\u0131z:<\/strong><\/h3>\n\t\t\n<style>\n#text-3422549352 {\n  font-size: 1.25rem;\n  line-height: 2;\n  color: rgb(255,255,255);\n}\n#text-3422549352 > * {\n  color: rgb(255,255,255);\n}\n<\/style>\n\t<\/div>\n\t\n\t<div id=\"gap-965114792\" class=\"gap-element clearfix\" style=\"display:block; height:auto;\">\n\t\t\n<style>\n#gap-965114792 {\n  padding-top: 10px;\n}\n<\/style>\n\t<\/div>\n\t\n\t<div id=\"text-1830373961\" class=\"text\">\n\t\t\n<ul>\n<li>En g\u00fc\u00e7l\u00fc teknoloji OpenAI GPT-4 ile sabit fiyata s\u0131n\u0131rs\u0131z sohbet<\/li>\n<li>100% kendi kendine \u00f6\u011frenen bot - bireysel belge y\u00fcklemesi dahil t\u00fcm web sitenizin otomatik olarak okunmas\u0131<\/li>\n<li>\u0130steklerinize g\u00f6re bireysel \u00f6zelle\u015ftirme se\u00e7enekleri<\/li>\n<li>Rakipsiz fiyat-performans oran\u0131<\/li>\n<li>T\u00fcm dillerde k\u00fcresel olarak uygulanabilir<\/li>\n<\/ul>\n\t\t\n<style>\n#text-1830373961 {\n  font-size: 1.05rem;\n  color: rgb(255,255,255);\n}\n#text-1830373961 > * {\n  color: rgb(255,255,255);\n}\n@media (min-width:550px) {\n  #text-1830373961 {\n    font-size: 1.15rem;\n  }\n}\n<\/style>\n\t<\/div>\n\t\n\t<div id=\"gap-1949728928\" class=\"gap-element clearfix\" style=\"display:block; height:auto;\">\n\t\t\n<style>\n#gap-1949728928 {\n  padding-top: 50px;\n}\n@media (min-width:550px) {\n  #gap-1949728928 {\n    padding-top: 90px;\n  }\n}\n<\/style>\n\t<\/div>\n\t\n\t\t<\/div>\n\t<\/div>\n\t\n\t\n\t\t<\/div>\n\t\t\t\t\n<style>\n#col-1158041338 > .col-inner {\n  padding: 0px 0px 0px 0px;\n  margin: 0px 0px -100px 0px;\n}\n<\/style>\n\t<\/div>\n\n\t\n\n\t<div id=\"col-78297416\" class=\"col medium-9 small-12 large-6\"  >\n\t\t\t\t<div class=\"col-inner dark\"  >\n\t\t\t\n\t\t\t\n\n\t\t<div class=\"icon-box featured-box icon-box-top text-left\"  >\n\t\t\t\t<div class=\"icon-box-text last-reset\">\n\t\t\t\t\t\t\t\t\t\n\t<div id=\"text-2434079183\" class=\"text\">\n\t\t\n<h3><span style=\"color: #c0c0c0;\">Di\u011fer botlar:<\/span><\/h3>\n\t\t\n<style>\n#text-2434079183 {\n  font-size: 1.25rem;\n  line-height: 2;\n  color: rgb(255,255,255);\n}\n#text-2434079183 > * {\n  color: rgb(255,255,255);\n}\n<\/style>\n\t<\/div>\n\t\n\t<div id=\"gap-1293058079\" class=\"gap-element clearfix\" style=\"display:block; height:auto;\">\n\t\t\n<style>\n#gap-1293058079 {\n  padding-top: 10px;\n}\n<\/style>\n\t<\/div>\n\t\n\t<div id=\"text-566891699\" class=\"text\">\n\t\t\n<ul>\n<li>Soru veya \u00e7a\u011fr\u0131 ba\u015f\u0131na pahal\u0131 faturaland\u0131rma<\/li>\n<li>Eski Openai GPT-3.5 teknolojisi<\/li>\n<li>Tam e\u011fitim yok, genellikle web sitenizin yaln\u0131zca birka\u00e7 alt sayfas\u0131yla s\u0131n\u0131rl\u0131<\/li>\n<li>\u0130htiya\u00e7lar\u0131n\u0131za g\u00f6re bireysel \u00f6zelle\u015ftirme yok<\/li>\n<li>K\u00fcresel olarak uygulanabilir de\u011fil<\/li>\n<\/ul>\n\t\t\n<style>\n#text-566891699 {\n  font-size: 0.95rem;\n  color: rgb(169, 169, 169);\n}\n#text-566891699 > * {\n  color: rgb(169, 169, 169);\n}\n@media (min-width:550px) {\n  #text-566891699 {\n    font-size: 1.1rem;\n  }\n}\n<\/style>\n\t<\/div>\n\t\n\t<div id=\"gap-413915077\" class=\"gap-element clearfix\" style=\"display:block; height:auto;\">\n\t\t\n<style>\n#gap-413915077 {\n  padding-top: 20px;\n}\n@media (min-width:550px) {\n  #gap-413915077 {\n    padding-top: 30px;\n  }\n}\n<\/style>\n\t<\/div>\n\t\n\t\t<\/div>\n\t<\/div>\n\t\n\t\n\t\t<\/div>\n\t\t\t\t\n<style>\n#col-78297416 > .col-inner {\n  padding: 0px 0px 20px 0px;\n  margin: 0px 0px 20px 0px;\n}\n<\/style>\n\t<\/div>\n\n\t\n\n<style>\n#row-515209637 > .col > .col-inner {\n  padding: 50px 20px 50px 20px;\n}\n@media (min-width:550px) {\n  #row-515209637 > .col > .col-inner {\n    padding: 50px 50px 50px 50px;\n  }\n}\n<\/style>\n<\/div>\n\t\t<\/div>\n\t\t\t\t\t<\/div>\n\n\t\n<\/div>\n\t\t<\/div>\n\t\t\t\t\t<\/div>\n\n\t\n<\/div>\n\t\t<\/div>\n\n\t\t\n<style>\n#section_435178304 {\n  padding-top: 30px;\n  padding-bottom: 30px;\n}\n<\/style>\n\t<\/section>\n\t\n\n\t<section class=\"section\" id=\"section_1824729025\">\n\t\t<div class=\"section-bg fill\" >\n\t\t\t\t\t\t\t\t\t\n\t\t\t\n\n\t\t<\/div>\n\n\t\t\n\n\t\t<div class=\"section-content relative\">\n\t\t\t\n<div class=\"row\"  id=\"row-1416023787\">\n\n\t<div id=\"col-458582507\" class=\"col small-12 large-12\"  >\n\t\t\t\t<div class=\"col-inner\"  >\n\t\t\t\n\t\t\t\n<div class=\"row row-collapse\"  id=\"row-982674369\">\n\n\t<div id=\"col-399171986\" class=\"col small-12 large-12\"  >\n\t\t\t\t<div class=\"col-inner\"  >\n\t\t\t\n\t\t\t\n<span class=\"scroll-to\" data-label=\"Scroll to: #warum\" data-bullet=\"true\" data-link=\"#warum\" data-title=\"Assistent testen\" ><a name=\"warum\"><\/a><\/span>\n\n\t<section class=\"section dark\" id=\"section_1292036218\">\n\t\t<div class=\"section-bg fill\" >\n\t\t\t\t\t\t\t<div class=\"video-overlay no-click fill visible\"><\/div>\n\t<video class=\"video-bg fill visible\" preload playsinline autoplay muted loop>\n\t\t<source src=\"https:\/\/travelperformance.net\/wp-content\/uploads\/2024\/08\/Design-ohne-Titel.webm\" type=\"video\/mp4\">\t<\/video>\n\t\t\t<div class=\"section-bg-overlay absolute fill\"><\/div>\n\t\t\t\n\n\t\t<\/div>\n\n\t\t\n\n\t\t<div class=\"section-content relative\">\n\t\t\t\n<div class=\"row\"  id=\"row-1301055219\">\n\n\t<div id=\"col-1135768822\" class=\"col medium-12 small-12 large-10\"  >\n\t\t\t\t<div class=\"col-inner text-left\"  >\n\t\t\t\n\t\t\t\n\t<div id=\"gap-943561181\" class=\"gap-element clearfix\" style=\"display:block; height:auto;\">\n\t\t\n<style>\n#gap-943561181 {\n  padding-top: 30px;\n}\n<\/style>\n\t<\/div>\n\t\n\t<div id=\"text-2115823725\" class=\"text\">\n\t\t\n<h2><strong>Seyahat acenteleri ve turizm end\u00fcstrisi i\u00e7in yapay zekal\u0131 seyahat asistan\u0131<\/strong><\/h2>\n\t\t\n<style>\n#text-2115823725 {\n  font-size: 1.25rem;\n  line-height: 0.75;\n  text-align: center;\n  color: rgb(255, 255, 255);\n}\n#text-2115823725 > * {\n  color: rgb(255, 255, 255);\n}\n@media (min-width:550px) {\n  #text-2115823725 {\n    font-size: 1.7rem;\n    line-height: 1.65;\n    text-align: left;\n  }\n}\n@media (min-width:850px) {\n  #text-2115823725 {\n    font-size: 1.85rem;\n    text-align: left;\n  }\n}\n<\/style>\n\t<\/div>\n\t\n\t<div id=\"text-3589994000\" class=\"text\">\n\t\t\n<h4>Yapay zeka tabanl\u0131 bir seyahat asistan\u0131 ile g\u00fcnl\u00fck i\u015flerinizi kolayla\u015ft\u0131r\u0131n ve m\u00fc\u015fterilerinize ilham verin.<\/h4>\n\t\t\n<style>\n#text-3589994000 {\n  font-size: 0.95rem;\n  line-height: 1.2;\n  text-align: center;\n  color: rgb(255,255,255);\n}\n#text-3589994000 > * {\n  color: rgb(255,255,255);\n}\n@media (min-width:550px) {\n  #text-3589994000 {\n    font-size: 1.15rem;\n    text-align: left;\n  }\n}\n@media (min-width:850px) {\n  #text-3589994000 {\n    font-size: 1.3rem;\n    text-align: left;\n  }\n}\n<\/style>\n\t<\/div>\n\t\n<a data-animate=\"fadeInUp\" href=\"#kontakt\" class=\"button white is-large expand show-for-small\"  style=\"padding:0px 30px 0px 30px;\">\n\t\t<span>\u00dccretsiz tavsiye<\/span>\n\t<\/a>\n\n\t\t<\/div>\n\t\t\t\t\n<style>\n#col-1135768822 > .col-inner {\n  padding: 0px 0px 0px 0;\n}\n@media (min-width:550px) {\n  #col-1135768822 > .col-inner {\n    padding: 0px 0px 0px 0px;\n  }\n}\n@media (min-width:850px) {\n  #col-1135768822 > .col-inner {\n    padding: 0px 0px 0px 20px;\n  }\n}\n<\/style>\n\t<\/div>\n\n\t\n<\/div>\n\t\t<\/div>\n\n\t\t\n<style>\n#section_1292036218 {\n  padding-top: 0px;\n  padding-bottom: 0px;\n  min-height: 450px;\n}\n#section_1292036218 .section-bg-overlay {\n  background-color: rgba(0, 85, 157, 0.558);\n}\n@media (min-width:550px) {\n  #section_1292036218 {\n    min-height: 500px;\n  }\n}\n<\/style>\n\t<\/section>\n\t\n\t\t<\/div>\n\t\t\t\t\t<\/div>\n\n\t\n<\/div>\n<div class=\"row row-collapse align-equal\"  id=\"row-1081236995\">\n\n\t<div id=\"col-646611828\" class=\"col medium-12 small-12 large-12\"  >\n\t\t\t\t<div class=\"col-inner text-center dark\" style=\"background-color:rgb(243, 246, 252);\" >\n\t\t\t\n\t\t\t\n\t<div id=\"text-1419276135\" class=\"text\">\n\t\t\n<h2><strong>Yapay zeka asistan\u0131 i\u015f ba\u015f\u0131nda - SAT Travel ile \u00f6rnek<\/strong><\/h2>\n\t\t\n<style>\n#text-1419276135 {\n  font-size: 1.1rem;\n  line-height: 0.75;\n  text-align: center;\n  color: rgb(0,0,0);\n}\n#text-1419276135 > * {\n  color: rgb(0,0,0);\n}\n@media (min-width:550px) {\n  #text-1419276135 {\n    font-size: 1.7rem;\n    text-align: left;\n  }\n}\n@media (min-width:850px) {\n  #text-1419276135 {\n    font-size: 1rem;\n    text-align: left;\n  }\n}\n<\/style>\n\t<\/div>\n\t\n\t<div id=\"text-1729445469\" class=\"text\">\n\t\t\n<p>Bu testte, yapay zekal\u0131 seyahat asistan\u0131n\u0131 <strong>SAT Seyahat<\/strong> g\u00f6m\u00fcl\u00fcd\u00fcr. Bot size \u00e7e\u015fitli teklifler hakk\u0131nda ayr\u0131nt\u0131l\u0131 bilgi sa\u011flayabilir - h\u0131zl\u0131 ve kesin bir \u015fekilde.<br \/>\n\t\t\n<style>\n#text-1729445469 {\n  font-size: 0.95rem;\n  line-height: 1.35;\n  text-align: center;\n  color: rgb(0,0,0);\n}\n#text-1729445469 > * {\n  color: rgb(0,0,0);\n}\n@media (min-width:550px) {\n  #text-1729445469 {\n    font-size: 1.15rem;\n    text-align: left;\n  }\n}\n@media (min-width:850px) {\n  #text-1729445469 {\n    font-size: 1.15rem;\n    text-align: left;\n  }\n}\n<\/style>\n\t<\/div>\n\t\n\t\t<\/div>\n\t\t\t\t\n<style>\n#col-646611828 > .col-inner {\n  padding: 30px 10% 20px 10%;\n}\n@media (min-width:550px) {\n  #col-646611828 > .col-inner {\n    padding: 50px 50px 0px 50px;\n  }\n}\n<\/style>\n\t<\/div>\n\n\t\n\n\t<div id=\"col-90000105\" class=\"col medium-12 small-12 large-12\"  >\n\t\t\t\t<div class=\"col-inner text-center dark\" style=\"background-color:rgb(243, 246, 252);\" >\n\t\t\t\n\t\t\t\n\n<p><script async type='module' src='https:\/\/interfaces.zapier.com\/assets\/web-components\/zapier-interfaces\/zapier-interfaces.esm.js'><\/script><br \/>\n<zapier-interfaces-chatbot-embed is-popup='false' chatbot-id='cm0z8zqzc0005cmwgahizri3q' height='500px' width='100%'><\/zapier-interfaces-chatbot-embed><br \/>\n\n\t<div id=\"gap-13606770\" class=\"gap-element clearfix\" style=\"display:block; height:auto;\">\n\t\t\n<style>\n#gap-13606770 {\n  padding-top: 0px;\n}\n@media (min-width:550px) {\n  #gap-13606770 {\n    padding-top: 30px;\n  }\n}\n<\/style>\n\t<\/div>\n\t\n\t\t<\/div>\n\t\t\t\t\n<style>\n#col-90000105 > .col-inner {\n  padding: 0px 0px 0px 0px;\n}\n@media (min-width:550px) {\n  #col-90000105 > .col-inner {\n    padding: 0px 50px 0px 50px;\n  }\n}\n<\/style>\n\t<\/div>\n\n\t\n<\/div>\n\t\t<\/div>\n\t\t\t\t\t<\/div>\n\n\t\n<\/div>\n\t\t<\/div>\n\n\t\t\n<style>\n#section_1824729025 {\n  padding-top: 30px;\n  padding-bottom: 30px;\n}\n<\/style>\n\t<\/section>\n\t\n\t<div id=\"gap-1514579108\" class=\"gap-element clearfix\" style=\"display:block; height:auto;\">\n\t\t\n<style>\n#gap-1514579108 {\n  padding-top: 0px;\n}\n@media (min-width:550px) {\n  #gap-1514579108 {\n    padding-top: 30px;\n  }\n}\n<\/style>\n\t<\/div>\n\t\n<div class=\"row\"  id=\"row-505629937\">\n\n\t<div id=\"col-383011181\" class=\"col small-12 large-12\"  >\n\t\t\t\t<div class=\"col-inner text-center\"  >\n\t\t\t\n\t\t\t\n<a href=\"https:\/\/travelperformance.net\/tr\/product\/aylik-ki-asistan-guencelleme-egitimi\/\" class=\"button primary is-xlarge hide-for-small\"  style=\"padding:0px 30px 0px 30px;\">\n\t\t<span>\u00dcr\u00fcne<\/span>\n\t<\/a>\n\n<a data-animate=\"fadeInUp\" href=\"#kontakt\" class=\"button primary is-large show-for-small\"  style=\"padding:0px 30px 0px 30px;\">\n\t\t<span>\u00dcr\u00fcne<\/span>\n\t<\/a>\n\n\t<div id=\"gap-573279799\" class=\"gap-element clearfix\" style=\"display:block; height:auto;\">\n\t\t\n<style>\n#gap-573279799 {\n  padding-top: 0px;\n}\n@media (min-width:550px) {\n  #gap-573279799 {\n    padding-top: 60px;\n  }\n}\n<\/style>\n\t<\/div>\n\t\n\t\t<\/div>\n\t\t\t\t\t<\/div>\n\n\t\n<\/div>\n<span class=\"scroll-to\" data-label=\"Scroll to: #kontakt\" data-bullet=\"true\" data-link=\"#kontakt\" data-title=\"Kontakt\" ><a name=\"kontakt\"><\/a><\/span>","protected":false},"excerpt":{"rendered":"","protected":false},"author":1,"featured_media":0,"parent":0,"menu_order":0,"comment_status":"closed","ping_status":"closed","template":"page-transparent-header-light.php","meta":{"bwfblock_default_font":"","footnotes":""},"class_list":["post-1066","page","type-page","status-publish","hentry"],"_links":{"self":[{"href":"https:\/\/travelperformance.net\/tr\/wp-json\/wp\/v2\/pages\/1066","targetHints":{"allow":["GET"]}}],"collection":[{"href":"https:\/\/travelperformance.net\/tr\/wp-json\/wp\/v2\/pages"}],"about":[{"href":"https:\/\/travelperformance.net\/tr\/wp-json\/wp\/v2\/types\/page"}],"author":[{"embeddable":true,"href":"https:\/\/travelperformance.net\/tr\/wp-json\/wp\/v2\/users\/1"}],"replies":[{"embeddable":true,"href":"https:\/\/travelperformance.net\/tr\/wp-json\/wp\/v2\/comments?post=1066"}],"version-history":[{"count":26,"href":"https:\/\/travelperformance.net\/tr\/wp-json\/wp\/v2\/pages\/1066\/revisions"}],"predecessor-version":[{"id":2063,"href":"https:\/\/travelperformance.net\/tr\/wp-json\/wp\/v2\/pages\/1066\/revisions\/2063"}],"wp:attachment":[{"href":"https:\/\/travelperformance.net\/tr\/wp-json\/wp\/v2\/media?parent=1066"}],"curies":[{"name":"wp","href":"https:\/\/api.w.org\/{rel}","templated":true}]}}