{"id":1167,"date":"2024-09-09T11:06:57","date_gmt":"2024-09-09T09:06:57","guid":{"rendered":"https:\/\/travelperformance.net\/?page_id=1167"},"modified":"2024-09-16T13:35:49","modified_gmt":"2024-09-16T11:35:49","slug":"email-marketing-fuer-reisebueros","status":"publish","type":"page","link":"https:\/\/travelperformance.net\/tr\/seyahat-acenteleri-icin-e-posta-pazarlamasi\/","title":{"rendered":"E-posta pazarlama"},"content":{"rendered":"<span class=\"scroll-to\" data-label=\"Scroll to: #home\" data-bullet=\"true\" data-link=\"#home\" data-title=\"Home\" ><a name=\"home\"><\/a><\/span>\n\n\t<section class=\"section\" id=\"section_1601234695\">\n\t\t<div class=\"section-bg fill\" >\n\t\t\t\t\t\t\t<div class=\"video-overlay no-click fill visible\"><\/div>\n\t<video class=\"video-bg fill visible\" preload playsinline autoplay muted loop>\n\t\t<source src=\"https:\/\/travelperformance.net\/wp-content\/uploads\/2024\/09\/5_PaPryfLl.mp4\" type=\"video\/mp4\">\t<\/video>\n\t\t\t<div class=\"section-bg-overlay absolute fill\"><\/div>\n\t\t\t\n\n\t\t<\/div>\n\n\t\t\n\n\t\t<div class=\"section-content relative\">\n\t\t\t\n<div class=\"row\"  id=\"row-450604540\">\n\n\t<div id=\"col-732495560\" class=\"col medium-12 small-12 large-12\"  >\n\t\t\t\t<div class=\"col-inner text-shadow-2\"  >\n\t\t\t\n\t\t\t\n\t<div id=\"gap-1377031903\" class=\"gap-element clearfix\" style=\"display:block; height:auto;\">\n\t\t\n<style>\n#gap-1377031903 {\n  padding-top: 0px;\n}\n@media (min-width:550px) {\n  #gap-1377031903 {\n    padding-top: 50px;\n  }\n}\n@media (min-width:850px) {\n  #gap-1377031903 {\n    padding-top: 50px;\n  }\n}\n<\/style>\n\t<\/div>\n\t\n<div>\n\t<div id=\"text-2731031953\" class=\"text\">\n\t\t\n<div><span style=\"font-size: 160%;\"><strong>Yapay zeka ile i\u00e7erik olu\u015fturma<\/strong><\/span><\/div>\n<div>Seyahat acenteniz i\u00e7in daha fazla g\u00f6r\u00fcn\u00fcrl\u00fck<\/div>\n\t\t\n<style>\n#text-2731031953 {\n  font-size: 1.4rem;\n  line-height: 1.15;\n  text-align: center;\n  color: rgb(255, 255, 255);\n}\n#text-2731031953 > * {\n  color: rgb(255, 255, 255);\n}\n@media (min-width:550px) {\n  #text-2731031953 {\n    font-size: 2.1rem;\n    line-height: 1.15;\n  }\n}\n@media (min-width:850px) {\n  #text-2731031953 {\n    font-size: 2.4rem;\n  }\n}\n<\/style>\n\t<\/div>\n\t\n\t<div id=\"gap-983952954\" class=\"gap-element clearfix\" style=\"display:block; height:auto;\">\n\t\t\n<style>\n#gap-983952954 {\n  padding-top: 20px;\n}\n@media (min-width:550px) {\n  #gap-983952954 {\n    padding-top: 20px;\n  }\n}\n@media (min-width:850px) {\n  #gap-983952954 {\n    padding-top: 30px;\n  }\n}\n<\/style>\n\t<\/div>\n\t\n<\/div>\n<div class=\"row\"  id=\"row-1891050474\">\n\n\t<div id=\"col-1271509991\" class=\"col small-12 large-12\"  >\n\t\t\t\t<div class=\"col-inner text-center\"  >\n\t\t\t\n\t\t\t\n<a href=\"https:\/\/travelperformance.net\/tr\/product-category\/seo-dienste\/\" class=\"button white is-large\"  style=\"padding:0px 30px 0px 30px;\">\n\t\t<span>Tekliflere<\/span>\n\t<\/a>\n\n\t\t<\/div>\n\t\t\t\t\n<style>\n#col-1271509991 > .col-inner {\n  padding: 0px 0px 0px 0px;\n  margin: -10px 0px 0px 0px;\n}\n<\/style>\n\t<\/div>\n\n\t\n<\/div>\n\t\t<\/div>\n\t\t\t\t\t<\/div>\n\n\t\n<\/div>\n\t\t<\/div>\n\n\t\t\n<style>\n#section_1601234695 {\n  padding-top: 20px;\n  padding-bottom: 20px;\n  min-height: 770px;\n}\n#section_1601234695 .section-bg-overlay {\n  background-color: rgba(0, 85, 157, 0.157);\n}\n@media (min-width:550px) {\n  #section_1601234695 {\n    min-height: 800px;\n  }\n}\n<\/style>\n\t<\/section>\n\t\n\n\t<section class=\"section\" id=\"section_1508868640\">\n\t\t<div class=\"section-bg fill\" >\n\t\t\t\t\t\t\t\t\t\n\t\t\t\n\t<div class=\"is-border\"\n\t\tstyle=\"border-width:0px 0px 0px 0px;\">\n\t<\/div>\n\n\t\t<\/div>\n\n\t\t\n\n\t\t<div class=\"section-content relative\">\n\t\t\t\n<div class=\"row align-center\"  id=\"row-1720455457\">\n\n\t<div id=\"col-627092165\" class=\"col small-11 large-12\"  >\n\t\t\t\t<div class=\"col-inner text-center\"  >\n\t\t\t\n\t\t\t\n<span class=\"scroll-to\" data-label=\"Scroll to: #leistungen\" data-bullet=\"true\" data-link=\"#leistungen\" data-title=\"Leistungen\" ><a name=\"leistungen\"><\/a><\/span>\n<div class=\"row row-small row-box-shadow-1 row-box-shadow-4-hover\"  id=\"row-625820396\">\n\n\t<div id=\"col-525287980\" class=\"col medium-6 small-12 large-3 col-hover-focus\"  >\n\t\t\t\t<div class=\"col-inner\"  >\n\t\t\t\n\t\t\t\n\n\t\t<div class=\"icon-box featured-box icon-box-center text-center\"  >\n\t\t\t\t<div class=\"icon-box-text last-reset\">\n\t\t\t\t\t\t\t\t\t\n\t<div id=\"text-68066693\" class=\"text\">\n\t\t\n<h2><strong><span style=\"color: #084085;\">Y\u00fcksek kaliteli i\u00e7erik<\/span><\/strong><\/h2>\n<p>Bilgilendirici ve \u00e7ekici olan yapay zeka ile optimize edilmi\u015f i\u00e7erik, seyahat acentenizi \u00e7evrimi\u00e7i ortamda m\u00fcmk\u00fcn olan en iyi \u015fekilde sunman\u0131za yard\u0131mc\u0131 olur.<\/p>\n\t\t\n<style>\n#text-68066693 {\n  font-size: 1rem;\n  line-height: 1.05;\n  color: rgb(0,0,0);\n}\n#text-68066693 > * {\n  color: rgb(0,0,0);\n}\n@media (min-width:550px) {\n  #text-68066693 {\n    font-size: 1rem;\n    line-height: 1.5;\n  }\n}\n@media (min-width:850px) {\n  #text-68066693 {\n    font-size: 1rem;\n  }\n}\n<\/style>\n\t<\/div>\n\t\n\t\t<\/div>\n\t<\/div>\n\t\n\t\n\t\t<\/div>\n\t\t\t\t\t<\/div>\n\n\t\n\n\t<div id=\"col-1144092845\" class=\"col medium-6 small-12 large-3 col-hover-focus\"  >\n\t\t\t\t<div class=\"col-inner\"  >\n\t\t\t\n\t\t\t\n\n\t\t<div class=\"icon-box featured-box icon-box-center text-center\"  >\n\t\t\t\t<div class=\"icon-box-text last-reset\">\n\t\t\t\t\t\t\t\t\t\n\t<div id=\"text-3271985992\" class=\"text\">\n\t\t\n<h2><span style=\"color: #084085;\"><strong>Daha iyi s\u0131ralamalar<\/strong><\/span><\/h2>\n<p>D\u00fczenli, taze i\u00e7erik arama motorlar\u0131ndaki g\u00f6r\u00fcn\u00fcrl\u00fc\u011f\u00fcn\u00fcz\u00fc art\u0131r\u0131r ve sizi en iyi arama sonu\u00e7lar\u0131na ta\u015f\u0131r.<\/p>\n\t\t\n<style>\n#text-3271985992 {\n  font-size: 1rem;\n  line-height: 1.05;\n  color: rgb(0,0,0);\n}\n#text-3271985992 > * {\n  color: rgb(0,0,0);\n}\n@media (min-width:550px) {\n  #text-3271985992 {\n    font-size: 1rem;\n    line-height: 1.5;\n  }\n}\n@media (min-width:850px) {\n  #text-3271985992 {\n    font-size: 1rem;\n  }\n}\n<\/style>\n\t<\/div>\n\t\n\t\t<\/div>\n\t<\/div>\n\t\n\t\n\t\t<\/div>\n\t\t\t\t\t<\/div>\n\n\t\n\n\t<div id=\"col-180112563\" class=\"col medium-6 small-12 large-3 col-hover-focus\"  >\n\t\t\t\t<div class=\"col-inner\"  >\n\t\t\t\n\t\t\t\n\n\t\t<div class=\"icon-box featured-box icon-box-center text-center\"  >\n\t\t\t\t<div class=\"icon-box-text last-reset\">\n\t\t\t\t\t\t\t\t\t\n\t<div id=\"text-3382871050\" class=\"text\">\n\t\t\n<h2><span style=\"color: #084085;\"><strong>Maliyet tasarrufu<\/strong><\/span><\/h2>\n<p>Kendiniz zaman harcamak zorunda kalmadan profesyonel i\u00e7erik elde edersiniz, b\u00f6ylece pahal\u0131 ajans maliyetlerinden tasarruf edersiniz.<\/p>\n\t\t\n<style>\n#text-3382871050 {\n  font-size: 1rem;\n  line-height: 1.05;\n  color: rgb(0,0,0);\n}\n#text-3382871050 > * {\n  color: rgb(0,0,0);\n}\n@media (min-width:550px) {\n  #text-3382871050 {\n    font-size: 1rem;\n    line-height: 1.5;\n  }\n}\n@media (min-width:850px) {\n  #text-3382871050 {\n    font-size: 1rem;\n  }\n}\n<\/style>\n\t<\/div>\n\t\n\t\t<\/div>\n\t<\/div>\n\t\n\t\n\t\t<\/div>\n\t\t\t\t\t<\/div>\n\n\t\n\n\t<div id=\"col-1806172043\" class=\"col medium-6 small-12 large-3 col-hover-focus\"  >\n\t\t\t\t<div class=\"col-inner\"  >\n\t\t\t\n\t\t\t\n\n\t\t<div class=\"icon-box featured-box icon-box-center text-center\"  >\n\t\t\t\t<div class=\"icon-box-text last-reset\">\n\t\t\t\t\t\t\t\t\t\n\t<div id=\"text-2309360901\" class=\"text\">\n\t\t\n<h2><span style=\"color: #084085;\"><strong>Ba\u015far\u0131 garantili<\/strong><\/span><\/h2>\n<p>S\u00fcrekli, optimize edilmi\u015f i\u00e7erikle, \u00e7evrimi\u00e7i varl\u0131\u011f\u0131n\u0131z\u0131n istikrarl\u0131 ve uzun vadeli bir \u015fekilde geli\u015fmesini sa\u011flars\u0131n\u0131z.<\/p>\n\t\t\n<style>\n#text-2309360901 {\n  font-size: 1rem;\n  line-height: 1.05;\n  color: rgb(0,0,0);\n}\n#text-2309360901 > * {\n  color: rgb(0,0,0);\n}\n@media (min-width:550px) {\n  #text-2309360901 {\n    font-size: 1rem;\n    line-height: 1.5;\n  }\n}\n@media (min-width:850px) {\n  #text-2309360901 {\n    font-size: 1rem;\n  }\n}\n<\/style>\n\t<\/div>\n\t\n\t\t<\/div>\n\t<\/div>\n\t\n\t\n\t\t<\/div>\n\t\t\t\t\t<\/div>\n\n\t\n\n<style>\n#row-625820396 > .col > .col-inner {\n  padding: 30px 30px 30px 30px;\n  background-color: rgb(255,255,255);\n}\n<\/style>\n<\/div>\n\t\t<\/div>\n\t\t\t\t\n<style>\n#col-627092165 > .col-inner {\n  margin: -100px 0px 0px 0px;\n}\n<\/style>\n\t<\/div>\n\n\t\n<\/div>\n\t\t<\/div>\n\n\t\t\n<style>\n#section_1508868640 {\n  padding-top: 0px;\n  padding-bottom: 0px;\n}\n<\/style>\n\t<\/section>\n\t\n\n\t<section class=\"section\" id=\"section_1019040217\">\n\t\t<div class=\"section-bg fill\" >\n\t\t\t\t\t\t\t\t\t\n\t\t\t\n\n\t\t<\/div>\n\n\t\t\n\n\t\t<div class=\"section-content relative\">\n\t\t\t\n<div class=\"row\"  id=\"row-1203949050\">\n\n\t<div id=\"col-1235323432\" class=\"col small-12 large-12\"  >\n\t\t\t\t<div class=\"col-inner\"  >\n\t\t\t\n\t\t\t\n<div class=\"row row-collapse\"  id=\"row-1311226536\">\n\n\t<div id=\"col-522290081\" class=\"col small-12 large-12\"  >\n\t\t\t\t<div class=\"col-inner\"  >\n\t\t\t\n\t\t\t\n<span class=\"scroll-to\" data-label=\"Scroll to: #warum\" data-bullet=\"true\" data-link=\"#warum\" data-title=\"Warum wir\" ><a name=\"warum\"><\/a><\/span>\n\n\t<section class=\"section dark has-parallax\" id=\"section_867161133\">\n\t\t<div class=\"section-bg fill\" data-parallax-container=\".section\" data-parallax-background data-parallax=\"-5\">\n\t\t\t<img loading=\"lazy\" decoding=\"async\" width=\"2560\" height=\"1707\" src=\"https:\/\/travelperformance.net\/wp-content\/uploads\/2024\/09\/google-analytics-phone-stockpack-unsplash-scaled.jpg\" class=\"bg attachment- size-\" alt=\"Google analitik telefon\" \/>\t\t\t\t\t\t<div class=\"section-bg-overlay absolute fill\"><\/div>\n\t\t\t\n\n\t\t<\/div>\n\n\t\t\n\n\t\t<div class=\"section-content relative\">\n\t\t\t\n<div class=\"row\"  id=\"row-985791652\">\n\n\t<div id=\"col-891732493\" class=\"col medium-12 small-12 large-9\"  >\n\t\t\t\t<div class=\"col-inner text-left\"  >\n\t\t\t\n\t\t\t\n\t<div id=\"gap-1928997876\" class=\"gap-element clearfix\" style=\"display:block; height:auto;\">\n\t\t\n<style>\n#gap-1928997876 {\n  padding-top: 30px;\n}\n<\/style>\n\t<\/div>\n\t\n\t<div id=\"gap-1059273085\" class=\"gap-element clearfix\" style=\"display:block; height:auto;\">\n\t\t\n<style>\n#gap-1059273085 {\n  padding-top: 30px;\n}\n<\/style>\n\t<\/div>\n\t\n\t<div id=\"text-3070210968\" class=\"text\">\n\t\t\n<p><span style=\"font-size: 150%;\"><strong>Google'da daha iyi bir s\u0131ralama elde etmenin anahtar\u0131<\/strong><\/span><\/p>\n\t\t\n<style>\n#text-3070210968 {\n  font-size: 1.35rem;\n  line-height: 0.75;\n  text-align: center;\n  color: rgb(255, 255, 255);\n}\n#text-3070210968 > * {\n  color: rgb(255, 255, 255);\n}\n@media (min-width:550px) {\n  #text-3070210968 {\n    font-size: 2.1rem;\n    line-height: 0.95;\n    text-align: center;\n  }\n}\n@media (min-width:850px) {\n  #text-3070210968 {\n    text-align: left;\n  }\n}\n<\/style>\n\t<\/div>\n\t\n\t<div id=\"text-1108396967\" class=\"text\">\n\t\t\n<p>Seyahat acentenizin web sitesi i\u00e7in yapay zeka ile i\u00e7erik olu\u015fturmam\u0131z sayesinde d\u00fczenli olarak taze, bilgilendirici ve SEO i\u00e7in optimize edilmi\u015f i\u00e7erikler alacaks\u0131n\u0131z.<\/p>\n\t\t\n<style>\n#text-1108396967 {\n  font-size: 1.1rem;\n  line-height: 1.1;\n  text-align: left;\n}\n@media (min-width:550px) {\n  #text-1108396967 {\n    font-size: 1.4rem;\n    line-height: 1.2;\n    text-align: left;\n  }\n}\n@media (min-width:850px) {\n  #text-1108396967 {\n    text-align: left;\n  }\n}\n<\/style>\n\t<\/div>\n\t\n<a href=\"#kontakt\" class=\"button white is-large hide-for-small\"  style=\"padding:0px 30px 0px 30px;\">\n\t\t<span>\u00dccretsiz tavsiye<\/span>\n\t<\/a>\n\n<a data-animate=\"fadeInUp\" href=\"#kontakt\" class=\"button white is-large expand show-for-small\"  style=\"padding:0px 30px 0px 30px;\">\n\t\t<span>\u00dccretsiz tavsiye<\/span>\n\t<\/a>\n\n\t\t<\/div>\n\t\t\t\t\n<style>\n#col-891732493 > .col-inner {\n  padding: 0px 0px 0px 0;\n}\n@media (min-width:550px) {\n  #col-891732493 > .col-inner {\n    padding: 0px 0px 0px 0px;\n  }\n}\n@media (min-width:850px) {\n  #col-891732493 > .col-inner {\n    padding: 0px 0px 0px 20px;\n  }\n}\n<\/style>\n\t<\/div>\n\n\t\n<\/div>\n\t\t<\/div>\n\n\t\t\n<style>\n#section_867161133 {\n  padding-top: 0px;\n  padding-bottom: 0px;\n  min-height: 450px;\n}\n#section_867161133 .section-bg-overlay {\n  background-color: rgba(0, 85, 157, 0.616);\n}\n#section_867161133 .section-bg img {\n  object-position: top;\n}\n@media (min-width:550px) {\n  #section_867161133 {\n    min-height: 500px;\n  }\n}\n<\/style>\n\t<\/section>\n\t\n\t\t<\/div>\n\t\t\t\t\t<\/div>\n\n\t\n<\/div>\n<div class=\"row row-collapse align-equal\"  id=\"row-498488179\">\n\n\t<div id=\"col-1882674124\" class=\"col medium-12 small-12 large-12\"  >\n\t\t\t\t<div class=\"col-inner text-center dark\" style=\"background-color:#084085;\" >\n\t\t\t\n\t\t\t\n\t<div id=\"text-352357373\" class=\"text\">\n\t\t\n<p>Seyahat ve ilgili konular hakk\u0131ndaki bu y\u00fcksek kaliteli makaleler, web sitenizi \u015fu adreste tan\u0131tmak i\u00e7in \u00e7ok \u00f6nemlidir <strong>Google zirveye<\/strong> getirecektir. Google, d\u00fczenli olarak g\u00fcncellenen sayfalar\u0131 daha iyi s\u0131ralamalarla \u00f6d\u00fcllendirir ve sayfan\u0131z ne kadar g\u00f6r\u00fcn\u00fcr olursa, m\u00fc\u015fterileriniz de sizi o kadar dikkate al\u0131r. \u00d6zelle\u015ftirilmi\u015f i\u00e7eriklerimizle, sitenizin yaln\u0131zca iyi g\u00f6r\u00fcnmesini de\u011fil, ayn\u0131 zamanda bulunmas\u0131n\u0131 da sa\u011fl\u0131yoruz.<\/p>\n<h3><strong>D\u00fczenli g\u00fcncellemelerle Google'daki ba\u015far\u0131n\u0131z garanti alt\u0131nda!<\/strong><\/h3>\n\t\t\n<style>\n#text-352357373 {\n  font-size: 1.1rem;\n  line-height: 1.2;\n  text-align: center;\n}\n@media (min-width:550px) {\n  #text-352357373 {\n    font-size: 1.4rem;\n    text-align: center;\n  }\n}\n@media (min-width:850px) {\n  #text-352357373 {\n    text-align: left;\n  }\n}\n<\/style>\n\t<\/div>\n\t\n\t\t<\/div>\n\t\t\t\t\n<style>\n#col-1882674124 > .col-inner {\n  padding: 30px 10% 20px 10%;\n}\n@media (min-width:550px) {\n  #col-1882674124 > .col-inner {\n    padding: 50px 50px 50px 50px;\n  }\n}\n<\/style>\n\t<\/div>\n\n\t\n<\/div>\n\t\t<\/div>\n\t\t\t\t\t<\/div>\n\n\t\n<\/div>\n\t\t<\/div>\n\n\t\t\n<style>\n#section_1019040217 {\n  padding-top: 30px;\n  padding-bottom: 30px;\n}\n<\/style>\n\t<\/section>\n\t\n\t<div id=\"gap-515893745\" class=\"gap-element clearfix\" style=\"display:block; height:auto;\">\n\t\t\n<style>\n#gap-515893745 {\n  padding-top: 0px;\n}\n@media (min-width:550px) {\n  #gap-515893745 {\n    padding-top: 30px;\n  }\n}\n<\/style>\n\t<\/div>\n\t\n<div class=\"row\"  id=\"row-620166419\">\n\n\t<div id=\"col-2018754111\" class=\"col small-12 large-12\"  >\n\t\t\t\t<div class=\"col-inner text-center\"  >\n\t\t\t\n\t\t\t\n<a href=\"#kontakt\" class=\"button primary is-xlarge hide-for-small\"  style=\"padding:0px 30px 0px 30px;\">\n\t\t<span>\u00dccretsiz dan\u0131\u015fmanl\u0131k talep edin<\/span>\n\t<\/a>\n\n<a data-animate=\"fadeInUp\" href=\"#kontakt\" class=\"button primary is-large show-for-small\"  style=\"padding:0px 30px 0px 30px;\">\n\t\t<span>\u00dccretsiz dan\u0131\u015fmanl\u0131k talep edin<\/span>\n\t<\/a>\n\n\t<div id=\"gap-563053960\" class=\"gap-element clearfix\" style=\"display:block; height:auto;\">\n\t\t\n<style>\n#gap-563053960 {\n  padding-top: 0px;\n}\n@media (min-width:550px) {\n  #gap-563053960 {\n    padding-top: 60px;\n  }\n}\n<\/style>\n\t<\/div>\n\t\n\t\t<\/div>\n\t\t\t\t\t<\/div>\n\n\t\n<\/div>\n<span class=\"scroll-to\" data-label=\"Scroll to: #kontakt\" data-bullet=\"true\" data-link=\"#kontakt\" data-title=\"Kontakt\" ><a name=\"kontakt\"><\/a><\/span>","protected":false},"excerpt":{"rendered":"","protected":false},"author":1,"featured_media":0,"parent":0,"menu_order":0,"comment_status":"closed","ping_status":"closed","template":"page-transparent-header-light.php","meta":{"bwfblock_default_font":"","footnotes":""},"class_list":["post-1167","page","type-page","status-publish","hentry"],"_links":{"self":[{"href":"https:\/\/travelperformance.net\/tr\/wp-json\/wp\/v2\/pages\/1167","targetHints":{"allow":["GET"]}}],"collection":[{"href":"https:\/\/travelperformance.net\/tr\/wp-json\/wp\/v2\/pages"}],"about":[{"href":"https:\/\/travelperformance.net\/tr\/wp-json\/wp\/v2\/types\/page"}],"author":[{"embeddable":true,"href":"https:\/\/travelperformance.net\/tr\/wp-json\/wp\/v2\/users\/1"}],"replies":[{"embeddable":true,"href":"https:\/\/travelperformance.net\/tr\/wp-json\/wp\/v2\/comments?post=1167"}],"version-history":[{"count":9,"href":"https:\/\/travelperformance.net\/tr\/wp-json\/wp\/v2\/pages\/1167\/revisions"}],"predecessor-version":[{"id":1603,"href":"https:\/\/travelperformance.net\/tr\/wp-json\/wp\/v2\/pages\/1167\/revisions\/1603"}],"wp:attachment":[{"href":"https:\/\/travelperformance.net\/tr\/wp-json\/wp\/v2\/media?parent=1167"}],"curies":[{"name":"wp","href":"https:\/\/api.w.org\/{rel}","templated":true}]}}