{"id":688,"date":"2024-08-23T13:26:58","date_gmt":"2024-08-23T11:26:58","guid":{"rendered":"https:\/\/travelperformance.net\/impressum\/"},"modified":"2024-09-12T13:22:41","modified_gmt":"2024-09-12T11:22:41","slug":"impressum","status":"publish","type":"page","link":"https:\/\/travelperformance.net\/tr\/baski\/","title":{"rendered":"K\u00fcnye"},"content":{"rendered":"<p>&nbsp;<\/p>\n<p><img loading=\"lazy\" decoding=\"async\" class=\"alignnone wp-image-273\" src=\"https:\/\/travelperformance.net\/wp-content\/uploads\/2024\/08\/logo.svg\" alt=\"\" width=\"255\" height=\"51\" \/><\/p>\n<p><strong>Seyahat Performans\u0131 kurumun bir hizmetidir:<\/strong><\/p>\n<p>Better Living Unternehmensgesellschaft (haftungsbeschr\u00e4nkt)<br \/>\nGreifswalder Str. 87<br \/>\n10409 Berlin<br \/>\nCharlottenburg Yerel Mahkemesi:<br \/>\nHRB 224744 B<\/p>\n<p>Vergi no. 060\/106\/06328<\/p>\n<p>KDV KI\u0307MLI\u0307\u011eI\u0307: DE344067856<\/p>\n<p><strong>Telif hakk\u0131, ticari markalar ve patentler<\/strong><br \/>\nT\u00fcm web sitesi tasar\u0131mlar\u0131, metinler, sesler, film kay\u0131tlar\u0131, grafikler, g\u00f6r\u00fcnt\u00fcler, programlama ve yaz\u0131l\u0131m, tamamen veya k\u0131smen, operat\u00f6r\u00fcn telif hakk\u0131na tabidir. T\u00fcm haklar\u0131 sakl\u0131d\u0131r.<\/p>\n<p><strong>Sorumluluk Reddi<\/strong><br \/>\nWeb sitesi, \u00fc\u00e7\u00fcnc\u00fc taraf web sitelerine y\u00f6nlendiren k\u00f6pr\u00fcler i\u00e7erir. Operat\u00f6r\u00fcn bunlar\u0131n tasar\u0131m\u0131 ve i\u00e7eri\u011fi \u00fczerinde hi\u00e7bir etkisi yoktur ve bu nedenle burada sa\u011flanan bilgilerin do\u011frulu\u011fu, g\u00fcncelli\u011fi, eksiksizli\u011fi ve kalitesi konusunda hi\u00e7bir sorumluluk kabul etmez. Kullan\u0131c\u0131lar, bu t\u00fcr bir web sitesiyle ba\u011flant\u0131l\u0131 olarak sahip olabilecekleri endi\u015feleri do\u011frudan ilgili web sitesinin operat\u00f6r\u00fcne iletmelidir. T\u00fcm k\u00f6pr\u00fcler, web sitesi olu\u015fturuldu\u011funda taraf\u0131m\u0131zdan kontrol edilmi\u015ftir, ancak d\u00fczenli olarak kontrol edilmemektedir. Sch\u00f6ner Reisen und Entertainment GmbH, harici web sitelerinin i\u00e7eri\u011fiyle aras\u0131na a\u00e7\u0131k\u00e7a mesafe koymaktad\u0131r. Bu web sitesi, Federal Almanya Cumhuriyeti'ndeki bir bilgisayar merkezinde sa\u011flay\u0131c\u0131m\u0131z\u0131n bir sunucusunda bulunmaktad\u0131r.<\/p>\n<p><strong>Sorumluluk Reddi<\/strong><br \/>\nYazara kar\u015f\u0131, sa\u011flanan bilgilerin kullan\u0131lmas\u0131 veya kullan\u0131lmamas\u0131 ya da yanl\u0131\u015f veya eksik bilgilerin kullan\u0131lmas\u0131ndan kaynaklanan maddi veya manevi zararlarla ilgili sorumluluk talepleri temelde hari\u00e7 tutulmu\u015ftur. Yazar, sayfalar\u0131n baz\u0131 b\u00f6l\u00fcmlerini veya web sitesinin tamam\u0131n\u0131 \u00f6nceden haber vermeksizin de\u011fi\u015ftirme, ekleme veya silme ya da yay\u0131n\u0131 ge\u00e7ici veya kal\u0131c\u0131 olarak durdurma hakk\u0131n\u0131 a\u00e7\u0131k\u00e7a sakl\u0131 tutar.<\/p>\n<p><a href=\"https:\/\/webgate.ec.europa.eu\/odr\/main\/index.cfm?event=main.home.chooseLanguage\"><img decoding=\"async\" src=\"https:\/\/xn--gnstiger-reisen-zvb.de\/images\/streitbeilegung.jpg\" alt=\"webgate\" \/><\/a><\/p>","protected":false},"excerpt":{"rendered":"<p>&nbsp; Seyahat Performans\u0131 taraf\u0131ndan sa\u011flanan bir hizmettir: Better Living Unternehmensgesellschaft (haftungsbeschr\u00e4nkt) Greifswalder Str. 87 10409 Berlin Amtsgericht Charlottenburg: HRB 224744 B Steuerr. 060\/106\/06328 Ust-ID: DE344067856 Telif hakk\u0131, ticari markalar ve patentler T\u00fcm web sitesi tasar\u0131mlar\u0131, metinler, sesler, film kay\u0131tlar\u0131, grafikler, g\u00f6r\u00fcnt\u00fcler, programlama ve yaz\u0131l\u0131m, tamamen veya k\u0131smen, operat\u00f6r\u00fcn telif hakk\u0131na tabidir. T\u00fcm haklar\u0131 sakl\u0131d\u0131r. Feragatname Web sitesi [...]","protected":false},"author":1,"featured_media":0,"parent":0,"menu_order":0,"comment_status":"closed","ping_status":"closed","template":"","meta":{"bwfblock_default_font":"","footnotes":""},"class_list":["post-688","page","type-page","status-publish","hentry"],"_links":{"self":[{"href":"https:\/\/travelperformance.net\/tr\/wp-json\/wp\/v2\/pages\/688","targetHints":{"allow":["GET"]}}],"collection":[{"href":"https:\/\/travelperformance.net\/tr\/wp-json\/wp\/v2\/pages"}],"about":[{"href":"https:\/\/travelperformance.net\/tr\/wp-json\/wp\/v2\/types\/page"}],"author":[{"embeddable":true,"href":"https:\/\/travelperformance.net\/tr\/wp-json\/wp\/v2\/users\/1"}],"replies":[{"embeddable":true,"href":"https:\/\/travelperformance.net\/tr\/wp-json\/wp\/v2\/comments?post=688"}],"version-history":[{"count":3,"href":"https:\/\/travelperformance.net\/tr\/wp-json\/wp\/v2\/pages\/688\/revisions"}],"predecessor-version":[{"id":1426,"href":"https:\/\/travelperformance.net\/tr\/wp-json\/wp\/v2\/pages\/688\/revisions\/1426"}],"wp:attachment":[{"href":"https:\/\/travelperformance.net\/tr\/wp-json\/wp\/v2\/media?parent=688"}],"curies":[{"name":"wp","href":"https:\/\/api.w.org\/{rel}","templated":true}]}}