{"id":690,"date":"2024-08-23T13:26:58","date_gmt":"2024-08-23T11:26:58","guid":{"rendered":"https:\/\/travelperformance.net\/agb\/"},"modified":"2024-09-12T13:55:39","modified_gmt":"2024-09-12T11:55:39","slug":"agb","status":"publish","type":"page","link":"https:\/\/travelperformance.net\/tr\/agb\/","title":{"rendered":"GTC"},"content":{"rendered":"<h3><\/h3>\n<h3><strong>Genel H\u00fck\u00fcm ve Ko\u015fullar<\/strong><\/h3>\n<p><span style=\"color: #333333;\">1 - Uygulama kapsam\u0131, tan\u0131mlar<\/span><\/p>\n<p>A\u015fa\u011f\u0131daki Genel H\u00fck\u00fcm ve Ko\u015fullar, s\u00f6zle\u015fmenin imzaland\u0131\u011f\u0131 tarihte ge\u00e7erli olan versiyonda, yaln\u0131zca tedarik\u00e7i ile m\u00fc\u015fteri aras\u0131ndaki i\u015f ili\u015fkisi i\u00e7in ge\u00e7erlidir. M\u00fc\u015fterinin farkl\u0131 h\u00fck\u00fcm ve ko\u015fullar\u0131, sa\u011flay\u0131c\u0131 bunlar\u0131n ge\u00e7erlili\u011fini a\u00e7\u0131k\u00e7a kabul etmedi\u011fi s\u00fcrece tan\u0131nmayacakt\u0131r. Bu, m\u00fc\u015fterinin h\u00fck\u00fcm ve ko\u015fullar\u0131n\u0131n dahil edilmesine a\u00e7\u0131k\u00e7a itiraz etmedi\u011fimiz durumlarda da ge\u00e7erlidir.<br \/>\nBu h\u00fck\u00fcm ve ko\u015fullar kapsam\u0131nda \"t\u00fcketici\", s\u00f6zle\u015fmeyi esas olarak ticari veya ba\u011f\u0131ms\u0131z mesleki faaliyetlerine atfedilemeyecek bir ama\u00e7la imzalayan herhangi bir ger\u00e7ek ki\u015fidir (Alman Medeni Kanunu Madde 13 - BGB).<\/p>\n<p>\"Giri\u015fimci\", s\u00f6zle\u015fme akdederken ticari veya ba\u011f\u0131ms\u0131z mesleki faaliyetini icra eden herhangi bir ger\u00e7ek veya t\u00fczel ki\u015fi veya t\u00fczel ki\u015fili\u011fi haiz bir ortakl\u0131kt\u0131r (BGB Madde 14 (1)).<\/p>\n<p>\u00a7 2 - Bir s\u00f6zle\u015fmenin akdedilmesi<\/p>\n<p>Bir s\u00f6zle\u015fme imzalan\u0131rsa, s\u00f6zle\u015fme a\u015fa\u011f\u0131dakilerle imzalan\u0131r\u00a0<a href=\"https:\/\/travelperformance.net\/tr\/baski\/\">Daha \u0130yi Ya\u015fam UG<\/a>. Hizmetlerin sa\u011flay\u0131c\u0131n\u0131n web sitesinde sunulmas\u0131 yasal olarak ba\u011flay\u0131c\u0131 bir teklif te\u015fkil etmez, daha ziyade bir teklif sunma daveti niteli\u011findedir. \u0130stenen hizmeti sipari\u015f ederek m\u00fc\u015fteri, belirlenen sipari\u015f prosed\u00fcr\u00fcn\u00fc ba\u015far\u0131yla tamamlayarak bir s\u00f6zle\u015fme imzalamak i\u00e7in ba\u011flay\u0131c\u0131 bir teklif sunar.<\/p>\n<p>Sa\u011flay\u0131c\u0131, m\u00fc\u015fteri ile takip\u00e7iler \/ kullan\u0131c\u0131lar aras\u0131ndaki yasal ili\u015fkilerden kaynaklanan sonu\u00e7lar i\u00e7in hi\u00e7bir sorumluluk kabul etmez. Ayn\u0131 \u015fekilde, sa\u011flay\u0131c\u0131, m\u00fc\u015fteri ile platform sa\u011flay\u0131c\u0131lar\u0131 veya Instagram, TikTok veya Facebook operat\u00f6rleri veya di\u011fer sosyal platform sa\u011flay\u0131c\u0131lar\u0131 aras\u0131ndaki yasal ili\u015fkilerden kaynaklanan sonu\u00e7lar i\u00e7in hi\u00e7bir sorumluluk kabul etmez. Ayn\u0131 \u015fekilde, takip\u00e7ilerin, be\u011fenilerin veya di\u011ferlerinin kalitesi, dayan\u0131kl\u0131l\u0131\u011f\u0131 veya ger\u00e7ekli\u011fi ile ilgili hi\u00e7bir sorumluluk veya garanti kabul edilmez veya verilmez. Bu konuda \u00a7 6-9 maddeleri alt\u0131nda daha fazla bilgi edinin<\/p>\n<p>Sipari\u015f a\u015fa\u011f\u0131daki ad\u0131mlarla verilir:<br \/>\n\u0130stenilen hizmetin se\u00e7imi<br \/>\nSe\u00e7eneklerin se\u00e7imi (\u00f6rne\u011fin men\u015fe k\u0131s\u0131tlamas\u0131 veya yerle\u015ftirme s\u00fcresi, say\u0131s\u0131, vb.)<br \/>\nY\u00f6nlendirmenin amac\u0131n\u0131n belirtilmesi (\u00f6rn. profil ad\u0131 veya sayfa ba\u011flant\u0131s\u0131)<\/p>\n<p>\u00a7 3 - Fiyatlar, son \u00f6deme tarihi, \u00f6deme<br \/>\nSa\u011flay\u0131c\u0131 taraf\u0131ndan verilen t\u00fcm fiyatlar net fiyatlard\u0131r ve yasal KDV ve di\u011fer fiyat bile\u015fenlerini i\u00e7ermez. Bu bir hizmet oldu\u011fu i\u00e7in nakliye \u00fccreti yoktur.<\/p>\n<p>M\u00fc\u015fteri PayPal arac\u0131l\u0131\u011f\u0131yla \u00f6deme yapma se\u00e7ene\u011fine sahiptir. Bu durumda, \u00f6demeler, sa\u011flay\u0131c\u0131n\u0131n \u00f6deme ve faturaland\u0131rma ama\u00e7lar\u0131 i\u00e7in i\u015fbirli\u011fi yapt\u0131\u011f\u0131 PayPal (PayPal (Europe) S.\u00e0 r.l. et Cie, S.C.A., 22-24 Boulevard Royal, L-2449 Luxembourg) taraf\u0131ndan i\u015flenir. PayPal arac\u0131l\u0131\u011f\u0131yla \u00f6deme yap\u0131lmas\u0131 durumunda, PayPal'\u0131n ilgili kullan\u0131m ko\u015fullar\u0131 ve\/veya veri koruma bilgileri ge\u00e7erlidir. Kredi kart\u0131 ile. Bu durumda, \u00f6demeler, sa\u011flay\u0131c\u0131n\u0131n \u00f6deme ve faturaland\u0131rma ama\u00e7lar\u0131 i\u00e7in i\u015fbirli\u011fi yapt\u0131\u011f\u0131 Stripe arac\u0131l\u0131\u011f\u0131yla i\u015flenir.  Paylike arac\u0131l\u0131\u011f\u0131yla \u00f6deme yap\u0131lmas\u0131 durumunda, Stripe'\u0131n ilgili kullan\u0131m ko\u015fullar\u0131 ve\/veya veri koruma bildirimleri ge\u00e7erlidir.<\/p>\n<p>Kararla\u015ft\u0131r\u0131lan \u00fccretin \u00f6denmesi, s\u00f6zle\u015fmenin imzalanmas\u0131 (sipari\u015f d\u00fc\u011fmesinin g\u00f6nderilmesi) \u00fczerine yap\u0131lmal\u0131d\u0131r. Sa\u011flay\u0131c\u0131n\u0131n bir talebine kar\u015f\u0131 m\u00fc\u015fterinin kendi talepleri ile mahsupla\u015fmaya, yaln\u0131zca bunun tart\u0131\u015fmas\u0131z olmas\u0131 veya yasal olarak tespit edilmi\u015f olmas\u0131 veya m\u00fc\u015fterinin ilgili talebin ileri s\u00fcr\u00fcld\u00fc\u011f\u00fc bu i\u015flemden kesin olarak kan\u0131tlanm\u0131\u015f iddias\u0131na g\u00f6re buna hak kazanmas\u0131 durumunda izin verilir. S\u00f6z konusu s\u00f6zle\u015fme ili\u015fkisinden daha \u00f6nceki veya ba\u015fka i\u015flemlerden kaynaklanan bir al\u0131koyma hakk\u0131 ileri s\u00fcr\u00fclemez. Alacaklar\u0131n temliki, sa\u011flay\u0131c\u0131n\u0131n a\u00e7\u0131k r\u0131zas\u0131n\u0131 gerektirir.<\/p>\n<p>\u00a7 4 - Performans<br \/>\nSa\u011flay\u0131c\u0131n\u0131n s\u00f6zle\u015fmeye dayal\u0131 hizmeti, yapay zeka taraf\u0131ndan \u00fcretilen i\u00e7eri\u011fin olu\u015fturulmas\u0131 ve m\u00fc\u015fterinin istedi\u011fi platformlarda yay\u0131nlanmas\u0131ndan olu\u015fur. \u015e\u00fcpheye mahal vermemek i\u00e7in, bunun bir sat\u0131\u015f de\u011fil, yaln\u0131zca bir arac\u0131l\u0131k anlam\u0131nda bir reklam hizmeti oldu\u011fu belirtilmektedir. Sa\u011flay\u0131c\u0131, m\u00fc\u015fterinin iptal hakk\u0131 kapsam\u0131nda iptal s\u00fcresinin sona ermesinden \u00f6nce sa\u011flay\u0131c\u0131n\u0131n hizmeti ba\u015flatmas\u0131 i\u00e7in a\u00e7\u0131k r\u0131zas\u0131n\u0131 vermi\u015f olmas\u0131 ko\u015fuluyla, s\u00f6zle\u015fmenin imzalanmas\u0131ndan ve \u00f6demenin al\u0131nmas\u0131ndan sonra hizmetlerin ilgili a\u00e7\u0131klamas\u0131nda belirtilen s\u00fcre i\u00e7inde kararla\u015ft\u0131r\u0131lan hizmeti sa\u011flayacakt\u0131r. M\u00fc\u015fteri, iptal s\u00fcresi sona ermeden \u00f6nce hizmetin ba\u015flamas\u0131 i\u00e7in a\u00e7\u0131k r\u0131zas\u0131n\u0131 vermezse, hizmet, \u00f6demenin al\u0131nmas\u0131ndan ve s\u00f6zle\u015fmenin imzalanmas\u0131ndan bu yana 14 g\u00fcn ge\u00e7tikten sonra sa\u011flanacakt\u0131r. M\u00fc\u015fterinin bir giri\u015fimci olmas\u0131 ve bu nedenle iptal hakk\u0131n\u0131n bulunmamas\u0131 durumunda, hizmet, s\u00f6zle\u015fmenin imzalanmas\u0131 ve \u00f6demenin al\u0131nmas\u0131ndan sonra hizmetlerin ilgili a\u00e7\u0131klamas\u0131nda belirtilen s\u00fcre i\u00e7inde sa\u011flanacakt\u0131r.<\/p>\n<p>S\u00f6zle\u015fmenin \u00fczerinde mutab\u0131k kal\u0131nan konusu nedeniyle, m\u00fc\u015fteri belirli bir takip\u00e7i, be\u011feni veya video g\u00f6r\u00fcnt\u00fcleme say\u0131s\u0131 art\u0131\u015f\u0131n\u0131n garanti edilemeyece\u011finin fark\u0131ndad\u0131r. Kararla\u015ft\u0131r\u0131lan say\u0131, temel s\u00f6zle\u015fmeden kaynaklanmaktad\u0131r. Konunun do\u011fas\u0131ndan kaynaklanan herhangi bir kayb\u0131 telafi etmek i\u00e7in sa\u011flay\u0131c\u0131, kararla\u015ft\u0131r\u0131lan miktar\u0131n en az 10%'si kadar ek bir arac\u0131l\u0131k sa\u011flayacakt\u0131r. Fazla tedarik hi\u00e7bir durumda bir kusur te\u015fkil etmeyecektir. Ayn\u0131 durum ek arac\u0131l\u0131ktaki bir eksiklik i\u00e7in de ge\u00e7erli olacakt\u0131r.<\/p>\n<p>Hizmetin s\u00f6zle\u015fmeye uygun olarak sunulmas\u0131n\u0131n temeli, sa\u011flay\u0131c\u0131 taraf\u0131ndan buna kar\u015f\u0131l\u0131k gelen bir performans kan\u0131t\u0131d\u0131r. Kural olarak, bu performans kan\u0131t\u0131, sa\u011flay\u0131c\u0131 taraf\u0131ndan kararla\u015ft\u0131r\u0131lan hizmetle ilgili olarak olu\u015fturulan saya\u00e7 okumas\u0131n\u0131n ekran g\u00f6r\u00fcnt\u00fcleri veya saya\u00e7 okumas\u0131n\u0131n belgelenmesi ve bir zaman damgas\u0131n\u0131n kaydedilmesi yoluyla sa\u011flan\u0131r. Sa\u011flay\u0131c\u0131 taraf\u0131ndan \u00f6l\u00e7\u00fcm\u00fcn ba\u015flang\u0131c\u0131ndaki ve sonundaki saya\u00e7 okumas\u0131 belirleyicidir. Birden fazla sipari\u015f olmas\u0131 durumunda, sa\u011flay\u0131c\u0131 taraf\u0131ndan ger\u00e7ekle\u015ftirilecek son sipari\u015f an\u0131ndaki saya\u00e7 okumas\u0131 belirleyici olacakt\u0131r. M\u00fc\u015fteri, ba\u015fka bir hizmet sa\u011flay\u0131c\u0131n\u0131n benzer bir \u00f6l\u00e7\u00fcmle paralel olarak devreye al\u0131nmas\u0131n\u0131n sonucun tahrif edilmesine yol a\u00e7abilece\u011finin ve sonu\u00e7lar\u0131n sa\u011flay\u0131c\u0131ya m\u0131 yoksa di\u011fer hizmet sa\u011flay\u0131c\u0131ya m\u0131 atfedilebilece\u011finin belirlenmesinin m\u00fcmk\u00fcn olmad\u0131\u011f\u0131n\u0131n fark\u0131ndad\u0131r. Bu bir kusur ve dolay\u0131s\u0131yla bir garanti talebi te\u015fkil etmez. B\u00f6yle bir prosed\u00fcr\u00fcn masraflar\u0131 m\u00fc\u015fteriye aittir. Say\u0131m\u0131n gecikmeli olarak g\u00f6r\u00fcnt\u00fclenebilece\u011fi de unutulmamal\u0131d\u0131r.<\/p>\n<p>M\u00fc\u015fteri, arac\u0131l\u0131k ba\u015far\u0131yla tamamlanana kadar sosyal medya varl\u0131\u011f\u0131n\u0131n teknik nedenlerle (\u00f6rne\u011fin saya\u00e7 okumas\u0131n\u0131 g\u00f6r\u00fcnt\u00fclemek i\u00e7in) ilgili platformun t\u00fcm kullan\u0131c\u0131lar\u0131 taraf\u0131ndan eri\u015filebilir olmas\u0131 gerekti\u011finin fark\u0131ndad\u0131r. Sosyal medya varl\u0131\u011f\u0131 silinirse veya profil ayarlar\u0131 \"\u00f6zel\" olarak ayarlan\u0131rsa, \u00f6rne\u011fin, arac\u0131l\u0131k tamamlanamaz veya ger\u00e7ekle\u015ftirilemez. Bu nedenle arac\u0131l\u0131k tamamlanamaz veya ger\u00e7ekle\u015ftirilemezse, m\u00fc\u015fteriye e-posta yoluyla sipari\u015f ba\u015f\u0131na tek seferlik bir talep g\u00f6nderilecek ve sosyal medya varl\u0131\u011f\u0131n\u0131 platformun t\u00fcm kullan\u0131c\u0131lar\u0131 i\u00e7in eri\u015filebilir hale getirmesi i\u00e7in 7 g\u00fcnl\u00fck bir s\u00fcre verilecektir, b\u00f6ylece bir arac\u0131l\u0131k m\u00fcmk\u00fcn olacakt\u0131r. S\u00f6z konusu s\u00fcrenin sona ermesinin ard\u0131ndan, sa\u011flay\u0131c\u0131 ifa y\u00fck\u00fcml\u00fcl\u00fc\u011f\u00fcnden kurtulacakt\u0131r. M\u00fc\u015fterinin ifaya y\u00f6nelik t\u00fcm talepleri ge\u00e7ersiz olacakt\u0131r. Bu durumda, m\u00fc\u015fteriye geri \u00f6deme yap\u0131lmayacakt\u0131r (orant\u0131l\u0131 olsa bile).<\/p>\n<p>\u00a7 5 - Genel h\u00fck\u00fcmler<br \/>\nM\u00fc\u015fteri, sa\u011flay\u0131c\u0131n\u0131n hizmetlerini yaln\u0131zca m\u00fc\u015fterinin sahibi oldu\u011fu ve sorumlu taraf olarak adland\u0131r\u0131ld\u0131\u011f\u0131 bu t\u00fcr sosyal medya varl\u0131klar\u0131 i\u00e7in kullanmay\u0131 taahh\u00fct eder.<br \/>\nM\u00fc\u015fteri, 1. paragrafta at\u0131fta bulunulan sosyal medya varl\u0131klar\u0131n\u0131n Alman yasalar\u0131na uygun olmas\u0131n\u0131 ve \u00fc\u00e7\u00fcnc\u00fc taraflar\u0131n haklar\u0131n\u0131 ihlal etmemesini sa\u011flayacakt\u0131r. Sa\u011flay\u0131c\u0131 yasal bir inceleme yapmayacak veya sorumluluk \u00fcstlenmeyecektir. \u0130\u00e7eri\u011finin yasalara uygun olmas\u0131n\u0131 ve \u00fc\u00e7\u00fcnc\u00fc taraflar\u0131n haklar\u0131n\u0131 ihlal etmemesini sa\u011flamak m\u00fc\u015fterinin kendi sorumlulu\u011fundad\u0131r.<\/p>\n<p>Sa\u011flay\u0131c\u0131, belirli i\u00e7eriklerle ilgili olarak hizmeti reddetme hakk\u0131n\u0131 sakl\u0131 tutar. Bu \u00f6zellikle \u015funlar\u0131 i\u00e7erir Yasad\u0131\u015f\u0131 i\u00e7erik, \u00f6zellikle cezai, veri koruma, gizlilik, lisanslama veya telif hakk\u0131 h\u00fck\u00fcmlerini ihlal eden i\u00e7erik, \u0131rk\u00e7\u0131, cinsiyet\u00e7i veya pornografik i\u00e7erik gibi siyasi, dini, ayr\u0131mc\u0131, karalay\u0131c\u0131 veya anayasaya ayk\u0131r\u0131 i\u00e7erik, \u015fiddeti y\u00fccelten i\u00e7erik, bahisler, \u015fans oyunlar\u0131, yar\u0131\u015fmalar, oylama<\/p>\n<p>Bu durumlarda, m\u00fc\u015fteri yukar\u0131da belirtilen i\u00e7eri\u011fin sipari\u015flerinden etkilenmemesini de sa\u011flayacakt\u0131r. M\u00fc\u015fteri, sipari\u015f vermeden \u00f6nce i\u00e7eri\u011fi ba\u011f\u0131ms\u0131z olarak kontrol etmeli ve bu t\u00fcr i\u00e7erikle ilgili bir hizmet i\u00e7eren bir sipari\u015f vermemeyi taahh\u00fct etmelidir. M\u00fc\u015fteri yine de b\u00f6yle bir sipari\u015f verirse, sa\u011flay\u0131c\u0131 ifay\u0131 reddetme veya s\u00f6zle\u015fmeden \u00e7ekilme hakk\u0131na sahip olacakt\u0131r.<\/p>\n<p>M\u00fc\u015fteri, s\u0131nai m\u00fclkiyet haklar\u0131n\u0131n, telif haklar\u0131n\u0131n veya yasad\u0131\u015f\u0131 i\u00e7eri\u011fin ihlali nedeniyle \u00fc\u00e7\u00fcnc\u00fc \u015fah\u0131slar taraf\u0131ndan sa\u011flay\u0131c\u0131ya kar\u015f\u0131 yap\u0131lan t\u00fcm taleplere kar\u015f\u0131 sa\u011flay\u0131c\u0131y\u0131 tazmin etmeyi ve bu t\u00fcr taleplerle ba\u011flant\u0131l\u0131 olarak gerekli masraflara kar\u015f\u0131 sa\u011flay\u0131c\u0131y\u0131 tazmin etmeyi veya bu t\u00fcr masraflar\u0131 sa\u011flay\u0131c\u0131ya geri \u00f6demeyi taahh\u00fct eder. Bu talep, m\u00fc\u015fterinin herhangi bir kusuruna bak\u0131lmaks\u0131z\u0131n mevcuttur. Gerekli masraflar, \u00f6zellikle, yasal orandaki t\u00fcm mahkeme ve yasal \u00fccretler dahil olmak \u00fczere yasal savunma masraflar\u0131n\u0131 da i\u00e7erir. M\u00fc\u015fteri, \u00fc\u00e7\u00fcnc\u00fc \u015fah\u0131slar taraf\u0131ndan bir hak talebinde bulunulmas\u0131 durumunda, taleplerin incelenmesi ve savunma i\u00e7in gerekli t\u00fcm bilgileri sa\u011flay\u0131c\u0131ya derhal, do\u011fru ve eksiksiz olarak sa\u011flamakla y\u00fck\u00fcml\u00fcd\u00fcr.<\/p>\n<p>Y\u00fcklenen krediler \u00f6denemez veya iade edilemez. Al\u0131c\u0131 bu durumu anlar ve kabul eder. Ancak, sitede al\u0131c\u0131n\u0131n kullanabilece\u011fi aktif hizmet yoksa kredi iade edilecektir. Hizmetlerin ge\u00e7ici olarak ask\u0131ya al\u0131nmas\u0131 (30 g\u00fcne kadar) bu durumu de\u011fi\u015ftirmez.<\/p>\n<p>\u00a7 6 - Kusurlardan Sorumluluk \/ Garanti<br \/>\nM\u00fc\u015fteri, platform sa\u011flay\u0131c\u0131s\u0131n\u0131n veya operat\u00f6r\u00fcn\u00fcn h\u00fck\u00fcm ve ko\u015fullar\u0131n\u0131n, takip\u00e7ilerin, be\u011fenilerin veya video g\u00f6r\u00fcnt\u00fclemelerinin \u00f6deme kar\u015f\u0131l\u0131\u011f\u0131nda kullan\u0131lmas\u0131 durumunda sayfan\u0131n, profilin, g\u00f6nderinin veya videonun engellenmesine veya kaybolmas\u0131na neden olabilece\u011finin fark\u0131ndad\u0131r. Sa\u011flay\u0131c\u0131 bu durumlarda sorumlu de\u011fildir. Bu ba\u011flamda garanti ve\/veya tazminat talebi hari\u00e7 tutulur. Ayn\u0131 durum, \u00f6rne\u011fin arama motoru s\u0131ralamalar\u0131 veya kullan\u0131lan hizmetin di\u011fer istenmeyen yan etkileri gibi olumsuz etkiler i\u00e7in de ge\u00e7erlidir.<\/p>\n<p>Ayr\u0131ca, tazminat taleplerine ili\u015fkin di\u011fer yasal gerekliliklere bak\u0131lmaks\u0131z\u0131n, tazminat talepleri i\u00e7in a\u015fa\u011f\u0131daki istisnalar ve sorumluluk s\u0131n\u0131rlamalar\u0131 ge\u00e7erlidir:Bu h\u00fck\u00fcm ve ko\u015fullarda veya s\u00f6zle\u015fmenin kendisinde aksi belirtilmedik\u00e7e, sa\u011flay\u0131c\u0131 yaln\u0131zca kas\u0131t ve a\u011f\u0131r ihmalden sorumlu olacakt\u0131r - yasal temsilcileri, \u00e7al\u0131\u015fanlar\u0131, i\u015f\u00e7ileri, personeli, acenteleri ve vekilleri de dahil olmak \u00fczere - kas\u0131t ve ihmal i\u00e7in sorumlulu\u011fun verildi\u011fi ya\u015fam, uzuv veya sa\u011fl\u0131\u011fa zarar verme durumu hari\u00e7, bir y\u00fck\u00fcml\u00fcl\u00fck ihlal edilmedik\u00e7e, uyulmas\u0131 s\u00f6zle\u015fmenin amac\u0131na ula\u015fmak i\u00e7in \u00f6zellikle \u00f6nemlidir (temel y\u00fck\u00fcml\u00fcl\u00fck). Temel bir y\u00fck\u00fcml\u00fcl\u00fc\u011f\u00fcn ihlali durumunda, sa\u011flay\u0131c\u0131 ihmalden de sorumlu olacakt\u0131r.<\/p>\n<p>S\u00f6zle\u015fmeden do\u011fan maddi y\u00fck\u00fcml\u00fcl\u00fcklerin ihlali durumunda, sa\u011flay\u0131c\u0131, m\u00fc\u015fterinin tazminat talepleri ya\u015fam, uzuv veya sa\u011fl\u0131k yaralanmas\u0131na dayanmad\u0131\u011f\u0131 s\u00fcrece, yaln\u0131zca hafif ihmalden kaynakland\u0131\u011f\u0131 \u00f6l\u00e7\u00fcde s\u00f6zle\u015fmeye \u00f6zg\u00fc \u00f6ng\u00f6r\u00fclebilir zararlar\u0131 tazmin etmekle y\u00fck\u00fcml\u00fc olacakt\u0131r.<br \/>\nYasal h\u00fck\u00fcmler uyar\u0131nca, sa\u011flay\u0131c\u0131, bir garantinin veya bir tedarik riskinin \u00fcstlenilmesinden, hileli olarak gizlenen kusurlar durumunda, \u00f6nemli s\u00f6zle\u015fme y\u00fck\u00fcml\u00fcl\u00fcklerinin ihlalinden, ifa yerine zararlardan, \u00dcr\u00fcn Sorumlulu\u011fu Yasas\u0131 uyar\u0131nca zorunlu sorumluluk veya di\u011fer zorunlu sorumluluk temelinde ortaya \u00e7\u0131kan talepler i\u00e7in sorumlu olacakt\u0131r.<\/p>\n<p>\u00a7 7 - \u0130ptal hakk\u0131<br \/>\nAl\u0131c\u0131, sipari\u015f verildi\u011finde iptal hakk\u0131n\u0131n sona erdi\u011finin fark\u0131ndad\u0131r.<\/p>\n<p>\u00a7 8 - Kredi bakiyesi<br \/>\nY\u00fcklenen krediler \u00f6denemez veya iade edilemez. Al\u0131c\u0131 bu durumu anlar ve kabul eder.<\/p>\n<p>\u00a7 9 - Sorumluluk<br \/>\nSa\u011flay\u0131c\u0131, m\u00fc\u015fteri ile takip\u00e7iler \/ kullan\u0131c\u0131lar veya bunlar\u0131n arac\u0131l\u0131k etti\u011fi be\u011feniler ve video g\u00f6r\u00fcnt\u00fclemeleri aras\u0131ndaki yasal ili\u015fkilerden kaynaklanan sonu\u00e7lar i\u00e7in hi\u00e7bir sorumluluk kabul etmez. Ayn\u0131 \u015fekilde sa\u011flay\u0131c\u0131, m\u00fc\u015fteri ile Instagram, TikTok veya Facebook'un platform sa\u011flay\u0131c\u0131lar\u0131 veya operat\u00f6rleri aras\u0131ndaki yasal ili\u015fkilerden kaynaklanan sonu\u00e7lar i\u00e7in sorumluluk kabul etmez. \u00d6zellikle giri\u015fimci olan m\u00fc\u015fteri, giri\u015fimci i\u00e7eri\u011fini \u00f6deme yoluyla elde edilen takip\u00e7iler, be\u011feniler veya video g\u00f6r\u00fcnt\u00fclemeleri ile sa\u011flaman\u0131n \/ reklam\u0131n\u0131 yapman\u0131n rekabet hukuku kapsam\u0131nda yasa d\u0131\u015f\u0131 olabilece\u011finin fark\u0131ndad\u0131r.<\/p>\n<p>M\u00fc\u015fteri, platform sa\u011flay\u0131c\u0131s\u0131n\u0131n veya operat\u00f6r\u00fcn\u00fcn h\u00fck\u00fcm ve ko\u015fullar\u0131n\u0131n, takip\u00e7ilerin, be\u011fenilerin veya video g\u00f6r\u00fcnt\u00fclemelerinin \u00f6deme kar\u015f\u0131l\u0131\u011f\u0131nda kullan\u0131lmas\u0131 durumunda sayfan\u0131n, profilin, g\u00f6nderinin veya videonun engellenmesine veya kaybolmas\u0131na neden olabilece\u011finin fark\u0131ndad\u0131r. Sa\u011flay\u0131c\u0131 bu durumlarda sorumlu de\u011fildir. Bu ba\u011flamda garanti ve\/veya tazminat talebi hari\u00e7 tutulur. Ayn\u0131 durum, \u00f6rne\u011fin arama motoru s\u0131ralamalar\u0131 veya kullan\u0131lan hizmetin di\u011fer istenmeyen yan etkileri gibi olumsuz etkiler i\u00e7in de ge\u00e7erlidir.<br \/>\nAyr\u0131ca, tazminat taleplerine ili\u015fkin di\u011fer yasal gerekliliklere bak\u0131lmaks\u0131z\u0131n, tazminat talepleri i\u00e7in a\u015fa\u011f\u0131daki istisnalar ve sorumluluk s\u0131n\u0131rlamalar\u0131 ge\u00e7erlidir:Bu h\u00fck\u00fcm ve ko\u015fullarda veya s\u00f6zle\u015fmenin kendisinde aksi belirtilmedik\u00e7e, sa\u011flay\u0131c\u0131 yaln\u0131zca kas\u0131t ve a\u011f\u0131r ihmalden sorumlu olacakt\u0131r - yasal temsilcileri, \u00e7al\u0131\u015fanlar\u0131, i\u015f\u00e7ileri, personeli, acenteleri ve vekilleri de dahil olmak \u00fczere - kas\u0131t ve ihmal i\u00e7in sorumlulu\u011fun verildi\u011fi ya\u015fam, uzuv veya sa\u011fl\u0131\u011fa zarar verme durumu hari\u00e7, bir y\u00fck\u00fcml\u00fcl\u00fck ihlal edilmedik\u00e7e, uyulmas\u0131 s\u00f6zle\u015fmenin amac\u0131na ula\u015fmak i\u00e7in \u00f6zellikle \u00f6nemlidir (temel y\u00fck\u00fcml\u00fcl\u00fck). Temel bir y\u00fck\u00fcml\u00fcl\u00fc\u011f\u00fcn ihlali durumunda, sa\u011flay\u0131c\u0131 ihmalden de sorumlu olacakt\u0131r.<\/p>\n<p>S\u00f6zle\u015fmeden do\u011fan maddi y\u00fck\u00fcml\u00fcl\u00fcklerin ihlali durumunda, sa\u011flay\u0131c\u0131, m\u00fc\u015fterinin tazminat talepleri ya\u015fam, uzuv veya sa\u011fl\u0131k yaralanmas\u0131na dayanmad\u0131\u011f\u0131 s\u00fcrece, yaln\u0131zca hafif ihmalden kaynakland\u0131\u011f\u0131 \u00f6l\u00e7\u00fcde s\u00f6zle\u015fmeye \u00f6zg\u00fc \u00f6ng\u00f6r\u00fclebilir zararlar\u0131 tazmin etmekle y\u00fck\u00fcml\u00fc olacakt\u0131r.<br \/>\nYasal h\u00fck\u00fcmler uyar\u0131nca, sa\u011flay\u0131c\u0131, bir garantinin veya bir tedarik riskinin \u00fcstlenilmesinden, hileli olarak gizlenen kusurlar durumunda, \u00f6nemli s\u00f6zle\u015fme y\u00fck\u00fcml\u00fcl\u00fcklerinin ihlalinden, ifa yerine zararlardan, \u00dcr\u00fcn Sorumlulu\u011fu Yasas\u0131 uyar\u0131nca zorunlu sorumluluk veya di\u011fer zorunlu sorumluluk temelinde ortaya \u00e7\u0131kan talepler i\u00e7in sorumlu olacakt\u0131r.<\/p>\n<p>\u00a7 10 - Uygulanacak hukuk<br \/>\nPortekiz Federal Cumhuriyeti hukuku, uluslararas\u0131 \u00f6zel hukuk hari\u00e7 olmak \u00fczere taraflar aras\u0131ndaki t\u00fcm hukuki ili\u015fkilere uygulanacakt\u0131r. M\u00fc\u015fterinin bir t\u00fcketici olmas\u0131 halinde, m\u00fc\u015fterinin mutat ikametgah\u0131n\u0131n bulundu\u011fu \u00fclkenin zorunlu t\u00fcketici koruma h\u00fck\u00fcmleri bu hukuk se\u00e7iminin d\u0131\u015f\u0131nda tutulur.<\/p>\n<p>M\u00fc\u015fterinin bir tacir veya kamu hukukuna tabi bir t\u00fczel ki\u015fi veya kamu hukukuna tabi \u00f6zel bir fon olmas\u0131 durumunda yarg\u0131 yeri Almanya'd\u0131r. Ayn\u0131 durum, Almanya'da genel bir yarg\u0131 yeri olmayan veya s\u00f6zle\u015fmenin imzalanmas\u0131ndan sonra ikametgah\u0131n\u0131 veya ola\u011fan ikametgah\u0131n\u0131 Almanya d\u0131\u015f\u0131na ta\u015f\u0131yan veya dava a\u00e7\u0131ld\u0131\u011f\u0131 s\u0131rada ikametgah\u0131 veya ola\u011fan ikametgah\u0131 bilinmeyen ki\u015filer i\u00e7in de ge\u00e7erlidir. Sa\u011flay\u0131c\u0131 ayr\u0131ca m\u00fc\u015fterinin kay\u0131tl\u0131 ofisi veya bir \u015fubesi i\u00e7in yarg\u0131 yetkisine sahip mahkemede dava a\u00e7ma hakk\u0131na sahiptir.<\/p>","protected":false},"excerpt":{"rendered":"<p>Genel H\u00fck\u00fcm ve Ko\u015fullar 1 - Uygulama kapsam\u0131, tan\u0131mlar A\u015fa\u011f\u0131daki Genel H\u00fck\u00fcm ve Ko\u015fullar, yaln\u0131zca s\u00f6zle\u015fmenin imzaland\u0131\u011f\u0131 tarihte ge\u00e7erli olan s\u00fcr\u00fcmde sa\u011flay\u0131c\u0131 ile m\u00fc\u015fteri aras\u0131ndaki i\u015f ili\u015fkisi i\u00e7in ge\u00e7erlidir. M\u00fc\u015fterinin farkl\u0131 h\u00fck\u00fcm ve ko\u015fullar\u0131, sa\u011flay\u0131c\u0131 bunlar\u0131n ge\u00e7erlili\u011fini a\u00e7\u0131k\u00e7a kabul etmedik\u00e7e tan\u0131nmaz. Bu, ko\u015fullar\u0131n dahil edilmesine itiraz edersek de ge\u00e7erli olacakt\u0131r [...]","protected":false},"author":1,"featured_media":0,"parent":0,"menu_order":0,"comment_status":"closed","ping_status":"closed","template":"","meta":{"bwfblock_default_font":"","footnotes":""},"class_list":["post-690","page","type-page","status-publish","hentry"],"_links":{"self":[{"href":"https:\/\/travelperformance.net\/tr\/wp-json\/wp\/v2\/pages\/690","targetHints":{"allow":["GET"]}}],"collection":[{"href":"https:\/\/travelperformance.net\/tr\/wp-json\/wp\/v2\/pages"}],"about":[{"href":"https:\/\/travelperformance.net\/tr\/wp-json\/wp\/v2\/types\/page"}],"author":[{"embeddable":true,"href":"https:\/\/travelperformance.net\/tr\/wp-json\/wp\/v2\/users\/1"}],"replies":[{"embeddable":true,"href":"https:\/\/travelperformance.net\/tr\/wp-json\/wp\/v2\/comments?post=690"}],"version-history":[{"count":2,"href":"https:\/\/travelperformance.net\/tr\/wp-json\/wp\/v2\/pages\/690\/revisions"}],"predecessor-version":[{"id":1429,"href":"https:\/\/travelperformance.net\/tr\/wp-json\/wp\/v2\/pages\/690\/revisions\/1429"}],"wp:attachment":[{"href":"https:\/\/travelperformance.net\/tr\/wp-json\/wp\/v2\/media?parent=690"}],"curies":[{"name":"wp","href":"https:\/\/api.w.org\/{rel}","templated":true}]}}