{"id":712,"date":"2024-08-23T14:37:37","date_gmt":"2024-08-23T12:37:37","guid":{"rendered":"https:\/\/travelperformance.net\/?page_id=712"},"modified":"2024-11-04T14:29:15","modified_gmt":"2024-11-04T13:29:15","slug":"reise-videos","status":"publish","type":"page","link":"https:\/\/travelperformance.net\/tr\/seyahat-videolari\/","title":{"rendered":"Seyahat videolar\u0131"},"content":{"rendered":"<span class=\"scroll-to\" data-label=\"Scroll to: #home\" data-bullet=\"true\" data-link=\"#home\" data-title=\"\u00dcber Reise Videos\" ><a name=\"home\"><\/a><\/span>\n\n\t<section class=\"section\" id=\"section_1976258384\">\n\t\t<div class=\"section-bg fill\" >\n\t\t\t\t\t\t\t<div class=\"video-overlay no-click fill visible\"><\/div>\n\t<video class=\"video-bg fill visible\" preload playsinline autoplay muted loop>\n\t\t<source src=\"https:\/\/travelperformance.net\/wp-content\/uploads\/2024\/08\/Bali_10.mp4\" type=\"video\/mp4\">\t<\/video>\n\t\t\t<div class=\"section-bg-overlay absolute fill\"><\/div>\n\t\t\t\n\n\t\t<\/div>\n\n\t\t\n\n\t\t<div class=\"section-content relative\">\n\t\t\t\n<div class=\"row\"  id=\"row-766017441\">\n\n\t<div id=\"col-1067644153\" class=\"col medium-12 small-12 large-12\"  >\n\t\t\t\t<div class=\"col-inner text-shadow-2\"  >\n\t\t\t\n\t\t\t\n\t<div id=\"gap-461892658\" class=\"gap-element clearfix\" style=\"display:block; height:auto;\">\n\t\t\n<style>\n#gap-461892658 {\n  padding-top: 0px;\n}\n@media (min-width:550px) {\n  #gap-461892658 {\n    padding-top: 50px;\n  }\n}\n@media (min-width:850px) {\n  #gap-461892658 {\n    padding-top: 50px;\n  }\n}\n<\/style>\n\t<\/div>\n\t\n<div>\n\t<div id=\"text-1788709007\" class=\"text\">\n\t\t\n<div><span style=\"font-size: 160%;\"><strong>Seyahat videolar\u0131 <\/strong><\/span><\/div>\n<div>web siteniz i\u00e7in<\/div>\n\t\t\n<style>\n#text-1788709007 {\n  font-size: 1.4rem;\n  line-height: 1.15;\n  text-align: center;\n  color: rgb(255, 255, 255);\n}\n#text-1788709007 > * {\n  color: rgb(255, 255, 255);\n}\n@media (min-width:550px) {\n  #text-1788709007 {\n    font-size: 2.1rem;\n    line-height: 1.15;\n  }\n}\n@media (min-width:850px) {\n  #text-1788709007 {\n    font-size: 2.4rem;\n  }\n}\n<\/style>\n\t<\/div>\n\t\n\t<div id=\"gap-2031671828\" class=\"gap-element clearfix\" style=\"display:block; height:auto;\">\n\t\t\n<style>\n#gap-2031671828 {\n  padding-top: 20px;\n}\n@media (min-width:550px) {\n  #gap-2031671828 {\n    padding-top: 20px;\n  }\n}\n@media (min-width:850px) {\n  #gap-2031671828 {\n    padding-top: 30px;\n  }\n}\n<\/style>\n\t<\/div>\n\t\n<\/div>\n<div class=\"row\"  id=\"row-1530384320\">\n\n\t<div id=\"col-543404659\" class=\"col small-12 large-12\"  >\n\t\t\t\t<div class=\"col-inner text-center\"  >\n\t\t\t\n\t\t\t\n<a href=\"https:\/\/travelperformance.net\/tr\/product\/profesyonel-seyahat-videosu-produeksiyonu\/\" class=\"button white is-large\"  style=\"padding:0px 30px 0px 30px;\">\n\t\t<span>\u00dcr\u00fcne<\/span>\n\t<\/a>\n\n\t\t<\/div>\n\t\t\t\t\n<style>\n#col-543404659 > .col-inner {\n  padding: 0px 0px 0px 0px;\n  margin: -10px 0px 0px 0px;\n}\n<\/style>\n\t<\/div>\n\n\t\n<\/div>\n\t\t<\/div>\n\t\t\t\t\t<\/div>\n\n\t\n<\/div>\n\t\t<\/div>\n\n\t\t\n<style>\n#section_1976258384 {\n  padding-top: 20px;\n  padding-bottom: 20px;\n  min-height: 770px;\n}\n#section_1976258384 .section-bg-overlay {\n  background-color: rgba(0, 85, 157, 0.157);\n}\n@media (min-width:550px) {\n  #section_1976258384 {\n    min-height: 800px;\n  }\n}\n<\/style>\n\t<\/section>\n\t\n\n\t<section class=\"section\" id=\"section_429788588\">\n\t\t<div class=\"section-bg fill\" >\n\t\t\t\t\t\t\t\t\t\n\t\t\t\n\t<div class=\"is-border\"\n\t\tstyle=\"border-width:0px 0px 0px 0px;\">\n\t<\/div>\n\n\t\t<\/div>\n\n\t\t\n\n\t\t<div class=\"section-content relative\">\n\t\t\t\n<div class=\"row align-center\"  id=\"row-1191970800\">\n\n\t<div id=\"col-5403698\" class=\"col small-11 large-12\"  >\n\t\t\t\t<div class=\"col-inner text-center\"  >\n\t\t\t\n\t\t\t\n<div class=\"row row-small row-box-shadow-1 row-box-shadow-4-hover\"  id=\"row-1559673687\">\n\n\t<div id=\"col-1508319747\" class=\"col medium-6 small-12 large-3 col-hover-focus\"  >\n\t\t\t\t<div class=\"col-inner\"  >\n\t\t\t\n\t\t\t\n\n\t\t<div class=\"icon-box featured-box icon-box-center text-center\"  >\n\t\t\t\t<div class=\"icon-box-text last-reset\">\n\t\t\t\t\t\t\t\t\t\n\t<div id=\"text-1706186175\" class=\"text\">\n\t\t\n<h2><strong><span style=\"color: #084085;\">G\u00f6rsel sunum<\/span><\/strong><\/h2>\n<p>Videolar seyahat tekliflerinizi g\u00f6rsel olarak hayata ge\u00e7irir ve m\u00fc\u015fterilerin sat\u0131n alma kararlar\u0131n\u0131 kolayla\u015ft\u0131r\u0131r<\/p>\n\t\t\n<style>\n#text-1706186175 {\n  font-size: 1rem;\n  line-height: 1.05;\n  color: rgb(0,0,0);\n}\n#text-1706186175 > * {\n  color: rgb(0,0,0);\n}\n@media (min-width:550px) {\n  #text-1706186175 {\n    font-size: 1rem;\n    line-height: 1.5;\n  }\n}\n@media (min-width:850px) {\n  #text-1706186175 {\n    font-size: 1rem;\n  }\n}\n<\/style>\n\t<\/div>\n\t\n\t\t<\/div>\n\t<\/div>\n\t\n\t\n\t\t<\/div>\n\t\t\t\t\t<\/div>\n\n\t\n\n\t<div id=\"col-1021402542\" class=\"col medium-6 small-12 large-3 col-hover-focus\"  >\n\t\t\t\t<div class=\"col-inner\"  >\n\t\t\t\n\t\t\t\n\n\t\t<div class=\"icon-box featured-box icon-box-center text-center\"  >\n\t\t\t\t<div class=\"icon-box-text last-reset\">\n\t\t\t\t\t\t\t\t\t\n\t<div id=\"text-1214661557\" class=\"text\">\n\t\t\n<h2><span style=\"color: #084085;\"><strong>Profesyonel g\u00fcven<\/strong><\/span><\/h2>\n<p>G\u00fczel \u00fcretilmi\u015f videolar g\u00fcvenilirli\u011fi ve g\u00fcveni art\u0131r\u0131r, bu da potansiyel m\u00fc\u015fterileri ikna eder<\/p>\n\t\t\n<style>\n#text-1214661557 {\n  font-size: 1rem;\n  line-height: 1.05;\n  color: rgb(0,0,0);\n}\n#text-1214661557 > * {\n  color: rgb(0,0,0);\n}\n@media (min-width:550px) {\n  #text-1214661557 {\n    font-size: 1rem;\n    line-height: 1.5;\n  }\n}\n@media (min-width:850px) {\n  #text-1214661557 {\n    font-size: 1rem;\n  }\n}\n<\/style>\n\t<\/div>\n\t\n\t\t<\/div>\n\t<\/div>\n\t\n\t\n\t\t<\/div>\n\t\t\t\t\t<\/div>\n\n\t\n\n\t<div id=\"col-2049246609\" class=\"col medium-6 small-12 large-3 col-hover-focus\"  >\n\t\t\t\t<div class=\"col-inner\"  >\n\t\t\t\n\t\t\t\n\n\t\t<div class=\"icon-box featured-box icon-box-center text-center\"  >\n\t\t\t\t<div class=\"icon-box-text last-reset\">\n\t\t\t\t\t\t\t\t\t\n\t<div id=\"text-711761942\" class=\"text\">\n\t\t\n<h2><span style=\"color: #084085;\"><strong>Duygusal ba\u011flant\u0131<\/strong><\/span><\/h2>\n<p>Videolar duygular\u0131 harekete ge\u00e7irir, yolculu\u011fu g\u00f6rselle\u015ftirmeyi kolayla\u015ft\u0131r\u0131r ve sat\u0131n alma iste\u011fini \u00f6nemli \u00f6l\u00e7\u00fcde art\u0131r\u0131r<\/p>\n\t\t\n<style>\n#text-711761942 {\n  font-size: 1rem;\n  line-height: 1.05;\n  color: rgb(0,0,0);\n}\n#text-711761942 > * {\n  color: rgb(0,0,0);\n}\n@media (min-width:550px) {\n  #text-711761942 {\n    font-size: 1rem;\n    line-height: 1.5;\n  }\n}\n@media (min-width:850px) {\n  #text-711761942 {\n    font-size: 1rem;\n  }\n}\n<\/style>\n\t<\/div>\n\t\n\t\t<\/div>\n\t<\/div>\n\t\n\t\n\t\t<\/div>\n\t\t\t\t\t<\/div>\n\n\t\n\n\t<div id=\"col-1482568458\" class=\"col medium-6 small-12 large-3 col-hover-focus\"  >\n\t\t\t\t<div class=\"col-inner\"  >\n\t\t\t\n\t\t\t\n\n\t\t<div class=\"icon-box featured-box icon-box-center text-center\"  >\n\t\t\t\t<div class=\"icon-box-text last-reset\">\n\t\t\t\t\t\t\t\t\t\n\t<div id=\"text-2144037074\" class=\"text\">\n\t\t\n<h2><span style=\"color: #084085;\"><strong>G\u00fc\u00e7l\u00fc SEO avantajlar\u0131<\/strong><\/span><\/h2>\n<p>Videolar web sitenizde ge\u00e7irilen s\u00fcreyi art\u0131r\u0131r, bu da olumlu SEO etkilerine ve daha iyi Google s\u0131ralamalar\u0131na sahiptir<\/p>\n\t\t\n<style>\n#text-2144037074 {\n  font-size: 1rem;\n  line-height: 1.05;\n  color: rgb(0,0,0);\n}\n#text-2144037074 > * {\n  color: rgb(0,0,0);\n}\n@media (min-width:550px) {\n  #text-2144037074 {\n    font-size: 1rem;\n    line-height: 1.5;\n  }\n}\n@media (min-width:850px) {\n  #text-2144037074 {\n    font-size: 1rem;\n  }\n}\n<\/style>\n\t<\/div>\n\t\n\t\t<\/div>\n\t<\/div>\n\t\n\t\n\t\t<\/div>\n\t\t\t\t\t<\/div>\n\n\t\n\n<style>\n#row-1559673687 > .col > .col-inner {\n  padding: 30px 30px 30px 30px;\n  background-color: rgb(255,255,255);\n}\n<\/style>\n<\/div>\n\t\t<\/div>\n\t\t\t\t\n<style>\n#col-5403698 > .col-inner {\n  margin: -100px 0px 0px 0px;\n}\n<\/style>\n\t<\/div>\n\n\t\n<\/div>\n\t\t<\/div>\n\n\t\t\n<style>\n#section_429788588 {\n  padding-top: 0px;\n  padding-bottom: 0px;\n}\n<\/style>\n\t<\/section>\n\t\n\n\t<section class=\"section\" id=\"section_2075742911\">\n\t\t<div class=\"section-bg fill\" >\n\t\t\t\t\t\t\t\t\t\n\t\t\t\n\n\t\t<\/div>\n\n\t\t\n\n\t\t<div class=\"section-content relative\">\n\t\t\t\n<div class=\"row\"  id=\"row-1398978268\">\n\n\t<div id=\"col-1354630587\" class=\"col small-12 large-12\"  >\n\t\t\t\t<div class=\"col-inner\"  >\n\t\t\t\n\t\t\t\n<div class=\"row row-collapse\"  id=\"row-1059722400\">\n\n\t<div id=\"col-752376635\" class=\"col small-12 large-12\"  >\n\t\t\t\t<div class=\"col-inner\"  >\n\t\t\t\n\t\t\t\n<span class=\"scroll-to\" data-label=\"Scroll to: #warum\" data-bullet=\"true\" data-link=\"#warum\" data-title=\"Warum Reise Videos?\" ><a name=\"warum\"><\/a><\/span>\n\n\t<section class=\"section dark\" id=\"section_616806173\">\n\t\t<div class=\"section-bg fill\" >\n\t\t\t<img loading=\"lazy\" decoding=\"async\" width=\"1280\" height=\"853\" src=\"https:\/\/travelperformance.net\/wp-content\/uploads\/2024\/09\/ocean-sunset-person-stockpack-pixabay.jpg\" class=\"bg attachment- size-\" alt=\"okyanus, g\u00fcn bat\u0131m\u0131, ki\u015fi\" \/>\t\t\t\t\t\t<div class=\"section-bg-overlay absolute fill\"><\/div>\n\t\t\t\n\n\t\t<\/div>\n\n\t\t\n\n\t\t<div class=\"section-content relative\">\n\t\t\t\n<div class=\"row\"  id=\"row-1409656044\">\n\n\t<div id=\"col-1609250049\" class=\"col medium-12 small-12 large-7\"  >\n\t\t\t\t<div class=\"col-inner text-left\"  >\n\t\t\t\n\t\t\t\n\t<div id=\"gap-832138156\" class=\"gap-element clearfix\" style=\"display:block; height:auto;\">\n\t\t\n<style>\n#gap-832138156 {\n  padding-top: 30px;\n}\n<\/style>\n\t<\/div>\n\t\n\t<div id=\"text-3560088593\" class=\"text\">\n\t\t\n<h2><strong>Seyahat videolar\u0131 tekliflerinize hayat veriyor<\/strong><\/h2>\n\t\t\n<style>\n#text-3560088593 {\n  font-size: 1.35rem;\n  line-height: 0.75;\n  text-align: center;\n  color: rgb(255, 255, 255);\n}\n#text-3560088593 > * {\n  color: rgb(255, 255, 255);\n}\n@media (min-width:550px) {\n  #text-3560088593 {\n    font-size: 1.85rem;\n    line-height: 1.5;\n    text-align: left;\n  }\n}\n@media (min-width:850px) {\n  #text-3560088593 {\n    text-align: left;\n  }\n}\n<\/style>\n\t<\/div>\n\t\n\t<div id=\"text-2311198646\" class=\"text\">\n\t\t\n<p><strong>Profesyonel bir seyahat videosu<\/strong> seyahat tekliflerinizi yapmak s\u00f6z konusu oldu\u011funda b\u00fcy\u00fck fark yaratabilir <strong>kendi web sitenizde<\/strong> sunmak i\u00e7in.<\/p>\n\t\t\n<style>\n#text-2311198646 {\n  font-size: 0.95rem;\n  line-height: 1.3;\n  text-align: center;\n}\n@media (min-width:550px) {\n  #text-2311198646 {\n    font-size: 1.4rem;\n    line-height: 1.2;\n    text-align: left;\n  }\n}\n@media (min-width:850px) {\n  #text-2311198646 {\n    text-align: left;\n  }\n}\n<\/style>\n\t<\/div>\n\t\n<a href=\"https:\/\/travelperformance.net\/tr\/product\/profesyonel-seyahat-videosu-produeksiyonu\/\" class=\"button white is-large hide-for-small\"  style=\"padding:0px 30px 0px 30px;\">\n\t\t<span>\u00dcr\u00fcne<\/span>\n\t<\/a>\n\n<a href=\"#kontakt\" class=\"button white is-large expand show-for-small\"  style=\"padding:0px 30px 0px 30px;\">\n\t\t<span>\u00dccretsiz tavsiye<\/span>\n\t<\/a>\n\n\t\t<\/div>\n\t\t\t\t\n<style>\n#col-1609250049 > .col-inner {\n  padding: 0px 0px 0px 0;\n}\n@media (min-width:550px) {\n  #col-1609250049 > .col-inner {\n    padding: 0px 0px 0px 0px;\n  }\n}\n@media (min-width:850px) {\n  #col-1609250049 > .col-inner {\n    padding: 0px 0px 0px 20px;\n  }\n}\n<\/style>\n\t<\/div>\n\n\t\n<\/div>\n\t\t<\/div>\n\n\t\t\n<style>\n#section_616806173 {\n  padding-top: 0px;\n  padding-bottom: 0px;\n  min-height: 450px;\n}\n#section_616806173 .section-bg-overlay {\n  background-color: rgba(0, 85, 157, 0.256);\n}\n@media (min-width:550px) {\n  #section_616806173 {\n    min-height: 500px;\n  }\n}\n<\/style>\n\t<\/section>\n\t\n\t\t<\/div>\n\t\t\t\t\t<\/div>\n\n\t\n<\/div>\n<div class=\"row row-collapse align-equal\"  id=\"row-786318976\">\n\n\t<div id=\"col-1886330234\" class=\"col medium-12 small-12 large-12\"  >\n\t\t\t\t<div class=\"col-inner text-center dark\" style=\"background-color:#084085;\" >\n\t\t\t\n\t\t\t\n<div class=\"video video-fit mb box-shadow-2\" style=\"padding-top:56.25%;\"><p><iframe loading=\"lazy\" title=\"Gidi\u015f-d\u00f6n\u00fc\u015f Meksika - Mayalar\u0131n izinde\" width=\"1020\" height=\"574\" src=\"https:\/\/www.youtube.com\/embed\/3qhg96BRENc?feature=oembed\" frameborder=\"0\" allow=\"accelerometer; autoplay; clipboard-write; encrypted-media; gyroscope; picture-in-picture; web-share\" referrerpolicy=\"strict-origin-when-cross-origin\" allowfullscreen><\/iframe><\/p>\n<\/div>\n\t<div id=\"text-3204386220\" class=\"text\">\n\t\t\n<p>Saf metin veya g\u00f6r\u00fcnt\u00fclerin aksine, videolar bir yolculu\u011fun g\u00fczelli\u011fini ve deneyimini ger\u00e7ek zamanl\u0131 olarak aktarabilir. Bu g\u00f6rsel sunum <strong>g\u00fc\u00e7lendirir<\/strong> sadece faiz de\u011fil, ayn\u0131 zamanda <strong>Seyahat acentenize g\u00fcvenin<\/strong>. Bunun gibi bir video, bir m\u00fc\u015fterinin rezervasyonunu tamamlamak i\u00e7in ihtiya\u00e7 duydu\u011fu son itici g\u00fc\u00e7 olabilir.<\/p>\n<h3><strong>Daha fazla g\u00fcven, daha fazla m\u00fc\u015fteri, daha fazla rezervasyon!<\/strong><\/h3>\n\t\t\n<style>\n#text-3204386220 {\n  font-size: 1rem;\n  line-height: 1.1;\n  text-align: center;\n}\n@media (min-width:550px) {\n  #text-3204386220 {\n    font-size: 1.2rem;\n    text-align: left;\n  }\n}\n@media (min-width:850px) {\n  #text-3204386220 {\n    font-size: 1.4rem;\n    line-height: 1.2;\n    text-align: left;\n  }\n}\n<\/style>\n\t<\/div>\n\t\n\t\t<\/div>\n\t\t\t\t\n<style>\n#col-1886330234 > .col-inner {\n  padding: 30px 10% 20px 10%;\n}\n@media (min-width:550px) {\n  #col-1886330234 > .col-inner {\n    padding: 50px 50px 50px 50px;\n  }\n}\n<\/style>\n\t<\/div>\n\n\t\n<\/div>\n\t\t<\/div>\n\t\t\t\t\t<\/div>\n\n\t\n<\/div>\n\t\t<\/div>\n\n\t\t\n<style>\n#section_2075742911 {\n  padding-top: 30px;\n  padding-bottom: 30px;\n}\n<\/style>\n\t<\/section>\n\t\n\t<div id=\"gap-1125573822\" class=\"gap-element clearfix\" style=\"display:block; height:auto;\">\n\t\t\n<style>\n#gap-1125573822 {\n  padding-top: 30px;\n}\n<\/style>\n\t<\/div>\n\t\n<span class=\"scroll-to\" data-label=\"Scroll to: #social\" data-bullet=\"true\" data-link=\"#social\" data-title=\"Vertrauen st\u00e4rken\" ><a name=\"social\"><\/a><\/span>\n<div class=\"row\"  id=\"row-678247419\">\n\n\t<div id=\"col-1298665030\" class=\"col small-12 large-12\"  >\n\t\t\t\t<div class=\"col-inner\"  >\n\t\t\t\n\t\t\t\n<div class=\"row row-collapse\"  id=\"row-580516106\">\n\n\t<div id=\"col-2076799991\" class=\"col small-12 large-12\"  >\n\t\t\t\t<div class=\"col-inner\"  >\n\t\t\t\n\t\t\t\n\n\t<section class=\"section dark\" id=\"section_605094780\">\n\t\t<div class=\"section-bg fill\" >\n\t\t\t\t\t\t\t\t\t\n\t\t\t\n\n\t\t<\/div>\n\n\t\t\n\n\t\t<div class=\"section-content relative\">\n\t\t\t\n<div class=\"row\"  id=\"row-1649012563\">\n\n\t<div id=\"col-278538330\" class=\"col medium-12 small-12 large-10\"  >\n\t\t\t\t<div class=\"col-inner\"  >\n\t\t\t\n\t\t\t\n\t<div id=\"gap-524462290\" class=\"gap-element clearfix\" style=\"display:block; height:auto;\">\n\t\t\n<style>\n#gap-524462290 {\n  padding-top: 80px;\n}\n<\/style>\n\t<\/div>\n\t\n\t<div id=\"text-3590222448\" class=\"text\">\n\t\t\n<h3><strong>Seyahat videolar\u0131 size olan g\u00fcveni g\u00fc\u00e7lendirir<\/strong><\/h3>\n\t\t\n<style>\n#text-3590222448 {\n  font-size: 1.5rem;\n  line-height: 1.15;\n  text-align: center;\n}\n@media (min-width:550px) {\n  #text-3590222448 {\n    font-size: 1.7rem;\n    line-height: 1.1;\n    text-align: left;\n  }\n}\n@media (min-width:850px) {\n  #text-3590222448 {\n    font-size: 2.25rem;\n    text-align: left;\n  }\n}\n<\/style>\n\t<\/div>\n\t\n\t<div id=\"text-3373556553\" class=\"text\">\n\t\t\n<p><span style=\"font-size: 100%;\">Bir sekt\u00f6rde <strong>G\u00fcven ve g\u00fcvenilirlik \u00f6nemli bir rol oynar<\/strong>Profesyonel bir seyahat videosu m\u00fc\u015fterilerinizin kararlar\u0131 \u00fczerinde \u00f6nemli bir etkiye sahip olabilir<\/span><\/p>\n\t\t\n<style>\n#text-3373556553 {\n  font-size: 0.95rem;\n  line-height: 1.15;\n  text-align: center;\n}\n@media (min-width:550px) {\n  #text-3373556553 {\n    font-size: 1.2rem;\n    text-align: left;\n  }\n}\n@media (min-width:850px) {\n  #text-3373556553 {\n    font-size: 1.4rem;\n    line-height: 1.2;\n    text-align: left;\n  }\n}\n<\/style>\n\t<\/div>\n\t\n\t\t<\/div>\n\t\t\t\t\n<style>\n#col-278538330 > .col-inner {\n  padding: 0px 0px 0px 0;\n}\n@media (min-width:550px) {\n  #col-278538330 > .col-inner {\n    padding: 0px 0px 0px 10%;\n  }\n}\n<\/style>\n\t<\/div>\n\n\t\n\n\t<div id=\"col-369881292\" class=\"col medium-12 small-12 large-12\"  >\n\t\t\t\t<div class=\"col-inner\"  >\n\t\t\t\n\t\t\t\n<div class=\"row row-large align-middle align-center\"  id=\"row-169475078\">\n\n\t<div id=\"col-708403066\" class=\"col small-12 large-12\"  >\n\t\t\t\t<div class=\"col-inner text-left\"  >\n\t\t\t\n\t\t\t\n<div class=\"video video-fit mb box-shadow-2 box-shadow-3-hover\" style=\"padding-top:56.25%;\"><p><iframe loading=\"lazy\" title=\"\u015eehir tatili New York - Hi\u00e7 uyumayan \u015fehir!\" width=\"1020\" height=\"574\" src=\"https:\/\/www.youtube.com\/embed\/0droHzGuISo?feature=oembed\" frameborder=\"0\" allow=\"accelerometer; autoplay; clipboard-write; encrypted-media; gyroscope; picture-in-picture; web-share\" referrerpolicy=\"strict-origin-when-cross-origin\" allowfullscreen><\/iframe><\/p>\n<\/div>\n\t\t<\/div>\n\t\t\t\t\t<\/div>\n\n\t\n<\/div>\n<div class=\"row row-collapse align-equal\"  id=\"row-1102113346\">\n\n\t<div id=\"col-277508506\" class=\"col medium-12 small-12 large-12\"  >\n\t\t\t\t<div class=\"col-inner text-center dark\" style=\"background-color:#084085;\" >\n\t\t\t\n\t\t\t\n\t<div id=\"text-3321051069\" class=\"text\">\n\t\t\n<h4><strong>Ciddiyet ve g\u00fcvenilirlik ifade eder<\/strong><\/h4>\n\t\t\n<style>\n#text-3321051069 {\n  font-size: 1.35rem;\n  line-height: 1;\n  text-align: center;\n}\n@media (min-width:550px) {\n  #text-3321051069 {\n    font-size: 1.85rem;\n    line-height: 1.1;\n    text-align: left;\n  }\n}\n@media (min-width:850px) {\n  #text-3321051069 {\n    font-size: 1.75rem;\n    text-align: left;\n  }\n}\n<\/style>\n\t<\/div>\n\t\n\t<div id=\"text-3947280831\" class=\"text\">\n\t\t\n<p>Web sitenizde iyi haz\u0131rlanm\u0131\u015f bir video g\u00f6ren m\u00fc\u015fterilerin size g\u00fcvenme ve sizinle rezervasyon yapma olas\u0131l\u0131\u011f\u0131 daha y\u00fcksektir. Bu nedenle profesyonel bir video yaln\u0131zca bir pazarlama arac\u0131 de\u011fil, ayn\u0131 zamanda web siteniz i\u00e7in \u00f6nemli bir yap\u0131 ta\u015f\u0131d\u0131r. <strong>Uzun vadeli m\u00fc\u015fteri ili\u015fkileri kurmak<\/strong>.<\/p>\n\t\t\n<style>\n#text-3947280831 {\n  font-size: 0.95rem;\n  line-height: 1.3;\n  text-align: center;\n}\n@media (min-width:550px) {\n  #text-3947280831 {\n    font-size: 1.4rem;\n    line-height: 1.2;\n    text-align: left;\n  }\n}\n@media (min-width:850px) {\n  #text-3947280831 {\n    text-align: left;\n  }\n}\n<\/style>\n\t<\/div>\n\t\n\t\t<\/div>\n\t\t\t\t\n<style>\n#col-277508506 > .col-inner {\n  padding: 0px 0px 0px 0px;\n}\n<\/style>\n\t<\/div>\n\n\t\n<\/div>\n\t\t<\/div>\n\t\t\t\t\t<\/div>\n\n\t\n\n<style>\n#row-1649012563 > .col > .col-inner {\n  padding: 0px 0px 0px 0px;\n}\n@media (min-width:550px) {\n  #row-1649012563 > .col > .col-inner {\n    padding: 0px 20px 0px 20px;\n  }\n}\n<\/style>\n<\/div>\n\t\t<\/div>\n\n\t\t\n<style>\n#section_605094780 {\n  padding-top: 0px;\n  padding-bottom: 0px;\n  min-height: 450px;\n  background-color: #084085;\n}\n@media (min-width:550px) {\n  #section_605094780 {\n    min-height: 500px;\n  }\n}\n<\/style>\n\t<\/section>\n\t\n\t\t<\/div>\n\t\t\t\t\t<\/div>\n\n\t\n<\/div>\n\t\t<\/div>\n\t\t\t\t\t<\/div>\n\n\t\n<\/div>\n<div class=\"row\"  id=\"row-102071601\">\n\n\t<div id=\"col-1604966641\" class=\"col small-12 large-12\"  >\n\t\t\t\t<div class=\"col-inner text-center\"  >\n\t\t\t\n\t\t\t\n<a href=\"#kontakt\" class=\"button primary is-xlarge hide-for-small\"  style=\"padding:0px 30px 0px 30px;\">\n\t\t<span>\u00dccretsiz dan\u0131\u015fmanl\u0131k talep edin<\/span>\n\t<\/a>\n\n<a href=\"#kontakt\" class=\"button primary is-large show-for-small\"  style=\"padding:0px 30px 0px 30px;\">\n\t\t<span>\u00dccretsiz dan\u0131\u015fmanl\u0131k talep edin<\/span>\n\t<\/a>\n\n\t<div id=\"gap-1072132128\" class=\"gap-element clearfix\" style=\"display:block; height:auto;\">\n\t\t\n<style>\n#gap-1072132128 {\n  padding-top: 0px;\n}\n@media (min-width:550px) {\n  #gap-1072132128 {\n    padding-top: 60px;\n  }\n}\n<\/style>\n\t<\/div>\n\t\n\t\t<\/div>\n\t\t\t\t\t<\/div>\n\n\t\n<\/div>\n<span class=\"scroll-to\" data-label=\"Scroll to: #kontakt\" data-bullet=\"true\" data-link=\"#kontakt\" data-title=\"Kontakt\" ><a name=\"kontakt\"><\/a><\/span>","protected":false},"excerpt":{"rendered":"","protected":false},"author":1,"featured_media":0,"parent":0,"menu_order":0,"comment_status":"closed","ping_status":"closed","template":"page-transparent-header-light.php","meta":{"bwfblock_default_font":"","footnotes":""},"class_list":["post-712","page","type-page","status-publish","hentry"],"_links":{"self":[{"href":"https:\/\/travelperformance.net\/tr\/wp-json\/wp\/v2\/pages\/712","targetHints":{"allow":["GET"]}}],"collection":[{"href":"https:\/\/travelperformance.net\/tr\/wp-json\/wp\/v2\/pages"}],"about":[{"href":"https:\/\/travelperformance.net\/tr\/wp-json\/wp\/v2\/types\/page"}],"author":[{"embeddable":true,"href":"https:\/\/travelperformance.net\/tr\/wp-json\/wp\/v2\/users\/1"}],"replies":[{"embeddable":true,"href":"https:\/\/travelperformance.net\/tr\/wp-json\/wp\/v2\/comments?post=712"}],"version-history":[{"count":10,"href":"https:\/\/travelperformance.net\/tr\/wp-json\/wp\/v2\/pages\/712\/revisions"}],"predecessor-version":[{"id":2038,"href":"https:\/\/travelperformance.net\/tr\/wp-json\/wp\/v2\/pages\/712\/revisions\/2038"}],"wp:attachment":[{"href":"https:\/\/travelperformance.net\/tr\/wp-json\/wp\/v2\/media?parent=712"}],"curies":[{"name":"wp","href":"https:\/\/api.w.org\/{rel}","templated":true}]}}