{"id":815,"date":"2024-08-29T12:44:51","date_gmt":"2024-08-29T10:44:51","guid":{"rendered":"https:\/\/travelperformance.net\/?page_id=815"},"modified":"2024-08-30T16:49:33","modified_gmt":"2024-08-30T14:49:33","slug":"danke","status":"publish","type":"page","link":"https:\/\/travelperformance.net\/tr\/tesekkuer-ederim\/","title":{"rendered":"Der Kostenloser SEO Report ist auf dem Weg"},"content":{"rendered":"<div class=\"banner has-hover has-video is-full-height\" id=\"banner-597689632\">\n          <div class=\"banner-inner fill\">\n        <div class=\"banner-bg fill\" >\n                        \t<div class=\"video-overlay no-click fill visible\"><\/div>\n\t<video class=\"video-bg fill visible\" preload playsinline autoplay muted loop>\n\t\t<source src=\"https:\/\/travelperformance.net\/wp-content\/uploads\/2024\/08\/vondruclipsmall.mp4\" type=\"video\/mp4\">\t<\/video>\n            <div class=\"overlay\"><\/div>            \n                    <\/div>\n\t\t\n        <div class=\"banner-layers container\">\n            <div class=\"fill banner-link\"><\/div>            \n   <div id=\"text-box-1180504180\" class=\"text-box banner-layer x50 md-x50 lg-x50 y50 md-y50 lg-y50 res-text\">\n                                <div class=\"text-box-content text dark\">\n              \n              <div class=\"text-inner text-center\">\n                  \n\t<div id=\"gap-1939841647\" class=\"gap-element clearfix\" style=\"display:block; height:auto;\">\n\t\t\n<style>\n#gap-1939841647 {\n  padding-top: 0px;\n}\n@media (min-width:550px) {\n  #gap-1939841647 {\n    padding-top: 30px;\n  }\n}\n<\/style>\n\t<\/div>\n\t\n\t<div id=\"text-4136047585\" class=\"text hide-for-small\">\n\t\t\n<h2 class=\"lead\"><strong>Veri al\u0131n - hadi ba\u015flayal\u0131m!<\/strong><\/h2>\n\t\t\n<style>\n#text-4136047585 {\n  font-size: 0.75rem;\n  text-align: center;\n  color: rgb(255,255,255);\n}\n#text-4136047585 > * {\n  color: rgb(255,255,255);\n}\n@media (min-width:550px) {\n  #text-4136047585 {\n    font-size: 0.9rem;\n  }\n}\n@media (min-width:850px) {\n  #text-4136047585 {\n    font-size: 1.3rem;\n  }\n}\n<\/style>\n\t<\/div>\n\t\n\t<div id=\"text-1919228968\" class=\"text hide-for-small\">\n\t\t\n<h4 class=\"lead\">Rapor \u00e7ok kapsaml\u0131d\u0131r ve kapsam\u0131na ba\u011fl\u0131 olarak tamamlanmas\u0131 4 ila 30 dakika aras\u0131nda s\u00fcrebilir. Rapor tamamlan\u0131r tamamlanmaz, bir personelimiz raporu size e-posta ile g\u00f6nderecektir.<\/h4>\n\t\t\n<style>\n#text-1919228968 {\n  font-size: 0.75rem;\n  line-height: 1.6;\n  text-align: center;\n  color: rgb(255,255,255);\n}\n#text-1919228968 > * {\n  color: rgb(255,255,255);\n}\n@media (min-width:550px) {\n  #text-1919228968 {\n    font-size: 1.25rem;\n    line-height: 1.2;\n  }\n}\n<\/style>\n\t<\/div>\n\t\n\t<div id=\"text-399613345\" class=\"text show-for-small\">\n\t\t\n<h4><strong>Hemen ba\u015flayaca\u011f\u0131z!<\/strong><\/h4>\n<p>Raporunuzun olu\u015fturulmas\u0131 4 ila 30 dakika s\u00fcrer ve tamamland\u0131ktan sonra size e-posta ile g\u00f6nderilir.<\/p>\n\t\t\n<style>\n#text-399613345 {\n  font-size: 1.05rem;\n  line-height: 1.1;\n}\n@media (min-width:550px) {\n  #text-399613345 {\n    font-size: 1.9rem;\n    line-height: 1.2;\n  }\n}\n<\/style>\n\t<\/div>\n\t\n\t<div id=\"text-2063747578\" class=\"text\">\n\t\t\n<p><strong>Sonu\u00e7lar\u0131 ayr\u0131nt\u0131l\u0131 olarak tart\u0131\u015fmak ve web sitenizi optimize etmek i\u00e7in hedeflenen \u00f6nlemleri planlamak i\u00e7in \u015fimdi bizden bir randevu al\u0131n.<\/strong><\/p>\n\t\t\n<style>\n#text-2063747578 {\n  font-size: 0.95rem;\n  line-height: 1;\n}\n@media (min-width:550px) {\n  #text-2063747578 {\n    font-size: 1.6rem;\n  }\n}\n<\/style>\n\t<\/div>\n\t\n<div class=\"row row-full-width align-middle align-center\"  id=\"row-892426664\">\n\n\t<div id=\"col-199456415\" class=\"col small-12 large-12\"  >\n\t\t\t\t<div class=\"col-inner\"  >\n\t\t\t\n\t\t\t\n\n<div class=\"wpcf7 no-js\" id=\"wpcf7-f832-o1\" lang=\"en-US\" dir=\"ltr\" data-wpcf7-id=\"832\">\n<div class=\"screen-reader-response\"><p role=\"status\" aria-live=\"polite\" aria-atomic=\"true\"><\/p> <ul><\/ul><\/div>\n<form action=\"\/tr\/wp-json\/wp\/v2\/pages\/815#wpcf7-f832-o1\" method=\"post\" class=\"wpcf7-form init\" aria-label=\"Contact form\" novalidate=\"novalidate\" data-status=\"init\" data-trp-original-action=\"\/tr\/wp-json\/wp\/v2\/pages\/815#wpcf7-f832-o1\">\n<fieldset class=\"hidden-fields-container\"><input type=\"hidden\" name=\"_wpcf7\" value=\"832\" \/><input type=\"hidden\" name=\"_wpcf7_version\" value=\"6.1.5\" \/><input type=\"hidden\" name=\"_wpcf7_locale\" value=\"en_US\" \/><input type=\"hidden\" name=\"_wpcf7_unit_tag\" value=\"wpcf7-f832-o1\" \/><input type=\"hidden\" name=\"_wpcf7_container_post\" value=\"0\" \/><input type=\"hidden\" name=\"_wpcf7_posted_data_hash\" value=\"\" \/>\n<\/fieldset>\n<div class=\"form-flat\">\n\t<p><span class=\"wpcf7-form-control-wrap\" data-name=\"your-name\"><input size=\"40\" maxlength=\"400\" class=\"wpcf7-form-control wpcf7-text wpcf7-validates-as-required\" aria-required=\"true\" aria-invalid=\"false\" placeholder=\"Sizin ad\u0131n\u0131z\" value=\"\" type=\"text\" name=\"your-name\" \/><\/span>\n\t<\/p>\n\t<p><span class=\"wpcf7-form-control-wrap\" data-name=\"your-email\"><input size=\"40\" maxlength=\"400\" class=\"wpcf7-form-control wpcf7-email wpcf7-validates-as-required wpcf7-text wpcf7-validates-as-email\" aria-required=\"true\" aria-invalid=\"false\" placeholder=\"E-posta adresiniz\" value=\"\" type=\"email\" name=\"your-email\" \/><\/span>\n\t<\/p>\n\t<p><div class=\"cf7-cf-turnstile\" style=\"margin-top: 0px; margin-bottom: -15px;\"> <div id=\"cf-turnstile-cf7-3726432840\" class=\"cf-turnstile\" data-callback=\"turnstileCF7Callback\" data-sitekey=\"0x4AAAAAAAo96qWgb4DVC1u_\" data-theme=\"light\" data-language=\"auto\" data-size=\"\" data-retry=\"auto\" data-retry-interval=\"1000\" data-refresh-expired=\"auto\" data-refresh-timeout=\"auto\" data-action=\"contact-form-7\" data-appearance=\"always\"><\/div> <style>.wpcf7-submit { pointer-events: none; opacity: 0.5; }<\/style> <script>document.addEventListener(\"DOMContentLoaded\", function() { setTimeout(function(){ var e=document.getElementById(\"cf-turnstile-cf7-3726432840\"); if(e&&!e.innerHTML.trim()){turnstile.render(e, {sitekey:\"0x4AAAAAAAo96qWgb4DVC1u_\"});} }, 200); });<\/script> <br class=\"cf-turnstile-br cf-turnstile-br-cf7-3726432840\"> <style>#cf-turnstile-cf7-3726432840 { margin-left: -15px; }<\/style> <script>document.addEventListener(\"DOMContentLoaded\",function(){document.querySelectorAll('.wpcf7-form').forEach(function(e){e.addEventListener('submit',function(){if(document.getElementById('cf-turnstile-cf7-3726432840')){setTimeout(function(){turnstile.reset('#cf-turnstile-cf7-3726432840');},1000)}})})});<\/script> <\/div><br\/><input class=\"wpcf7-form-control wpcf7-submit has-spinner button\" type=\"submit\" value=\"Randevu talep edin\" \/>\n\t<\/p>\n\t<p>Bilgileriniz bize ula\u015f\u0131r ula\u015fmaz, bir personelimiz sizinle ileti\u015fime ge\u00e7erek y\u00fcz y\u00fcze veya sanal ortamda m\u00fclakat i\u00e7in uygun bir randevu ayarlayacakt\u0131r.\n\t<\/p>\n<\/div><div class=\"wpcf7-response-output\" aria-hidden=\"true\"><\/div>\n<input type=\"hidden\" name=\"trp-form-language\" value=\"tr\"\/><\/form>\n<\/div>\n\n\t\t<\/div>\n\t\t\t\t\t<\/div>\n\n\t\n\n<style>\n#row-892426664 > .col > .col-inner {\n  padding: 0px 0px 0px 20px;\n}\n@media (min-width:550px) {\n  #row-892426664 > .col > .col-inner {\n    padding: 0px 0px 0px 0px;\n  }\n}\n@media (min-width:850px) {\n  #row-892426664 > .col > .col-inner {\n    padding: 0px 300px 0px 300px;\n  }\n}\n<\/style>\n<\/div>\n              <\/div>\n           <\/div>\n                            \n<style>\n#text-box-1180504180 .text-inner {\n  padding: 30px 0px 30px 0px;\n}\n#text-box-1180504180 {\n  width: 86%;\n}\n#text-box-1180504180 .text-box-content {\n  font-size: 120%;\n}\n@media (min-width:550px) {\n  #text-box-1180504180 .text-inner {\n    padding: 30px 0px 0px 0px;\n  }\n  #text-box-1180504180 {\n    width: 81%;\n  }\n  #text-box-1180504180 .text-box-content {\n    font-size: 100%;\n  }\n}\n@media (min-width:850px) {\n  #text-box-1180504180 {\n    width: 100%;\n  }\n}\n<\/style>\n    <\/div>\n \n   <div id=\"text-box-775882312\" class=\"text-box banner-layer x50 md-x50 lg-x50 y100 md-y100 lg-y100 res-text\">\n                                <div class=\"text-box-content text dark\">\n              \n              <div class=\"text-inner text-center\">\n                  \n<div class=\"social-icons share-icons share-row relative icon-style-small\" style=\"font-size:110%\"><a href=\"whatsapp:\/\/send?text=Der%20Kostenloser%20SEO%20Report%20ist%20auf%20dem%20Weg - https:\/\/travelperformance.net\/tr\/tesekkuer-ederim\/\" data-action=\"share\/whatsapp\/share\" class=\"icon plain tooltip whatsapp show-for-medium\" title=\"WhatsApp&amp;apos; ta payla\u015f\" aria-label=\"WhatsApp&amp;apos; ta payla\u015f\" ><i class=\"icon-whatsapp\" ><\/i><\/a><a href=\"https:\/\/www.facebook.com\/sharer.php?u=https:\/\/travelperformance.net\/tr\/tesekkuer-ederim\/\" data-label=\"Facebook\" onclick=\"window.open(this.href,this.title,'width=500,height=500,top=300px,left=300px'); return false;\" target=\"_blank\" class=\"icon plain tooltip facebook\" title=\"Facebook&amp;apos; ta payla\u015f\" aria-label=\"Facebook&amp;apos; ta payla\u015f\" rel=\"noopener nofollow\" ><i class=\"icon-facebook\" ><\/i><\/a><a href=\"https:\/\/twitter.com\/share?url=https:\/\/travelperformance.net\/tr\/tesekkuer-ederim\/\" onclick=\"window.open(this.href,this.title,'width=500,height=500,top=300px,left=300px'); return false;\" target=\"_blank\" class=\"icon plain tooltip twitter\" title=\"Twitter&amp;apos; da payla\u015f\" aria-label=\"Twitter&amp;apos; da payla\u015f\" rel=\"noopener nofollow\" ><i class=\"icon-twitter\" ><\/i><\/a><a href=\"mailto:?subject=Der Kostenloser SEO Report ist auf dem Weg&body=Buna bir g\u00f6z at: https:\/\/travelperformance.net\/tr\/tesekkuer-ederim\/\" class=\"icon plain tooltip email\" title=\"Arkada\u015f\u0131na e-posta ile g\u00f6nder\" aria-label=\"Arkada\u015f\u0131na e-posta ile g\u00f6nder\" rel=\"nofollow\" ><i class=\"icon-envelop\" ><\/i><\/a><a href=\"https:\/\/pinterest.com\/pin\/create\/button?url=https:\/\/travelperformance.net\/tr\/tesekkuer-ederim\/&media&description=Der%20Kostenloser%20SEO%20Report%20ist%20auf%20dem%20Weg\" onclick=\"window.open(this.href,this.title,'width=500,height=500,top=300px,left=300px'); return false;\" target=\"_blank\" class=\"icon plain tooltip pinterest\" title=\"Pinterest&amp;apos; te pinle\" aria-label=\"Pinterest&amp;apos; te pinle\" rel=\"noopener nofollow\" ><i class=\"icon-pinterest\" ><\/i><\/a><a href=\"https:\/\/www.linkedin.com\/shareArticle?mini=true&url=https:\/\/travelperformance.net\/tr\/tesekkuer-ederim\/&title=Der%20Kostenloser%20SEO%20Report%20ist%20auf%20dem%20Weg\" onclick=\"window.open(this.href,this.title,'width=500,height=500,top=300px,left=300px'); return false;\" target=\"_blank\" class=\"icon plain tooltip linkedin\" title=\"Linkedin&amp;apos; de payla\u015f\" aria-label=\"Linkedin&amp;apos; de payla\u015f\" rel=\"noopener nofollow\" ><i class=\"icon-linkedin\" ><\/i><\/a><\/div>\n\t<div id=\"gap-1976994148\" class=\"gap-element clearfix\" style=\"display:block; height:auto;\">\n\t\t\n<style>\n#gap-1976994148 {\n  padding-top: 18px;\n}\n<\/style>\n\t<\/div>\n\t\n              <\/div>\n           <\/div>\n                            \n<style>\n#text-box-775882312 {\n  width: 60%;\n}\n#text-box-775882312 .text-box-content {\n  font-size: 100%;\n}\n<\/style>\n    <\/div>\n \n        <\/div>\n      <\/div>\n\n            \n<style>\n#banner-597689632 {\n  padding-top: 100%;\n}\n#banner-597689632 .overlay {\n  background-color: rgba(30, 115, 190, 0.785);\n}\n@media (min-width:550px) {\n  #banner-597689632 {\n    padding-top: 100%;\n  }\n  #banner-597689632 .overlay {\n    background-color: rgba(30, 115, 190, 0.727);\n  }\n}\n@media (min-width:850px) {\n  #banner-597689632 {\n    padding-top: 100%;\n  }\n}\n<\/style>\n  <\/div>","protected":false},"excerpt":{"rendered":"","protected":false},"author":1,"featured_media":0,"parent":0,"menu_order":0,"comment_status":"closed","ping_status":"closed","template":"page-transparent-header.php","meta":{"bwfblock_default_font":"","footnotes":""},"class_list":["post-815","page","type-page","status-publish","hentry"],"_links":{"self":[{"href":"https:\/\/travelperformance.net\/tr\/wp-json\/wp\/v2\/pages\/815","targetHints":{"allow":["GET"]}}],"collection":[{"href":"https:\/\/travelperformance.net\/tr\/wp-json\/wp\/v2\/pages"}],"about":[{"href":"https:\/\/travelperformance.net\/tr\/wp-json\/wp\/v2\/types\/page"}],"author":[{"embeddable":true,"href":"https:\/\/travelperformance.net\/tr\/wp-json\/wp\/v2\/users\/1"}],"replies":[{"embeddable":true,"href":"https:\/\/travelperformance.net\/tr\/wp-json\/wp\/v2\/comments?post=815"}],"version-history":[{"count":0,"href":"https:\/\/travelperformance.net\/tr\/wp-json\/wp\/v2\/pages\/815\/revisions"}],"wp:attachment":[{"href":"https:\/\/travelperformance.net\/tr\/wp-json\/wp\/v2\/media?parent=815"}],"curies":[{"name":"wp","href":"https:\/\/api.w.org\/{rel}","templated":true}]}}