{"id":1007,"date":"2024-08-31T16:46:12","date_gmt":"2024-08-31T14:46:12","guid":{"rendered":"https:\/\/travelperformance.net\/?post_type=product&#038;p=1007"},"modified":"2024-10-12T12:18:24","modified_gmt":"2024-10-12T10:18:24","slug":"massgeschneiderter-social-media-posting-service","status":"publish","type":"product","link":"https:\/\/travelperformance.net\/tr\/product\/oezellestirilmis-sosyal-medya-goenderi-hizmeti\/","title":{"rendered":"Tam otomatik sosyal medya g\u00f6nderi hizmeti"},"content":{"rendered":"<p>Bizim <strong>\u00d6zelle\u015ftirilmi\u015f sosyal medya payla\u015f\u0131m hizmeti<\/strong> Daha \u00f6nce olu\u015fturdu\u011funuz video makaralar\u0131n\u0131n ve i\u00e7eri\u011fin do\u011fru zamanda ve do\u011fru platformlarda yay\u0131nlanmas\u0131n\u0131 sa\u011flayarak dikkati ve etkile\u015fimi en \u00fcst d\u00fczeye \u00e7\u0131kar\u0131r. Markan\u0131z\u0131 sosyal medyada en iyi \u015fekilde sunan ve eri\u015fiminizi s\u00fcrekli olarak art\u0131ran size \u00f6zel bir g\u00f6nderi stratejisi geli\u015ftiriyoruz.<\/p>\n<p><strong>Ne alacaks\u0131n?<\/strong><\/p>\n<ul>\n<li><strong>Bireysel g\u00f6nderi stratejisi:<\/strong> Hedef kitlenize ve markan\u0131za tam olarak uyarlanm\u0131\u015f, size \u00f6zel bir sosyal medya plan\u0131 olu\u015fturuyoruz.<\/li>\n<li><strong>D\u00fczenli yay\u0131n:<\/strong> M\u00fcmk\u00fcn olan en iyi eri\u015fimi elde etmek i\u00e7in makaralar\u0131n\u0131z\u0131 ve sosyal medya i\u00e7eri\u011finizi ilgili platformlarda s\u00fcrekli olarak ve en uygun zamanda yay\u0131nl\u0131yoruz.<\/li>\n<li><strong>Hedef kitlenize y\u00f6nelik hedefli adresleme:<\/strong> Stratejik planlamam\u0131z sayesinde, g\u00f6nderileriniz tam olarak tekliflerinizle ilgilenen ve onlarla etkile\u015fim kurmak isteyen ki\u015filere ula\u015facakt\u0131r.<\/li>\n<li><strong>Marka varl\u0131\u011f\u0131n\u0131 art\u0131r\u0131n:<\/strong> D\u00fczenli ve hedefe y\u00f6nelik payla\u015f\u0131mlar, markan\u0131z\u0131n sosyal medyada varl\u0131\u011f\u0131n\u0131 s\u00fcrd\u00fcrmesini ve b\u00fcy\u00fcmeye devam etmesini sa\u011flar.<\/li>\n<\/ul>\n<p><strong>Bizi tan\u0131mak i\u00e7in tek seferlik test g\u00f6nderisi:<\/strong> Hizmetlerimiz hakk\u0131nda bilgi sahibi olman\u0131z i\u00e7in size bir <strong>tek seferlik \u00fccretsiz deneme g\u00f6nderisi<\/strong> almak i\u00e7in. Bu, tam g\u00f6nderi program\u0131m\u0131za kat\u0131lmadan \u00f6nce hizmetimizi i\u015f ba\u015f\u0131nda g\u00f6rmenizi sa\u011flar. Her m\u00fc\u015fteri, kurulu\u015f veya sosyal medya hesab\u0131 bu test g\u00f6nderisinden yaln\u0131zca bir kez yararlanabilir. S\u00fcre\u00e7 normal bir sipari\u015fle ayn\u0131d\u0131r, b\u00f6ylece gelecekteki g\u00f6nderilerinizin neye benzeyebilece\u011fine dair ger\u00e7ek bir fikir edinebilirsiniz.<\/p>\n<p><strong>Di\u011fer se\u00e7enekler:<\/strong> Testten sonra, kapsaml\u0131 \u00fcr\u00fcnlerimizden birini se\u00e7ebilirsiniz <strong>Seyahat destinasyonlar\u0131 veritaban\u0131<\/strong> video makaralar\u0131n\u0131z i\u00e7in kullan\u0131l\u0131r. Ayr\u0131ca, video makaralar\u0131n\u0131z\u0131 \u00f6zelle\u015ftirme se\u00e7ene\u011finiz de vard\u0131r. <strong>Logo<\/strong> videolarda. Ancak l\u00fctfen \u015funu unutmay\u0131n <strong>olu\u015fturulduktan sonra makaralar\u0131 de\u011fi\u015ftirme imkan\u0131 yoktur<\/strong>. Otomatikle\u015ftirilmi\u015f s\u00fcre\u00e7lerimiz verimli ve h\u0131zl\u0131 \u00fcretimi garanti eder, bu nedenle \u00f6zelle\u015ftirme art\u0131k m\u00fcmk\u00fcn de\u011fildir.<\/p>\n<p><strong>Bu \u00fcr\u00fcne neden ihtiyac\u0131n\u0131z var?<\/strong> Sosyal medyan\u0131n dinamik d\u00fcnyas\u0131nda her zaman var olmak ve hedef kitlenize d\u00fczenli olarak hitap etmek \u00e7ok \u00f6nemlidir. Sosyal medya payla\u015f\u0131m hizmetimiz, eri\u015fiminizi ve g\u00f6r\u00fcn\u00fcrl\u00fc\u011f\u00fcn\u00fcz\u00fc etkili bir \u015fekilde art\u0131rabilmeniz i\u00e7in i\u00e7eri\u011finizin en iyi \u015fekilde planlanmas\u0131n\u0131 ve yay\u0131nlanmas\u0131n\u0131 sa\u011flar. Video makaralar\u0131n\u0131z\u0131n ve di\u011fer i\u00e7eri\u011finizin olu\u015fturulmas\u0131 ayr\u0131 ayr\u0131 sat\u0131n al\u0131nabilir veya bir kombinasyon \u00fcr\u00fcn\u00fcne entegre edilebilir - size en uygun olana siz karar verin!<\/p>\n<p>&nbsp;<\/p>","protected":false},"excerpt":{"rendered":"<p><strong><span class=\"OYPEnA font-feature-liga-off font-feature-clig-off font-feature-calt-off text-decoration-none text-strikethrough-none\">100% yapay zeka tabanl\u0131 olu\u015fturma ve g\u00f6nderme ile tam hizmet<\/span><\/strong>\u00a0Halihaz\u0131rda olu\u015fturdu\u011funuz video makaralar\u0131n\u0131n ve i\u00e7eri\u011fin do\u011fru zamanda ve do\u011fru platformlarda yay\u0131nlanmas\u0131n\u0131 sa\u011flayarak dikkati ve etkile\u015fimi en \u00fcst d\u00fczeye \u00e7\u0131kar\u0131r.<\/p>","protected":false},"featured_media":0,"template":"","meta":{"bwfblock_default_font":""},"product_brand":[],"product_cat":[72],"product_tag":[],"class_list":{"0":"post-1007","1":"product","2":"type-product","3":"status-publish","5":"product_cat-social-media-services","7":"first","8":"instock","9":"featured","10":"taxable","11":"shipping-taxable","12":"purchasable","13":"product-type-variable-subscription","14":"has-default-attributes"},"_links":{"self":[{"href":"https:\/\/travelperformance.net\/tr\/wp-json\/wp\/v2\/product\/1007","targetHints":{"allow":["GET"]}}],"collection":[{"href":"https:\/\/travelperformance.net\/tr\/wp-json\/wp\/v2\/product"}],"about":[{"href":"https:\/\/travelperformance.net\/tr\/wp-json\/wp\/v2\/types\/product"}],"wp:attachment":[{"href":"https:\/\/travelperformance.net\/tr\/wp-json\/wp\/v2\/media?parent=1007"}],"wp:term":[{"taxonomy":"product_brand","embeddable":true,"href":"https:\/\/travelperformance.net\/tr\/wp-json\/wp\/v2\/product_brand?post=1007"},{"taxonomy":"product_cat","embeddable":true,"href":"https:\/\/travelperformance.net\/tr\/wp-json\/wp\/v2\/product_cat?post=1007"},{"taxonomy":"product_tag","embeddable":true,"href":"https:\/\/travelperformance.net\/tr\/wp-json\/wp\/v2\/product_tag?post=1007"}],"curies":[{"name":"wp","href":"https:\/\/api.w.org\/{rel}","templated":true}]}}