{"id":1082,"date":"2024-09-03T10:56:33","date_gmt":"2024-09-03T08:56:33","guid":{"rendered":"https:\/\/travelperformance.net\/?post_type=product&#038;p=1082"},"modified":"2024-11-19T14:33:58","modified_gmt":"2024-11-19T13:33:58","slug":"erstellung-von-reise-reels-shorts-fuer-social-media","status":"publish","type":"product","link":"https:\/\/travelperformance.net\/tr\/product\/sosyal-medya-icin-seyahat-makaralarinin-olusturulmasi\/","title":{"rendered":"Sosyal medya i\u00e7in seyahat makaras\u0131 olu\u015fturma (g\u00f6nderi yok)"},"content":{"rendered":"<p>Bizim ile <strong>Seyahat makaralar\u0131 ve k\u0131sa filmler i\u00e7in yarat\u0131m hizmeti<\/strong> Instagram, TikTok ve YouTube gibi sosyal medya platformlar\u0131nda kullan\u0131lmak \u00fczere \u00f6zel olarak optimize edilmi\u015f, \u00f6zelle\u015ftirilmi\u015f, profesyonel k\u0131sa videolar al\u0131rs\u0131n\u0131z. Bu dinamik ve g\u00f6rsel olarak \u00e7ekici klipler, hedef kitlenizin dikkatini an\u0131nda \u00e7ekmek ve markan\u0131z\u0131 sosyal a\u011flarda g\u00fc\u00e7l\u00fc bir \u015fekilde konumland\u0131rmak i\u00e7in tasarlanm\u0131\u015ft\u0131r.<\/p>\n<p><strong>Ne alacaks\u0131n?<\/strong><\/p>\n<ul>\n<li><strong>\u00d6zelle\u015ftirilmi\u015f video olu\u015fturma:<\/strong> Her bir makara veya k\u0131sa film, etkiyi en \u00fcst d\u00fczeye \u00e7\u0131karmak i\u00e7in markan\u0131za ve \u00f6zel seyahat tekliflerinize g\u00f6re uyarlan\u0131r.<\/li>\n<li><strong>Y\u00fcksek \u00fcretim kalitesi:<\/strong> Videolar\u0131n\u0131z\u0131n hem g\u00f6rsel hem de i\u00e7erik a\u00e7\u0131s\u0131ndan ikna edici olmas\u0131n\u0131 sa\u011flamak i\u00e7in en son teknolojiyi ve yarat\u0131c\u0131 konseptleri kullan\u0131yoruz.<\/li>\n<li><strong>Sosyal medya i\u00e7in optimizasyon:<\/strong> Makaralar ve k\u0131sa filmler, ilgili sosyal medya platformlar\u0131nda en iyi sunum ve performans i\u00e7in olu\u015fturulur.<\/li>\n<li><strong>Operasyonel haz\u0131rl\u0131k:<\/strong> Bu videolar yay\u0131na haz\u0131rd\u0131r ve do\u011frudan mevcut sosyal medya kampanyalar\u0131n\u0131za entegre edilebilir.<\/li>\n<\/ul>\n<p><strong>Tek seferlik test videosu:<\/strong><\/p>\n<p>Hizmetimizi daha iyi tan\u0131mak i\u00e7in size bir <strong>benzersiz test videosu<\/strong> a\u00e7\u0131k. Bu test videosu normal projelerimizle ayn\u0131 ko\u015fullar alt\u0131nda olu\u015fturulacak ve size g\u00f6nderilecektir. Her m\u00fc\u015fterinin, kurulu\u015fun veya sosyal medya hesab\u0131n\u0131n bu test videosundan yaln\u0131zca bir kez yararlanma hakk\u0131 oldu\u011funu l\u00fctfen unutmay\u0131n. Videoyu daha sonra de\u011fi\u015ftirme imkan\u0131 yoktur, ancak i\u00e7eri\u011fimizin kalitesi ve etkisi hakk\u0131nda size ger\u00e7ek\u00e7i bir izlenim verecektir.<\/p>\n<p><strong>Olas\u0131 kombinasyonlar:<\/strong><\/p>\n<p>Bu hizmet bireysel projeler i\u00e7in idealdir, ancak ayl\u0131k sosyal medya g\u00f6nderimi veya reklam y\u00f6netimi hizmeti ile birlikte de rezerve edilebilir. Bu size yaln\u0131zca y\u00fcksek kaliteli i\u00e7erik sa\u011flamakla kalmaz, ayn\u0131 zamanda kapsaml\u0131 destek ve stratejik yay\u0131n da sa\u011flar.<\/p>\n<p><strong>Bu \u00fcr\u00fcne neden ihtiyac\u0131n\u0131z var?<\/strong><\/p>\n<p>Sosyal medya pazarlama d\u00fcnyas\u0131nda, k\u0131sa ve \u00f6z videolar hedef kitlenizin dikkatini \u00e7ekmenin ve onlara ilham vermenin en etkili yoludur. Seyahat makaralar\u0131m\u0131z ve k\u0131sa filmlerimiz destinasyonlar\u0131n\u0131z\u0131n g\u00fczelli\u011fini \u00f6n plana \u00e7\u0131kar\u0131r ve potansiyel m\u00fc\u015fterilerinizi teklifleriniz hakk\u0131nda daha fazla bilgi edinmeye ve nihayetinde sizinle rezervasyon yapmaya motive eder. Sosyal medya varl\u0131\u011f\u0131n\u0131z\u0131 bir \u00fcst seviyeye ta\u015f\u0131yacak profesyonel, \u00f6zelle\u015ftirilmi\u015f i\u00e7eriklerden yararlan\u0131n.<\/p>","protected":false},"excerpt":{"rendered":"<p>TikTok veya Instagram gibi sosyal platformlara y\u00f6nelik bu dinamik ve g\u00f6rsel olarak \u00e7ekici klipler, hedef kitlenizin dikkatini an\u0131nda \u00e7ekmek ve markan\u0131z\u0131 sosyal a\u011flarda g\u00fc\u00e7l\u00fc bir \u015fekilde konumland\u0131rmak i\u00e7in tasarlanm\u0131\u015ft\u0131r.<\/p>","protected":false},"featured_media":0,"template":"","meta":{"bwfblock_default_font":""},"product_brand":[],"product_cat":[72],"product_tag":[],"class_list":{"0":"post-1082","1":"product","2":"type-product","3":"status-publish","5":"product_cat-social-media-services","7":"first","8":"instock","9":"taxable","10":"shipping-taxable","11":"purchasable","12":"product-type-variable","13":"has-default-attributes"},"_links":{"self":[{"href":"https:\/\/travelperformance.net\/tr\/wp-json\/wp\/v2\/product\/1082","targetHints":{"allow":["GET"]}}],"collection":[{"href":"https:\/\/travelperformance.net\/tr\/wp-json\/wp\/v2\/product"}],"about":[{"href":"https:\/\/travelperformance.net\/tr\/wp-json\/wp\/v2\/types\/product"}],"wp:attachment":[{"href":"https:\/\/travelperformance.net\/tr\/wp-json\/wp\/v2\/media?parent=1082"}],"wp:term":[{"taxonomy":"product_brand","embeddable":true,"href":"https:\/\/travelperformance.net\/tr\/wp-json\/wp\/v2\/product_brand?post=1082"},{"taxonomy":"product_cat","embeddable":true,"href":"https:\/\/travelperformance.net\/tr\/wp-json\/wp\/v2\/product_cat?post=1082"},{"taxonomy":"product_tag","embeddable":true,"href":"https:\/\/travelperformance.net\/tr\/wp-json\/wp\/v2\/product_tag?post=1082"}],"curies":[{"name":"wp","href":"https:\/\/api.w.org\/{rel}","templated":true}]}}