{"id":1089,"date":"2024-09-03T11:00:09","date_gmt":"2024-09-03T09:00:09","guid":{"rendered":"https:\/\/travelperformance.net\/?post_type=product&#038;p=1089"},"modified":"2024-11-19T14:32:19","modified_gmt":"2024-11-19T13:32:19","slug":"google-ki-werbeanzeigen-management","status":"publish","type":"product","link":"https:\/\/travelperformance.net\/tr\/product\/facebook-instagram-i\u0307ci\u0307n-aylik-reklam-yoeneti\u0307mi\u0307\/","title":{"rendered":"Google Advertising | Yapay zeka tabanl\u0131 reklam y\u00f6netimi"},"content":{"rendered":"<p><strong>Google'da hedeflenen reklamlarla hedef kitlenize ula\u015f\u0131n - profesyonel olarak olu\u015fturulur ve ayl\u0131k olarak y\u00f6netilir.<\/strong><\/p>\n<p>Bizim <strong>Google Ads i\u00e7in Ayl\u0131k Reklam Y\u00f6netimi<\/strong> reklam kampanyalar\u0131n\u0131z\u0131 en iyi \u015fekilde planlaman\u0131z, olu\u015fturman\u0131z ve s\u00fcrekli olarak izlemeniz i\u00e7in size kapsaml\u0131 bir hizmet sunar. Hedefli potansiyel m\u00fc\u015fteri reklamlar\u0131 ile tam olarak seyahat tekliflerinizle ilgilenen potansiyel m\u00fc\u015fterilere ula\u015fabilir ve b\u00f6ylece pazarlama verimlili\u011finizi en \u00fcst d\u00fczeye \u00e7\u0131karabilirsiniz.<\/p>\n<p><strong>Ne alacaks\u0131n?<\/strong><\/p>\n<ul>\n<li><strong>Yapay zeka reklamlar\u0131n\u0131n olu\u015fturulmas\u0131:<\/strong> Nitelikli potansiyel m\u00fc\u015fteriler olu\u015fturmak ve eri\u015fiminizi art\u0131rmak i\u00e7in tasarlanm\u0131\u015f ilgi \u00e7ekici, hedefli reklamlar olu\u015fturuyoruz.<\/li>\n<li><strong>Hedefli hedefleme:<\/strong> Hassas hedefleme, reklamlar\u0131n\u0131z\u0131n demografik \u00f6zelliklere, ilgi alanlar\u0131na ve davran\u0131\u015fsal verilere dayal\u0131 olarak tam olarak do\u011fru hedef gruplara ula\u015fmas\u0131n\u0131 sa\u011flar.<\/li>\n<li><strong>Ayl\u0131k optimizasyon ve izleme:<\/strong> Reklamlar\u0131n\u0131z\u0131n performans\u0131n\u0131 s\u00fcrekli olarak izliyor ve en iyi sonu\u00e7lar\u0131 elde etmek ve b\u00fct\u00e7enizi verimli kullanmak i\u00e7in ayl\u0131k optimizasyonlar yap\u0131yoruz.<\/li>\n<li><strong>Detayl\u0131 raporlar:<\/strong> Ba\u015far\u0131y\u0131 ve ilerlemeyi \u015feffaf bir \u015fekilde takip edebilmeniz i\u00e7in reklam kampanyalar\u0131n\u0131z\u0131n performans\u0131 hakk\u0131nda d\u00fczenli raporlar al\u0131rs\u0131n\u0131z.<\/li>\n<\/ul>\n<p><strong>Bu \u00fcr\u00fcne neden ihtiyac\u0131n\u0131z var?<\/strong><\/p>\n<p>G\u00fcn\u00fcm\u00fcz\u00fcn dijital d\u00fcnyas\u0131nda, hedef kitlenize bulunduklar\u0131 yerde, yani Google gibi platformlarda ula\u015fmak \u00e7ok \u00f6nemlidir. Ayl\u0131k Reklam Y\u00f6netimi Hizmetimiz, reklam kampanyalar\u0131n\u0131z\u0131n yaln\u0131zca profesyonelce olu\u015fturulmas\u0131n\u0131 de\u011fil, ayn\u0131 zamanda en iyi sonu\u00e7lar\u0131 elde etmek i\u00e7in s\u00fcrekli olarak optimize edilmesini sa\u011flar. Hedefli potansiyel m\u00fc\u015fteri reklamlar\u0131, nitelikli m\u00fc\u015fterileri \u00e7ekme ve rezervasyonlar\u0131n\u0131z\u0131 s\u00fcrd\u00fcr\u00fclebilir \u015fekilde art\u0131rma \u015fans\u0131n\u0131z\u0131 art\u0131r\u0131r. Sosyal medya pazarlaman\u0131z\u0131 bir \u00fcst seviyeye ta\u015f\u0131mak ve \u00e7evrimi\u00e7i varl\u0131\u011f\u0131n\u0131z\u0131 ba\u015far\u0131yla geni\u015fletmek i\u00e7in uzmanl\u0131\u011f\u0131m\u0131za g\u00fcvenin. Bu \u00fcr\u00fcn, ger\u00e7ek reklamlar i\u00e7in bir b\u00fct\u00e7e i\u00e7ermez.<\/p>","protected":false},"excerpt":{"rendered":"<p>Hedefli potansiyel m\u00fc\u015fteri reklamlar\u0131 ile tam olarak seyahat tekliflerinizle ilgilenen potansiyel m\u00fc\u015fterilere ula\u015fabilir ve b\u00f6ylece pazarlama verimlili\u011finizi en \u00fcst d\u00fczeye \u00e7\u0131karabilirsiniz.<\/p>","protected":false},"featured_media":0,"template":"","meta":{"bwfblock_default_font":""},"product_brand":[],"product_cat":[106],"product_tag":[],"class_list":{"0":"post-1089","1":"product","2":"type-product","3":"status-publish","5":"product_cat-seo-dienste","7":"first","8":"instock","9":"taxable","10":"shipping-taxable","11":"purchasable","12":"product-type-variable-subscription"},"_links":{"self":[{"href":"https:\/\/travelperformance.net\/tr\/wp-json\/wp\/v2\/product\/1089","targetHints":{"allow":["GET"]}}],"collection":[{"href":"https:\/\/travelperformance.net\/tr\/wp-json\/wp\/v2\/product"}],"about":[{"href":"https:\/\/travelperformance.net\/tr\/wp-json\/wp\/v2\/types\/product"}],"wp:attachment":[{"href":"https:\/\/travelperformance.net\/tr\/wp-json\/wp\/v2\/media?parent=1089"}],"wp:term":[{"taxonomy":"product_brand","embeddable":true,"href":"https:\/\/travelperformance.net\/tr\/wp-json\/wp\/v2\/product_brand?post=1089"},{"taxonomy":"product_cat","embeddable":true,"href":"https:\/\/travelperformance.net\/tr\/wp-json\/wp\/v2\/product_cat?post=1089"},{"taxonomy":"product_tag","embeddable":true,"href":"https:\/\/travelperformance.net\/tr\/wp-json\/wp\/v2\/product_tag?post=1089"}],"curies":[{"name":"wp","href":"https:\/\/api.w.org\/{rel}","templated":true}]}}