{"id":1534,"date":"2024-09-12T23:50:23","date_gmt":"2024-09-12T21:50:23","guid":{"rendered":"https:\/\/travelperformance.net\/?post_type=product&#038;p=1534"},"modified":"2024-11-19T14:30:48","modified_gmt":"2024-11-19T13:30:48","slug":"monatliches-ki-assistenten-update-training","status":"publish","type":"product","link":"https:\/\/travelperformance.net\/tr\/product\/aylik-ki-asistan-guencelleme-egitimi\/","title":{"rendered":"Yapay zeka tabanl\u0131 m\u00fc\u015fteri tavsiyeleri"},"content":{"rendered":"<p><strong>Yapay zeka asistan\u0131n\u0131z\u0131 ayl\u0131k g\u00fcncellemeler ve s\u00fcrekli e\u011fitim ile her zaman g\u00fcncel tutun.<\/strong><\/p>\n<p>Bizim <strong>Ayl\u0131k yapay zeka asistan\u0131 g\u00fcncellemesi ve e\u011fitimi<\/strong> Hizmet, yapay zeka asistan\u0131n\u0131z\u0131n seyahat teklifleriniz ve hizmetleriniz hakk\u0131nda her zaman g\u00fcncel bilgiler sa\u011flamas\u0131n\u0131 sa\u011flar. D\u00fczenli ayarlamalar ve g\u00fcncellemeler sayesinde asistan yeni \u00fcr\u00fcnlere, de\u011fi\u015fen tekliflere veya di\u011fer ilgili bilgilere h\u0131zl\u0131 bir \u015fekilde tepki verebilir ve bunlar\u0131 m\u00fc\u015fterilere yetkin bir \u015fekilde aktarabilir.<\/p>\n<p><strong>Ne alacaks\u0131n?<\/strong><\/p>\n<ul>\n<li><strong>Yapay zeka asistan\u0131n\u0131n ayl\u0131k g\u00fcncellemeleri:<\/strong> Asistan\u0131 d\u00fczenli olarak yeni seyahat teklifleri, fiyatlar, promosyonlar ve di\u011fer ilgili bilgilerle g\u00fcncelliyoruz.<\/li>\n<li><strong>De\u011fi\u015fiklikler i\u00e7in yeni e\u011fitim:<\/strong> \u00dcr\u00fcnlerinizde, hizmetlerinizde veya SSS'lerinizde de\u011fi\u015fiklik yapt\u0131\u011f\u0131n\u0131z anda, yapay zeka asistan\u0131n\u0131n e\u011fitimini buna g\u00f6re uyarl\u0131yoruz, b\u00f6ylece g\u00fcncel kalmas\u0131n\u0131 sa\u011fl\u0131yoruz.<\/li>\n<li><strong>S\u00fcrekli optimizasyon:<\/strong> D\u00fczenli ayarlamalar yaparak ve m\u00fc\u015fteri etkile\u015fimlerinden geri bildirim toplayarak, yapay zeka asistan\u0131n\u0131n yan\u0131tlar\u0131n\u0131n kalitesini ve do\u011frulu\u011funu s\u00fcrekli olarak iyile\u015ftiriyoruz.<\/li>\n<\/ul>\n<p><strong>Bu \u00fcr\u00fcne neden ihtiyac\u0131n\u0131z var?<\/strong><\/p>\n<p>Yapay zeka asistan\u0131n\u0131z\u0131n her zaman g\u00fcncel ve do\u011fru bilgiler vermesini sa\u011flamak i\u00e7in d\u00fczenli g\u00fcncellemeler ve e\u011fitim \u015fartt\u0131r. Teklifinizdeki veya seyahat sekt\u00f6r\u00fcndeki de\u011fi\u015fiklikler an\u0131nda uygulanabilir, b\u00f6ylece m\u00fc\u015fterileriniz her zaman en son bilgileri al\u0131r. Ayl\u0131k hizmetimiz asistan\u0131n\u0131z\u0131 g\u00fcncel tutar ve seyahat acentenizin m\u00fc\u015fteri sorular\u0131na en iyi ve en g\u00fcncel yan\u0131tlar\u0131 vermesini garanti eder.<\/p>","protected":false},"excerpt":{"rendered":"<p>Bizim <strong>Ayl\u0131k yapay zeka asistan\u0131 g\u00fcncellemesi ve e\u011fitimi<\/strong> Hizmet, yapay zeka asistan\u0131n\u0131z\u0131n seyahat teklifleriniz ve hizmetleriniz hakk\u0131nda her zaman g\u00fcncel bilgiler vermesini sa\u011flar<\/p>","protected":false},"featured_media":0,"template":"","meta":{"bwfblock_default_font":""},"product_brand":[],"product_cat":[108],"product_tag":[],"class_list":{"0":"post-1534","1":"product","2":"type-product","3":"status-publish","5":"product_cat-ki-assistent","7":"first","8":"instock","9":"sold-individually","10":"taxable","11":"shipping-taxable","12":"purchasable","13":"product-type-subscription"},"_links":{"self":[{"href":"https:\/\/travelperformance.net\/tr\/wp-json\/wp\/v2\/product\/1534","targetHints":{"allow":["GET"]}}],"collection":[{"href":"https:\/\/travelperformance.net\/tr\/wp-json\/wp\/v2\/product"}],"about":[{"href":"https:\/\/travelperformance.net\/tr\/wp-json\/wp\/v2\/types\/product"}],"wp:attachment":[{"href":"https:\/\/travelperformance.net\/tr\/wp-json\/wp\/v2\/media?parent=1534"}],"wp:term":[{"taxonomy":"product_brand","embeddable":true,"href":"https:\/\/travelperformance.net\/tr\/wp-json\/wp\/v2\/product_brand?post=1534"},{"taxonomy":"product_cat","embeddable":true,"href":"https:\/\/travelperformance.net\/tr\/wp-json\/wp\/v2\/product_cat?post=1534"},{"taxonomy":"product_tag","embeddable":true,"href":"https:\/\/travelperformance.net\/tr\/wp-json\/wp\/v2\/product_tag?post=1534"}],"curies":[{"name":"wp","href":"https:\/\/api.w.org\/{rel}","templated":true}]}}