{"id":981,"date":"2024-08-31T15:56:08","date_gmt":"2024-08-31T13:56:08","guid":{"rendered":"https:\/\/travelperformance.net\/?post_type=product&#038;p=981"},"modified":"2024-10-28T21:39:02","modified_gmt":"2024-10-28T20:39:02","slug":"professionelle-reise-videoerstellung","status":"publish","type":"product","link":"https:\/\/travelperformance.net\/tr\/product\/profesyonel-seyahat-videosu-produeksiyonu\/","title":{"rendered":"Web siteniz i\u00e7in \u00f6zelle\u015ftirilmi\u015f seyahat videolar\u0131"},"content":{"rendered":"<p>\u0130lham veren ve ikna eden profesyonel seyahat videolar\u0131yla m\u00fc\u015fterilerinizi etkileyin.<\/p>\n<p>G\u00fcn\u00fcm\u00fcz\u00fcn dijital d\u00fcnyas\u0131nda videolar, seyahat tekliflerinizi canl\u0131 bir \u015fekilde sunmak i\u00e7in en g\u00fc\u00e7l\u00fc ara\u00e7t\u0131r. Bizim <strong>Profesyonel seyahat videosu prod\u00fcksiyonu<\/strong> hedef kitlenize duygusal olarak hitap eden ve seyahatlerinizin benzersiz deneyimlerini vurgulayan \u00f6zelle\u015ftirilmi\u015f, y\u00fcksek kaliteli videolar sunar.<\/p>\n<p><strong>Ne alacaks\u0131n?<\/strong><\/p>\n<ul>\n<li><strong>\u00d6zelle\u015ftirilmi\u015f videolar:<\/strong> Her video, m\u00fc\u015fterilerinize hitap eden mesajlar\u0131 ve duygular\u0131 tam olarak iletmek i\u00e7in seyahat tekliflerinize \u00f6zel olarak geli\u015ftirilir.<\/li>\n<li><strong>Y\u00fcksek \u00fcretim kalitesi:<\/strong> Videolar\u0131n\u0131z\u0131n profesyonel ve \u00e7ekici olmas\u0131n\u0131 sa\u011flamak i\u00e7in en son teknolojiyi ve yarat\u0131c\u0131 konseptleri kullan\u0131yoruz.<\/li>\n<li><strong>Web siteniz i\u00e7in optimizasyon:<\/strong> Videolar\u0131m\u0131z, hem g\u00f6rsel olarak etkileyici olmalar\u0131 hem de SEO'nuzu iyile\u015ftirmeleri i\u00e7in web sitenizde kullan\u0131lmak \u00fczere optimize edilmi\u015ftir.<\/li>\n<li><strong>Rezervasyonlarda art\u0131\u015f:<\/strong> Etkileyici, duygusal i\u00e7erikle sitenizde kalma s\u00fcresini art\u0131r\u0131r ve m\u00fc\u015fterilerinizi rezervasyon i\u00e7in bir sonraki ad\u0131m\u0131 atmaya motive edersiniz.<\/li>\n<\/ul>\n<p><strong>Tek seferlik test videosu:<\/strong><\/p>\n<p>Size a\u015fa\u011f\u0131dakileri yapma f\u0131rsat\u0131 sunuyoruz <strong>benzersiz test videosu<\/strong> B\u00f6ylece \u00e7al\u0131\u015fmalar\u0131m\u0131z\u0131n kalitesi hakk\u0131nda bir izlenim edinebilirsiniz. Bu test videosuna \u015fu adresten ula\u015fabilirsiniz <strong>50 saniye<\/strong> s\u0131n\u0131rl\u0131 ve bir <strong>Filigran<\/strong> sa\u011flanm\u0131\u015ft\u0131r. Her m\u00fc\u015fteri, kurulu\u015f veya sosyal medya hesab\u0131n\u0131n bu test videosundan yaln\u0131zca bir kez yararlanma hakk\u0131na sahip oldu\u011funu l\u00fctfen unutmay\u0131n. Al\u0131\u015fveri\u015f sepetine ekledi\u011finiz ve tamamlad\u0131\u011f\u0131n\u0131z miktar bile bu ger\u00e7e\u011fi de\u011fi\u015ftirmez. Video size \u00e7al\u0131\u015fmalar\u0131m\u0131z hakk\u0131nda bir fikir verir, ancak olu\u015fturulduktan sonra de\u011fi\u015fiklik veya ayarlama yap\u0131lmas\u0131 m\u00fcmk\u00fcn de\u011fildir.<\/p>\n<p><strong>Bu \u00fcr\u00fcne neden ihtiyac\u0131n\u0131z var?<\/strong><\/p>\n<p>Profesyonel bir seyahat videosu g\u00fczel bir klipten \u00e7ok daha fazlas\u0131d\u0131r - destinasyonlar\u0131n\u0131z\u0131n b\u00fcy\u00fcs\u00fcn\u00fc yakalayan ve do\u011frudan m\u00fc\u015fterilerinize aktaran g\u00fc\u00e7l\u00fc bir pazarlama arac\u0131d\u0131r. Tekliflerinizi yeni bir \u0131\u015f\u0131k alt\u0131nda sunma f\u0131rsat\u0131n\u0131 de\u011ferlendirin ve rezervasyon rakamlar\u0131n\u0131z\u0131 art\u0131r\u0131n.<\/p>\n<p>&nbsp;<\/p>\n<p>&nbsp;<\/p>","protected":false},"excerpt":{"rendered":"<p>A <strong>profesyonel seyahat videosu<\/strong> g\u00fczel bir klipten daha fazlas\u0131d\u0131r - bu bir <strong>G\u00fc\u00e7l\u00fc pazarlama arac\u0131<\/strong>destinasyonlar\u0131n\u0131z\u0131n b\u00fcy\u00fcs\u00fcn\u00fc yakalayan ve onu do\u011frudan m\u00fc\u015fterilerinize ula\u015ft\u0131ran. Tekliflerinizi yeni bir \u0131\u015f\u0131k alt\u0131nda sunma f\u0131rsat\u0131n\u0131 de\u011ferlendirin ve rezervasyon rakamlar\u0131n\u0131z\u0131 art\u0131r\u0131n.<\/p>","protected":false},"featured_media":0,"template":"","meta":{"bwfblock_default_font":""},"product_brand":[],"product_cat":[107],"product_tag":[],"class_list":{"0":"post-981","1":"product","2":"type-product","3":"status-publish","5":"product_cat-reise-videos","7":"first","8":"instock","9":"featured","10":"taxable","11":"shipping-taxable","12":"purchasable","13":"product-type-variable","14":"has-default-attributes"},"_links":{"self":[{"href":"https:\/\/travelperformance.net\/tr\/wp-json\/wp\/v2\/product\/981","targetHints":{"allow":["GET"]}}],"collection":[{"href":"https:\/\/travelperformance.net\/tr\/wp-json\/wp\/v2\/product"}],"about":[{"href":"https:\/\/travelperformance.net\/tr\/wp-json\/wp\/v2\/types\/product"}],"wp:attachment":[{"href":"https:\/\/travelperformance.net\/tr\/wp-json\/wp\/v2\/media?parent=981"}],"wp:term":[{"taxonomy":"product_brand","embeddable":true,"href":"https:\/\/travelperformance.net\/tr\/wp-json\/wp\/v2\/product_brand?post=981"},{"taxonomy":"product_cat","embeddable":true,"href":"https:\/\/travelperformance.net\/tr\/wp-json\/wp\/v2\/product_cat?post=981"},{"taxonomy":"product_tag","embeddable":true,"href":"https:\/\/travelperformance.net\/tr\/wp-json\/wp\/v2\/product_tag?post=981"}],"curies":[{"name":"wp","href":"https:\/\/api.w.org\/{rel}","templated":true}]}}