{"id":983,"date":"2024-08-31T16:03:23","date_gmt":"2024-08-31T14:03:23","guid":{"rendered":"https:\/\/travelperformance.net\/?post_type=product&#038;p=983"},"modified":"2024-10-29T14:01:49","modified_gmt":"2024-10-29T13:01:49","slug":"monatlicher-seo-backlink-service","status":"publish","type":"product","link":"https:\/\/travelperformance.net\/tr\/product\/aylik-seo-backlink-hizmeti\/","title":{"rendered":"Google S\u0131ralamas\u0131 | Yapay zeka tabanl\u0131 arama motoru optimizasyonu"},"content":{"rendered":"<p><strong>\u00d6zel PBN'mizden gelen y\u00fcksek kaliteli geri ba\u011flant\u0131larla Google s\u0131ralaman\u0131z\u0131 y\u00fckseltin.<\/strong><\/p>\n<p>Google arama sonu\u00e7lar\u0131nda \u00fcst s\u0131ralara ula\u015f\u0131n <strong>Ayl\u0131k SEO backlink hizmeti<\/strong>. Geri ba\u011flant\u0131lar, arama motoru optimizasyonunda en \u00f6nemli s\u0131ralama fakt\u00f6rlerinden biridir ve hizmetimiz size her ay \u00f6zel blog a\u011f\u0131m\u0131zdan (PBN) de\u011ferli ba\u011flant\u0131lar alma f\u0131rsat\u0131 sunar. Bu geri ba\u011flant\u0131lar, web sitenizi arama sonu\u00e7lar\u0131nda y\u00fckseltmek ve \u00e7evrimi\u00e7i g\u00f6r\u00fcn\u00fcrl\u00fc\u011f\u00fcn\u00fcz\u00fc \u00f6nemli \u00f6l\u00e7\u00fcde art\u0131rmak i\u00e7in stratejik olarak yerle\u015ftirilmi\u015ftir.<\/p>\n<p><strong>Ne alacaks\u0131n?<\/strong><\/p>\n<ul>\n<li><strong>Y\u00fcksek kaliteli geri ba\u011flant\u0131lar:<\/strong> Her ay PBN'mizdeki k\u00f6kl\u00fc sitelerden sabit say\u0131da backlink alacaks\u0131n\u0131z, bu da web sitenizi uzun vadede g\u00fc\u00e7lendirecektir.<\/li>\n<li><strong>Hedefli ba\u011flant\u0131 yerle\u015fimleri:<\/strong> Geri ba\u011flant\u0131lar\u0131m\u0131z konuyla ilgili sayfalardan gelir, bu da web sitenizin Google'\u0131n g\u00f6z\u00fcndeki otoritesini ve alaka d\u00fczeyini art\u0131r\u0131r.<\/li>\n<li><strong>S\u00fcrekli optimizasyon:<\/strong> Ayl\u0131k hizmet, web sitenize s\u00fcrekli olarak yeni geri ba\u011flant\u0131lar sa\u011flanmas\u0131n\u0131 sa\u011flar ve bu da s\u0131ralamalar\u0131n\u0131z \u00fczerinde olumlu bir etkiye sahiptir.<\/li>\n<li><strong>Geli\u015ftirilmi\u015f arama motoru yerle\u015fimi:<\/strong> S\u00fcrekli olarak y\u00fcksek kaliteli geri ba\u011flant\u0131lar olu\u015fturarak, ilgili arama terimleri i\u00e7in \u00fcst s\u0131ralarda yer alma \u015fans\u0131n\u0131z\u0131 art\u0131r\u0131rs\u0131n\u0131z.<\/li>\n<\/ul>\n<p><strong>Bu \u00fcr\u00fcne neden ihtiyac\u0131n\u0131z var?<\/strong><\/p>\n<p>Rekabet\u00e7i bir pazarda, g\u00fc\u00e7l\u00fc bir \u00e7evrimi\u00e7i varl\u0131k \u00e7ok \u00f6nemlidir. Ayl\u0131k SEO backlink hizmetimiz, web sitenizi g\u00fc\u00e7lendirmek ve rekabet avantaj\u0131n\u0131z\u0131 g\u00fcvence alt\u0131na almak i\u00e7in size etkili bir yol sunar. S\u00fcrekli kaliteli backlinkler sayesinde ba\u015far\u0131 \u015fans\u0131n\u0131z \u00f6nemli \u00f6l\u00e7\u00fcde artar ve sitenize daha fazla trafik ve potansiyel m\u00fc\u015fteri \u00e7ekersiniz.<\/p>\n<p>Bu f\u0131rsat\u0131 web sitenizi s\u00fcrekli g\u00fc\u00e7lendirmek ve Google'da \u00fcst s\u0131ralarda yer almak i\u00e7in kullan\u0131n!<\/p>\n<p>&nbsp;<\/p>\n<p>&nbsp;<\/p>","protected":false},"excerpt":{"rendered":"<p>Yapay zeka tabanl\u0131 <strong>Garantili, kal\u0131c\u0131 \u00fcst s\u0131ralamalara sahip s\u0131ralama hizmeti<\/strong>. S\u00fcrekli y\u00fcksek kaliteli geri ba\u011flant\u0131 tedariki ile ba\u015far\u0131 \u015fans\u0131n\u0131z \u00f6nemli \u00f6l\u00e7\u00fcde artar, b\u00f6ylece siteniz daha fazla trafik ve potansiyel m\u00fc\u015fteri al\u0131r. Fiyat anahtar kelime ba\u015f\u0131na.<\/p>","protected":false},"featured_media":0,"template":"","meta":{"bwfblock_default_font":""},"product_brand":[],"product_cat":[106],"product_tag":[],"class_list":{"0":"post-983","1":"product","2":"type-product","3":"status-publish","5":"product_cat-seo-dienste","7":"first","8":"instock","9":"featured","10":"sold-individually","11":"taxable","12":"shipping-taxable","13":"purchasable","14":"product-type-variable-subscription"},"_links":{"self":[{"href":"https:\/\/travelperformance.net\/tr\/wp-json\/wp\/v2\/product\/983","targetHints":{"allow":["GET"]}}],"collection":[{"href":"https:\/\/travelperformance.net\/tr\/wp-json\/wp\/v2\/product"}],"about":[{"href":"https:\/\/travelperformance.net\/tr\/wp-json\/wp\/v2\/types\/product"}],"wp:attachment":[{"href":"https:\/\/travelperformance.net\/tr\/wp-json\/wp\/v2\/media?parent=983"}],"wp:term":[{"taxonomy":"product_brand","embeddable":true,"href":"https:\/\/travelperformance.net\/tr\/wp-json\/wp\/v2\/product_brand?post=983"},{"taxonomy":"product_cat","embeddable":true,"href":"https:\/\/travelperformance.net\/tr\/wp-json\/wp\/v2\/product_cat?post=983"},{"taxonomy":"product_tag","embeddable":true,"href":"https:\/\/travelperformance.net\/tr\/wp-json\/wp\/v2\/product_tag?post=983"}],"curies":[{"name":"wp","href":"https:\/\/api.w.org\/{rel}","templated":true}]}}